{"id":84676,"date":"2021-01-13T00:23:18","date_gmt":"2021-01-12T22:23:18","guid":{"rendered":"https:\/\/id-ontex.com\/?page_id=84676"},"modified":"2021-06-29T13:56:19","modified_gmt":"2021-06-29T11:56:19","slug":"id-comfy-junior","status":"publish","type":"page","link":"https:\/\/id-ontex.com\/sk\/id-comfy-junior\/","title":{"rendered":"iD Comfy Junior"},"content":{"rendered":"<div class=\"wpb-content-wrapper\"><p>[vc_row][vc_column width=&#8220;1\/1&#8243;][\/vc_column][\/vc_row][vc_row unlock_row_content=&#8220;yes&#8220; row_height_percent=&#8220;0&#8243; overlay_alpha=&#8220;50&#8243; gutter_size=&#8220;3&#8243; column_width_percent=&#8220;100&#8243; shift_y=&#8220;0&#8243; z_index=&#8220;0&#8243;][vc_column column_width_percent=&#8220;100&#8243; position_horizontal=&#8220;left&#8220; gutter_size=&#8220;3&#8243; overlay_alpha=&#8220;50&#8243; shift_x=&#8220;0&#8243; shift_y=&#8220;0&#8243; shift_y_down=&#8220;0&#8243; z_index=&#8220;0&#8243; medium_width=&#8220;0&#8243; mobile_width=&#8220;0&#8243; width=&#8220;1\/4&#8243;][\/vc_column][vc_column width=&#8220;1\/2&#8243;][vc_custom_heading heading_semantic=&#8220;h1&#8243; text_size=&#8220;h1&#8243; text_color=&#8220;color-174856&#8243; separator=&#8220;under&#8220;]iD Comfy Junior[\/vc_custom_heading][vc_column_text]<\/p>\n<p id=\"tw-target-text\" class=\"tw-data-text tw-text-large XcVN5d tw-ta\" dir=\"ltr\" data-placeholder=\"Translation\"><span lang=\"sk\">iD Comfy Junior je navrhnut\u00fd rovnako ako skuto\u010dn\u00e9 spodn\u00e9 pr\u00e1dlo so super absorp\u010dnou silou. M\u00f4\u017eu ho nosi\u0165 deti star\u0161ie ako \u0161tyri roky a pon\u00fakaj\u00fa ide\u00e1lne rie\u0161enie na no\u010dn\u00e9 a denn\u00e9 vlh\u010denie. Pon\u00faka ve\u013ek\u00fa absorp\u010dn\u00fa kapacitu, ako aj maxim\u00e1lnu diskr\u00e9tnos\u0165 a pohodlie. Zlo\u017eenie: 100% bavlna.<\/span><\/p>\n<p>[\/vc_column_text][\/vc_column][vc_column width=&#8220;1\/4&#8243;][\/vc_column][\/vc_row][vc_row row_height_percent=&#8220;0&#8243; override_padding=&#8220;yes&#8220; h_padding=&#8220;0&#8243; top_padding=&#8220;2&#8243; bottom_padding=&#8220;2&#8243; overlay_alpha=&#8220;50&#8243; gutter_size=&#8220;3&#8243; column_width_percent=&#8220;100&#8243; shift_y=&#8220;0&#8243; z_index=&#8220;0&#8243; el_class=&#8220;custom-carousel full-width-carousel&#8220; front_end_with_slider=&#8220;true&#8220;][vc_column column_width_percent=&#8220;100&#8243; position_vertical=&#8220;middle&#8220; align_horizontal=&#8220;align_center&#8220; gutter_size=&#8220;3&#8243; overlay_alpha=&#8220;50&#8243; shift_x=&#8220;0&#8243; shift_y=&#8220;0&#8243; shift_y_down=&#8220;0&#8243; z_index=&#8220;0&#8243; medium_width=&#8220;0&#8243; mobile_width=&#8220;0&#8243; width=&#8220;1\/4&#8243;][\/vc_column][vc_column width=&#8220;1\/2&#8243;][uncode_slider slider_interval=&#8220;0&#8243; slider_navspeed=&#8220;400&#8243; el_class=&#8220;custom-2&#8243;][vc_row_inner row_inner_height_percent=&#8220;0&#8243; force_width_grid=&#8220;yes&#8220; overlay_alpha=&#8220;50&#8243; gutter_size=&#8220;0&#8243; shift_y=&#8220;0&#8243; z_index=&#8220;0&#8243; el_class=&#8220;custom-slide&#8220; limit_content=&#8220;yes&#8220; front_end_with_slider=&#8220;true&#8220;][vc_column_inner column_width_percent=&#8220;100&#8243; gutter_size=&#8220;3&#8243; override_padding=&#8220;yes&#8220; column_padding=&#8220;1&#8243; overlay_alpha=&#8220;50&#8243; shift_x=&#8220;0&#8243; shift_y=&#8220;0&#8243; shift_y_down=&#8220;0&#8243; z_index=&#8220;0&#8243; medium_width=&#8220;0&#8243; mobile_width=&#8220;0&#8243; radius=&#8220;sm&#8220; width=&#8220;1\/1&#8243; el_class=&#8220;custom-column&#8220;][vc_single_image media=&#8220;84913&#8243; media_width_percent=&#8220;100&#8243; alignment=&#8220;center&#8220; shape=&#8220;img-round&#8220; media_link=&#8220;|||&#8220; el_class=&#8220;custom-product-img&#8220;][vc_raw_html]JTNDZGl2JTIwY2xhc3MlM0QlMjJjdXN0b20tY29udGVudCUyMiUzRSUwQSUzQ2RpdiUyMGNsYXNzJTNEJTIyY3VzdG9tLXRleHQlMjIlM0VWZSVDNCVCRWtvcyVDNSVBNSUzQSUzQyUyRmRpdiUzRSUwQSUzQ2RpdiUyMGNsYXNzJTNEJTIyY3VzdG9tLWljb24lMjIlM0U0LTclMjB5ZWFycyUyMCUyODE3LTI3JTIwa2clMjklM0MlMkZkaXYlM0UlMEElM0MlMkZkaXYlM0U=[\/vc_raw_html][vc_raw_html]JTNDZGl2JTIwY2xhc3MlM0QlMjJjdXN0b20tY29udGVudCUyMiUzRSUwQSUzQ2RpdiUyMGNsYXNzJTNEJTIyY3VzdG9tLXRleHQlMjIlM0VOYXNpYWthdm9zJUM1JUE1JTNBJTNDJTJGZGl2JTNFJTBBJTNDZGl2JTIwY2xhc3MlM0QlMjJjdXN0b20taWNvbiUyMiUzRTUwMC02MDBtbCUzQyUyRmRpdiUzRSUwQSUzQyUyRmRpdiUzRQ==[\/vc_raw_html][\/vc_column_inner][\/vc_row_inner][vc_row_inner row_inner_height_percent=&#8220;0&#8243; force_width_grid=&#8220;yes&#8220; overlay_alpha=&#8220;50&#8243; gutter_size=&#8220;0&#8243; shift_y=&#8220;0&#8243; z_index=&#8220;0&#8243; el_class=&#8220;custom-slide&#8220; limit_content=&#8220;yes&#8220; front_end_with_slider=&#8220;true&#8220;][vc_column_inner column_width_percent=&#8220;100&#8243; gutter_size=&#8220;3&#8243; override_padding=&#8220;yes&#8220; column_padding=&#8220;1&#8243; overlay_alpha=&#8220;50&#8243; shift_x=&#8220;0&#8243; shift_y=&#8220;0&#8243; shift_y_down=&#8220;0&#8243; z_index=&#8220;0&#8243; medium_width=&#8220;0&#8243; mobile_width=&#8220;0&#8243; radius=&#8220;sm&#8220; width=&#8220;1\/1&#8243; el_class=&#8220;custom-column&#8220;][vc_single_image media=&#8220;84917&#8243; media_width_percent=&#8220;100&#8243; alignment=&#8220;center&#8220; shape=&#8220;img-round&#8220; media_link=&#8220;|||&#8220; el_class=&#8220;custom-product-img&#8220;][vc_raw_html]JTNDZGl2JTIwY2xhc3MlM0QlMjJjdXN0b20tY29udGVudCUyMiUzRSUwQSUzQ2RpdiUyMGNsYXNzJTNEJTIyY3VzdG9tLXRleHQlMjIlM0VWZSVDNCVCRWtvcyVDNSVBNSUzQSUzQyUyRmRpdiUzRSUwQSUzQ2RpdiUyMGNsYXNzJTNEJTIyY3VzdG9tLWljb24lMjIlM0U4LTE1JTIweWVhcnMlMjAlMjgyNC00NyUyMGtnJTI5JTNDJTJGZGl2JTNFJTBBJTNDJTJGZGl2JTNF[\/vc_raw_html][vc_raw_html]JTNDZGl2JTIwY2xhc3MlM0QlMjJjdXN0b20tY29udGVudCUyMiUzRSUwQSUzQ2RpdiUyMGNsYXNzJTNEJTIyY3VzdG9tLXRleHQlMjIlM0VOYXNpYWthdm9zJUM1JUE1JTNBJTNDJTJGZGl2JTNFJTBBJTNDZGl2JTIwY2xhc3MlM0QlMjJjdXN0b20taWNvbiUyMiUzRVVwJTIwdG8lMjA1MDBtbCUzQyUyRmRpdiUzRSUwQSUzQyUyRmRpdiUzRQ==[\/vc_raw_html][\/vc_column_inner][\/vc_row_inner][\/uncode_slider][\/vc_column][vc_column width=&#8220;1\/4&#8243;][\/vc_column][\/vc_row][vc_row][vc_column column_width_percent=&#8220;100&#8243; position_vertical=&#8220;middle&#8220; gutter_size=&#8220;3&#8243; overlay_alpha=&#8220;50&#8243; shift_x=&#8220;0&#8243; shift_y=&#8220;0&#8243; shift_y_down=&#8220;0&#8243; z_index=&#8220;0&#8243; medium_width=&#8220;0&#8243; mobile_width=&#8220;0&#8243; width=&#8220;1\/1&#8243;][vc_tabs][vc_tab title=&#8220;V\u00fdhody&#8220; tab_id=&#8220;1605715105-1-55160617000890716062964648311610489938155&#8243;][vc_row_inner limit_content=&#8220;&#8220;][vc_column_inner width=&#8220;1\/4&#8243;][\/vc_column_inner][vc_column_inner width=&#8220;1\/2&#8243;][vc_icon position=&#8220;left&#8220; title_aligned_icon=&#8220;yes&#8220; icon_image=&#8220;85054&#8243; icon_color=&#8220;accent&#8220; media_size=&#8220;100&#8243; text_size=&#8220;h4&#8243; add_margin=&#8220;yes&#8220; title=&#8220;Bezpe\u010dnos\u0165&#8220; link=&#8220;|||&#8220;]R\u00fdchla a maxim\u00e1lna absorpcia pre dokonal\u00fa istotu[\/vc_icon][vc_icon position=&#8220;left&#8220; title_aligned_icon=&#8220;yes&#8220; icon_image=&#8220;85058&#8243; icon_color=&#8220;accent&#8220; media_size=&#8220;100&#8243; text_size=&#8220;h4&#8243; add_margin=&#8220;yes&#8220; title=&#8220;Diskr\u00e9tny dizajn&#8220; link=&#8220;|||&#8220;]Tenk\u00fd a nen\u00e1padn\u00fd materi\u00e1l s farebn\u00fdm dizajnom ako va\u0161a be\u017en\u00e1 spodn\u00e1 bielize\u0148[\/vc_icon][vc_icon position=&#8220;left&#8220; title_aligned_icon=&#8220;yes&#8220; icon_image=&#8220;85062&#8243; icon_color=&#8220;accent&#8220; media_size=&#8220;100&#8243; text_size=&#8220;h4&#8243; add_margin=&#8220;yes&#8220; title=&#8220;Pohodlie&#8220; link=&#8220;|||&#8220;]P\u00e1s Soft Side pre pohodln\u00e9 nosenie[\/vc_icon][vc_icon position=&#8220;left&#8220; title_aligned_icon=&#8220;yes&#8220; icon_image=&#8220;85136&#8243; icon_color=&#8220;accent&#8220; media_size=&#8220;100&#8243; text_size=&#8220;h4&#8243; add_margin=&#8220;yes&#8220; title=&#8220;Technol\u00f3gia suchej z\u00f3ny&#8220; link=&#8220;|||&#8220;]T\u00e1to technol\u00f3gia kombinuje ultrar\u00fdchly syst\u00e9m absorpcie tekut\u00edn, ktor\u00fd udr\u017euje tekutinu uzamknut\u00fa v podlo\u017eke, s optim\u00e1lnou z\u00f3nou such\u00e9ho priestoru, ktor\u00e1 chr\u00e1ni poko\u017eku pred stopami vlhkosti.[\/vc_icon][vc_icon position=&#8220;left&#8220; title_aligned_icon=&#8220;yes&#8220; icon_image=&#8220;85140&#8243; icon_color=&#8220;accent&#8220; media_size=&#8220;100&#8243; text_size=&#8220;h4&#8243; add_margin=&#8220;yes&#8220; title=&#8220;Pocit bavlny&#8220; link=&#8220;|||&#8220;]Hebk\u00fd textiln\u00fd povrch zadnej strany poskytuje maxim\u00e1lne pohodlie a diskr\u00e9tnos\u0165[\/vc_icon][vc_icon position=&#8220;left&#8220; title_aligned_icon=&#8220;yes&#8220; icon_image=&#8220;85067&#8243; icon_color=&#8220;accent&#8220; media_size=&#8220;100&#8243; text_size=&#8220;h4&#8243; add_margin=&#8220;yes&#8220; title=&#8220;Dokonal\u00e9 prisp\u00f4sobenie sa&#8220; link=&#8220;|||&#8220;]Elastick\u00e9 z\u00f3ny na\u0161ich v\u00fdrobkov zabezpe\u010dia anatomick\u00e9 prisp\u00f4sobenie sa telu pre maxim\u00e1lne pohodlie a diskr\u00e9tnos\u0165.[\/vc_icon][vc_icon position=&#8220;left&#8220; title_aligned_icon=&#8220;yes&#8220; icon_image=&#8220;85144&#8243; icon_color=&#8220;accent&#8220; media_size=&#8220;100&#8243; text_size=&#8220;h4&#8243; add_margin=&#8220;yes&#8220; title=&#8220;Dermatologicky testovan\u00e9&#8220; link=&#8220;|||&#8220;]Produkty ID s\u00fa dermatologicky testovan\u00e9 a preuk\u00e1zate\u013ene chr\u00e1nia poko\u017eku pred podr\u00e1\u017eden\u00edm.[\/vc_icon][\/vc_column_inner][vc_column_inner width=&#8220;1\/4&#8243;][\/vc_column_inner][\/vc_row_inner][\/vc_tab][vc_tab title=&#8220;N\u00e1vod na pou\u017eitie&#8220; tab_id=&#8220;1606514112250-1-11610489938155&#8243;][vc_row_inner limit_content=&#8220;&#8220;][vc_column_inner width=&#8220;1\/4&#8243;][\/vc_column_inner][vc_column_inner column_width_percent=&#8220;100&#8243; position_vertical=&#8220;middle&#8220; gutter_size=&#8220;3&#8243; overlay_alpha=&#8220;50&#8243; shift_x=&#8220;0&#8243; shift_y=&#8220;0&#8243; shift_y_down=&#8220;0&#8243; z_index=&#8220;0&#8243; medium_width=&#8220;0&#8243; mobile_width=&#8220;0&#8243; width=&#8220;1\/2&#8243;][vc_icon position=&#8220;left&#8220; icon_image=&#8220;83642&#8243; media_size=&#8220;80&#8243;]Uistite sa, \u017ee indik\u00e1tor ve\u013ekosti je vzadu, oble\u010dte nohavi\u010dky a vytiahnite ich hore.[\/vc_icon][vc_icon position=&#8220;left&#8220; icon_image=&#8220;83645&#8243; media_size=&#8220;80&#8243;]Upravte pre pohodlie a bezpe\u010dnos\u0165.[\/vc_icon][vc_icon position=&#8220;left&#8220; icon_image=&#8220;83644&#8243; media_size=&#8220;80&#8243;]Nohavi\u010dky odstr\u00e1\u0148te bu\u010f ich stiahnut\u00edm smerom dole alebo roztrhnut\u00edm bo\u010dn\u00fdch \u0161vov.[\/vc_icon][vc_icon position=&#8220;left&#8220; icon_image=&#8220;83643&#8243; media_size=&#8220;80&#8243;]Po odstr\u00e1nen\u00ed nohavi\u010diek ich jednoducho zrolujte a opatrne zlikvidujte.[\/vc_icon][\/vc_column_inner][vc_column_inner width=&#8220;1\/4&#8243;][\/vc_column_inner][\/vc_row_inner][\/vc_tab][\/vc_tabs][\/vc_column][\/vc_row]<\/p>\n<\/div>","protected":false},"excerpt":{"rendered":"<p>[vc_row][vc_column width=&#8220;1\/1&#8243;][\/vc_column][\/vc_row][vc_row unlock_row_content=&#8220;yes&#8220; row_height_percent=&#8220;0&#8243; overlay_alpha=&#8220;50&#8243; gutter_size=&#8220;3&#8243; column_width_percent=&#8220;100&#8243; shift_y=&#8220;0&#8243; z_index=&#8220;0&#8243;][vc_column column_width_percent=&#8220;100&#8243; position_horizontal=&#8220;left&#8220; gutter_size=&#8220;3&#8243; overlay_alpha=&#8220;50&#8243; shift_x=&#8220;0&#8243; shift_y=&#8220;0&#8243; shift_y_down=&#8220;0&#8243; z_index=&#8220;0&#8243; medium_width=&#8220;0&#8243; mobile_width=&#8220;0&#8243; width=&#8220;1\/4&#8243;][\/vc_column][vc_column [&hellip;]<\/p>\n","protected":false},"author":3,"featured_media":0,"parent":0,"menu_order":0,"comment_status":"closed","ping_status":"closed","template":"","meta":{"footnotes":""},"class_list":["post-84676","page","type-page","status-publish","hentry"],"yoast_head":"<!-- This site is optimized with the Yoast SEO Premium plugin v20.9 (Yoast SEO v27.3) - https:\/\/yoast.com\/product\/yoast-seo-premium-wordpress\/ -->\n<title>iD Comfy Junior &#183; iD Ontex<\/title>\n<meta name=\"robots\" content=\"index, follow, max-snippet:-1, max-image-preview:large, max-video-preview:-1\" \/>\n<link rel=\"canonical\" href=\"https:\/\/id-ontex.com\/sk\/id-comfy-junior\/\" \/>\n<meta property=\"og:locale\" content=\"sk_SK\" \/>\n<meta property=\"og:type\" content=\"article\" \/>\n<meta property=\"og:title\" content=\"iD Comfy Junior\" \/>\n<meta property=\"og:url\" content=\"https:\/\/id-ontex.com\/sk\/id-comfy-junior\/\" \/>\n<meta property=\"og:site_name\" content=\"iD Ontex\" \/>\n<meta property=\"article:modified_time\" content=\"2021-06-29T11:56:19+00:00\" \/>\n<meta property=\"og:image\" content=\"https:\/\/id-ontex.com\/wp-content\/uploads\/2020\/12\/id-preview.jpg\" \/>\n\t<meta property=\"og:image:width\" content=\"825\" \/>\n\t<meta property=\"og:image:height\" content=\"549\" \/>\n\t<meta property=\"og:image:type\" content=\"image\/jpeg\" \/>\n<meta name=\"twitter:card\" content=\"summary_large_image\" \/>\n<meta name=\"twitter:label1\" content=\"Predpokladan\u00fd \u010das \u010d\u00edtania\" \/>\n\t<meta name=\"twitter:data1\" content=\"5 min\u00fat\" \/>\n<script type=\"application\/ld+json\" class=\"yoast-schema-graph\">{\"@context\":\"https:\\\/\\\/schema.org\",\"@graph\":[{\"@type\":\"WebPage\",\"@id\":\"https:\\\/\\\/id-ontex.com\\\/sk\\\/id-comfy-junior\\\/\",\"url\":\"https:\\\/\\\/id-ontex.com\\\/sk\\\/id-comfy-junior\\\/\",\"name\":\"iD Comfy Junior &#183; iD Ontex\",\"isPartOf\":{\"@id\":\"https:\\\/\\\/id-ontex.com\\\/#website\"},\"datePublished\":\"2021-01-12T22:23:18+00:00\",\"dateModified\":\"2021-06-29T11:56:19+00:00\",\"breadcrumb\":{\"@id\":\"https:\\\/\\\/id-ontex.com\\\/sk\\\/id-comfy-junior\\\/#breadcrumb\"},\"inLanguage\":\"sk-SK\",\"potentialAction\":[{\"@type\":\"ReadAction\",\"target\":[\"https:\\\/\\\/id-ontex.com\\\/sk\\\/id-comfy-junior\\\/\"]}]},{\"@type\":\"BreadcrumbList\",\"@id\":\"https:\\\/\\\/id-ontex.com\\\/sk\\\/id-comfy-junior\\\/#breadcrumb\",\"itemListElement\":[{\"@type\":\"ListItem\",\"position\":1,\"name\":\"\u00davod\",\"item\":\"https:\\\/\\\/id-ontex.com\\\/sk\\\/\"},{\"@type\":\"ListItem\",\"position\":2,\"name\":\"iD Comfy Junior\"}]},{\"@type\":\"WebSite\",\"@id\":\"https:\\\/\\\/id-ontex.com\\\/#website\",\"url\":\"https:\\\/\\\/id-ontex.com\\\/\",\"name\":\"iD Ontex\",\"description\":\"\",\"potentialAction\":[{\"@type\":\"SearchAction\",\"target\":{\"@type\":\"EntryPoint\",\"urlTemplate\":\"https:\\\/\\\/id-ontex.com\\\/?s={search_term_string}\"},\"query-input\":{\"@type\":\"PropertyValueSpecification\",\"valueRequired\":true,\"valueName\":\"search_term_string\"}}],\"inLanguage\":\"sk-SK\"}]}<\/script>\n<!-- \/ Yoast SEO Premium plugin. -->","yoast_head_json":{"title":"iD Comfy Junior &#183; iD Ontex","robots":{"index":"index","follow":"follow","max-snippet":"max-snippet:-1","max-image-preview":"max-image-preview:large","max-video-preview":"max-video-preview:-1"},"canonical":"https:\/\/id-ontex.com\/sk\/id-comfy-junior\/","og_locale":"sk_SK","og_type":"article","og_title":"iD Comfy Junior","og_url":"https:\/\/id-ontex.com\/sk\/id-comfy-junior\/","og_site_name":"iD Ontex","article_modified_time":"2021-06-29T11:56:19+00:00","og_image":[{"width":825,"height":549,"url":"https:\/\/id-ontex.com\/wp-content\/uploads\/2020\/12\/id-preview.jpg","type":"image\/jpeg"}],"twitter_card":"summary_large_image","twitter_misc":{"Predpokladan\u00fd \u010das \u010d\u00edtania":"5 min\u00fat"},"schema":{"@context":"https:\/\/schema.org","@graph":[{"@type":"WebPage","@id":"https:\/\/id-ontex.com\/sk\/id-comfy-junior\/","url":"https:\/\/id-ontex.com\/sk\/id-comfy-junior\/","name":"iD Comfy Junior &#183; iD Ontex","isPartOf":{"@id":"https:\/\/id-ontex.com\/#website"},"datePublished":"2021-01-12T22:23:18+00:00","dateModified":"2021-06-29T11:56:19+00:00","breadcrumb":{"@id":"https:\/\/id-ontex.com\/sk\/id-comfy-junior\/#breadcrumb"},"inLanguage":"sk-SK","potentialAction":[{"@type":"ReadAction","target":["https:\/\/id-ontex.com\/sk\/id-comfy-junior\/"]}]},{"@type":"BreadcrumbList","@id":"https:\/\/id-ontex.com\/sk\/id-comfy-junior\/#breadcrumb","itemListElement":[{"@type":"ListItem","position":1,"name":"\u00davod","item":"https:\/\/id-ontex.com\/sk\/"},{"@type":"ListItem","position":2,"name":"iD Comfy Junior"}]},{"@type":"WebSite","@id":"https:\/\/id-ontex.com\/#website","url":"https:\/\/id-ontex.com\/","name":"iD Ontex","description":"","potentialAction":[{"@type":"SearchAction","target":{"@type":"EntryPoint","urlTemplate":"https:\/\/id-ontex.com\/?s={search_term_string}"},"query-input":{"@type":"PropertyValueSpecification","valueRequired":true,"valueName":"search_term_string"}}],"inLanguage":"sk-SK"}]}},"_links":{"self":[{"href":"https:\/\/id-ontex.com\/sk\/wp-json\/wp\/v2\/pages\/84676","targetHints":{"allow":["GET"]}}],"collection":[{"href":"https:\/\/id-ontex.com\/sk\/wp-json\/wp\/v2\/pages"}],"about":[{"href":"https:\/\/id-ontex.com\/sk\/wp-json\/wp\/v2\/types\/page"}],"author":[{"embeddable":true,"href":"https:\/\/id-ontex.com\/sk\/wp-json\/wp\/v2\/users\/3"}],"replies":[{"embeddable":true,"href":"https:\/\/id-ontex.com\/sk\/wp-json\/wp\/v2\/comments?post=84676"}],"version-history":[{"count":0,"href":"https:\/\/id-ontex.com\/sk\/wp-json\/wp\/v2\/pages\/84676\/revisions"}],"wp:attachment":[{"href":"https:\/\/id-ontex.com\/sk\/wp-json\/wp\/v2\/media?parent=84676"}],"curies":[{"name":"wp","href":"https:\/\/api.w.org\/{rel}","templated":true}]}}