{"id":84567,"date":"2021-01-07T22:36:59","date_gmt":"2021-01-07T20:36:59","guid":{"rendered":"https:\/\/id-ontex.com\/?page_id=84567"},"modified":"2021-08-12T15:57:19","modified_gmt":"2021-08-12T13:57:19","slug":"id-expert","status":"publish","type":"page","link":"https:\/\/id-ontex.com\/sk\/id-expert\/","title":{"rendered":"iD Expert"},"content":{"rendered":"<div class=\"wpb-content-wrapper\"><p>[vc_row unlock_row_content=&#8220;yes&#8220; row_height_percent=&#8220;0&#8243; overlay_alpha=&#8220;50&#8243; gutter_size=&#8220;3&#8243; column_width_percent=&#8220;100&#8243; shift_y=&#8220;0&#8243; z_index=&#8220;0&#8243;][vc_column column_width_percent=&#8220;100&#8243; position_horizontal=&#8220;left&#8220; gutter_size=&#8220;3&#8243; overlay_alpha=&#8220;50&#8243; shift_x=&#8220;0&#8243; shift_y=&#8220;0&#8243; shift_y_down=&#8220;0&#8243; z_index=&#8220;0&#8243; medium_width=&#8220;0&#8243; mobile_width=&#8220;0&#8243; width=&#8220;1\/4&#8243;][\/vc_column][vc_column width=&#8220;1\/2&#8243;][vc_custom_heading heading_semantic=&#8220;h1&#8243; text_size=&#8220;h1&#8243; text_color=&#8220;color-174856&#8243; separator=&#8220;under&#8220;]iD Expert[\/vc_custom_heading][vc_column_text]S\u00fa univerz\u00e1lne plienky pre \u017eeny a mu\u017eov, ktor\u00e9 s\u00fa ur\u010den\u00e9 na pou\u017eitie pri \u0165a\u017ekej inkontinencii u \u013eud\u00ed so zn\u00ed\u017eenou pohyblivos\u0165ou alebo u pacientov na l\u00f4\u017eku.[\/vc_column_text][\/vc_column][vc_column width=&#8220;1\/4&#8243;][\/vc_column][\/vc_row][vc_row row_height_percent=&#8220;0&#8243; override_padding=&#8220;yes&#8220; h_padding=&#8220;0&#8243; top_padding=&#8220;2&#8243; bottom_padding=&#8220;2&#8243; overlay_alpha=&#8220;50&#8243; gutter_size=&#8220;3&#8243; column_width_percent=&#8220;100&#8243; shift_y=&#8220;0&#8243; z_index=&#8220;0&#8243; el_class=&#8220;custom-carousel&#8220; front_end_with_slider=&#8220;true&#8220;][vc_column width=&#8220;1\/1&#8243;][uncode_slider slider_interval=&#8220;0&#8243; slider_navspeed=&#8220;400&#8243; slider_loop=&#8220;yes&#8220; el_class=&#8220;custom-4&#8243;][vc_row_inner row_inner_height_percent=&#8220;0&#8243; force_width_grid=&#8220;yes&#8220; overlay_alpha=&#8220;50&#8243; gutter_size=&#8220;0&#8243; shift_y=&#8220;0&#8243; z_index=&#8220;0&#8243; el_class=&#8220;custom-slide&#8220; limit_content=&#8220;yes&#8220; front_end_with_slider=&#8220;true&#8220;][vc_column_inner column_width_percent=&#8220;100&#8243; gutter_size=&#8220;3&#8243; override_padding=&#8220;yes&#8220; column_padding=&#8220;1&#8243; overlay_alpha=&#8220;50&#8243; shift_x=&#8220;0&#8243; shift_y=&#8220;0&#8243; shift_y_down=&#8220;0&#8243; z_index=&#8220;0&#8243; medium_width=&#8220;0&#8243; mobile_width=&#8220;0&#8243; width=&#8220;1\/1&#8243; el_class=&#8220;custom-column&#8220;][vc_single_image media=&#8220;84956&#8243; media_width_percent=&#8220;100&#8243; alignment=&#8220;center&#8220; shape=&#8220;img-round&#8220; media_link=&#8220;|||&#8220; el_class=&#8220;custom-product-img&#8220;][vc_raw_html]JTNDZGl2JTIwY2xhc3MlM0QlMjJjdXN0b20tY29udGVudCUyMiUzRSUwQSUzQ2RpdiUyMGNsYXNzJTNEJTIyY3VzdG9tLXRleHQlMjIlM0VWZSVDNCVCRWtvcyVDNSVBNSUyMHAlQzMlQTFzYSUzQSUzQyUyRmRpdiUzRSUwQSUzQ2RpdiUyMGNsYXNzJTNEJTIyY3VzdG9tLWljb24lMjIlM0VNJTIwJTI4ODAtMTI1Y20lMjklM0MlMkZkaXYlM0UlMEElM0MlMkZkaXYlM0U=[\/vc_raw_html][vc_raw_html]JTNDZGl2JTIwY2xhc3MlM0QlMjJjdXN0b20tY29udGVudCUyMiUzRSUwQSUzQ2RpdiUyMGNsYXNzJTNEJTIyY3VzdG9tLXRleHQlMjIlM0VOYXNpYWthdm9zJUM1JUE1JTNBJTNDJTJGZGl2JTNFJTBBJTNDZGl2JTIwY2xhc3MlM0QlMjJjdXN0b20taWNvbiUyMiUzRSUwQSUzQ2ltZyUyMHNyYyUzRCUyMiUyRndwLWNvbnRlbnQlMkZ1cGxvYWRzJTJGMjAyMCUyRjExJTJGaWQtb250ZXhfNy1kcm9wcy5wbmclMjIlMjBhbHQlM0QlMjJhYnNvcmJlY3klMjBpY29uJTIyJTJGJTNFJTNDJTJGZGl2JTNFJTBBJTNDJTJGZGl2JTNF[\/vc_raw_html][\/vc_column_inner][\/vc_row_inner][vc_row_inner row_inner_height_percent=&#8220;0&#8243; force_width_grid=&#8220;yes&#8220; overlay_alpha=&#8220;50&#8243; gutter_size=&#8220;0&#8243; shift_y=&#8220;0&#8243; z_index=&#8220;0&#8243; el_class=&#8220;custom-slide&#8220; limit_content=&#8220;yes&#8220; front_end_with_slider=&#8220;true&#8220;][vc_column_inner column_width_percent=&#8220;100&#8243; gutter_size=&#8220;3&#8243; override_padding=&#8220;yes&#8220; column_padding=&#8220;1&#8243; overlay_alpha=&#8220;50&#8243; shift_x=&#8220;0&#8243; shift_y=&#8220;0&#8243; shift_y_down=&#8220;0&#8243; z_index=&#8220;0&#8243; medium_width=&#8220;0&#8243; mobile_width=&#8220;0&#8243; width=&#8220;1\/1&#8243; el_class=&#8220;custom-column&#8220;][vc_single_image media=&#8220;84944&#8243; media_width_percent=&#8220;100&#8243; alignment=&#8220;center&#8220; shape=&#8220;img-round&#8220; media_link=&#8220;|||&#8220; el_class=&#8220;custom-product-img&#8220;][vc_raw_html]JTNDZGl2JTIwY2xhc3MlM0QlMjJjdXN0b20tY29udGVudCUyMiUzRSUwQSUzQ2RpdiUyMGNsYXNzJTNEJTIyY3VzdG9tLXRleHQlMjIlM0VWZSVDNCVCRWtvcyVDNSVBNSUyMHAlQzMlQTFzYSUzQSUzQyUyRmRpdiUzRSUwQSUzQ2RpdiUyMGNsYXNzJTNEJTIyY3VzdG9tLWljb24lMjIlM0VMJTIwJTI4MTE1LTE1NSUyMGNtJTI5JTNDJTJGZGl2JTNFJTBBJTNDJTJGZGl2JTNF[\/vc_raw_html][vc_raw_html]JTNDZGl2JTIwY2xhc3MlM0QlMjJjdXN0b20tY29udGVudCUyMiUzRSUwQSUzQ2RpdiUyMGNsYXNzJTNEJTIyY3VzdG9tLXRleHQlMjIlM0VOYXNpYWthdm9zJUM1JUE1JTNBJTNDJTJGZGl2JTNFJTBBJTNDZGl2JTIwY2xhc3MlM0QlMjJjdXN0b20taWNvbiUyMiUzRSUwQSUzQ2ltZyUyMHNyYyUzRCUyMiUyRndwLWNvbnRlbnQlMkZ1cGxvYWRzJTJGMjAyMCUyRjExJTJGaWQtb250ZXhfNy1kcm9wcy5wbmclMjIlMjBhbHQlM0QlMjJhYnNvcmJlY3klMjBpY29uJTIyJTJGJTNFJTNDJTJGZGl2JTNFJTBBJTNDJTJGZGl2JTNF[\/vc_raw_html][\/vc_column_inner][\/vc_row_inner][vc_row_inner row_inner_height_percent=&#8220;0&#8243; force_width_grid=&#8220;yes&#8220; overlay_alpha=&#8220;50&#8243; gutter_size=&#8220;0&#8243; shift_y=&#8220;0&#8243; z_index=&#8220;0&#8243; el_class=&#8220;custom-slide&#8220; limit_content=&#8220;yes&#8220; front_end_with_slider=&#8220;true&#8220;][vc_column_inner column_width_percent=&#8220;100&#8243; gutter_size=&#8220;3&#8243; override_padding=&#8220;yes&#8220; column_padding=&#8220;1&#8243; overlay_alpha=&#8220;50&#8243; shift_x=&#8220;0&#8243; shift_y=&#8220;0&#8243; shift_y_down=&#8220;0&#8243; z_index=&#8220;0&#8243; medium_width=&#8220;0&#8243; mobile_width=&#8220;0&#8243; width=&#8220;1\/1&#8243; el_class=&#8220;custom-column&#8220;][vc_single_image media=&#8220;84940&#8243; media_width_percent=&#8220;100&#8243; alignment=&#8220;center&#8220; shape=&#8220;img-round&#8220; media_link=&#8220;|||&#8220; el_class=&#8220;custom-product-img&#8220;][vc_raw_html]JTNDZGl2JTIwY2xhc3MlM0QlMjJjdXN0b20tY29udGVudCUyMiUzRSUwQSUzQ2RpdiUyMGNsYXNzJTNEJTIyY3VzdG9tLXRleHQlMjIlM0VWZSVDNCVCRWtvcyVDNSVBNSUyMHAlQzMlQTFzYSUzQSUzQyUyRmRpdiUzRSUwQSUzQ2RpdiUyMGNsYXNzJTNEJTIyY3VzdG9tLWljb24lMjIlM0VNJTIwJTI4ODAtMTI1JTIwY20lMjklM0MlMkZkaXYlM0UlMEElM0MlMkZkaXYlM0U=[\/vc_raw_html][vc_raw_html]JTNDZGl2JTIwY2xhc3MlM0QlMjJjdXN0b20tY29udGVudCUyMiUzRSUwQSUzQ2RpdiUyMGNsYXNzJTNEJTIyY3VzdG9tLXRleHQlMjIlM0VOYXNpYWthdm9zJUM1JUE1JTNBJTNDJTJGZGl2JTNFJTBBJTNDZGl2JTIwY2xhc3MlM0QlMjJjdXN0b20taWNvbiUyMiUzRSUwQSUzQ2ltZyUyMHNyYyUzRCUyMiUyRndwLWNvbnRlbnQlMkZ1cGxvYWRzJTJGMjAyMCUyRjExJTJGaWQtb250ZXhfNi1kcm9wcy5wbmclMjIlMjBhbHQlM0QlMjJhYnNvcmJlY3klMjBpY29uJTIyJTJGJTNFJTNDJTJGZGl2JTNFJTBBJTNDJTJGZGl2JTNF[\/vc_raw_html][\/vc_column_inner][\/vc_row_inner][vc_row_inner row_inner_height_percent=&#8220;0&#8243; force_width_grid=&#8220;yes&#8220; overlay_alpha=&#8220;50&#8243; gutter_size=&#8220;0&#8243; shift_y=&#8220;0&#8243; z_index=&#8220;0&#8243; el_class=&#8220;custom-slide&#8220; limit_content=&#8220;yes&#8220; front_end_with_slider=&#8220;true&#8220;][vc_column_inner column_width_percent=&#8220;100&#8243; gutter_size=&#8220;3&#8243; override_padding=&#8220;yes&#8220; column_padding=&#8220;1&#8243; overlay_alpha=&#8220;50&#8243; shift_x=&#8220;0&#8243; shift_y=&#8220;0&#8243; shift_y_down=&#8220;0&#8243; z_index=&#8220;0&#8243; medium_width=&#8220;0&#8243; mobile_width=&#8220;0&#8243; width=&#8220;1\/1&#8243; el_class=&#8220;custom-column&#8220;][vc_single_image media=&#8220;84928&#8243; media_width_percent=&#8220;100&#8243; alignment=&#8220;center&#8220; shape=&#8220;img-round&#8220; media_link=&#8220;|||&#8220; el_class=&#8220;custom-product-img&#8220;][vc_raw_html]JTNDZGl2JTIwY2xhc3MlM0QlMjJjdXN0b20tY29udGVudCUyMiUzRSUwQSUzQ2RpdiUyMGNsYXNzJTNEJTIyY3VzdG9tLXRleHQlMjIlM0VWZSVDNCVCRWtvcyVDNSVBNSUyMHAlQzMlQTFzYSUzQSUzQyUyRmRpdiUzRSUwQSUzQ2RpdiUyMGNsYXNzJTNEJTIyY3VzdG9tLWljb24lMjIlM0VMJTIwJTI4MTE1LTE1NSUyMGNtJTI5JTNDJTJGZGl2JTNFJTBBJTNDJTJGZGl2JTNF[\/vc_raw_html][vc_raw_html]JTNDZGl2JTIwY2xhc3MlM0QlMjJjdXN0b20tY29udGVudCUyMiUzRSUwQSUzQ2RpdiUyMGNsYXNzJTNEJTIyY3VzdG9tLXRleHQlMjIlM0VOYXNpYWthdm9zJUM1JUE1JTNBJTNDJTJGZGl2JTNFJTBBJTNDZGl2JTIwY2xhc3MlM0QlMjJjdXN0b20taWNvbiUyMiUzRSUwQSUzQ2ltZyUyMHNyYyUzRCUyMiUyRndwLWNvbnRlbnQlMkZ1cGxvYWRzJTJGMjAyMCUyRjExJTJGaWQtb250ZXhfNi1kcm9wcy5wbmclMjIlMjBhbHQlM0QlMjJhYnNvcmJlY3klMjBpY29uJTIyJTJGJTNFJTNDJTJGZGl2JTNFJTBBJTNDJTJGZGl2JTNF[\/vc_raw_html][\/vc_column_inner][\/vc_row_inner][\/uncode_slider][\/vc_column][\/vc_row][vc_row][vc_column width=&#8220;1\/1&#8243;][vc_tabs][vc_tab title=&#8220;V\u00fdhody&#8220; tab_id=&#8220;1605715105-1-5516063136357221610026547835&#8243;][vc_row_inner limit_content=&#8220;&#8220;][vc_column_inner width=&#8220;1\/4&#8243;][\/vc_column_inner][vc_column_inner width=&#8220;1\/2&#8243;][vc_icon position=&#8220;left&#8220; title_aligned_icon=&#8220;yes&#8220; icon_image=&#8220;85108&#8243; icon_color=&#8220;accent&#8220; media_size=&#8220;100&#8243; text_size=&#8220;h4&#8243; add_margin=&#8220;yes&#8220; title=&#8220;Kontrola z\u00e1pachu&#8220; link=&#8220;|||&#8220;]Syst\u00e9m regul\u00e1cie z\u00e1pachu, ktor\u00fd sa nach\u00e1dza v absorp\u010dnom jadre, zabra\u0148uje tvorbe amoniaku a t\u00fdm aj tvorbe nepr\u00edjemn\u00e9ho z\u00e1pachu.[\/vc_icon][vc_icon position=&#8220;left&#8220; title_aligned_icon=&#8220;yes&#8220; icon_image=&#8220;85112&#8243; icon_color=&#8220;accent&#8220; media_size=&#8220;100&#8243; text_size=&#8220;h4&#8243; add_margin=&#8220;yes&#8220; title=&#8220;R\u00fdchle vstreb\u00e1vanie&#8220; link=&#8220;|||&#8220;]Maxim\u00e1lne zadr\u017eiavanie tekut\u00edn v kr\u00e1tkom \u010dase, ktor\u00e9 poskytuje jedine\u010dn\u00fd pocit sucha.[\/vc_icon][vc_icon position=&#8220;left&#8220; title_aligned_icon=&#8220;yes&#8220; icon_image=&#8220;85116&#8243; icon_color=&#8220;accent&#8220; media_size=&#8220;100&#8243; text_size=&#8220;h4&#8243; add_margin=&#8220;yes&#8220; title=&#8220;Dokonal\u00e9 prisp\u00f4sobenie sa&#8220; link=&#8220;|||&#8220;]Elastick\u00e9 z\u00f3ny na\u0161ich v\u00fdrobkov zabezpe\u010dia anatomick\u00e9 prisp\u00f4sobenie sa telu pre maxim\u00e1lne pohodlie a diskr\u00e9tnos\u0165.[\/vc_icon][vc_icon position=&#8220;left&#8220; title_aligned_icon=&#8220;yes&#8220; icon_image=&#8220;85120&#8243; icon_color=&#8220;accent&#8220; media_size=&#8220;100&#8243; text_size=&#8220;h4&#8243; add_margin=&#8220;yes&#8220; title=&#8220;Pocit bavlny&#8220; link=&#8220;|||&#8220;]Hebk\u00fd textiln\u00fd povrch zadnej strany poskytuje maxim\u00e1lne pohodlie a diskr\u00e9tnos\u0165[\/vc_icon][vc_icon position=&#8220;left&#8220; title_aligned_icon=&#8220;yes&#8220; icon_image=&#8220;85124&#8243; icon_color=&#8220;accent&#8220; media_size=&#8220;100&#8243; text_size=&#8220;h4&#8243; add_margin=&#8220;yes&#8220; title=&#8220;Ochrana pred prete\u010den\u00edm&#8220; link=&#8220;|||&#8220;]Integrovan\u00e9 man\u017eety proti \u00faniku vyroben\u00e9 z vodeodoln\u00e9ho materi\u00e1lu pom\u00e1haj\u00fa predch\u00e1dza\u0165 bo\u010dn\u00fdm \u00fanikom, zachov\u00e1vaj\u00fa bezpe\u010dnos\u0165 a diskr\u00e9tnos\u0165.[\/vc_icon][vc_icon position=&#8220;left&#8220; title_aligned_icon=&#8220;yes&#8220; icon_image=&#8220;85128&#8243; icon_color=&#8220;accent&#8220; media_size=&#8220;100&#8243; text_size=&#8220;h4&#8243; add_margin=&#8220;yes&#8220; title=&#8220;Dermatologicky testovan\u00e9&#8220; link=&#8220;|||&#8220;]Produkty ID s\u00fa dermatologicky testovan\u00e9 a preuk\u00e1zate\u013ene chr\u00e1nia poko\u017eku pred podr\u00e1\u017eden\u00edm.[\/vc_icon][vc_icon position=&#8220;left&#8220; title_aligned_icon=&#8220;yes&#8220; icon_image=&#8220;85132&#8243; icon_color=&#8220;accent&#8220; media_size=&#8220;100&#8243; text_size=&#8220;h4&#8243; add_margin=&#8220;yes&#8220; title=&#8220;\u017diadny latex&#8220; link=&#8220;|||&#8220;]Na\u0161e v\u00fdrobky neobsahuj\u00fa latex.[\/vc_icon][\/vc_column_inner][vc_column_inner width=&#8220;1\/4&#8243;][\/vc_column_inner][\/vc_row_inner][\/vc_tab][vc_tab title=&#8220;N\u00e1vod na pou\u017eitie&#8220; tab_id=&#8220;1605715105-2-8716063136357221610026547835&#8243;][vc_row_inner limit_content=&#8220;&#8220;][vc_column_inner width=&#8220;1\/4&#8243;][\/vc_column_inner][vc_column_inner width=&#8220;1\/2&#8243;][vc_custom_heading text_size=&#8220;h3&#8243;]V stoji[\/vc_custom_heading][vc_icon position=&#8220;left&#8220; icon_image=&#8220;84494&#8243; media_size=&#8220;80&#8243;]Za\u010dnite t\u00fdm, \u017ee iD Expert Slip pozd\u013a\u017ene zlo\u017e\u00edte na polovicu a jemne ho nasmerujete prstami pod zadn\u00fa stranu. To aktivuje vodotesn\u00e9 z\u00e1brany pre oblas\u0165 n\u00f4h.[\/vc_icon][vc_icon position=&#8220;left&#8220; icon_image=&#8220;84498&#8243; media_size=&#8220;80&#8243;]Vlo\u017ete ID Expert Slip medzi nohy spredu dozadu a rozprestrite konce, aby ste sa uistili, \u017ee vrch zadnej \u010dasti je umiestnen\u00fd na kostr\u010di. Ubezpe\u010dte sa, \u017ee koniec s fixa\u010dn\u00fdmi p\u00e1skami sa nach\u00e1dza vzadu.[\/vc_icon][vc_icon position=&#8220;left&#8220; icon_image=&#8220;84502&#8243; media_size=&#8220;80&#8243;]Spodn\u00e9 p\u00e1sky zafixujte smerom hore a zaistite tak bezpe\u010dn\u00e9 uchytenie okolo n\u00f4h. Poopravte uzatv\u00e1rate\u013en\u00e9 horn\u00e9 p\u00e1sky v polohe smerom nadol alebo vo vodorovnej polohe, aby ste zaistili bezpe\u010dn\u00e9 uchytenie okolo p\u00e1sa.[\/vc_icon][vc_icon position=&#8220;left&#8220; icon_image=&#8220;84506&#8243; media_size=&#8220;80&#8243;]Skontrolujte, \u010di s\u00fa nasaden\u00e9 pohodlne a dobre priliehaj\u00fa. Horn\u00fa aj spodn\u00fa p\u00e1sku je mo\u017en\u00e9 upevni\u0165 \u0161ikmo alebo rovno. V pr\u00edpade potreby je tie\u017e mo\u017en\u00e9 opakovan\u00e9 rozopnutie a \u00faprava.[\/vc_icon][vc_custom_heading text_size=&#8220;h3&#8243;]V \u013eahu[\/vc_custom_heading][vc_icon position=&#8220;left&#8220; icon_image=&#8220;84478&#8243; media_size=&#8220;80&#8243;]Za\u010dnite t\u00fdm, \u017ee iD Expert Slip pozd\u013a\u017ene rozlo\u017e\u00edte na polovicu a jemne ho nasmerujete prstami pod zadn\u00fa stranu. T\u00fdm sa aktivuj\u00fa man\u017eety zabra\u0148uj\u00face \u00faniku m\u00f4\u010du.[\/vc_icon][vc_icon position=&#8220;left&#8220; icon_image=&#8220;84482&#8243; media_size=&#8220;80&#8243;]Vycentrujte vlo\u017eku s pomocou indik\u00e1torov vlhkosti a vzadu ju rozprestrite. Ak je to mo\u017en\u00e9, nechajte produkt medzi nohami pacienta. Nato\u010dte pacienta na chrb\u00e1t a produkt jemne vytiahnite pomedzi nohy, aby ste zaistili, \u017ee man\u017eety proti \u00faniku tekut\u00edn zostan\u00fa akt\u00edvne, a potom rozlo\u017ete predn\u00fa \u010das\u0165 produktu.[\/vc_icon][vc_icon position=&#8220;left&#8220; icon_image=&#8220;84486&#8243; media_size=&#8220;80&#8243;]\u010ealej zafixujte spodn\u00e9 p\u00e1sky smerom hore, aby ste zaistili bezpe\u010dn\u00e9 uchytenie okolo n\u00f4h. Potom zafixujte uzatv\u00e1rate\u013en\u00e9 horn\u00e9 p\u00e1sky smerom dole alebo do vodorovnej polohy, aby ste zaistili bezpe\u010dn\u00e9 uchytenie okolo p\u00e1sa.[\/vc_icon][vc_icon position=&#8220;left&#8220; icon_image=&#8220;84490&#8243; media_size=&#8220;80&#8243;]Nakoniec skontrolujte , \u010di s\u00fa nasaden\u00e9 pohodlne a dobre priliehaj\u00fa (p\u00e1sky je mo\u017en\u00e9 opatovne zapn\u00fa\u0165 a upravi\u0165). Uistite sa, \u017ee ste spr\u00e1vne zalepili p\u00e1sky.[\/vc_icon][\/vc_column_inner][vc_column_inner width=&#8220;1\/4&#8243;][\/vc_column_inner][\/vc_row_inner][\/vc_tab][\/vc_tabs][\/vc_column][\/vc_row]<\/p>\n<\/div>","protected":false},"excerpt":{"rendered":"<p>[vc_row unlock_row_content=&#8220;yes&#8220; row_height_percent=&#8220;0&#8243; overlay_alpha=&#8220;50&#8243; gutter_size=&#8220;3&#8243; column_width_percent=&#8220;100&#8243; shift_y=&#8220;0&#8243; z_index=&#8220;0&#8243;][vc_column column_width_percent=&#8220;100&#8243; position_horizontal=&#8220;left&#8220; gutter_size=&#8220;3&#8243; overlay_alpha=&#8220;50&#8243; shift_x=&#8220;0&#8243; shift_y=&#8220;0&#8243; shift_y_down=&#8220;0&#8243; z_index=&#8220;0&#8243; medium_width=&#8220;0&#8243; mobile_width=&#8220;0&#8243; width=&#8220;1\/4&#8243;][\/vc_column][vc_column width=&#8220;1\/2&#8243;][vc_custom_heading [&hellip;]<\/p>\n","protected":false},"author":3,"featured_media":0,"parent":0,"menu_order":0,"comment_status":"closed","ping_status":"closed","template":"","meta":{"footnotes":""},"class_list":["post-84567","page","type-page","status-publish","hentry"],"yoast_head":"<!-- This site is optimized with the Yoast SEO Premium plugin v20.9 (Yoast SEO v27.4) - https:\/\/yoast.com\/product\/yoast-seo-premium-wordpress\/ -->\n<title>iD Expert &#183; iD Ontex<\/title>\n<meta name=\"robots\" content=\"index, follow, max-snippet:-1, max-image-preview:large, max-video-preview:-1\" \/>\n<link rel=\"canonical\" href=\"https:\/\/id-ontex.com\/sk\/id-expert\/\" \/>\n<meta property=\"og:locale\" content=\"sk_SK\" \/>\n<meta property=\"og:type\" content=\"article\" \/>\n<meta property=\"og:title\" content=\"iD Expert\" \/>\n<meta property=\"og:url\" content=\"https:\/\/id-ontex.com\/sk\/id-expert\/\" \/>\n<meta property=\"og:site_name\" content=\"iD Ontex\" \/>\n<meta property=\"article:modified_time\" content=\"2021-08-12T13:57:19+00:00\" \/>\n<meta property=\"og:image\" content=\"https:\/\/id-ontex.com\/wp-content\/uploads\/2020\/12\/id-preview.jpg\" \/>\n\t<meta property=\"og:image:width\" content=\"825\" \/>\n\t<meta property=\"og:image:height\" content=\"549\" \/>\n\t<meta property=\"og:image:type\" content=\"image\/jpeg\" \/>\n<meta name=\"twitter:card\" content=\"summary_large_image\" \/>\n<meta name=\"twitter:label1\" content=\"Predpokladan\u00fd \u010das \u010d\u00edtania\" \/>\n\t<meta name=\"twitter:data1\" content=\"8 min\u00fat\" \/>\n<script type=\"application\/ld+json\" class=\"yoast-schema-graph\">{\"@context\":\"https:\\\/\\\/schema.org\",\"@graph\":[{\"@type\":\"WebPage\",\"@id\":\"https:\\\/\\\/id-ontex.com\\\/sk\\\/id-expert\\\/\",\"url\":\"https:\\\/\\\/id-ontex.com\\\/sk\\\/id-expert\\\/\",\"name\":\"iD Expert &#183; iD Ontex\",\"isPartOf\":{\"@id\":\"https:\\\/\\\/id-ontex.com\\\/#website\"},\"datePublished\":\"2021-01-07T20:36:59+00:00\",\"dateModified\":\"2021-08-12T13:57:19+00:00\",\"breadcrumb\":{\"@id\":\"https:\\\/\\\/id-ontex.com\\\/sk\\\/id-expert\\\/#breadcrumb\"},\"inLanguage\":\"sk-SK\",\"potentialAction\":[{\"@type\":\"ReadAction\",\"target\":[\"https:\\\/\\\/id-ontex.com\\\/sk\\\/id-expert\\\/\"]}]},{\"@type\":\"BreadcrumbList\",\"@id\":\"https:\\\/\\\/id-ontex.com\\\/sk\\\/id-expert\\\/#breadcrumb\",\"itemListElement\":[{\"@type\":\"ListItem\",\"position\":1,\"name\":\"\u00davod\",\"item\":\"https:\\\/\\\/id-ontex.com\\\/sk\\\/\"},{\"@type\":\"ListItem\",\"position\":2,\"name\":\"iD Expert\"}]},{\"@type\":\"WebSite\",\"@id\":\"https:\\\/\\\/id-ontex.com\\\/#website\",\"url\":\"https:\\\/\\\/id-ontex.com\\\/\",\"name\":\"iD Ontex\",\"description\":\"\",\"potentialAction\":[{\"@type\":\"SearchAction\",\"target\":{\"@type\":\"EntryPoint\",\"urlTemplate\":\"https:\\\/\\\/id-ontex.com\\\/?s={search_term_string}\"},\"query-input\":{\"@type\":\"PropertyValueSpecification\",\"valueRequired\":true,\"valueName\":\"search_term_string\"}}],\"inLanguage\":\"sk-SK\"}]}<\/script>\n<!-- \/ Yoast SEO Premium plugin. -->","yoast_head_json":{"title":"iD Expert &#183; iD Ontex","robots":{"index":"index","follow":"follow","max-snippet":"max-snippet:-1","max-image-preview":"max-image-preview:large","max-video-preview":"max-video-preview:-1"},"canonical":"https:\/\/id-ontex.com\/sk\/id-expert\/","og_locale":"sk_SK","og_type":"article","og_title":"iD Expert","og_url":"https:\/\/id-ontex.com\/sk\/id-expert\/","og_site_name":"iD Ontex","article_modified_time":"2021-08-12T13:57:19+00:00","og_image":[{"width":825,"height":549,"url":"https:\/\/id-ontex.com\/wp-content\/uploads\/2020\/12\/id-preview.jpg","type":"image\/jpeg"}],"twitter_card":"summary_large_image","twitter_misc":{"Predpokladan\u00fd \u010das \u010d\u00edtania":"8 min\u00fat"},"schema":{"@context":"https:\/\/schema.org","@graph":[{"@type":"WebPage","@id":"https:\/\/id-ontex.com\/sk\/id-expert\/","url":"https:\/\/id-ontex.com\/sk\/id-expert\/","name":"iD Expert &#183; iD Ontex","isPartOf":{"@id":"https:\/\/id-ontex.com\/#website"},"datePublished":"2021-01-07T20:36:59+00:00","dateModified":"2021-08-12T13:57:19+00:00","breadcrumb":{"@id":"https:\/\/id-ontex.com\/sk\/id-expert\/#breadcrumb"},"inLanguage":"sk-SK","potentialAction":[{"@type":"ReadAction","target":["https:\/\/id-ontex.com\/sk\/id-expert\/"]}]},{"@type":"BreadcrumbList","@id":"https:\/\/id-ontex.com\/sk\/id-expert\/#breadcrumb","itemListElement":[{"@type":"ListItem","position":1,"name":"\u00davod","item":"https:\/\/id-ontex.com\/sk\/"},{"@type":"ListItem","position":2,"name":"iD Expert"}]},{"@type":"WebSite","@id":"https:\/\/id-ontex.com\/#website","url":"https:\/\/id-ontex.com\/","name":"iD Ontex","description":"","potentialAction":[{"@type":"SearchAction","target":{"@type":"EntryPoint","urlTemplate":"https:\/\/id-ontex.com\/?s={search_term_string}"},"query-input":{"@type":"PropertyValueSpecification","valueRequired":true,"valueName":"search_term_string"}}],"inLanguage":"sk-SK"}]}},"_links":{"self":[{"href":"https:\/\/id-ontex.com\/sk\/wp-json\/wp\/v2\/pages\/84567","targetHints":{"allow":["GET"]}}],"collection":[{"href":"https:\/\/id-ontex.com\/sk\/wp-json\/wp\/v2\/pages"}],"about":[{"href":"https:\/\/id-ontex.com\/sk\/wp-json\/wp\/v2\/types\/page"}],"author":[{"embeddable":true,"href":"https:\/\/id-ontex.com\/sk\/wp-json\/wp\/v2\/users\/3"}],"replies":[{"embeddable":true,"href":"https:\/\/id-ontex.com\/sk\/wp-json\/wp\/v2\/comments?post=84567"}],"version-history":[{"count":0,"href":"https:\/\/id-ontex.com\/sk\/wp-json\/wp\/v2\/pages\/84567\/revisions"}],"wp:attachment":[{"href":"https:\/\/id-ontex.com\/sk\/wp-json\/wp\/v2\/media?parent=84567"}],"curies":[{"name":"wp","href":"https:\/\/api.w.org\/{rel}","templated":true}]}}