{"id":84565,"date":"2021-01-07T22:30:12","date_gmt":"2021-01-07T20:30:12","guid":{"rendered":"https:\/\/id-ontex.com\/?page_id=84565"},"modified":"2021-08-12T16:31:48","modified_gmt":"2021-08-12T14:31:48","slug":"id-pants","status":"publish","type":"page","link":"https:\/\/id-ontex.com\/sk\/id-pants\/","title":{"rendered":"iD Pants"},"content":{"rendered":"<div class=\"wpb-content-wrapper\"><p>[vc_row unlock_row_content=&#8220;yes&#8220; row_height_percent=&#8220;0&#8243; overlay_alpha=&#8220;50&#8243; gutter_size=&#8220;3&#8243; column_width_percent=&#8220;100&#8243; shift_y=&#8220;0&#8243; z_index=&#8220;0&#8243;][vc_column column_width_percent=&#8220;100&#8243; position_horizontal=&#8220;left&#8220; gutter_size=&#8220;3&#8243; overlay_alpha=&#8220;50&#8243; shift_x=&#8220;0&#8243; shift_y=&#8220;0&#8243; shift_y_down=&#8220;0&#8243; z_index=&#8220;0&#8243; medium_width=&#8220;0&#8243; mobile_width=&#8220;0&#8243; width=&#8220;1\/4&#8243;][\/vc_column][vc_column width=&#8220;1\/2&#8243;][vc_custom_heading heading_semantic=&#8220;h1&#8243; text_size=&#8220;h1&#8243; text_color=&#8220;color-174856&#8243; separator=&#8220;under&#8220;]iD Pants Plus[\/vc_custom_heading][vc_column_text]iD Pants s\u00fa s\u0165ahovacie slipy pre \u017eeny a mu\u017eov, ktor\u00e9 v\u00e1m umo\u017enia zachova\u0165 si nez\u00e1vislos\u0165 a u\u017ei\u0165 si \u017eivot naplno. Pod oble\u010den\u00edm s\u00fa nevidite\u013en\u00e9, dobre sa hodia k be\u017en\u00e9mu spodn\u00e9mu pr\u00e1dlu, neobmedzuj\u00fa v pohybe a dokonale absorbuj\u00fa.[\/vc_column_text][\/vc_column][vc_column width=&#8220;1\/4&#8243;][\/vc_column][\/vc_row][vc_row row_height_percent=&#8220;0&#8243; override_padding=&#8220;yes&#8220; h_padding=&#8220;0&#8243; top_padding=&#8220;2&#8243; bottom_padding=&#8220;2&#8243; overlay_alpha=&#8220;50&#8243; gutter_size=&#8220;3&#8243; column_width_percent=&#8220;100&#8243; shift_y=&#8220;0&#8243; z_index=&#8220;0&#8243; el_class=&#8220;custom-carousel full-width-carousel&#8220; front_end_with_slider=&#8220;true&#8220;][vc_column column_width_percent=&#8220;100&#8243; position_vertical=&#8220;middle&#8220; align_horizontal=&#8220;align_center&#8220; gutter_size=&#8220;3&#8243; overlay_alpha=&#8220;50&#8243; shift_x=&#8220;0&#8243; shift_y=&#8220;0&#8243; shift_y_down=&#8220;0&#8243; z_index=&#8220;0&#8243; medium_width=&#8220;0&#8243; mobile_width=&#8220;0&#8243; width=&#8220;1\/4&#8243;][\/vc_column][vc_column width=&#8220;1\/2&#8243;][uncode_slider slider_interval=&#8220;0&#8243; slider_navspeed=&#8220;400&#8243; el_class=&#8220;custom-2&#8243;][vc_row_inner row_inner_height_percent=&#8220;0&#8243; force_width_grid=&#8220;yes&#8220; overlay_alpha=&#8220;50&#8243; gutter_size=&#8220;0&#8243; shift_y=&#8220;0&#8243; z_index=&#8220;0&#8243; el_class=&#8220;custom-slide&#8220; limit_content=&#8220;&#8220; front_end_with_slider=&#8220;true&#8220;][vc_column_inner column_width_percent=&#8220;100&#8243; gutter_size=&#8220;3&#8243; override_padding=&#8220;yes&#8220; column_padding=&#8220;1&#8243; overlay_alpha=&#8220;50&#8243; shift_x=&#8220;0&#8243; shift_y=&#8220;0&#8243; shift_y_down=&#8220;0&#8243; z_index=&#8220;0&#8243; medium_width=&#8220;0&#8243; mobile_width=&#8220;0&#8243; radius=&#8220;sm&#8220; width=&#8220;1\/1&#8243; el_class=&#8220;custom-column&#8220;][vc_single_image media=&#8220;83997&#8243; media_width_percent=&#8220;100&#8243; alignment=&#8220;center&#8220; shape=&#8220;img-round&#8220; media_link=&#8220;|||&#8220; el_class=&#8220;custom-product-img&#8220;][vc_raw_html]JTNDZGl2JTIwY2xhc3MlM0QlMjJjdXN0b20tY29udGVudCUyMiUzRSUwQSUzQ2RpdiUyMGNsYXNzJTNEJTIyY3VzdG9tLXRleHQlMjIlM0VWZSVDNCVCRWtvcyVDNSVBNSUyMHAlQzMlQTFzYSUzQSUzQyUyRmRpdiUzRSUwQSUzQ2RpdiUyMGNsYXNzJTNEJTIyY3VzdG9tLWljb24lMjIlM0VNJTIwJTI4ODAtMTIwJTIwY20lMjklM0MlMkZkaXYlM0UlMEElM0MlMkZkaXYlM0U=[\/vc_raw_html][vc_raw_html]JTNDZGl2JTIwY2xhc3MlM0QlMjJjdXN0b20tY29udGVudCUyMiUzRSUwQSUzQ2RpdiUyMGNsYXNzJTNEJTIyY3VzdG9tLXRleHQlMjIlM0VOYXNpYWthdm9zJUM1JUE1JTNBJTNDJTJGZGl2JTNFJTBBJTNDZGl2JTIwY2xhc3MlM0QlMjJjdXN0b20taWNvbiUyMiUzRSUwQSUzQ2ltZyUyMHNyYyUzRCUyMiUyRndwLWNvbnRlbnQlMkZ1cGxvYWRzJTJGMjAyMCUyRjExJTJGaWQtb250ZXhfNi1kcm9wcy5wbmclMjIlMjBhbHQlM0QlMjJhYnNvcmJlY3klMjBpY29uJTIyJTJGJTNFJTNDJTJGZGl2JTNFJTBBJTNDJTJGZGl2JTNF[\/vc_raw_html][\/vc_column_inner][\/vc_row_inner][vc_row_inner row_inner_height_percent=&#8220;0&#8243; force_width_grid=&#8220;yes&#8220; overlay_alpha=&#8220;50&#8243; gutter_size=&#8220;0&#8243; shift_y=&#8220;0&#8243; z_index=&#8220;0&#8243; el_class=&#8220;custom-slide&#8220; limit_content=&#8220;&#8220; front_end_with_slider=&#8220;true&#8220;][vc_column_inner column_width_percent=&#8220;100&#8243; gutter_size=&#8220;3&#8243; override_padding=&#8220;yes&#8220; column_padding=&#8220;1&#8243; overlay_alpha=&#8220;50&#8243; shift_x=&#8220;0&#8243; shift_y=&#8220;0&#8243; shift_y_down=&#8220;0&#8243; z_index=&#8220;0&#8243; medium_width=&#8220;0&#8243; mobile_width=&#8220;0&#8243; radius=&#8220;sm&#8220; width=&#8220;1\/1&#8243; el_class=&#8220;custom-column&#8220;][vc_single_image media=&#8220;84001&#8243; media_width_percent=&#8220;100&#8243; alignment=&#8220;center&#8220; shape=&#8220;img-round&#8220; media_link=&#8220;|||&#8220; el_class=&#8220;custom-product-img&#8220;][vc_raw_html]JTNDZGl2JTIwY2xhc3MlM0QlMjJjdXN0b20tY29udGVudCUyMiUzRSUwQSUzQ2RpdiUyMGNsYXNzJTNEJTIyY3VzdG9tLXRleHQlMjIlM0VWZSVDNCVCRWtvcyVDNSVBNSUyMHAlQzMlQTFzYSUzQSUzQyUyRmRpdiUzRSUwQSUzQ2RpdiUyMGNsYXNzJTNEJTIyY3VzdG9tLWljb24lMjIlM0VMJTIwJTI4MTAwLTE0NSUyMGNtJTI5JTNDJTJGZGl2JTNFJTBBJTNDJTJGZGl2JTNF[\/vc_raw_html][vc_raw_html]JTNDZGl2JTIwY2xhc3MlM0QlMjJjdXN0b20tY29udGVudCUyMiUzRSUwQSUzQ2RpdiUyMGNsYXNzJTNEJTIyY3VzdG9tLXRleHQlMjIlM0VOYXNpYWthdm9zJUM1JUE1JTNBJTNDJTJGZGl2JTNFJTBBJTNDZGl2JTIwY2xhc3MlM0QlMjJjdXN0b20taWNvbiUyMiUzRSUwQSUzQ2ltZyUyMHNyYyUzRCUyMiUyRndwLWNvbnRlbnQlMkZ1cGxvYWRzJTJGMjAyMCUyRjExJTJGaWQtb250ZXhfNi1kcm9wcy5wbmclMjIlMjBhbHQlM0QlMjJhYnNvcmJlY3klMjBpY29uJTIyJTJGJTNFJTNDJTJGZGl2JTNFJTBBJTNDJTJGZGl2JTNF[\/vc_raw_html][\/vc_column_inner][\/vc_row_inner][\/uncode_slider][\/vc_column][vc_column width=&#8220;1\/4&#8243;][\/vc_column][\/vc_row][vc_row][vc_column column_width_percent=&#8220;100&#8243; position_vertical=&#8220;middle&#8220; gutter_size=&#8220;3&#8243; overlay_alpha=&#8220;50&#8243; shift_x=&#8220;0&#8243; shift_y=&#8220;0&#8243; shift_y_down=&#8220;0&#8243; z_index=&#8220;0&#8243; medium_width=&#8220;0&#8243; mobile_width=&#8220;0&#8243; width=&#8220;1\/1&#8243;][vc_tabs][vc_tab title=&#8220;V\u00fdhody&#8220; tab_id=&#8220;1605715105-1-5516061700089071606296464831&#8243;][vc_row_inner limit_content=&#8220;&#8220;][vc_column_inner width=&#8220;1\/4&#8243;][\/vc_column_inner][vc_column_inner width=&#8220;1\/2&#8243;][vc_icon position=&#8220;left&#8220; title_aligned_icon=&#8220;yes&#8220; icon_image=&#8220;83796&#8243; icon_color=&#8220;accent&#8220; media_size=&#8220;100&#8243; text_size=&#8220;h4&#8243; add_margin=&#8220;yes&#8220; title=&#8220;Kontrola z\u00e1pachu&#8220; link=&#8220;|||&#8220;]Syst\u00e9m regul\u00e1cie z\u00e1pachu, ktor\u00fd sa nach\u00e1dza v absorp\u010dnom jadre, zabra\u0148uje tvorbe amoniaku a t\u00fdm aj tvorbe nepr\u00edjemn\u00e9ho z\u00e1pachu.[\/vc_icon][vc_icon position=&#8220;left&#8220; title_aligned_icon=&#8220;yes&#8220; icon_image=&#8220;85042&#8243; icon_color=&#8220;accent&#8220; media_size=&#8220;100&#8243; text_size=&#8220;h4&#8243; add_margin=&#8220;yes&#8220; title=&#8220;R\u00fdchle vstreb\u00e1vanie&#8220; link=&#8220;|||&#8220;]Maxim\u00e1lne zadr\u017eiavanie tekut\u00edn v kr\u00e1tkom \u010dase, ktor\u00e9 poskytuje jedine\u010dn\u00fd pocit sucha.[\/vc_icon][vc_icon position=&#8220;left&#8220; title_aligned_icon=&#8220;yes&#8220; icon_image=&#8220;83556&#8243; icon_color=&#8220;accent&#8220; media_size=&#8220;100&#8243; text_size=&#8220;h4&#8243; add_margin=&#8220;yes&#8220; title=&#8220;Dokonal\u00e9 prisp\u00f4sobenie sa&#8220; link=&#8220;|||&#8220;]Elastick\u00e9 z\u00f3ny na\u0161ich v\u00fdrobkov zabezpe\u010dia anatomick\u00e9 prisp\u00f4sobenie sa telu pre maxim\u00e1lne pohodlie a diskr\u00e9tnos\u0165.[\/vc_icon][vc_icon position=&#8220;left&#8220; title_aligned_icon=&#8220;yes&#8220; icon_image=&#8220;83559&#8243; icon_color=&#8220;accent&#8220; media_size=&#8220;100&#8243; text_size=&#8220;h4&#8243; add_margin=&#8220;yes&#8220; title=&#8220;Pocit bavlny&#8220; link=&#8220;|||&#8220;]Hebk\u00fd textiln\u00fd povrch zadnej strany poskytuje maxim\u00e1lne pohodlie a diskr\u00e9tnos\u0165[\/vc_icon][vc_icon position=&#8220;left&#8220; title_aligned_icon=&#8220;yes&#8220; icon_image=&#8220;85038&#8243; icon_color=&#8220;accent&#8220; media_size=&#8220;100&#8243; text_size=&#8220;h4&#8243; add_margin=&#8220;yes&#8220; title=&#8220;Ochrana pred prete\u010den\u00edm&#8220; link=&#8220;|||&#8220;]Integrovan\u00e9 man\u017eety proti \u00faniku vyroben\u00e9 z vodeodoln\u00e9ho materi\u00e1lu pom\u00e1haj\u00fa predch\u00e1dza\u0165 bo\u010dn\u00fdm \u00fanikom, zachov\u00e1vaj\u00fa bezpe\u010dnos\u0165 a diskr\u00e9tnos\u0165.[\/vc_icon][vc_icon position=&#8220;left&#8220; title_aligned_icon=&#8220;yes&#8220; icon_image=&#8220;83557&#8243; icon_color=&#8220;accent&#8220; media_size=&#8220;100&#8243; text_size=&#8220;h4&#8243; add_margin=&#8220;yes&#8220; title=&#8220;Dermatologicky testovan\u00e9&#8220; link=&#8220;|||&#8220;]Produkty ID s\u00fa dermatologicky testovan\u00e9 a preuk\u00e1zate\u013ene chr\u00e1nia poko\u017eku pred podr\u00e1\u017eden\u00edm.[\/vc_icon][vc_icon position=&#8220;left&#8220; title_aligned_icon=&#8220;yes&#8220; icon_image=&#8220;83558&#8243; icon_color=&#8220;accent&#8220; media_size=&#8220;100&#8243; text_size=&#8220;h4&#8243; add_margin=&#8220;yes&#8220; title=&#8220;\u017diadny latex&#8220; link=&#8220;|||&#8220;]Na\u0161e produkty neobsahuj\u00fa latex.[\/vc_icon][\/vc_column_inner][vc_column_inner width=&#8220;1\/4&#8243;][\/vc_column_inner][\/vc_row_inner][\/vc_tab][vc_tab title=&#8220;N\u00e1vod na pou\u017eitie&#8220; tab_id=&#8220;1606514112250-1-1&#8243;][vc_row_inner limit_content=&#8220;&#8220;][vc_column_inner width=&#8220;1\/4&#8243;][\/vc_column_inner][vc_column_inner column_width_percent=&#8220;100&#8243; position_vertical=&#8220;middle&#8220; gutter_size=&#8220;3&#8243; overlay_alpha=&#8220;50&#8243; shift_x=&#8220;0&#8243; shift_y=&#8220;0&#8243; shift_y_down=&#8220;0&#8243; z_index=&#8220;0&#8243; medium_width=&#8220;0&#8243; mobile_width=&#8220;0&#8243; width=&#8220;1\/2&#8243;][vc_icon position=&#8220;left&#8220; icon_image=&#8220;83642&#8243; media_size=&#8220;80&#8243;]Uistite sa, \u017ee indik\u00e1tor ve\u013ekosti je vzadu, oble\u010dte nohavi\u010dky a vytiahnite ich hore.[\/vc_icon][vc_icon position=&#8220;left&#8220; icon_image=&#8220;83645&#8243; media_size=&#8220;80&#8243;]Upravte pre pohodlie a bezpe\u010dnos\u0165.[\/vc_icon][vc_icon position=&#8220;left&#8220; icon_image=&#8220;83644&#8243; media_size=&#8220;80&#8243;]Nohavi\u010dky odstr\u00e1\u0148te bu\u010f ich stiahnut\u00edm smerom dole alebo roztrhnut\u00edm bo\u010dn\u00fdch \u0161vov.[\/vc_icon][vc_icon position=&#8220;left&#8220; icon_image=&#8220;83643&#8243; media_size=&#8220;80&#8243;]Po odstr\u00e1nen\u00ed nohavi\u010diek ich jednoducho zrolujte a opatrne zlikvidujte.[\/vc_icon][\/vc_column_inner][vc_column_inner width=&#8220;1\/4&#8243;][\/vc_column_inner][\/vc_row_inner][\/vc_tab][\/vc_tabs][\/vc_column][\/vc_row]<\/p>\n<\/div>","protected":false},"excerpt":{"rendered":"<p>M\u00e1te \u0165a\u017ekosti d\u00f4js\u0165 na toaletu v\u010das? Stretli ste sa v noci s nepr\u00edjemn\u00fdmi nehodami?  iD Pants s\u00fa unisex produkty navrhnut\u00e9 tak, aby poskytovali maxim\u00e1lny \u00fa\u010dinok.<\/p>\n","protected":false},"author":3,"featured_media":0,"parent":0,"menu_order":0,"comment_status":"closed","ping_status":"closed","template":"","meta":{"footnotes":""},"class_list":["post-84565","page","type-page","status-publish","hentry"],"yoast_head":"<!-- This site is optimized with the Yoast SEO Premium plugin v20.9 (Yoast SEO v27.3) - https:\/\/yoast.com\/product\/yoast-seo-premium-wordpress\/ -->\n<title>iD Pants &#183; iD Ontex<\/title>\n<meta name=\"description\" content=\"M\u00e1te \u0165a\u017ekosti d\u00f4js\u0165 na toaletu v\u010das? Stretli ste sa v noci s nepr\u00edjemn\u00fdmi nehodami? iD Pants s\u00fa unisex produkty navrhnut\u00e9 tak, aby poskytovali maxim\u00e1lny \u00fa\u010dinok.\" \/>\n<meta name=\"robots\" content=\"index, follow, max-snippet:-1, max-image-preview:large, max-video-preview:-1\" \/>\n<link rel=\"canonical\" href=\"https:\/\/id-ontex.com\/sk\/id-pants\/\" \/>\n<meta property=\"og:locale\" content=\"sk_SK\" \/>\n<meta property=\"og:type\" content=\"article\" \/>\n<meta property=\"og:title\" content=\"iD Pants\" \/>\n<meta property=\"og:description\" content=\"M\u00e1te \u0165a\u017ekosti d\u00f4js\u0165 na toaletu v\u010das? Stretli ste sa v noci s nepr\u00edjemn\u00fdmi nehodami? iD Pants s\u00fa unisex produkty navrhnut\u00e9 tak, aby poskytovali maxim\u00e1lny \u00fa\u010dinok.\" \/>\n<meta property=\"og:url\" content=\"https:\/\/id-ontex.com\/sk\/id-pants\/\" \/>\n<meta property=\"og:site_name\" content=\"iD Ontex\" \/>\n<meta property=\"article:modified_time\" content=\"2021-08-12T14:31:48+00:00\" \/>\n<meta property=\"og:image\" content=\"https:\/\/id-ontex.com\/wp-content\/uploads\/2020\/12\/id-preview.jpg\" \/>\n\t<meta property=\"og:image:width\" content=\"825\" \/>\n\t<meta property=\"og:image:height\" content=\"549\" \/>\n\t<meta property=\"og:image:type\" content=\"image\/jpeg\" \/>\n<meta name=\"twitter:card\" content=\"summary_large_image\" \/>\n<meta name=\"twitter:label1\" content=\"Predpokladan\u00fd \u010das \u010d\u00edtania\" \/>\n\t<meta name=\"twitter:data1\" content=\"5 min\u00fat\" \/>\n<script type=\"application\/ld+json\" class=\"yoast-schema-graph\">{\"@context\":\"https:\\\/\\\/schema.org\",\"@graph\":[{\"@type\":\"WebPage\",\"@id\":\"https:\\\/\\\/id-ontex.com\\\/sk\\\/id-pants\\\/\",\"url\":\"https:\\\/\\\/id-ontex.com\\\/sk\\\/id-pants\\\/\",\"name\":\"iD Pants &#183; iD Ontex\",\"isPartOf\":{\"@id\":\"https:\\\/\\\/id-ontex.com\\\/#website\"},\"datePublished\":\"2021-01-07T20:30:12+00:00\",\"dateModified\":\"2021-08-12T14:31:48+00:00\",\"description\":\"M\u00e1te \u0165a\u017ekosti d\u00f4js\u0165 na toaletu v\u010das? Stretli ste sa v noci s nepr\u00edjemn\u00fdmi nehodami? iD Pants s\u00fa unisex produkty navrhnut\u00e9 tak, aby poskytovali maxim\u00e1lny \u00fa\u010dinok.\",\"breadcrumb\":{\"@id\":\"https:\\\/\\\/id-ontex.com\\\/sk\\\/id-pants\\\/#breadcrumb\"},\"inLanguage\":\"sk-SK\",\"potentialAction\":[{\"@type\":\"ReadAction\",\"target\":[\"https:\\\/\\\/id-ontex.com\\\/sk\\\/id-pants\\\/\"]}]},{\"@type\":\"BreadcrumbList\",\"@id\":\"https:\\\/\\\/id-ontex.com\\\/sk\\\/id-pants\\\/#breadcrumb\",\"itemListElement\":[{\"@type\":\"ListItem\",\"position\":1,\"name\":\"\u00davod\",\"item\":\"https:\\\/\\\/id-ontex.com\\\/sk\\\/\"},{\"@type\":\"ListItem\",\"position\":2,\"name\":\"iD Pants\"}]},{\"@type\":\"WebSite\",\"@id\":\"https:\\\/\\\/id-ontex.com\\\/#website\",\"url\":\"https:\\\/\\\/id-ontex.com\\\/\",\"name\":\"iD Ontex\",\"description\":\"\",\"potentialAction\":[{\"@type\":\"SearchAction\",\"target\":{\"@type\":\"EntryPoint\",\"urlTemplate\":\"https:\\\/\\\/id-ontex.com\\\/?s={search_term_string}\"},\"query-input\":{\"@type\":\"PropertyValueSpecification\",\"valueRequired\":true,\"valueName\":\"search_term_string\"}}],\"inLanguage\":\"sk-SK\"}]}<\/script>\n<!-- \/ Yoast SEO Premium plugin. -->","yoast_head_json":{"title":"iD Pants &#183; iD Ontex","description":"M\u00e1te \u0165a\u017ekosti d\u00f4js\u0165 na toaletu v\u010das? Stretli ste sa v noci s nepr\u00edjemn\u00fdmi nehodami? iD Pants s\u00fa unisex produkty navrhnut\u00e9 tak, aby poskytovali maxim\u00e1lny \u00fa\u010dinok.","robots":{"index":"index","follow":"follow","max-snippet":"max-snippet:-1","max-image-preview":"max-image-preview:large","max-video-preview":"max-video-preview:-1"},"canonical":"https:\/\/id-ontex.com\/sk\/id-pants\/","og_locale":"sk_SK","og_type":"article","og_title":"iD Pants","og_description":"M\u00e1te \u0165a\u017ekosti d\u00f4js\u0165 na toaletu v\u010das? Stretli ste sa v noci s nepr\u00edjemn\u00fdmi nehodami? iD Pants s\u00fa unisex produkty navrhnut\u00e9 tak, aby poskytovali maxim\u00e1lny \u00fa\u010dinok.","og_url":"https:\/\/id-ontex.com\/sk\/id-pants\/","og_site_name":"iD Ontex","article_modified_time":"2021-08-12T14:31:48+00:00","og_image":[{"width":825,"height":549,"url":"https:\/\/id-ontex.com\/wp-content\/uploads\/2020\/12\/id-preview.jpg","type":"image\/jpeg"}],"twitter_card":"summary_large_image","twitter_misc":{"Predpokladan\u00fd \u010das \u010d\u00edtania":"5 min\u00fat"},"schema":{"@context":"https:\/\/schema.org","@graph":[{"@type":"WebPage","@id":"https:\/\/id-ontex.com\/sk\/id-pants\/","url":"https:\/\/id-ontex.com\/sk\/id-pants\/","name":"iD Pants &#183; iD Ontex","isPartOf":{"@id":"https:\/\/id-ontex.com\/#website"},"datePublished":"2021-01-07T20:30:12+00:00","dateModified":"2021-08-12T14:31:48+00:00","description":"M\u00e1te \u0165a\u017ekosti d\u00f4js\u0165 na toaletu v\u010das? Stretli ste sa v noci s nepr\u00edjemn\u00fdmi nehodami? iD Pants s\u00fa unisex produkty navrhnut\u00e9 tak, aby poskytovali maxim\u00e1lny \u00fa\u010dinok.","breadcrumb":{"@id":"https:\/\/id-ontex.com\/sk\/id-pants\/#breadcrumb"},"inLanguage":"sk-SK","potentialAction":[{"@type":"ReadAction","target":["https:\/\/id-ontex.com\/sk\/id-pants\/"]}]},{"@type":"BreadcrumbList","@id":"https:\/\/id-ontex.com\/sk\/id-pants\/#breadcrumb","itemListElement":[{"@type":"ListItem","position":1,"name":"\u00davod","item":"https:\/\/id-ontex.com\/sk\/"},{"@type":"ListItem","position":2,"name":"iD Pants"}]},{"@type":"WebSite","@id":"https:\/\/id-ontex.com\/#website","url":"https:\/\/id-ontex.com\/","name":"iD Ontex","description":"","potentialAction":[{"@type":"SearchAction","target":{"@type":"EntryPoint","urlTemplate":"https:\/\/id-ontex.com\/?s={search_term_string}"},"query-input":{"@type":"PropertyValueSpecification","valueRequired":true,"valueName":"search_term_string"}}],"inLanguage":"sk-SK"}]}},"_links":{"self":[{"href":"https:\/\/id-ontex.com\/sk\/wp-json\/wp\/v2\/pages\/84565","targetHints":{"allow":["GET"]}}],"collection":[{"href":"https:\/\/id-ontex.com\/sk\/wp-json\/wp\/v2\/pages"}],"about":[{"href":"https:\/\/id-ontex.com\/sk\/wp-json\/wp\/v2\/types\/page"}],"author":[{"embeddable":true,"href":"https:\/\/id-ontex.com\/sk\/wp-json\/wp\/v2\/users\/3"}],"replies":[{"embeddable":true,"href":"https:\/\/id-ontex.com\/sk\/wp-json\/wp\/v2\/comments?post=84565"}],"version-history":[{"count":0,"href":"https:\/\/id-ontex.com\/sk\/wp-json\/wp\/v2\/pages\/84565\/revisions"}],"wp:attachment":[{"href":"https:\/\/id-ontex.com\/sk\/wp-json\/wp\/v2\/media?parent=84565"}],"curies":[{"name":"wp","href":"https:\/\/api.w.org\/{rel}","templated":true}]}}