{"id":84544,"date":"2021-01-07T22:20:31","date_gmt":"2021-01-07T20:20:31","guid":{"rendered":"https:\/\/id-ontex.com\/?page_id=84544"},"modified":"2021-08-12T16:15:08","modified_gmt":"2021-08-12T14:15:08","slug":"id-light","status":"publish","type":"page","link":"https:\/\/id-ontex.com\/sk\/id-light\/","title":{"rendered":"iD Light"},"content":{"rendered":"<div class=\"wpb-content-wrapper\"><p>[vc_row unlock_row_content=&#8220;yes&#8220; row_height_percent=&#8220;0&#8243; overlay_alpha=&#8220;50&#8243; gutter_size=&#8220;3&#8243; column_width_percent=&#8220;100&#8243; shift_y=&#8220;0&#8243; z_index=&#8220;0&#8243;][vc_column column_width_percent=&#8220;100&#8243; position_horizontal=&#8220;left&#8220; gutter_size=&#8220;3&#8243; overlay_alpha=&#8220;50&#8243; shift_x=&#8220;0&#8243; shift_y=&#8220;0&#8243; shift_y_down=&#8220;0&#8243; z_index=&#8220;0&#8243; medium_width=&#8220;0&#8243; mobile_width=&#8220;0&#8243; width=&#8220;1\/4&#8243;][\/vc_column][vc_column width=&#8220;1\/2&#8243;][vc_custom_heading heading_semantic=&#8220;h1&#8243; text_size=&#8220;h1&#8243; text_color=&#8220;color-174856&#8243; separator=&#8220;under&#8220;]iD Light[\/vc_custom_heading][vc_column_text]Za\u017e\u00edvate ob\u010das slabos\u0165 mo\u010dov\u00e9ho mech\u00fara alebo nepr\u00edjemn\u00e9 pocity? Produkty iD Light s\u00fa flexibiln\u00e9, efekt\u00edvne, pohodln\u00e9 a diskr\u00e9tne.[\/vc_column_text][\/vc_column][vc_column width=&#8220;1\/4&#8243;][\/vc_column][\/vc_row][vc_row row_height_percent=&#8220;0&#8243; override_padding=&#8220;yes&#8220; h_padding=&#8220;0&#8243; top_padding=&#8220;2&#8243; bottom_padding=&#8220;2&#8243; overlay_alpha=&#8220;50&#8243; gutter_size=&#8220;3&#8243; column_width_percent=&#8220;100&#8243; shift_y=&#8220;0&#8243; z_index=&#8220;0&#8243; el_class=&#8220;custom-carousel&#8220; front_end_with_slider=&#8220;true&#8220;][vc_column width=&#8220;1\/1&#8243;][uncode_slider slider_interval=&#8220;0&#8243; slider_navspeed=&#8220;400&#8243; slider_loop=&#8220;yes&#8220; el_class=&#8220;custom-4&#8243;][vc_row_inner row_inner_height_percent=&#8220;0&#8243; force_width_grid=&#8220;yes&#8220; overlay_alpha=&#8220;50&#8243; gutter_size=&#8220;0&#8243; shift_y=&#8220;0&#8243; z_index=&#8220;0&#8243; el_class=&#8220;custom-slide&#8220; limit_content=&#8220;yes&#8220; front_end_with_slider=&#8220;true&#8220;][vc_column_inner column_width_percent=&#8220;100&#8243; gutter_size=&#8220;3&#8243; override_padding=&#8220;yes&#8220; column_padding=&#8220;1&#8243; overlay_alpha=&#8220;50&#8243; shift_x=&#8220;0&#8243; shift_y=&#8220;0&#8243; shift_y_down=&#8220;0&#8243; z_index=&#8220;0&#8243; medium_width=&#8220;0&#8243; mobile_width=&#8220;0&#8243; width=&#8220;1\/1&#8243; el_class=&#8220;custom-column&#8220;][vc_single_image media=&#8220;84049&#8243; media_width_percent=&#8220;100&#8243; alignment=&#8220;center&#8220; shape=&#8220;img-round&#8220; media_link=&#8220;|||&#8220; el_class=&#8220;custom-product-img&#8220;][vc_raw_html]JTNDZGl2JTIwY2xhc3MlM0QlMjJjdXN0b20tY29udGVudCUyMiUzRSUwQSUzQ2RpdiUyMGNsYXNzJTNEJTIyY3VzdG9tLXRleHQlMjIlM0VWZSVDNCVCRWtvcyVDNSVBNSUzQSUzQyUyRmRpdiUzRSUwQSUzQ2RpdiUyMGNsYXNzJTNEJTIyY3VzdG9tLWljb24lMjIlM0VVbHRyYSUyMG1pbmklM0MlMkZkaXYlM0UlMEElM0MlMkZkaXYlM0U=[\/vc_raw_html][vc_raw_html]JTNDZGl2JTIwY2xhc3MlM0QlMjJjdXN0b20tY29udGVudCUyMiUzRSUwQSUzQ2RpdiUyMGNsYXNzJTNEJTIyY3VzdG9tLXRleHQlMjIlM0VOYXNpYWthdm9zJUM1JUE1JTNBJTNDJTJGZGl2JTNFJTBBJTNDZGl2JTIwY2xhc3MlM0QlMjJjdXN0b20taWNvbiUyMiUzRSUwQSUzQ2ltZyUyMHNyYyUzRCUyMiUyRndwLWNvbnRlbnQlMkZ1cGxvYWRzJTJGMjAyMCUyRjExJTJGaWQtb250ZXhfMS1kcm9wLnBuZyUyMiUyMGFsdCUzRCUyMmFic29yYmVjeSUyMGljb24lMjIlMkYlM0UlM0MlMkZkaXYlM0UlMEElM0MlMkZkaXYlM0U=[\/vc_raw_html][\/vc_column_inner][\/vc_row_inner][vc_row_inner row_inner_height_percent=&#8220;0&#8243; force_width_grid=&#8220;yes&#8220; overlay_alpha=&#8220;50&#8243; gutter_size=&#8220;0&#8243; shift_y=&#8220;0&#8243; z_index=&#8220;0&#8243; el_class=&#8220;custom-slide&#8220; limit_content=&#8220;yes&#8220; front_end_with_slider=&#8220;true&#8220;][vc_column_inner column_width_percent=&#8220;100&#8243; gutter_size=&#8220;3&#8243; override_padding=&#8220;yes&#8220; column_padding=&#8220;1&#8243; overlay_alpha=&#8220;50&#8243; shift_x=&#8220;0&#8243; shift_y=&#8220;0&#8243; shift_y_down=&#8220;0&#8243; z_index=&#8220;0&#8243; medium_width=&#8220;0&#8243; mobile_width=&#8220;0&#8243; width=&#8220;1\/1&#8243; el_class=&#8220;custom-column&#8220;][vc_single_image media=&#8220;83872&#8243; media_width_percent=&#8220;100&#8243; alignment=&#8220;center&#8220; shape=&#8220;img-round&#8220; media_link=&#8220;|||&#8220; el_class=&#8220;custom-product-img&#8220;][vc_raw_html]JTNDZGl2JTIwY2xhc3MlM0QlMjJjdXN0b20tY29udGVudCUyMiUzRSUwQSUzQ2RpdiUyMGNsYXNzJTNEJTIyY3VzdG9tLXRleHQlMjIlM0VWZSVDNCVCRWtvcyVDNSVBNSUzQSUzQyUyRmRpdiUzRSUwQSUzQ2RpdiUyMGNsYXNzJTNEJTIyY3VzdG9tLWljb24lMjIlM0VNaW5pJTNDJTJGZGl2JTNFJTBBJTNDJTJGZGl2JTNF[\/vc_raw_html][vc_raw_html]JTNDZGl2JTIwY2xhc3MlM0QlMjJjdXN0b20tY29udGVudCUyMiUzRSUwQSUzQ2RpdiUyMGNsYXNzJTNEJTIyY3VzdG9tLXRleHQlMjIlM0VOYXNpYWthdm9zJUM1JUE1JTNBJTNDJTJGZGl2JTNFJTBBJTNDZGl2JTIwY2xhc3MlM0QlMjJjdXN0b20taWNvbiUyMiUzRSUwQSUzQ2ltZyUyMHNyYyUzRCUyMiUyRndwLWNvbnRlbnQlMkZ1cGxvYWRzJTJGMjAyMCUyRjExJTJGaWQtb250ZXhfMi1kcm9wcy5wbmclMjIlMjBhbHQlM0QlMjJhYnNvcmJlY3klMjBpY29uJTIyJTJGJTNFJTNDJTJGZGl2JTNFJTBBJTNDJTJGZGl2JTNF[\/vc_raw_html][\/vc_column_inner][\/vc_row_inner][vc_row_inner row_inner_height_percent=&#8220;0&#8243; force_width_grid=&#8220;yes&#8220; overlay_alpha=&#8220;50&#8243; gutter_size=&#8220;0&#8243; shift_y=&#8220;0&#8243; z_index=&#8220;0&#8243; el_class=&#8220;custom-slide&#8220; limit_content=&#8220;yes&#8220; front_end_with_slider=&#8220;true&#8220;][vc_column_inner column_width_percent=&#8220;100&#8243; gutter_size=&#8220;3&#8243; override_padding=&#8220;yes&#8220; column_padding=&#8220;1&#8243; overlay_alpha=&#8220;50&#8243; shift_x=&#8220;0&#8243; shift_y=&#8220;0&#8243; shift_y_down=&#8220;0&#8243; z_index=&#8220;0&#8243; medium_width=&#8220;0&#8243; mobile_width=&#8220;0&#8243; width=&#8220;1\/1&#8243; el_class=&#8220;custom-column&#8220;][vc_single_image media=&#8220;83868&#8243; media_width_percent=&#8220;100&#8243; alignment=&#8220;center&#8220; shape=&#8220;img-round&#8220; media_link=&#8220;|||&#8220; el_class=&#8220;custom-product-img&#8220;][vc_raw_html]JTNDZGl2JTIwY2xhc3MlM0QlMjJjdXN0b20tY29udGVudCUyMiUzRSUwQSUzQ2RpdiUyMGNsYXNzJTNEJTIyY3VzdG9tLXRleHQlMjIlM0VWZSVDNCVCRWtvcyVDNSVBNSUzQSUzQyUyRmRpdiUzRSUwQSUzQ2RpdiUyMGNsYXNzJTNEJTIyY3VzdG9tLWljb24lMjIlM0VNaW5pJTIwcGx1cyUzQyUyRmRpdiUzRSUwQSUzQyUyRmRpdiUzRQ==[\/vc_raw_html][vc_raw_html]JTNDZGl2JTIwY2xhc3MlM0QlMjJjdXN0b20tY29udGVudCUyMiUzRSUwQSUzQ2RpdiUyMGNsYXNzJTNEJTIyY3VzdG9tLXRleHQlMjIlM0VOYXNpYWthdm9zJUM1JUE1JTNBJTNDJTJGZGl2JTNFJTBBJTNDZGl2JTIwY2xhc3MlM0QlMjJjdXN0b20taWNvbiUyMiUzRSUwQSUzQ2ltZyUyMHNyYyUzRCUyMiUyRndwLWNvbnRlbnQlMkZ1cGxvYWRzJTJGMjAyMCUyRjExJTJGaWQtb250ZXhfMjUtZHJvcHMucG5nJTIyJTIwYWx0JTNEJTIyYWJzb3JiZWN5JTIwaWNvbiUyMiUyRiUzRSUzQyUyRmRpdiUzRSUwQSUzQyUyRmRpdiUzRQ==[\/vc_raw_html][\/vc_column_inner][\/vc_row_inner][vc_row_inner row_inner_height_percent=&#8220;0&#8243; force_width_grid=&#8220;yes&#8220; overlay_alpha=&#8220;50&#8243; gutter_size=&#8220;0&#8243; shift_y=&#8220;0&#8243; z_index=&#8220;0&#8243; el_class=&#8220;custom-slide&#8220; limit_content=&#8220;yes&#8220; front_end_with_slider=&#8220;true&#8220;][vc_column_inner column_width_percent=&#8220;100&#8243; gutter_size=&#8220;3&#8243; override_padding=&#8220;yes&#8220; column_padding=&#8220;1&#8243; overlay_alpha=&#8220;50&#8243; shift_x=&#8220;0&#8243; shift_y=&#8220;0&#8243; shift_y_down=&#8220;0&#8243; z_index=&#8220;0&#8243; medium_width=&#8220;0&#8243; mobile_width=&#8220;0&#8243; width=&#8220;1\/1&#8243; el_class=&#8220;custom-column&#8220;][vc_single_image media=&#8220;83864&#8243; media_width_percent=&#8220;100&#8243; alignment=&#8220;center&#8220; shape=&#8220;img-round&#8220; media_link=&#8220;|||&#8220; el_class=&#8220;custom-product-img&#8220;][vc_raw_html]JTNDZGl2JTIwY2xhc3MlM0QlMjJjdXN0b20tY29udGVudCUyMiUzRSUwQSUzQ2RpdiUyMGNsYXNzJTNEJTIyY3VzdG9tLXRleHQlMjIlM0VWZSVDNCVCRWtvcyVDNSVBNSUzQSUzQyUyRmRpdiUzRSUwQSUzQ2RpdiUyMGNsYXNzJTNEJTIyY3VzdG9tLWljb24lMjIlM0VOb3JtYWwlM0MlMkZkaXYlM0UlMEElM0MlMkZkaXYlM0U=[\/vc_raw_html][vc_raw_html]JTNDZGl2JTIwY2xhc3MlM0QlMjJjdXN0b20tY29udGVudCUyMiUzRSUwQSUzQ2RpdiUyMGNsYXNzJTNEJTIyY3VzdG9tLXRleHQlMjIlM0VOYXNpYWthdm9zJUM1JUE1JTNBJTNDJTJGZGl2JTNFJTBBJTNDZGl2JTIwY2xhc3MlM0QlMjJjdXN0b20taWNvbiUyMiUzRSUwQSUzQ2ltZyUyMHNyYyUzRCUyMiUyRndwLWNvbnRlbnQlMkZ1cGxvYWRzJTJGMjAyMCUyRjExJTJGaWQtb250ZXhfMy1kcm9wcy5wbmclMjIlMjBhbHQlM0QlMjJhYnNvcmJlY3klMjBpY29uJTIyJTJGJTNFJTNDJTJGZGl2JTNFJTBBJTNDJTJGZGl2JTNF[\/vc_raw_html][\/vc_column_inner][\/vc_row_inner][vc_row_inner row_inner_height_percent=&#8220;0&#8243; force_width_grid=&#8220;yes&#8220; overlay_alpha=&#8220;50&#8243; gutter_size=&#8220;0&#8243; shift_y=&#8220;0&#8243; z_index=&#8220;0&#8243; el_class=&#8220;custom-slide&#8220; limit_content=&#8220;yes&#8220; front_end_with_slider=&#8220;true&#8220;][vc_column_inner column_width_percent=&#8220;100&#8243; gutter_size=&#8220;3&#8243; override_padding=&#8220;yes&#8220; column_padding=&#8220;1&#8243; overlay_alpha=&#8220;50&#8243; shift_x=&#8220;0&#8243; shift_y=&#8220;0&#8243; shift_y_down=&#8220;0&#8243; z_index=&#8220;0&#8243; medium_width=&#8220;0&#8243; mobile_width=&#8220;0&#8243; width=&#8220;1\/1&#8243; el_class=&#8220;custom-column&#8220;][vc_single_image media=&#8220;83851&#8243; media_width_percent=&#8220;100&#8243; alignment=&#8220;center&#8220; shape=&#8220;img-round&#8220; media_link=&#8220;|||&#8220; el_class=&#8220;custom-product-img&#8220;][vc_raw_html]JTNDZGl2JTIwY2xhc3MlM0QlMjJjdXN0b20tY29udGVudCUyMiUzRSUwQSUzQ2RpdiUyMGNsYXNzJTNEJTIyY3VzdG9tLXRleHQlMjIlM0VWZSVDNCVCRWtvcyVDNSVBNSUzQSUzQyUyRmRpdiUzRSUwQSUzQ2RpdiUyMGNsYXNzJTNEJTIyY3VzdG9tLWljb24lMjIlM0VFeHRyYSUzQyUyRmRpdiUzRSUwQSUzQyUyRmRpdiUzRQ==[\/vc_raw_html][vc_raw_html]JTNDZGl2JTIwY2xhc3MlM0QlMjJjdXN0b20tY29udGVudCUyMiUzRSUwQSUzQ2RpdiUyMGNsYXNzJTNEJTIyY3VzdG9tLXRleHQlMjIlM0VOYXNpYWthdm9zJUM1JUE1JTNBJTNDJTJGZGl2JTNFJTBBJTNDZGl2JTIwY2xhc3MlM0QlMjJjdXN0b20taWNvbiUyMiUzRSUwQSUzQ2ltZyUyMHNyYyUzRCUyMiUyRndwLWNvbnRlbnQlMkZ1cGxvYWRzJTJGMjAyMCUyRjExJTJGaWQtb250ZXhfNC1kcm9wcy5wbmclMjIlMjBhbHQlM0QlMjJhYnNvcmJlY3klMjBpY29uJTIyJTJGJTNFJTNDJTJGZGl2JTNFJTBBJTNDJTJGZGl2JTNF[\/vc_raw_html][\/vc_column_inner][\/vc_row_inner][vc_row_inner row_inner_height_percent=&#8220;0&#8243; force_width_grid=&#8220;yes&#8220; overlay_alpha=&#8220;50&#8243; gutter_size=&#8220;0&#8243; shift_y=&#8220;0&#8243; z_index=&#8220;0&#8243; el_class=&#8220;custom-slide&#8220; limit_content=&#8220;yes&#8220; front_end_with_slider=&#8220;true&#8220;][vc_column_inner column_width_percent=&#8220;100&#8243; gutter_size=&#8220;3&#8243; override_padding=&#8220;yes&#8220; column_padding=&#8220;1&#8243; overlay_alpha=&#8220;50&#8243; shift_x=&#8220;0&#8243; shift_y=&#8220;0&#8243; shift_y_down=&#8220;0&#8243; z_index=&#8220;0&#8243; medium_width=&#8220;0&#8243; mobile_width=&#8220;0&#8243; width=&#8220;1\/1&#8243; el_class=&#8220;custom-column&#8220;][vc_single_image media=&#8220;83857&#8243; media_width_percent=&#8220;100&#8243; alignment=&#8220;center&#8220; shape=&#8220;img-round&#8220; media_link=&#8220;|||&#8220; el_class=&#8220;custom-product-img&#8220;][vc_raw_html]JTNDZGl2JTIwY2xhc3MlM0QlMjJjdXN0b20tY29udGVudCUyMiUzRSUwQSUzQ2RpdiUyMGNsYXNzJTNEJTIyY3VzdG9tLXRleHQlMjIlM0VWZSVDNCVCRWtvcyVDNSVBNSUzQSUzQyUyRmRpdiUzRSUwQSUzQ2RpdiUyMGNsYXNzJTNEJTIyY3VzdG9tLWljb24lMjIlM0VNYXhpJTNDJTJGZGl2JTNFJTBBJTNDJTJGZGl2JTNF[\/vc_raw_html][vc_raw_html]JTNDZGl2JTIwY2xhc3MlM0QlMjJjdXN0b20tY29udGVudCUyMiUzRSUwQSUzQ2RpdiUyMGNsYXNzJTNEJTIyY3VzdG9tLXRleHQlMjIlM0VOYXNpYWthdm9zJUM1JUE1JTNBJTNDJTJGZGl2JTNFJTBBJTNDZGl2JTIwY2xhc3MlM0QlMjJjdXN0b20taWNvbiUyMiUzRSUwQSUzQ2ltZyUyMHNyYyUzRCUyMiUyRndwLWNvbnRlbnQlMkZ1cGxvYWRzJTJGMjAyMCUyRjExJTJGaWQtb250ZXhfNTUtZHJvcHMucG5nJTIyJTIwYWx0JTNEJTIyYWJzb3JiZWN5JTIwaWNvbiUyMiUyRiUzRSUzQyUyRmRpdiUzRSUwQSUzQyUyRmRpdiUzRQ==[\/vc_raw_html][\/vc_column_inner][\/vc_row_inner][vc_row_inner row_inner_height_percent=&#8220;0&#8243; force_width_grid=&#8220;yes&#8220; overlay_alpha=&#8220;50&#8243; gutter_size=&#8220;0&#8243; shift_y=&#8220;0&#8243; z_index=&#8220;0&#8243; el_class=&#8220;custom-slide&#8220; limit_content=&#8220;yes&#8220; front_end_with_slider=&#8220;true&#8220;][vc_column_inner column_width_percent=&#8220;100&#8243; gutter_size=&#8220;3&#8243; override_padding=&#8220;yes&#8220; column_padding=&#8220;1&#8243; overlay_alpha=&#8220;50&#8243; shift_x=&#8220;0&#8243; shift_y=&#8220;0&#8243; shift_y_down=&#8220;0&#8243; z_index=&#8220;0&#8243; medium_width=&#8220;0&#8243; mobile_width=&#8220;0&#8243; width=&#8220;1\/1&#8243; el_class=&#8220;custom-column&#8220;][vc_single_image media=&#8220;83862&#8243; media_width_percent=&#8220;100&#8243; alignment=&#8220;center&#8220; shape=&#8220;img-round&#8220; media_link=&#8220;|||&#8220; el_class=&#8220;custom-product-img&#8220;][vc_raw_html]JTNDZGl2JTIwY2xhc3MlM0QlMjJjdXN0b20tY29udGVudCUyMiUzRSUwQSUzQ2RpdiUyMGNsYXNzJTNEJTIyY3VzdG9tLXRleHQlMjIlM0VWZSVDNCVCRWtvcyVDNSVBNSUzQSUzQyUyRmRpdiUzRSUwQSUzQ2RpdiUyMGNsYXNzJTNEJTIyY3VzdG9tLWljb24lMjIlM0VTdXBlciUzQyUyRmRpdiUzRSUwQSUzQyUyRmRpdiUzRQ==[\/vc_raw_html][vc_raw_html]JTNDZGl2JTIwY2xhc3MlM0QlMjJjdXN0b20tY29udGVudCUyMiUzRSUwQSUzQ2RpdiUyMGNsYXNzJTNEJTIyY3VzdG9tLXRleHQlMjIlM0VOYXNpYWthdm9zJUM1JUE1JTNBJTNDJTJGZGl2JTNFJTBBJTNDZGl2JTIwY2xhc3MlM0QlMjJjdXN0b20taWNvbiUyMiUzRSUwQSUzQ2ltZyUyMHNyYyUzRCUyMiUyRndwLWNvbnRlbnQlMkZ1cGxvYWRzJTJGMjAyMCUyRjExJTJGaWQtb250ZXhfNy1kcm9wcy5wbmclMjIlMjBhbHQlM0QlMjJhYnNvcmJlY3klMjBpY29uJTIyJTJGJTNFJTNDJTJGZGl2JTNFJTBBJTNDJTJGZGl2JTNF[\/vc_raw_html][\/vc_column_inner][\/vc_row_inner][\/uncode_slider][\/vc_column][\/vc_row][vc_row][vc_column width=&#8220;1\/1&#8243;][vc_tabs][vc_tab title=&#8220;V\u00fdhody&#8220; tab_id=&#8220;1605715105-1-551606313635722&#8243;][vc_row_inner limit_content=&#8220;&#8220;][vc_column_inner width=&#8220;1\/4&#8243;][\/vc_column_inner][vc_column_inner width=&#8220;1\/2&#8243;][vc_icon position=&#8220;left&#8220; title_aligned_icon=&#8220;yes&#8220; icon_image=&#8220;84983&#8243; icon_color=&#8220;accent&#8220; media_size=&#8220;100&#8243; text_size=&#8220;h4&#8243; add_margin=&#8220;yes&#8220; title=&#8220;Kontrola z\u00e1pachu&#8220; link=&#8220;|||&#8220;]Syst\u00e9m regul\u00e1cie pachu pr\u00edtomn\u00fd vo v\u00fdrobku zabra\u0148uje tvorbe amoniaku a nepr\u00edjemn\u00e9ho z\u00e1pachu.[\/vc_icon][vc_icon position=&#8220;left&#8220; title_aligned_icon=&#8220;yes&#8220; icon_image=&#8220;84988&#8243; icon_color=&#8220;accent&#8220; media_size=&#8220;100&#8243; text_size=&#8220;h4&#8243; add_margin=&#8220;yes&#8220; title=&#8220;Riedidlo a\u017e o 30%&#8220; link=&#8220;|||&#8220;]M\u00e4kk\u00fd, tenk\u00fd a pru\u017en\u00fd dizajn, ktor\u00fd sa nen\u00e1padne vojde pod va\u0161e oble\u010denie.[\/vc_icon][vc_icon position=&#8220;left&#8220; title_aligned_icon=&#8220;yes&#8220; icon_image=&#8220;84992&#8243; icon_color=&#8220;accent&#8220; media_size=&#8220;100&#8243; text_size=&#8220;h4&#8243; add_margin=&#8220;yes&#8220; title=&#8220;Dlh\u0161\u00ed absorbent&#8220; link=&#8220;|||&#8220;]Horn\u00e1 vrstva produktu podporuje r\u00fdchly prechod mo\u010du do viacvrstvov\u00e9ho absorp\u010dn\u00e9ho jadra obsahuj\u00faceho SAP (superabsorp\u010dn\u00e9 polym\u00e9ry).[\/vc_icon][vc_icon position=&#8220;left&#8220; title_aligned_icon=&#8220;yes&#8220; icon_image=&#8220;83552&#8243; icon_color=&#8220;accent&#8220; media_size=&#8220;100&#8243; text_size=&#8220;h4&#8243; add_margin=&#8220;yes&#8220; title=&#8220;Bavlna Feel&#8220; link=&#8220;|||&#8220;]M\u00e4kk\u00e1 textiln\u00e1 spodn\u00e1 strana poskytuje maxim\u00e1lne pohodlie a diskr\u00e9tnos\u0165.[\/vc_icon][vc_icon position=&#8220;left&#8220; title_aligned_icon=&#8220;yes&#8220; icon_image=&#8220;83555&#8243; icon_color=&#8220;accent&#8220; media_size=&#8220;100&#8243; text_size=&#8220;h4&#8243; add_margin=&#8220;yes&#8220; title=&#8220;Dvojit\u00e1 bari\u00e9ra proti \u00faniku&#8220; link=&#8220;|||&#8220;]Dvojit\u00e1 bari\u00e9ra proti \u00faniku \u0161peci\u00e1lne navrhnut\u00e1 tak, aby v\u00e1m poskytla dvojn\u00e1sobn\u00fa ochranu pred ak\u00fdmko\u013evek \u00fanikom.[\/vc_icon][vc_icon position=&#8220;left&#8220; title_aligned_icon=&#8220;yes&#8220; icon_image=&#8220;83553&#8243; icon_color=&#8220;accent&#8220; media_size=&#8220;100&#8243; text_size=&#8220;h4&#8243; add_margin=&#8220;yes&#8220; title=&#8220;Individu\u00e1lne zabalen\u00e9&#8220; link=&#8220;|||&#8220;]Individu\u00e1lne zabalen\u00e9 pre va\u0161e pohodlie.[\/vc_icon][vc_icon position=&#8220;left&#8220; title_aligned_icon=&#8220;yes&#8220; icon_image=&#8220;83554&#8243; icon_color=&#8220;accent&#8220; media_size=&#8220;100&#8243; text_size=&#8220;h4&#8243; add_margin=&#8220;yes&#8220; title=&#8220;Dermatologicky testovan\u00e9&#8220; link=&#8220;|||&#8220;]V\u00fdrobky iD s\u00fa dermatologicky testovan\u00e9 a je dok\u00e1zan\u00e9, \u017ee nesp\u00f4sobuj\u00fa podr\u00e1\u017edenie poko\u017eky.[\/vc_icon][\/vc_column_inner][vc_column_inner width=&#8220;1\/4&#8243;][\/vc_column_inner][\/vc_row_inner][\/vc_tab][vc_tab title=&#8220;N\u00e1vod na pou\u017eitie&#8220; tab_id=&#8220;1605715105-2-871606313635722&#8243;][vc_row_inner limit_content=&#8220;&#8220;][vc_column_inner width=&#8220;1\/4&#8243;][\/vc_column_inner][vc_column_inner width=&#8220;1\/2&#8243;][vc_icon position=&#8220;left&#8220; icon_image=&#8220;83641&#8243; media_size=&#8220;80&#8243;]Jemne roztvorte vlo\u017eku, vyrovnajte, potom ju pozd\u013a\u017ene rozlo\u017ete, \u010d\u00edm sa v strede vlo\u017eky vytvor\u00ed ak\u00e1si ochr\u00e1nen\u00e1 oblas\u0165. Odstr\u00e1\u0148te papier z lepiacej p\u00e1sky.[\/vc_icon][vc_icon position=&#8220;left&#8220; icon_image=&#8220;83640&#8243; media_size=&#8220;80&#8243;]Prilepte vlo\u017eku na nohavi\u010dky do oblasti rozkroku, pri\u010dom ju opatrne umiestnite tak, aby ka\u017ed\u00fd mo\u017en\u00fd \u00fanik mo\u010du smeroval do stredu vlo\u017eky.[\/vc_icon][vc_icon position=&#8220;left&#8220; icon_image=&#8220;83639&#8243; media_size=&#8220;80&#8243;]Vytiahnite nohavi\u010dky nahor a uistite sa, \u017ee novopou\u017eit\u00e1 vlo\u017eka ostane na svojom mieste a z\u00e1rove\u0148 dostato\u010dne priliehala k oblasti slab\u00edn.[\/vc_icon][\/vc_column_inner][vc_column_inner width=&#8220;1\/4&#8243;][\/vc_column_inner][\/vc_row_inner][\/vc_tab][\/vc_tabs][\/vc_column][\/vc_row]<\/p>\n<\/div>","protected":false},"excerpt":{"rendered":"<p>Za\u017e\u00edvate ob\u010das slabos\u0165 mo\u010dov\u00e9ho mech\u00fara alebo nepr\u00edjemn\u00e9 pocity? Produkty iD Light s\u00fa flexibiln\u00e9, efekt\u00edvne, pohodln\u00e9 a diskr\u00e9tne.<\/p>\n","protected":false},"author":3,"featured_media":0,"parent":0,"menu_order":0,"comment_status":"closed","ping_status":"closed","template":"","meta":{"footnotes":""},"class_list":["post-84544","page","type-page","status-publish","hentry"],"yoast_head":"<!-- This site is optimized with the Yoast SEO Premium plugin v20.9 (Yoast SEO v27.4) - https:\/\/yoast.com\/product\/yoast-seo-premium-wordpress\/ -->\n<title>iD Light &#183; iD Ontex<\/title>\n<meta name=\"description\" content=\"Za\u017e\u00edvate ob\u010das slabos\u0165 mo\u010dov\u00e9ho mech\u00fara alebo nepr\u00edjemn\u00e9 pocity? Produkty iD Light s\u00fa flexibiln\u00e9, efekt\u00edvne, pohodln\u00e9 a diskr\u00e9tne.\" \/>\n<meta name=\"robots\" content=\"index, follow, max-snippet:-1, max-image-preview:large, max-video-preview:-1\" \/>\n<link rel=\"canonical\" href=\"https:\/\/id-ontex.com\/sk\/id-light\/\" \/>\n<meta property=\"og:locale\" content=\"sk_SK\" \/>\n<meta property=\"og:type\" content=\"article\" \/>\n<meta property=\"og:title\" content=\"iD Light\" \/>\n<meta property=\"og:description\" content=\"Za\u017e\u00edvate ob\u010das slabos\u0165 mo\u010dov\u00e9ho mech\u00fara alebo nepr\u00edjemn\u00e9 pocity? Produkty iD Light s\u00fa flexibiln\u00e9, efekt\u00edvne, pohodln\u00e9 a diskr\u00e9tne.\" \/>\n<meta property=\"og:url\" content=\"https:\/\/id-ontex.com\/sk\/id-light\/\" \/>\n<meta property=\"og:site_name\" content=\"iD Ontex\" \/>\n<meta property=\"article:modified_time\" content=\"2021-08-12T14:15:08+00:00\" \/>\n<meta property=\"og:image\" content=\"https:\/\/id-ontex.com\/wp-content\/uploads\/2020\/12\/id-preview.jpg\" \/>\n\t<meta property=\"og:image:width\" content=\"825\" \/>\n\t<meta property=\"og:image:height\" content=\"549\" \/>\n\t<meta property=\"og:image:type\" content=\"image\/jpeg\" \/>\n<meta name=\"twitter:card\" content=\"summary_large_image\" \/>\n<meta name=\"twitter:label1\" content=\"Predpokladan\u00fd \u010das \u010d\u00edtania\" \/>\n\t<meta name=\"twitter:data1\" content=\"9 min\u00fat\" \/>\n<script type=\"application\/ld+json\" class=\"yoast-schema-graph\">{\"@context\":\"https:\\\/\\\/schema.org\",\"@graph\":[{\"@type\":\"WebPage\",\"@id\":\"https:\\\/\\\/id-ontex.com\\\/sk\\\/id-light\\\/\",\"url\":\"https:\\\/\\\/id-ontex.com\\\/sk\\\/id-light\\\/\",\"name\":\"iD Light &#183; iD Ontex\",\"isPartOf\":{\"@id\":\"https:\\\/\\\/id-ontex.com\\\/#website\"},\"datePublished\":\"2021-01-07T20:20:31+00:00\",\"dateModified\":\"2021-08-12T14:15:08+00:00\",\"description\":\"Za\u017e\u00edvate ob\u010das slabos\u0165 mo\u010dov\u00e9ho mech\u00fara alebo nepr\u00edjemn\u00e9 pocity? Produkty iD Light s\u00fa flexibiln\u00e9, efekt\u00edvne, pohodln\u00e9 a diskr\u00e9tne.\",\"breadcrumb\":{\"@id\":\"https:\\\/\\\/id-ontex.com\\\/sk\\\/id-light\\\/#breadcrumb\"},\"inLanguage\":\"sk-SK\",\"potentialAction\":[{\"@type\":\"ReadAction\",\"target\":[\"https:\\\/\\\/id-ontex.com\\\/sk\\\/id-light\\\/\"]}]},{\"@type\":\"BreadcrumbList\",\"@id\":\"https:\\\/\\\/id-ontex.com\\\/sk\\\/id-light\\\/#breadcrumb\",\"itemListElement\":[{\"@type\":\"ListItem\",\"position\":1,\"name\":\"\u00davod\",\"item\":\"https:\\\/\\\/id-ontex.com\\\/sk\\\/\"},{\"@type\":\"ListItem\",\"position\":2,\"name\":\"iD Light\"}]},{\"@type\":\"WebSite\",\"@id\":\"https:\\\/\\\/id-ontex.com\\\/#website\",\"url\":\"https:\\\/\\\/id-ontex.com\\\/\",\"name\":\"iD Ontex\",\"description\":\"\",\"potentialAction\":[{\"@type\":\"SearchAction\",\"target\":{\"@type\":\"EntryPoint\",\"urlTemplate\":\"https:\\\/\\\/id-ontex.com\\\/?s={search_term_string}\"},\"query-input\":{\"@type\":\"PropertyValueSpecification\",\"valueRequired\":true,\"valueName\":\"search_term_string\"}}],\"inLanguage\":\"sk-SK\"}]}<\/script>\n<!-- \/ Yoast SEO Premium plugin. -->","yoast_head_json":{"title":"iD Light &#183; iD Ontex","description":"Za\u017e\u00edvate ob\u010das slabos\u0165 mo\u010dov\u00e9ho mech\u00fara alebo nepr\u00edjemn\u00e9 pocity? Produkty iD Light s\u00fa flexibiln\u00e9, efekt\u00edvne, pohodln\u00e9 a diskr\u00e9tne.","robots":{"index":"index","follow":"follow","max-snippet":"max-snippet:-1","max-image-preview":"max-image-preview:large","max-video-preview":"max-video-preview:-1"},"canonical":"https:\/\/id-ontex.com\/sk\/id-light\/","og_locale":"sk_SK","og_type":"article","og_title":"iD Light","og_description":"Za\u017e\u00edvate ob\u010das slabos\u0165 mo\u010dov\u00e9ho mech\u00fara alebo nepr\u00edjemn\u00e9 pocity? Produkty iD Light s\u00fa flexibiln\u00e9, efekt\u00edvne, pohodln\u00e9 a diskr\u00e9tne.","og_url":"https:\/\/id-ontex.com\/sk\/id-light\/","og_site_name":"iD Ontex","article_modified_time":"2021-08-12T14:15:08+00:00","og_image":[{"width":825,"height":549,"url":"https:\/\/id-ontex.com\/wp-content\/uploads\/2020\/12\/id-preview.jpg","type":"image\/jpeg"}],"twitter_card":"summary_large_image","twitter_misc":{"Predpokladan\u00fd \u010das \u010d\u00edtania":"9 min\u00fat"},"schema":{"@context":"https:\/\/schema.org","@graph":[{"@type":"WebPage","@id":"https:\/\/id-ontex.com\/sk\/id-light\/","url":"https:\/\/id-ontex.com\/sk\/id-light\/","name":"iD Light &#183; iD Ontex","isPartOf":{"@id":"https:\/\/id-ontex.com\/#website"},"datePublished":"2021-01-07T20:20:31+00:00","dateModified":"2021-08-12T14:15:08+00:00","description":"Za\u017e\u00edvate ob\u010das slabos\u0165 mo\u010dov\u00e9ho mech\u00fara alebo nepr\u00edjemn\u00e9 pocity? Produkty iD Light s\u00fa flexibiln\u00e9, efekt\u00edvne, pohodln\u00e9 a diskr\u00e9tne.","breadcrumb":{"@id":"https:\/\/id-ontex.com\/sk\/id-light\/#breadcrumb"},"inLanguage":"sk-SK","potentialAction":[{"@type":"ReadAction","target":["https:\/\/id-ontex.com\/sk\/id-light\/"]}]},{"@type":"BreadcrumbList","@id":"https:\/\/id-ontex.com\/sk\/id-light\/#breadcrumb","itemListElement":[{"@type":"ListItem","position":1,"name":"\u00davod","item":"https:\/\/id-ontex.com\/sk\/"},{"@type":"ListItem","position":2,"name":"iD Light"}]},{"@type":"WebSite","@id":"https:\/\/id-ontex.com\/#website","url":"https:\/\/id-ontex.com\/","name":"iD Ontex","description":"","potentialAction":[{"@type":"SearchAction","target":{"@type":"EntryPoint","urlTemplate":"https:\/\/id-ontex.com\/?s={search_term_string}"},"query-input":{"@type":"PropertyValueSpecification","valueRequired":true,"valueName":"search_term_string"}}],"inLanguage":"sk-SK"}]}},"_links":{"self":[{"href":"https:\/\/id-ontex.com\/sk\/wp-json\/wp\/v2\/pages\/84544","targetHints":{"allow":["GET"]}}],"collection":[{"href":"https:\/\/id-ontex.com\/sk\/wp-json\/wp\/v2\/pages"}],"about":[{"href":"https:\/\/id-ontex.com\/sk\/wp-json\/wp\/v2\/types\/page"}],"author":[{"embeddable":true,"href":"https:\/\/id-ontex.com\/sk\/wp-json\/wp\/v2\/users\/3"}],"replies":[{"embeddable":true,"href":"https:\/\/id-ontex.com\/sk\/wp-json\/wp\/v2\/comments?post=84544"}],"version-history":[{"count":0,"href":"https:\/\/id-ontex.com\/sk\/wp-json\/wp\/v2\/pages\/84544\/revisions"}],"wp:attachment":[{"href":"https:\/\/id-ontex.com\/sk\/wp-json\/wp\/v2\/media?parent=84544"}],"curies":[{"name":"wp","href":"https:\/\/api.w.org\/{rel}","templated":true}]}}