{"id":84426,"date":"2021-01-07T15:32:45","date_gmt":"2021-01-07T13:32:45","guid":{"rendered":"https:\/\/id-ontex.com\/?page_id=84426"},"modified":"2021-05-17T13:40:14","modified_gmt":"2021-05-17T11:40:14","slug":"podmienky-pouzivania","status":"publish","type":"page","link":"https:\/\/id-ontex.com\/sk\/podmienky-pouzivania\/","title":{"rendered":"Podmienky pou\u017e\u00edvania"},"content":{"rendered":"<div class=\"wpb-content-wrapper\"><p>[vc_row][vc_column width=&#8220;1\/1&#8243;][vc_custom_heading]<\/p>\n<h1><span class=\"TextRun Highlight BCX0 SCXW126024319\" lang=\"SK\" xml:lang=\"SK\" data-contrast=\"none\"><span class=\"NormalTextRun BCX0 SCXW126024319\">Podmienky pou\u017e\u00edvania<\/span><\/span><\/h1>\n<p>[\/vc_custom_heading][vc_column_text]<strong>Obsah<\/strong><br \/>\n-\u202fPrijatie a zmena Podmienok pou\u017e\u00edvania<br \/>\n-\u202fPr\u00edstup na webov\u00fa str\u00e1nku \u2013 obsah webovej str\u00e1nky<br \/>\n-\u202fPou\u017e\u00edvanie webov\u00fdch str\u00e1nok<br \/>\n-\u202fN\u00e1kup produktov na webov\u00fdch str\u00e1nkach<br \/>\n-\u202fPr\u00e1va du\u0161evn\u00e9ho vlastn\u00edctva<br \/>\n-\u202fOdkazy na webov\u00e9 str\u00e1nky a slu\u017eby tret\u00edch str\u00e1n<br \/>\n-\u202fTrvanie a ukon\u010denie<br \/>\n-\u202fZodpovednos\u0165<br \/>\n-\u202fV\u0161eobecn\u00e9<br \/>\n-\u202fRozhodn\u00e9 pr\u00e1vo \u2013 Rie\u0161enie sporov<\/p>\n<p><strong>Prijatie a zmena Podmienok pou\u017e\u00edvania <\/strong><\/p>\n<p>Tieto Podmienky pou\u017e\u00edvania (\u201ePodmienky pou\u017e\u00edvania\u201c) stanovuj\u00fa pr\u00e1vny r\u00e1mec, ktor\u00fd upravuje pr\u00edstup a pou\u017e\u00edvanie webovej str\u00e1nky [id-ontex.com] (\u201ewebov\u00e1 str\u00e1nka\u201c), ktor\u00fa vlastn\u00ed a pou\u017e\u00edva spolo\u010dnos\u0165 Ontex BV, registrovan\u00e1 pod \u010d\u00edslom 0419.457.296 (Belgick\u00fd obchodn\u00fd register) so s\u00eddlom firmy na adrese Genthof 5 9255 Buggenhout,(\u201eOntex\u201c alebo \u201emy\u201c).<\/p>\n<p>Pr\u00edstup a pou\u017e\u00edvanie webovej str\u00e1nky je podmienen\u00e9 prijat\u00edm Podmienok pou\u017e\u00edvania, ktor\u00e9 s\u00fa platn\u00e9 v \u010dase, ke\u010f vst\u00fapite na webov\u00fa str\u00e1nku, a ktor\u00e9 m\u00f4\u017ee spolo\u010dnos\u0165 Ontex kedyko\u013evek upravi\u0165. V tomto oh\u013eade pr\u00edstupom na webov\u00e9 str\u00e1nky a ich pou\u017e\u00edvan\u00edm s\u00fahlas\u00edte s t\u00fdm, \u017ee ste automaticky viazan\u00ed Podmienkami pou\u017e\u00edvania, a teda aj ak\u00fdmiko\u013evek \u00fapravami, ktor\u00e9 boli platn\u00e9 v \u010dase v\u00e1\u0161ho pr\u00edstupu alebo pou\u017e\u00edvania webovej str\u00e1nky, a s\u00fahlas\u00edte s t\u00fdm, \u017ee tak\u00e9to prijatie podmienok m\u00e1 rovnak\u00fa pr\u00e1vnu hodnotu ako v\u00fdslovn\u00e9 p\u00edsomn\u00e9 prijatie. V pr\u00edpade, \u017ee nes\u00fahlas\u00edte s Podmienkami pou\u017e\u00edvania, nesmiete na web pristupova\u0165 ani ho pou\u017e\u00edva\u0165. Pred pou\u017eit\u00edm webovej str\u00e1nky si pozorne pre\u010d\u00edtajte Podmienky pou\u017e\u00edvania a Z\u00e1sady ochrany osobn\u00fdch \u00fadajov, ku ktor\u00fdm m\u00e1te pr\u00edstup <a href=\"\/sk\/zasady-ochrany-osobnych-udajov\/ \">tu<\/a>. Odpor\u00fa\u010dame v\u00e1m pre\u010d\u00edta\u0165 si Podmienky pou\u017e\u00edvania zaka\u017ed\u00fdm, ke\u010f vst\u00fapite na webov\u00fa str\u00e1nku.<\/p>\n<p><strong>Pr\u00edstup na webov\u00fa str\u00e1nku \u2013 obsah webovej str\u00e1nky <\/strong><\/p>\n<p>Pod podmienkou, \u017ee sa webov\u00e1 str\u00e1nka bude pou\u017e\u00edva\u0165 v \u00faplnom s\u00falade s Podmienkami pou\u017e\u00edvania, v\u00e1m ude\u013eujeme osobn\u00e9, nev\u00fdhradn\u00e9, neprenosn\u00e9 a odvolate\u013en\u00e9 pr\u00e1vo na pr\u00edstup a pou\u017e\u00edvanie obsahu webovej str\u00e1nky (\u201eobsah\u201c) iba na \u00fa\u010dely pou\u017eitia v s\u00falade s Podmienkami pou\u017e\u00edvania. V\u0161etky ostatn\u00e9 pr\u00e1va s\u00fa v\u00fdslovne vyl\u00fa\u010den\u00e9.<\/p>\n<p>Spolo\u010dnos\u0165 Ontex si vyhradzuje pr\u00e1vo prid\u00e1va\u0165, maza\u0165 alebo upravova\u0165 Obsah, (do\u010dasne alebo natrvalo) zablokova\u0165 pr\u00edstup na webov\u00e9 str\u00e1nky alebo ich deaktivova\u0165, a to kedyko\u013evek bez predch\u00e1dzaj\u00faceho upozornenia, za \u00fa\u010delom \u00fadr\u017eby a\/alebo vylep\u0161enia a\/alebo \u00fapravy webov\u00fdch str\u00e1nok.<\/p>\n<p>Beriete na vedomie, \u017ee webov\u00fa str\u00e1nku m\u00f4\u017eete pou\u017e\u00edva\u0165, iba ak je va\u0161e zariadenie pripojen\u00e9 k internetovej sieti. Poplatky za pripojenie alebo pr\u00edstup, ktor\u00e9 s\u00fa v\u00e1m \u00fa\u010dtovan\u00e9 v d\u00f4sledku pou\u017e\u00edvania webov\u00fdch str\u00e1nok, podliehaj\u00fa podmienkam dohodnut\u00fdm s va\u0161\u00edm poskytovate\u013eom pripojenia k internetu alebo oper\u00e1torom mobilnej siete. Beriete na vedomie rizik\u00e1 spojen\u00e9 s pou\u017e\u00edvan\u00edm internetu vr\u00e1tane, ale nie v\u00fdlu\u010dne, riz\u00edk t\u00fdkaj\u00facich sa nedostupnosti webov\u00fdch str\u00e1nok, ned\u00f4vernosti alebo straty integrity pren\u00e1\u0161an\u00fdch \u00fadajov, potenci\u00e1lnych v\u00edrusov\u00fdch \u00fatokov at\u010f. Spolo\u010dnos\u0165 Ontex rob\u00ed v\u0161etko pre to, aby zabr\u00e1nila v\u00edrusov\u00fdm \u00fatokom na webov\u00fa str\u00e1nku. Spolo\u010dnos\u0165 Ontex v\u0161ak nem\u00f4\u017ee zaru\u010di\u0165 \u00fapln\u00fa absenciu v\u00edrusov, ani za t\u00fato skuto\u010dnos\u0165 nenesie zodpovednos\u0165. Pred pou\u017eit\u00edm webov\u00fdch str\u00e1nok a\/alebo pred s\u0165ahovan\u00edm inform\u00e1ci\u00ed z webov\u00fdch str\u00e1nok v\u00e1m odpor\u00fa\u010dame prija\u0165 potrebn\u00e9 opatrenia.<\/p>\n<p>Registr\u00e1ciou na webovej str\u00e1nke sa zav\u00e4zujete, \u017ee nebudete svoje heslo, inform\u00e1cie o svojom \u00fa\u010dte a prihlasovacie \u00fadaje k webov\u00fdm str\u00e1nkam zdie\u013ea\u0165 s tret\u00edmi stranami. \u00da\u010det je osobn\u00fd a na jednu fyzick\u00fa osobu m\u00f4\u017ee by\u0165 veden\u00fd iba jeden \u00fa\u010det. Je va\u0161ou zodpovednos\u0165ou udr\u017eiava\u0165 svoje heslo a inform\u00e1cie o svojom \u00fa\u010dte v tajnosti. Ste zodpovedn\u00ed za v\u0161etky \u010dinnosti vykon\u00e1van\u00e9 na z\u00e1klade va\u0161ich prihlasovac\u00edch \u00fadajov, pou\u017e\u00edvania v\u00e1\u0161ho \u00fa\u010dtu alebo po pr\u00edstupe na webov\u00fa str\u00e1nku.<\/p>\n<p><strong>Pou\u017e\u00edvanie webov\u00fdch str\u00e1nok <\/strong><\/p>\n<p>Na webov\u00fa str\u00e1nku nesmiete pristupova\u0165 ani ju pou\u017e\u00edva\u0165 sp\u00f4sobom, ktor\u00fd m\u00f4\u017ee po\u0161kodi\u0165, deaktivova\u0165, pre\u0165a\u017ei\u0165 alebo naru\u0161i\u0165 \u00fa\u010dty Ontex, syst\u00e9my IT alebo siete. Nesmiete sa pok\u00fa\u0161a\u0165 neopr\u00e1vnene pristupova\u0165 k \u00fa\u010dtom Ontex, IT syst\u00e9mom alebo sie\u0165am. Nesmiete sa pok\u00fasi\u0165 pou\u017ei\u0165 moduly na preh\u013ead\u00e1vanie obsahu, n\u00e1stroje na extrakciu d\u00e1t ani in\u00e9 automatizovan\u00e9 prostriedky na neopr\u00e1vnen\u00fd pr\u00edstup k webov\u00fdm str\u00e1nkam alebo \u00fa\u010dtom spolo\u010dnosti Ontex, IT syst\u00e9mom alebo sie\u0165am. Nesmiete pristupova\u0165, s\u0165ahova\u0165, pou\u017e\u00edva\u0165 ani exportova\u0165 webov\u00e9 str\u00e1nky alebo ich obsah sp\u00f4sobom, ktor\u00fd poru\u0161uje nariadenia alebo pr\u00e1vne predpisy t\u00fdkaj\u00face sa exportu alebo ktor\u00fd poru\u0161uje in\u00e9 pr\u00edslu\u0161n\u00e9 nariadenia alebo pr\u00e1vne predpisy.<br \/>\nBez obmedzenia nesmiete (i) upravova\u0165, reprodukova\u0165, zastupova\u0165, prisp\u00f4sobova\u0165 a\/alebo preklada\u0165 cel\u00fa webov\u00fa str\u00e1nku a\/alebo jej obsah alebo jej \u010das\u0165; (ii) extrahova\u0165 cel\u00fa alebo \u010das\u0165 webov\u00fdch str\u00e1nok; ani (iii) zverej\u0148ova\u0165 a\/alebo pou\u017e\u00edva\u0165 jej obsah na webovej str\u00e1nke, v m\u00e9di\u00e1ch alebo v sieti (na tento \u00fa\u010del nem\u00f4\u017eete opr\u00e1vni\u0165 ani tretiu stranu).<\/p>\n<p>V pr\u00edpade, \u017ee budete vyzvan\u00ed k zverejneniu obsahu na webovej str\u00e1nke (konkr\u00e9tne, ale nie v\u00fdlu\u010dne, koment\u00e1rov k produktom alebo slu\u017eb\u00e1m poskytovan\u00fdm spolo\u010dnos\u0165ou Ontex) (\u010falej len \u201epublik\u00e1cie\u201c), zaru\u010dujete, \u017ee (i) ste dr\u017eite\u013eom v\u0161etk\u00fdch licenci\u00ed, pr\u00e1v, doh\u00f4d a opr\u00e1vnen\u00ed potrebn\u00fdch na pou\u017e\u00edvanie a opr\u00e1vnenie spolo\u010dnosti Ontex na pou\u017e\u00edvanie v\u0161etk\u00fdch autorsk\u00fdch pr\u00e1v, pr\u00e1v pou\u017e\u00edva\u0165 ochrann\u00fa zn\u00e1mku a ak\u00fdchko\u013evek \u010fal\u0161\u00edch vlastn\u00edckych pr\u00e1v vz\u0165ahuj\u00facich sa na publik\u00e1cie, a (iii) pre ka\u017ed\u00fa publik\u00e1ciu ste z\u00edskali p\u00edsomn\u00fd s\u00fahlas v\u0161etk\u00fdch identifikovate\u013en\u00fdch fyzick\u00fdch os\u00f4b na pou\u017e\u00edvanie ich pr\u00edslu\u0161n\u00fdch n\u00e1zvov a obr\u00e1zkov v uvedenej publik\u00e1cii. S\u00fahlas\u00edte s t\u00fdm, \u017ee nebudete odosiela\u0165 publik\u00e1cie, ktor\u00e9 m\u00f4\u017eu by\u0165 nez\u00e1konn\u00e9, nemor\u00e1lne, obsc\u00e9nne, hanliv\u00e9, v\u00fdhra\u017en\u00e9, pornografick\u00e9, pedofiln\u00e9, revizionistick\u00e9 (popieraj\u00face holokaust), zastra\u0161uj\u00face, nen\u00e1vistn\u00e9, rasistick\u00e9, ur\u00e1\u017eliv\u00e9, podnecuj\u00face k politickej alebo rasovej nen\u00e1visti, xenof\u00f3bne, poru\u0161uj\u00face ak\u00fdko\u013evek z\u00e1kon alebo z\u00e1v\u00e4zn\u00e9 pravidlo, alebo nevhodn\u00e9 in\u00fdm sp\u00f4sobom. Publikovan\u00edm publik\u00e1ci\u00ed na webov\u00fdch str\u00e1nkach ude\u013eujete spolo\u010dnosti Ontex pr\u00e1vo na \u00fapln\u00e9, \u010diasto\u010dn\u00e9 a bezplatn\u00e9 pou\u017eitie publik\u00e1ci\u00ed, ich reprodukciu a zastupovanie v prospech cel\u00e9ho sveta, na v\u0161etk\u00fdch nosi\u010doch, na z\u00e1konn\u00fa dobu ochrany pr\u00e1v du\u0161evn\u00e9ho vlastn\u00edctva patriacich k t\u00fdmto publik\u00e1ci\u00e1m s cie\u013eom splni\u0165 potreby webovej str\u00e1nky a propagova\u0165 uveden\u00fa webov\u00fa str\u00e1nku, najm\u00e4 na reklamn\u00e9 alebo komer\u010dn\u00e9 \u00fa\u010dely.<\/p>\n<p><strong>N\u00e1kup produktov na webov\u00fdch str\u00e1nkach <\/strong><\/p>\n<p>Na n\u00e1kup produktov na webov\u00fdch str\u00e1nkach sa vz\u0165ahuj\u00fa v\u0161eobecn\u00e9 obchodn\u00e9 podmienky predaja, ktor\u00e9 s\u00fa dostupn\u00e9 prostredn\u00edctvom nasleduj\u00faceho odkazu [vlo\u017ete odkaz na V\u0161eobecn\u00e9 obchodn\u00e9 podmienky predaja alebo uve\u010fte \u201eneuplat\u0148uje sa\u201c, ak sa prostredn\u00edctvom webovej str\u00e1nky nepred\u00e1vaj\u00fa \u017eiadne produkty].<\/p>\n<p><strong>Pr\u00e1va du\u0161evn\u00e9ho vlastn\u00edctva <\/strong><\/p>\n<p>Webov\u00e9 str\u00e1nky a ich obsah, ako aj autorsk\u00e9 pr\u00e1va a pr\u00e1va s\u00favisiace s ochrannou zn\u00e1mkou, obchodn\u00fdmi n\u00e1zvami, kresbami, obr\u00e1zkami, datab\u00e1zami, inform\u00e1ciami, \u00fadajmi, textami, zvukmi, fotografiami a grafikou a v\u0161etk\u00fdmi zdrojov\u00fdmi k\u00f3dmi, softv\u00e9rom a in\u00fdm obsahom s\u00fa majetkom spolo\u010dnosti Ontex alebo jej poskytovate\u013eov licenci\u00ed a s\u00fa chr\u00e1nen\u00e9 pr\u00e1vami du\u0161evn\u00e9ho vlastn\u00edctva a in\u00fdmi n\u00e1rodn\u00fdmi a medzin\u00e1rodn\u00fdmi vlastn\u00edckymi pr\u00e1vami, vr\u00e1tane, ale nie v\u00fdlu\u010dne, autorsk\u00fdch pr\u00e1v a s\u00favisiacich pr\u00e1v, pr\u00e1v t\u00fdkaj\u00facich sa datab\u00e1z, modelov, zna\u010diek a obchodn\u00fdch mien, patentov at\u010f. Zav\u00e4zujete sa, \u017ee nebudete nijako zobrazova\u0165 ani pou\u017e\u00edva\u0165 logo alebo zna\u010dky spolo\u010dnosti Ontex bez n\u00e1\u0161ho predch\u00e1dzaj\u00faceho p\u00edsomn\u00e9ho s\u00fahlasu.<\/p>\n<p>Pr\u00edstup a pou\u017e\u00edvanie webov\u00fdch str\u00e1nok a\/alebo obsahu sa nesmie vyklada\u0165 ako udelenie licencie na ktor\u00e9ko\u013evek z t\u00fdchto pr\u00e1v du\u0161evn\u00e9ho vlastn\u00edctva. Vyhradzujeme si v\u0161etky pr\u00e1va s\u00favisiace s webovou str\u00e1nkou a obsahom, ktor\u00e9 v\u00e1m neboli v\u00fdslovne udelen\u00e9.<br \/>\nWebov\u00e9 str\u00e1nky alebo ich obsah m\u00f4\u017eete pou\u017e\u00edva\u0165 iba v s\u00falade s Podmienkami pou\u017e\u00edvania.<br \/>\nV pr\u00edpade, \u017ee pou\u017eijete obsah webov\u00fdch str\u00e1nok alebo prvky, ktor\u00e9 vlastn\u00ed spolo\u010dnos\u0165 Ontex alebo na ktor\u00e9 vlastn\u00ed licenciu, bez jej povolenia alebo sp\u00f4sobom, ktor\u00fd nie je povolen\u00fd v Podmienkach pou\u017e\u00edvania, poru\u0161\u00edte na\u0161e pr\u00e1va du\u0161evn\u00e9ho vlastn\u00edctva alebo pr\u00e1va du\u0161evn\u00e9ho vlastn\u00edctva tretej strany, vr\u00e1tane, ale nie v\u00fdlu\u010dne, autorsk\u00fdch pr\u00e1v a s\u00favisiacich pr\u00e1v, pr\u00e1v t\u00fdkaj\u00facich sa datab\u00e1z, vzorov a modelov, obchodn\u00fdch zna\u010diek a ochrann\u00fdch zn\u00e1mok, patentov a in\u00fdch pr\u00e1v. V tak\u00fdchto pr\u00edpadoch si vyhradzujeme pln\u00e9 pr\u00e1vo na automatick\u00e9 odvolanie v\u00e1\u0161ho pr\u00edstupu na webov\u00fa str\u00e1nku a na vykonanie ak\u00fdchko\u013evek opatren\u00ed, ktor\u00e9 pova\u017eujeme za vhodn\u00e9, aby sme zabr\u00e1nili poru\u0161eniu pr\u00e1v du\u0161evn\u00e9ho vlastn\u00edctva, pozastavili ho alebo z\u00edskali od\u0161kodnenie. \u017diadne in\u00e9 pr\u00e1vo in\u00e9ho typu sa neude\u013euje ako licencia, ktor\u00e1 sa pripisuje alebo pren\u00e1\u0161a in\u00fdm sp\u00f4sobom na osoby, ktor\u00e9 pristupuj\u00fa na webov\u00fa str\u00e1nku a\/alebo pou\u017e\u00edvaj\u00fa obsah.<\/p>\n<p><strong>Odkazy na webov\u00e9 str\u00e1nky a slu\u017eby tret\u00edch str\u00e1n<\/strong><\/p>\n<p>Webov\u00e9 str\u00e1nky obsahuj\u00fa hypertextov\u00e9 odkazy na in\u00e9 webov\u00e9 str\u00e1nky pou\u017e\u00edvan\u00e9 tret\u00edmi stranami a odkazy na in\u00e9 zdroje inform\u00e1ci\u00ed. Tieto odkazy a zdroje inform\u00e1ci\u00ed s\u00fa poskytovan\u00e9 na informa\u010dn\u00e9 \u00fa\u010dely. Tieto webov\u00e9 str\u00e1nky a inform\u00e1cie obsiahnut\u00e9 na t\u00fdchto webov\u00fdch str\u00e1nkach nie s\u00fa spravovan\u00e9 ani kontrolovan\u00e9 spolo\u010dnos\u0165ou Ontex. Preto\u017ee nad t\u00fdmito slu\u017ebami nem\u00e1me \u017eiadnu kontrolu, uzn\u00e1vate a akceptujete, \u017ee nenesieme zodpovednos\u0165 (i) za dostupnos\u0165, obsah, presnos\u0165, kvalitu, reklamu a produkty t\u00fdkaj\u00face sa t\u00fdchto extern\u00fdch slu\u017eieb a za ak\u00e9ko\u013evek \u010fal\u0161ie dostupn\u00e9 prvky s\u00favisiace s t\u00fdmito slu\u017ebami alebo prostredn\u00edctvom t\u00fdchto slu\u017eieb, (ii) za ochranu osobn\u00fdch \u00fadajov alebo ak\u00e9ko\u013evek in\u00e9 praktiky na t\u00fdchto webov\u00fdch str\u00e1nkach.<\/p>\n<p><strong>Trvanie a ukon\u010denie <\/strong><\/p>\n<p>Podmienky pou\u017e\u00edvania zostan\u00fa v platnosti medzi nami a vami dovtedy, pok\u00fdm budete pou\u017e\u00edva\u0165 webov\u00fa str\u00e1nku.<br \/>\nV pr\u00edpade, \u017ee va\u0161e pou\u017eitie webov\u00fdch str\u00e1nok pova\u017eujeme za nez\u00e1konn\u00e9 a\/alebo neopr\u00e1vnen\u00e9 a\/alebo v rozpore s Podmienkami pou\u017e\u00edvania, vyhradzujeme si pln\u00e9 pr\u00e1vo na vykonanie ak\u00e9hoko\u013evek postupu, a to za\u010datie s\u00fadneho konania, ktor\u00e9 pova\u017eujeme za potrebn\u00e9 a ukon\u010denie v\u00e1\u0161ho pr\u00edstupu na webov\u00fa str\u00e1nku.<\/p>\n<p><strong>Zodpovednos\u0165 <\/strong><\/p>\n<p>\u00dadaje komunikovan\u00e9 na webov\u00fdch str\u00e1nkach sa t\u00fdkaj\u00fa predov\u0161etk\u00fdm marketingov\u00fdch aktiv\u00edt spolo\u010dnosti Ontex alebo finan\u010dn\u00fdch \u00fadajov a\/alebo \u00fadajov o jej pridru\u017een\u00fdch spolo\u010dnostiach; tieto \u00fadaje s\u00fa poskytovan\u00e9 na informa\u010dn\u00e9 \u00fa\u010dely a nemali by sa vyklada\u0165 ako z\u00e1v\u00e4zok v mene spolo\u010dnosti Ontex a\/alebo jej pridru\u017een\u00fdch spolo\u010dnost\u00ed.<\/p>\n<p>Nesiete v\u00fdhradn\u00fa zodpovednos\u0165 za pou\u017e\u00edvanie webovej str\u00e1nky a za ka\u017ed\u00e9 rozhodnutie t\u00fdkaj\u00face sa datab\u00e1zy a\/alebo inform\u00e1ci\u00ed obsiahnut\u00fdch na webovej str\u00e1nke.<\/p>\n<p><strong>V\u0161eobecn\u00e9 <\/strong><\/p>\n<p>Podmienky pou\u017e\u00edvania tvoria \u00fapln\u00fa dohodu medzi vami a nami, ktor\u00e1 sa t\u00fdka predmetu tejto zmluvy, a nahr\u00e1dzaj\u00fa podmienky akejko\u013evek inej komunik\u00e1cie a\/alebo reklamy t\u00fdkaj\u00facej sa webov\u00fdch str\u00e1nok.<\/p>\n<p>V pr\u00edpade, \u017ee pr\u00edslu\u0161n\u00e1 s\u00fadna pr\u00e1vomoc alebo org\u00e1n vyhl\u00e1si ustanovenie obsiahnut\u00e9 v Podmienkach pou\u017e\u00edvania za nez\u00e1konn\u00e9, neplatn\u00e9 alebo nepou\u017eite\u013en\u00e9, neplatnos\u0165 tohto ustanovenia nebude ma\u0165 vplyv na platnos\u0165 ostatn\u00fdch ustanoven\u00ed obsiahnut\u00fdch v Podmienkach pou\u017e\u00edvania, ktor\u00e9 zost\u00e1vaj\u00fa v platnosti.<\/p>\n<p>Nere\u0161pektovanie ktor\u00e9hoko\u013evek pr\u00e1va alebo ustanovenia obsiahnut\u00e9ho v t\u00fdchto Podmienkach pou\u017e\u00edvania stranou neznamen\u00e1 vzdanie sa tohto pr\u00e1va alebo ustanovenia.<\/p>\n<p>Zav\u00e4zujete sa od\u0161kodni\u0165, br\u00e1ni\u0165 a kona\u0165 tak, aby spolo\u010dnos\u0165 Ontex a jej z\u00e1stupcovia, ved\u00faci pracovn\u00edci, zamestnanci a subdod\u00e1vatelia neutrpeli \u0161kodu n\u00e1sledkom ak\u00fdchko\u013evek \u017eal\u00f4b, konan\u00ed, procesov, \u0161k\u00f4d a n\u00e1kladov, ktor\u00e9 vznikn\u00fa v d\u00f4sledku poru\u0161enia Podmienok pou\u017e\u00edvania z va\u0161ej strany.<\/p>\n<p><strong>Rozhodn\u00e9 pr\u00e1vo \u2013 Rie\u0161enie sporov <\/strong><\/p>\n<p>Podmienky pou\u017e\u00edvania sa riadia Belgick\u00fdm z\u00e1konom.<br \/>\nV pr\u00edpade sporu m\u00f4\u017eete svoju s\u0165a\u017enos\u0165 p\u00edsomne \u200b\u200bvyrie\u0161i\u0165 prostredn\u00edctvom gdpr@ontexglobal.Com na tejto webovej str\u00e1nke a pok\u00fasi\u0165 sa tak o priate\u013esk\u00e9 urovnanie sporu.<\/p>\n<p>M\u00f4\u017eete sa tie\u017e obr\u00e1ti\u0165 na slu\u017ebu rie\u0161enia sporov online, ktor\u00fa pon\u00faka Eur\u00f3pska komisia v s\u00falade s \u010dl\u00e1nkom 14 nariadenia (E\u00da) \u010d. 524\/2013. T\u00e1to platforma je pr\u00edstupn\u00e1 prostredn\u00edctvom nasleduj\u00faceho odkazu: <a href=\"https:\/\/webgate.ec.europa.eu\/odr\/\" target=\"_blank\" rel=\"noopener\">https:\/\/webgate.ec.europa.eu\/odr\/.<\/a><\/p>\n<p>Ak\u00fdko\u013evek spor t\u00fdkaj\u00faci sa uzavretia, platnosti, v\u00fdkladu, vykonania alebo ukon\u010denia Podmienok pou\u017e\u00edvania bude podlieha\u0165 pr\u00e1vomoci s\u00fadov (i) s\u00eddla spolo\u010dnosti Ontex; alebo (ii) v\u00e1\u0161ho bydliska; alebo (iii) miesta poskytovania slu\u017eby pr\u00edstupu na webov\u00fa str\u00e1nku.[\/vc_column_text][\/vc_column][\/vc_row]<\/p>\n<\/div>","protected":false},"excerpt":{"rendered":"<p>Tieto podmienky pou\u017e\u00edvania stanovuj\u00fa pr\u00e1vny r\u00e1mec, ktor\u00fd upravuje pr\u00edstup a pou\u017e\u00edvanie webov\u00fdch str\u00e1nok id-ontex.com.<\/p>\n","protected":false},"author":3,"featured_media":0,"parent":0,"menu_order":0,"comment_status":"closed","ping_status":"closed","template":"","meta":{"footnotes":""},"class_list":["post-84426","page","type-page","status-publish","hentry"],"yoast_head":"<!-- This site is optimized with the Yoast SEO Premium plugin v20.9 (Yoast SEO v27.4) - https:\/\/yoast.com\/product\/yoast-seo-premium-wordpress\/ -->\n<title>Podmienky pou\u017e\u00edvania &#183; iD Ontex<\/title>\n<meta name=\"description\" content=\"Tieto podmienky pou\u017e\u00edvania stanovuj\u00fa pr\u00e1vny r\u00e1mec, ktor\u00fd upravuje pr\u00edstup a pou\u017e\u00edvanie webov\u00fdch str\u00e1nok id-ontex.com.\" \/>\n<meta name=\"robots\" content=\"index, follow, max-snippet:-1, max-image-preview:large, max-video-preview:-1\" \/>\n<link rel=\"canonical\" href=\"https:\/\/id-ontex.com\/sk\/podmienky-pouzivania\/\" \/>\n<meta property=\"og:locale\" content=\"sk_SK\" \/>\n<meta property=\"og:type\" content=\"article\" \/>\n<meta property=\"og:title\" content=\"Podmienky pou\u017e\u00edvania\" \/>\n<meta property=\"og:description\" content=\"Tieto podmienky pou\u017e\u00edvania stanovuj\u00fa pr\u00e1vny r\u00e1mec, ktor\u00fd upravuje pr\u00edstup a pou\u017e\u00edvanie webov\u00fdch str\u00e1nok id-ontex.com.\" \/>\n<meta property=\"og:url\" content=\"https:\/\/id-ontex.com\/sk\/podmienky-pouzivania\/\" \/>\n<meta property=\"og:site_name\" content=\"iD Ontex\" \/>\n<meta property=\"article:modified_time\" content=\"2021-05-17T11:40:14+00:00\" \/>\n<meta property=\"og:image\" content=\"https:\/\/id-ontex.com\/wp-content\/uploads\/2020\/12\/id-preview.jpg\" \/>\n\t<meta property=\"og:image:width\" content=\"825\" \/>\n\t<meta property=\"og:image:height\" content=\"549\" \/>\n\t<meta property=\"og:image:type\" content=\"image\/jpeg\" \/>\n<meta name=\"twitter:card\" content=\"summary_large_image\" \/>\n<meta name=\"twitter:label1\" content=\"Predpokladan\u00fd \u010das \u010d\u00edtania\" \/>\n\t<meta name=\"twitter:data1\" content=\"12 min\u00fat\" \/>\n<script type=\"application\/ld+json\" class=\"yoast-schema-graph\">{\"@context\":\"https:\\\/\\\/schema.org\",\"@graph\":[{\"@type\":\"WebPage\",\"@id\":\"https:\\\/\\\/id-ontex.com\\\/sk\\\/podmienky-pouzivania\\\/\",\"url\":\"https:\\\/\\\/id-ontex.com\\\/sk\\\/podmienky-pouzivania\\\/\",\"name\":\"Podmienky pou\u017e\u00edvania &#183; iD Ontex\",\"isPartOf\":{\"@id\":\"https:\\\/\\\/id-ontex.com\\\/#website\"},\"datePublished\":\"2021-01-07T13:32:45+00:00\",\"dateModified\":\"2021-05-17T11:40:14+00:00\",\"description\":\"Tieto podmienky pou\u017e\u00edvania stanovuj\u00fa pr\u00e1vny r\u00e1mec, ktor\u00fd upravuje pr\u00edstup a pou\u017e\u00edvanie webov\u00fdch str\u00e1nok id-ontex.com.\",\"breadcrumb\":{\"@id\":\"https:\\\/\\\/id-ontex.com\\\/sk\\\/podmienky-pouzivania\\\/#breadcrumb\"},\"inLanguage\":\"sk-SK\",\"potentialAction\":[{\"@type\":\"ReadAction\",\"target\":[\"https:\\\/\\\/id-ontex.com\\\/sk\\\/podmienky-pouzivania\\\/\"]}]},{\"@type\":\"BreadcrumbList\",\"@id\":\"https:\\\/\\\/id-ontex.com\\\/sk\\\/podmienky-pouzivania\\\/#breadcrumb\",\"itemListElement\":[{\"@type\":\"ListItem\",\"position\":1,\"name\":\"\u00davod\",\"item\":\"https:\\\/\\\/id-ontex.com\\\/sk\\\/\"},{\"@type\":\"ListItem\",\"position\":2,\"name\":\"Podmienky pou\u017e\u00edvania\"}]},{\"@type\":\"WebSite\",\"@id\":\"https:\\\/\\\/id-ontex.com\\\/#website\",\"url\":\"https:\\\/\\\/id-ontex.com\\\/\",\"name\":\"iD Ontex\",\"description\":\"\",\"potentialAction\":[{\"@type\":\"SearchAction\",\"target\":{\"@type\":\"EntryPoint\",\"urlTemplate\":\"https:\\\/\\\/id-ontex.com\\\/?s={search_term_string}\"},\"query-input\":{\"@type\":\"PropertyValueSpecification\",\"valueRequired\":true,\"valueName\":\"search_term_string\"}}],\"inLanguage\":\"sk-SK\"}]}<\/script>\n<!-- \/ Yoast SEO Premium plugin. -->","yoast_head_json":{"title":"Podmienky pou\u017e\u00edvania &#183; iD Ontex","description":"Tieto podmienky pou\u017e\u00edvania stanovuj\u00fa pr\u00e1vny r\u00e1mec, ktor\u00fd upravuje pr\u00edstup a pou\u017e\u00edvanie webov\u00fdch str\u00e1nok id-ontex.com.","robots":{"index":"index","follow":"follow","max-snippet":"max-snippet:-1","max-image-preview":"max-image-preview:large","max-video-preview":"max-video-preview:-1"},"canonical":"https:\/\/id-ontex.com\/sk\/podmienky-pouzivania\/","og_locale":"sk_SK","og_type":"article","og_title":"Podmienky pou\u017e\u00edvania","og_description":"Tieto podmienky pou\u017e\u00edvania stanovuj\u00fa pr\u00e1vny r\u00e1mec, ktor\u00fd upravuje pr\u00edstup a pou\u017e\u00edvanie webov\u00fdch str\u00e1nok id-ontex.com.","og_url":"https:\/\/id-ontex.com\/sk\/podmienky-pouzivania\/","og_site_name":"iD Ontex","article_modified_time":"2021-05-17T11:40:14+00:00","og_image":[{"width":825,"height":549,"url":"https:\/\/id-ontex.com\/wp-content\/uploads\/2020\/12\/id-preview.jpg","type":"image\/jpeg"}],"twitter_card":"summary_large_image","twitter_misc":{"Predpokladan\u00fd \u010das \u010d\u00edtania":"12 min\u00fat"},"schema":{"@context":"https:\/\/schema.org","@graph":[{"@type":"WebPage","@id":"https:\/\/id-ontex.com\/sk\/podmienky-pouzivania\/","url":"https:\/\/id-ontex.com\/sk\/podmienky-pouzivania\/","name":"Podmienky pou\u017e\u00edvania &#183; iD Ontex","isPartOf":{"@id":"https:\/\/id-ontex.com\/#website"},"datePublished":"2021-01-07T13:32:45+00:00","dateModified":"2021-05-17T11:40:14+00:00","description":"Tieto podmienky pou\u017e\u00edvania stanovuj\u00fa pr\u00e1vny r\u00e1mec, ktor\u00fd upravuje pr\u00edstup a pou\u017e\u00edvanie webov\u00fdch str\u00e1nok id-ontex.com.","breadcrumb":{"@id":"https:\/\/id-ontex.com\/sk\/podmienky-pouzivania\/#breadcrumb"},"inLanguage":"sk-SK","potentialAction":[{"@type":"ReadAction","target":["https:\/\/id-ontex.com\/sk\/podmienky-pouzivania\/"]}]},{"@type":"BreadcrumbList","@id":"https:\/\/id-ontex.com\/sk\/podmienky-pouzivania\/#breadcrumb","itemListElement":[{"@type":"ListItem","position":1,"name":"\u00davod","item":"https:\/\/id-ontex.com\/sk\/"},{"@type":"ListItem","position":2,"name":"Podmienky pou\u017e\u00edvania"}]},{"@type":"WebSite","@id":"https:\/\/id-ontex.com\/#website","url":"https:\/\/id-ontex.com\/","name":"iD Ontex","description":"","potentialAction":[{"@type":"SearchAction","target":{"@type":"EntryPoint","urlTemplate":"https:\/\/id-ontex.com\/?s={search_term_string}"},"query-input":{"@type":"PropertyValueSpecification","valueRequired":true,"valueName":"search_term_string"}}],"inLanguage":"sk-SK"}]}},"_links":{"self":[{"href":"https:\/\/id-ontex.com\/sk\/wp-json\/wp\/v2\/pages\/84426","targetHints":{"allow":["GET"]}}],"collection":[{"href":"https:\/\/id-ontex.com\/sk\/wp-json\/wp\/v2\/pages"}],"about":[{"href":"https:\/\/id-ontex.com\/sk\/wp-json\/wp\/v2\/types\/page"}],"author":[{"embeddable":true,"href":"https:\/\/id-ontex.com\/sk\/wp-json\/wp\/v2\/users\/3"}],"replies":[{"embeddable":true,"href":"https:\/\/id-ontex.com\/sk\/wp-json\/wp\/v2\/comments?post=84426"}],"version-history":[{"count":0,"href":"https:\/\/id-ontex.com\/sk\/wp-json\/wp\/v2\/pages\/84426\/revisions"}],"wp:attachment":[{"href":"https:\/\/id-ontex.com\/sk\/wp-json\/wp\/v2\/media?parent=84426"}],"curies":[{"name":"wp","href":"https:\/\/api.w.org\/{rel}","templated":true}]}}