{"id":84348,"date":"2021-01-07T21:20:26","date_gmt":"2021-01-07T19:20:26","guid":{"rendered":"https:\/\/id-ontex.com\/?page_id=84348"},"modified":"2021-06-15T14:52:09","modified_gmt":"2021-06-15T12:52:09","slug":"pravne-oznamenie","status":"publish","type":"page","link":"https:\/\/id-ontex.com\/sk\/pravne-oznamenie\/","title":{"rendered":"Pr\u00e1vne ozn\u00e1menie"},"content":{"rendered":"<div class=\"wpb-content-wrapper\"><p>[vc_row][vc_column][vc_custom_heading]<\/p>\n<h1><span class=\"TextRun Highlight SCXW225921278 BCX0\" lang=\"SK\" xml:lang=\"SK\" data-contrast=\"none\"><span class=\"NormalTextRun SCXW225921278 BCX0\">Pr\u00e1vne ozn\u00e1menie<\/span><\/span><\/h1>\n<p>[\/vc_custom_heading][vc_column_text]<b><span data-contrast=\"none\">N\u00e1zov subjektu : Ontex\u00a0<\/span><\/b><\/p>\n<p><b><span data-contrast=\"none\">Pr\u00e1vna forma subjektu : Ontex BV<\/span><\/b><\/p>\n<p><span data-contrast=\"none\">Registra\u010dn\u00e9 \u010d\u00edslo: 0419.457.296<\/span><\/p>\n<p><span data-contrast=\"none\">S\u00eddlo:\u00a0<\/span> <span data-contrast=\"none\"> Genthof 5 9255 Buggenhout Belgium VAT number: BE0419457296 Tel: +3253333600 <\/span><\/p>\n<p><span data-contrast=\"none\">I\u010c DPH: BE0419457296 <\/span><\/p>\n<p><span data-contrast=\"none\">Tel: +3253333600<\/span><\/p>\n<p><span data-contrast=\"none\"> E-mail: <a href=\"mailto:ontexinternational@ontexglobal.com\">ontexinternational@ontexglobal.com\u00a0<\/a><\/span><span data-ccp-props=\"{&quot;134233117&quot;:true,&quot;134233118&quot;:true,&quot;201341983&quot;:0,&quot;335559739&quot;:200,&quot;335559740&quot;:240}\">\u00a0<\/span><\/p>\n<p><b><span data-contrast=\"none\">Ved\u00faci oddelenia publika\u010dnej \u010dinnosti:<\/span><\/b><span data-contrast=\"none\"> Chiara Alleva\/ Marketingov\u00fd mana\u017e\u00e9r CEE<\/span><\/p>\n<p><b><span data-contrast=\"none\">Hostite\u013e webu:<\/span><\/b><br \/>\nWP Engine<br \/>\nIrongate House, 22-30 Duke\u2019s Place<br \/>\nLondon, EC3A 7LP United Kingdom[\/vc_column_text][\/vc_column][\/vc_row]<\/p>\n<\/div>","protected":false},"excerpt":{"rendered":"<p>V\u0161eobecn\u00e9 inform\u00e1cie o webovej str\u00e1nke<\/p>\n","protected":false},"author":3,"featured_media":0,"parent":0,"menu_order":0,"comment_status":"closed","ping_status":"closed","template":"","meta":{"footnotes":""},"class_list":["post-84348","page","type-page","status-publish","hentry"],"yoast_head":"<!-- This site is optimized with the Yoast SEO Premium plugin v20.9 (Yoast SEO v27.3) - https:\/\/yoast.com\/product\/yoast-seo-premium-wordpress\/ -->\n<title>Pr\u00e1vne ozn\u00e1menie &#183; iD Ontex<\/title>\n<meta name=\"description\" content=\"V\u0161eobecn\u00e9 inform\u00e1cie o webovej str\u00e1nke\" \/>\n<meta name=\"robots\" content=\"index, follow, max-snippet:-1, max-image-preview:large, max-video-preview:-1\" \/>\n<link rel=\"canonical\" href=\"https:\/\/id-ontex.com\/sk\/pravne-oznamenie\/\" \/>\n<meta property=\"og:locale\" content=\"sk_SK\" \/>\n<meta property=\"og:type\" content=\"article\" \/>\n<meta property=\"og:title\" content=\"Pr\u00e1vne ozn\u00e1menie\" \/>\n<meta property=\"og:description\" content=\"V\u0161eobecn\u00e9 inform\u00e1cie o webovej str\u00e1nke\" \/>\n<meta property=\"og:url\" content=\"https:\/\/id-ontex.com\/sk\/pravne-oznamenie\/\" \/>\n<meta property=\"og:site_name\" content=\"iD Ontex\" \/>\n<meta property=\"article:modified_time\" content=\"2021-06-15T12:52:09+00:00\" \/>\n<meta property=\"og:image\" content=\"https:\/\/id-ontex.com\/wp-content\/uploads\/2020\/12\/id-preview.jpg\" \/>\n\t<meta property=\"og:image:width\" content=\"825\" \/>\n\t<meta property=\"og:image:height\" content=\"549\" \/>\n\t<meta property=\"og:image:type\" content=\"image\/jpeg\" \/>\n<meta name=\"twitter:card\" content=\"summary_large_image\" \/>\n<script type=\"application\/ld+json\" class=\"yoast-schema-graph\">{\"@context\":\"https:\\\/\\\/schema.org\",\"@graph\":[{\"@type\":\"WebPage\",\"@id\":\"https:\\\/\\\/id-ontex.com\\\/sk\\\/pravne-oznamenie\\\/\",\"url\":\"https:\\\/\\\/id-ontex.com\\\/sk\\\/pravne-oznamenie\\\/\",\"name\":\"Pr\u00e1vne ozn\u00e1menie &#183; iD Ontex\",\"isPartOf\":{\"@id\":\"https:\\\/\\\/id-ontex.com\\\/#website\"},\"datePublished\":\"2021-01-07T19:20:26+00:00\",\"dateModified\":\"2021-06-15T12:52:09+00:00\",\"description\":\"V\u0161eobecn\u00e9 inform\u00e1cie o webovej str\u00e1nke\",\"breadcrumb\":{\"@id\":\"https:\\\/\\\/id-ontex.com\\\/sk\\\/pravne-oznamenie\\\/#breadcrumb\"},\"inLanguage\":\"sk-SK\",\"potentialAction\":[{\"@type\":\"ReadAction\",\"target\":[\"https:\\\/\\\/id-ontex.com\\\/sk\\\/pravne-oznamenie\\\/\"]}]},{\"@type\":\"BreadcrumbList\",\"@id\":\"https:\\\/\\\/id-ontex.com\\\/sk\\\/pravne-oznamenie\\\/#breadcrumb\",\"itemListElement\":[{\"@type\":\"ListItem\",\"position\":1,\"name\":\"\u00davod\",\"item\":\"https:\\\/\\\/id-ontex.com\\\/sk\\\/\"},{\"@type\":\"ListItem\",\"position\":2,\"name\":\"Pr\u00e1vne ozn\u00e1menie\"}]},{\"@type\":\"WebSite\",\"@id\":\"https:\\\/\\\/id-ontex.com\\\/#website\",\"url\":\"https:\\\/\\\/id-ontex.com\\\/\",\"name\":\"iD Ontex\",\"description\":\"\",\"potentialAction\":[{\"@type\":\"SearchAction\",\"target\":{\"@type\":\"EntryPoint\",\"urlTemplate\":\"https:\\\/\\\/id-ontex.com\\\/?s={search_term_string}\"},\"query-input\":{\"@type\":\"PropertyValueSpecification\",\"valueRequired\":true,\"valueName\":\"search_term_string\"}}],\"inLanguage\":\"sk-SK\"}]}<\/script>\n<!-- \/ Yoast SEO Premium plugin. -->","yoast_head_json":{"title":"Pr\u00e1vne ozn\u00e1menie &#183; iD Ontex","description":"V\u0161eobecn\u00e9 inform\u00e1cie o webovej str\u00e1nke","robots":{"index":"index","follow":"follow","max-snippet":"max-snippet:-1","max-image-preview":"max-image-preview:large","max-video-preview":"max-video-preview:-1"},"canonical":"https:\/\/id-ontex.com\/sk\/pravne-oznamenie\/","og_locale":"sk_SK","og_type":"article","og_title":"Pr\u00e1vne ozn\u00e1menie","og_description":"V\u0161eobecn\u00e9 inform\u00e1cie o webovej str\u00e1nke","og_url":"https:\/\/id-ontex.com\/sk\/pravne-oznamenie\/","og_site_name":"iD Ontex","article_modified_time":"2021-06-15T12:52:09+00:00","og_image":[{"width":825,"height":549,"url":"https:\/\/id-ontex.com\/wp-content\/uploads\/2020\/12\/id-preview.jpg","type":"image\/jpeg"}],"twitter_card":"summary_large_image","schema":{"@context":"https:\/\/schema.org","@graph":[{"@type":"WebPage","@id":"https:\/\/id-ontex.com\/sk\/pravne-oznamenie\/","url":"https:\/\/id-ontex.com\/sk\/pravne-oznamenie\/","name":"Pr\u00e1vne ozn\u00e1menie &#183; iD Ontex","isPartOf":{"@id":"https:\/\/id-ontex.com\/#website"},"datePublished":"2021-01-07T19:20:26+00:00","dateModified":"2021-06-15T12:52:09+00:00","description":"V\u0161eobecn\u00e9 inform\u00e1cie o webovej str\u00e1nke","breadcrumb":{"@id":"https:\/\/id-ontex.com\/sk\/pravne-oznamenie\/#breadcrumb"},"inLanguage":"sk-SK","potentialAction":[{"@type":"ReadAction","target":["https:\/\/id-ontex.com\/sk\/pravne-oznamenie\/"]}]},{"@type":"BreadcrumbList","@id":"https:\/\/id-ontex.com\/sk\/pravne-oznamenie\/#breadcrumb","itemListElement":[{"@type":"ListItem","position":1,"name":"\u00davod","item":"https:\/\/id-ontex.com\/sk\/"},{"@type":"ListItem","position":2,"name":"Pr\u00e1vne ozn\u00e1menie"}]},{"@type":"WebSite","@id":"https:\/\/id-ontex.com\/#website","url":"https:\/\/id-ontex.com\/","name":"iD Ontex","description":"","potentialAction":[{"@type":"SearchAction","target":{"@type":"EntryPoint","urlTemplate":"https:\/\/id-ontex.com\/?s={search_term_string}"},"query-input":{"@type":"PropertyValueSpecification","valueRequired":true,"valueName":"search_term_string"}}],"inLanguage":"sk-SK"}]}},"_links":{"self":[{"href":"https:\/\/id-ontex.com\/sk\/wp-json\/wp\/v2\/pages\/84348","targetHints":{"allow":["GET"]}}],"collection":[{"href":"https:\/\/id-ontex.com\/sk\/wp-json\/wp\/v2\/pages"}],"about":[{"href":"https:\/\/id-ontex.com\/sk\/wp-json\/wp\/v2\/types\/page"}],"author":[{"embeddable":true,"href":"https:\/\/id-ontex.com\/sk\/wp-json\/wp\/v2\/users\/3"}],"replies":[{"embeddable":true,"href":"https:\/\/id-ontex.com\/sk\/wp-json\/wp\/v2\/comments?post=84348"}],"version-history":[{"count":0,"href":"https:\/\/id-ontex.com\/sk\/wp-json\/wp\/v2\/pages\/84348\/revisions"}],"wp:attachment":[{"href":"https:\/\/id-ontex.com\/sk\/wp-json\/wp\/v2\/media?parent=84348"}],"curies":[{"name":"wp","href":"https:\/\/api.w.org\/{rel}","templated":true}]}}