{"id":84254,"date":"2021-01-06T11:44:03","date_gmt":"2021-01-06T09:44:03","guid":{"rendered":"https:\/\/id-ontex.com\/?page_id=84254"},"modified":"2021-08-11T09:26:31","modified_gmt":"2021-08-11T07:26:31","slug":"uvod","status":"publish","type":"page","link":"https:\/\/id-ontex.com\/sk\/","title":{"rendered":"Domov"},"content":{"rendered":"<div class=\"wpb-content-wrapper\"><p>[vc_row unlock_row=&#8220;&#8220; row_height_percent=&#8220;0&#8243; override_padding=&#8220;yes&#8220; h_padding=&#8220;2&#8243; top_padding=&#8220;3&#8243; bottom_padding=&#8220;3&#8243; overlay_alpha=&#8220;100&#8243; gutter_size=&#8220;100&#8243; shift_y=&#8220;0&#8243; row_height_use_pixel=&#8220;&#8220; style=&#8220;inherited&#8220;][vc_column column_width_percent=&#8220;100&#8243; align_horizontal=&#8220;align_center&#8220; gutter_size=&#8220;3&#8243; overlay_alpha=&#8220;50&#8243; shift_x=&#8220;0&#8243; shift_y=&#8220;0&#8243; medium_width=&#8220;0&#8243; zoom_width=&#8220;0&#8243; zoom_height=&#8220;0&#8243; width=&#8220;1\/1&#8243;][vc_custom_heading text_color=&#8220;color-174856&#8243; sub_lead=&#8220;yes&#8220; sub_reduced=&#8220;yes&#8220; text_align=&#8220;text-center&#8220; text_serif=&#8220;&#8220; subheading=&#8220;Ka\u017ed\u00fd m\u00e1 in\u00e9 potreby, n\u00e1jdite dokonal\u00e9 rie\u0161enie pre va\u0161u situ\u00e1ciu.&#8220;]Objavte na\u0161e produkty[\/vc_custom_heading][vc_separator sep_color=&#8220;color-gyho&#8220;][vc_row_inner limit_content=&#8220;&#8220;][vc_column_inner column_width_use_pixel=&#8220;yes&#8220; gutter_size=&#8220;3&#8243; overlay_alpha=&#8220;50&#8243; shift_x=&#8220;0&#8243; shift_y=&#8220;0&#8243; shift_y_down=&#8220;0&#8243; z_index=&#8220;0&#8243; medium_width=&#8220;0&#8243; mobile_width=&#8220;0&#8243; width=&#8220;1\/1&#8243; column_width_pixel=&#8220;1200&#8243;][vc_gallery el_id=&#8220;gallery-115636&#8243; type=&#8220;carousel&#8220; medias=&#8220;83053,82997&#8243; carousel_lg=&#8220;2&#8243; carousel_md=&#8220;2&#8243; carousel_sm=&#8220;1&#8243; gutter_size=&#8220;3&#8243; media_items=&#8220;media|custom_link|original,title&#8220; carousel_interval=&#8220;0&#8243; carousel_navspeed=&#8220;400&#8243; stage_padding=&#8220;0&#8243; single_text=&#8220;under&#8220; single_overlay_opacity=&#8220;1&#8243; single_overlay_visible=&#8220;yes&#8220; single_overlay_anim=&#8220;no&#8220; single_text_anim=&#8220;no&#8220; single_h_align=&#8220;center&#8220; single_v_position=&#8220;bottom&#8220; single_padding=&#8220;0&#8243; single_title_transform=&#8220;uppercase&#8220; single_border=&#8220;yes&#8220; items=&#8220;eyI4MzA0NF9pIjp7InNpbmdsZV9vdmVybGF5X3Zpc2libGUiOiJ5ZXMiLCJzaW5nbGVfdGV4dF9hbmltIjoibm8iLCJzaW5nbGVfbGF5b3V0X21lZGlhX2l0ZW1zIjoibWVkaWF8Y3VzdG9tX2xpbmt8b3JpZ2luYWwsY2FwdGlvbiJ9LCI4MzA1M19pIjp7InNpbmdsZV9saW5rIjoidXJsOiUyRnNrJTJGbmFzZS1wcm9kdWt0eSUyRnx0aXRsZTpOYXNlJTIwUHJvZHVrdHkifSwiODI5OTdfaSI6eyJzaW5nbGVfbGluayI6InVybDolMkZzayUyRm5hc2UtcHJvZHVrdHklMjN0YWItMTU5NzkyNjAyNzU2OC0yLTMifX0=&#8220;][\/vc_column_inner][\/vc_row_inner][vc_button button_color=&#8220;color-174856&#8243; border_width=&#8220;0&#8243; link=&#8220;url:%2Fsk%2Fnase-produkty%2F|title:Na%C5%A1e%20produkty||&#8220;]Zobrazi\u0165 v\u0161etky produkty[\/vc_button][\/vc_column][\/vc_row][vc_row row_height_percent=&#8220;0&#8243; override_padding=&#8220;yes&#8220; h_padding=&#8220;2&#8243; top_padding=&#8220;5&#8243; bottom_padding=&#8220;5&#8243; overlay_alpha=&#8220;100&#8243; gutter_size=&#8220;100&#8243; column_width_percent=&#8220;100&#8243; shift_y=&#8220;0&#8243; z_index=&#8220;0&#8243; style=&#8220;inherited&#8220;][vc_column column_width_percent=&#8220;100&#8243; align_horizontal=&#8220;align_center&#8220; gutter_size=&#8220;3&#8243; overlay_alpha=&#8220;100&#8243; shift_x=&#8220;0&#8243; shift_y=&#8220;0&#8243; shift_y_down=&#8220;0&#8243; z_index=&#8220;0&#8243; medium_width=&#8220;0&#8243; mobile_width=&#8220;0&#8243; zoom_width=&#8220;0&#8243; zoom_height=&#8220;0&#8243; width=&#8220;1\/1&#8243;][vc_row_inner row_inner_height_percent=&#8220;0&#8243; overlay_alpha=&#8220;100&#8243; gutter_size=&#8220;3&#8243; shift_y=&#8220;0&#8243; limit_content=&#8220;&#8220;][vc_column_inner column_width_use_pixel=&#8220;yes&#8220; align_horizontal=&#8220;align_center&#8220; gutter_size=&#8220;3&#8243; overlay_alpha=&#8220;100&#8243; shift_x=&#8220;0&#8243; shift_y=&#8220;0&#8243; shift_y_down=&#8220;0&#8243; z_index=&#8220;0&#8243; medium_width=&#8220;0&#8243; mobile_width=&#8220;0&#8243; zoom_width=&#8220;0&#8243; zoom_height=&#8220;0&#8243; mobile_width_full=&#8220;&#8220; width=&#8220;1\/1&#8243; column_width_pixel=&#8220;640&#8243;][vc_custom_heading text_color=&#8220;color-174856&#8243; sub_lead=&#8220;yes&#8220; sub_reduced=&#8220;yes&#8220; text_align=&#8220;text-center&#8220; text_serif=&#8220;&#8220; subheading=&#8220;Preto\u017ee poskytovanie kvalitn\u00fdch v\u00fdrobkov nesta\u010d\u00ed, my v\u00e1m d\u00e1me najlep\u0161ie rady, ktor\u00e9 v\u00e1s preved\u00fa va\u0161ou cestou.&#8220;]O inkontinencii[\/vc_custom_heading][vc_separator sep_color=&#8220;color-gyho&#8220;][\/vc_column_inner][\/vc_row_inner][vc_empty_space empty_h=&#8220;1&#8243;][uncode_index el_id=&#8220;index-3&#8243; loop=&#8220;size:3|order_by:rand|post_type:post|taxonomy_count:10&#8243; style_preset=&#8220;metro&#8220; gutter_size=&#8220;2&#8243; post_items=&#8220;media|featured|onpost|poster,title&#8220; screen_lg=&#8220;960&#8243; screen_md=&#8220;480&#8243; screen_sm=&#8220;480&#8243; single_text=&#8220;overlay&#8220; single_width=&#8220;6&#8243; single_height=&#8220;3&#8243; single_overlay_color=&#8220;color-prif&#8220; single_overlay_coloration=&#8220;bottom_gradient&#8220; single_overlay_opacity=&#8220;50&#8243; single_overlay_visible=&#8220;yes&#8220; single_overlay_anim=&#8220;no&#8220; single_text_visible=&#8220;yes&#8220; single_text_anim=&#8220;no&#8220; single_v_position=&#8220;bottom&#8220; single_reduced=&#8220;three_quarter&#8220; single_reduced_mobile=&#8220;yes&#8220; single_h_position=&#8220;center&#8220; single_padding=&#8220;2&#8243; single_title_dimension=&#8220;h4&#8243; single_border=&#8220;yes&#8220; post_matrix=&#8220;matrix&#8220; matrix_amount=&#8220;3&#8243; matrix_items=&#8220;eyIwX2kiOnsic2luZ2xlX2hlaWdodCI6IjYifX0=&#8220;][vc_button button_color=&#8220;color-174856&#8243; border_width=&#8220;0&#8243; link=&#8220;url:%2Fsk%2Fo-inkontinencii%2F|title:O%20inkontinencii||&#8220;]Konzul v\u0161etky rady[\/vc_button][\/vc_column][\/vc_row][vc_row][vc_column width=&#8220;1\/1&#8243;][vc_row_inner limit_content=&#8220;&#8220;][vc_column_inner column_width_percent=&#8220;100&#8243; position_vertical=&#8220;middle&#8220; gutter_size=&#8220;3&#8243; font_family=&#8220;font-651333&#8243; overlay_alpha=&#8220;50&#8243; shift_x=&#8220;0&#8243; shift_y=&#8220;0&#8243; shift_y_down=&#8220;0&#8243; z_index=&#8220;0&#8243; medium_width=&#8220;0&#8243; mobile_width=&#8220;0&#8243; width=&#8220;1\/2&#8243;][vc_custom_heading heading_semantic=&#8220;h3&#8243; text_size=&#8220;h3&#8243; separator=&#8220;yes&#8220; separator_color=&#8220;yes&#8220; sub_lead=&#8220;yes&#8220;]S prib\u00fadaj\u00facimi rokmi prib\u00fada pestros\u0165, nielen sivos\u0165, a t\u00fato farebnos\u0165 by\u0165 ste mali hrdo nies\u0165.[\/vc_custom_heading][\/vc_column_inner][vc_column_inner width=&#8220;1\/2&#8243;][vc_single_image media=&#8220;83038&#8243; media_width_percent=&#8220;100&#8243; media_ratio=&#8220;four-three&#8220; shadow=&#8220;yes&#8220;][\/vc_column_inner][\/vc_row_inner][\/vc_column][\/vc_row]<\/p>\n<\/div>","protected":false},"excerpt":{"rendered":"<p>Ak\u00e9 r\u00f4zne rie\u0161enia s\u00favisiace s inkontinenciou poskytuje zna\u010dka iD? Vysk\u00fa\u0161ajte na\u0161e nevidite\u013en\u00e9 produkty.<\/p>\n","protected":false},"author":3,"featured_media":0,"parent":0,"menu_order":0,"comment_status":"closed","ping_status":"closed","template":"","meta":{"footnotes":""},"class_list":["post-84254","page","type-page","status-publish","hentry"],"yoast_head":"<!-- This site is optimized with the Yoast SEO Premium plugin v20.9 (Yoast SEO v27.3) - https:\/\/yoast.com\/product\/yoast-seo-premium-wordpress\/ -->\n<title>Domov &#183; iD Ontex<\/title>\n<meta name=\"description\" content=\"Ak\u00e9 r\u00f4zne rie\u0161enia s\u00favisiace s inkontinenciou poskytuje zna\u010dka iD? Vysk\u00fa\u0161ajte na\u0161e nevidite\u013en\u00e9 produkty.\" \/>\n<meta name=\"robots\" content=\"index, follow, max-snippet:-1, max-image-preview:large, max-video-preview:-1\" \/>\n<link rel=\"canonical\" href=\"https:\/\/id-ontex.com\/sk\/\" \/>\n<meta property=\"og:locale\" content=\"sk_SK\" \/>\n<meta property=\"og:type\" content=\"article\" \/>\n<meta property=\"og:title\" content=\"Domov\" \/>\n<meta property=\"og:description\" content=\"Ak\u00e9 r\u00f4zne rie\u0161enia s\u00favisiace s inkontinenciou poskytuje zna\u010dka iD? Vysk\u00fa\u0161ajte na\u0161e nevidite\u013en\u00e9 produkty.\" \/>\n<meta property=\"og:url\" content=\"https:\/\/id-ontex.com\/sk\/\" \/>\n<meta property=\"og:site_name\" content=\"iD Ontex\" \/>\n<meta property=\"article:modified_time\" content=\"2021-08-11T07:26:31+00:00\" \/>\n<meta property=\"og:image\" content=\"https:\/\/id-ontex.com\/wp-content\/uploads\/2020\/12\/id-preview.jpg\" \/>\n\t<meta property=\"og:image:width\" content=\"825\" \/>\n\t<meta property=\"og:image:height\" content=\"549\" \/>\n\t<meta property=\"og:image:type\" content=\"image\/jpeg\" \/>\n<meta name=\"twitter:card\" content=\"summary_large_image\" \/>\n<meta name=\"twitter:label1\" content=\"Predpokladan\u00fd \u010das \u010d\u00edtania\" \/>\n\t<meta name=\"twitter:data1\" content=\"3 min\u00faty\" \/>\n<script type=\"application\/ld+json\" class=\"yoast-schema-graph\">{\"@context\":\"https:\\\/\\\/schema.org\",\"@graph\":[{\"@type\":\"WebPage\",\"@id\":\"https:\\\/\\\/id-ontex.com\\\/sk\\\/\",\"url\":\"https:\\\/\\\/id-ontex.com\\\/sk\\\/\",\"name\":\"Domov &#183; iD Ontex\",\"isPartOf\":{\"@id\":\"https:\\\/\\\/id-ontex.com\\\/#website\"},\"datePublished\":\"2021-01-06T09:44:03+00:00\",\"dateModified\":\"2021-08-11T07:26:31+00:00\",\"description\":\"Ak\u00e9 r\u00f4zne rie\u0161enia s\u00favisiace s inkontinenciou poskytuje zna\u010dka iD? Vysk\u00fa\u0161ajte na\u0161e nevidite\u013en\u00e9 produkty.\",\"breadcrumb\":{\"@id\":\"https:\\\/\\\/id-ontex.com\\\/sk\\\/#breadcrumb\"},\"inLanguage\":\"sk-SK\",\"potentialAction\":[{\"@type\":\"ReadAction\",\"target\":[\"https:\\\/\\\/id-ontex.com\\\/sk\\\/\"]}]},{\"@type\":\"BreadcrumbList\",\"@id\":\"https:\\\/\\\/id-ontex.com\\\/sk\\\/#breadcrumb\",\"itemListElement\":[{\"@type\":\"ListItem\",\"position\":1,\"name\":\"\u00davod\",\"item\":\"https:\\\/\\\/id-ontex.com\\\/sk\\\/\"},{\"@type\":\"ListItem\",\"position\":2,\"name\":\"Domov\"}]},{\"@type\":\"WebSite\",\"@id\":\"https:\\\/\\\/id-ontex.com\\\/#website\",\"url\":\"https:\\\/\\\/id-ontex.com\\\/\",\"name\":\"iD Ontex\",\"description\":\"\",\"potentialAction\":[{\"@type\":\"SearchAction\",\"target\":{\"@type\":\"EntryPoint\",\"urlTemplate\":\"https:\\\/\\\/id-ontex.com\\\/?s={search_term_string}\"},\"query-input\":{\"@type\":\"PropertyValueSpecification\",\"valueRequired\":true,\"valueName\":\"search_term_string\"}}],\"inLanguage\":\"sk-SK\"}]}<\/script>\n<!-- \/ Yoast SEO Premium plugin. -->","yoast_head_json":{"title":"Domov &#183; iD Ontex","description":"Ak\u00e9 r\u00f4zne rie\u0161enia s\u00favisiace s inkontinenciou poskytuje zna\u010dka iD? Vysk\u00fa\u0161ajte na\u0161e nevidite\u013en\u00e9 produkty.","robots":{"index":"index","follow":"follow","max-snippet":"max-snippet:-1","max-image-preview":"max-image-preview:large","max-video-preview":"max-video-preview:-1"},"canonical":"https:\/\/id-ontex.com\/sk\/","og_locale":"sk_SK","og_type":"article","og_title":"Domov","og_description":"Ak\u00e9 r\u00f4zne rie\u0161enia s\u00favisiace s inkontinenciou poskytuje zna\u010dka iD? Vysk\u00fa\u0161ajte na\u0161e nevidite\u013en\u00e9 produkty.","og_url":"https:\/\/id-ontex.com\/sk\/","og_site_name":"iD Ontex","article_modified_time":"2021-08-11T07:26:31+00:00","og_image":[{"width":825,"height":549,"url":"https:\/\/id-ontex.com\/wp-content\/uploads\/2020\/12\/id-preview.jpg","type":"image\/jpeg"}],"twitter_card":"summary_large_image","twitter_misc":{"Predpokladan\u00fd \u010das \u010d\u00edtania":"3 min\u00faty"},"schema":{"@context":"https:\/\/schema.org","@graph":[{"@type":"WebPage","@id":"https:\/\/id-ontex.com\/sk\/","url":"https:\/\/id-ontex.com\/sk\/","name":"Domov &#183; iD Ontex","isPartOf":{"@id":"https:\/\/id-ontex.com\/#website"},"datePublished":"2021-01-06T09:44:03+00:00","dateModified":"2021-08-11T07:26:31+00:00","description":"Ak\u00e9 r\u00f4zne rie\u0161enia s\u00favisiace s inkontinenciou poskytuje zna\u010dka iD? Vysk\u00fa\u0161ajte na\u0161e nevidite\u013en\u00e9 produkty.","breadcrumb":{"@id":"https:\/\/id-ontex.com\/sk\/#breadcrumb"},"inLanguage":"sk-SK","potentialAction":[{"@type":"ReadAction","target":["https:\/\/id-ontex.com\/sk\/"]}]},{"@type":"BreadcrumbList","@id":"https:\/\/id-ontex.com\/sk\/#breadcrumb","itemListElement":[{"@type":"ListItem","position":1,"name":"\u00davod","item":"https:\/\/id-ontex.com\/sk\/"},{"@type":"ListItem","position":2,"name":"Domov"}]},{"@type":"WebSite","@id":"https:\/\/id-ontex.com\/#website","url":"https:\/\/id-ontex.com\/","name":"iD Ontex","description":"","potentialAction":[{"@type":"SearchAction","target":{"@type":"EntryPoint","urlTemplate":"https:\/\/id-ontex.com\/?s={search_term_string}"},"query-input":{"@type":"PropertyValueSpecification","valueRequired":true,"valueName":"search_term_string"}}],"inLanguage":"sk-SK"}]}},"_links":{"self":[{"href":"https:\/\/id-ontex.com\/sk\/wp-json\/wp\/v2\/pages\/84254","targetHints":{"allow":["GET"]}}],"collection":[{"href":"https:\/\/id-ontex.com\/sk\/wp-json\/wp\/v2\/pages"}],"about":[{"href":"https:\/\/id-ontex.com\/sk\/wp-json\/wp\/v2\/types\/page"}],"author":[{"embeddable":true,"href":"https:\/\/id-ontex.com\/sk\/wp-json\/wp\/v2\/users\/3"}],"replies":[{"embeddable":true,"href":"https:\/\/id-ontex.com\/sk\/wp-json\/wp\/v2\/comments?post=84254"}],"version-history":[{"count":0,"href":"https:\/\/id-ontex.com\/sk\/wp-json\/wp\/v2\/pages\/84254\/revisions"}],"wp:attachment":[{"href":"https:\/\/id-ontex.com\/sk\/wp-json\/wp\/v2\/media?parent=84254"}],"curies":[{"name":"wp","href":"https:\/\/api.w.org\/{rel}","templated":true}]}}