{"id":84162,"date":"2020-12-29T01:45:12","date_gmt":"2020-12-28T23:45:12","guid":{"rendered":"https:\/\/id-ontex.com\/?page_id=84162"},"modified":"2021-03-05T00:52:41","modified_gmt":"2021-03-04T22:52:41","slug":"o-inkontinencii","status":"publish","type":"page","link":"https:\/\/id-ontex.com\/sk\/o-inkontinencii\/","title":{"rendered":"O inkontinencii"},"content":{"rendered":"<div class=\"wpb-content-wrapper\"><p>[vc_row row_height_percent=&#8220;0&#8243; override_padding=&#8220;yes&#8220; h_padding=&#8220;2&#8243; top_padding=&#8220;2&#8243; bottom_padding=&#8220;3&#8243; back_color=&#8220;color-xsdn&#8220; overlay_alpha=&#8220;100&#8243; gutter_size=&#8220;100&#8243; column_width_percent=&#8220;100&#8243; shift_y=&#8220;0&#8243; z_index=&#8220;0&#8243; style=&#8220;inherited&#8220;][vc_column width=&#8220;1\/1&#8243;][vc_raw_js]JTNDc2NyaXB0JTIwdHlwZSUzRCUyMnRleHQlMkZqYXZhc2NyaXB0JTIyJTNFJTIwJTBBJTIwalF1ZXJ5JTI4ZnVuY3Rpb24lMjglMjQlMjklMjAlN0IlMEElMDklMjAlMEF2YXIlMjAlMjRmaWx0ZXJCdXR0b25Hcm91cCUyMCUzRCUyMCUyNCUyOCUyNy5pc290b3BlLWZpbHRlcnMlMjclMjklM0IlMEF2YXIlMjAlMjRncmlkJTIwJTNEJTIwJTI0JTI4JTI3Lmlzb3RvcGUtY29udGFpbmVyJTI3JTI5Lmlzb3RvcGUlMjglN0IlMEElMDklMDlpdGVtU2VsZWN0b3IlM0ElMjAlMjcuZWxlbWVudC1pdGVtJTI3JTJDJTBBJTA5JTA5bGF5b3V0TW9kZSUzQSUyMCUyN2ZpdFJvd3MlMjclMEElMDklN0QlMjklM0IlMEElMEFmdW5jdGlvbiUyMGdldExpbmtGaWx0ZXIlMjglMjklMjAlN0IlMEElMDlsZXQlMjBxdWVyeVN0cmluZyUyMCUzRCUyMHdpbmRvdy5sb2NhdGlvbi5zZWFyY2guc3Vic3RyaW5nJTI4MSUyOS5zcGxpdCUyOCUyNyUyNiUyNyUyOSUwQSUyMCUyMC5tYXAlMjhwYXJhbSUyMCUzRCUzRSUyMHBhcmFtLnNwbGl0JTI4JTI3JTNEJTI3JTI5JTI5JTBBJTIwJTIwLnJlZHVjZSUyOCUyOHZhbHVlcyUyQyUyMCU1QiUyMGtleSUyQyUyMHZhbHVlJTIwJTVEJTI5JTIwJTNEJTNFJTIwJTdCJTBBJTIwJTIwJTIwJTIwdmFsdWVzJTVCJTIwa2V5JTIwJTVEJTIwJTNEJTIwdmFsdWUlMEElMjAlMjAlMjAlMjByZXR1cm4lMjB2YWx1ZXMlMEElMjAlMjAlN0QlMkMlMjAlN0IlN0QlMjklM0IlMEElMDlyZXR1cm4lMjBxdWVyeVN0cmluZyUzQiUwQSU3RCUwQSUwQSUwQWZ1bmN0aW9uJTIwcnVuRmlsdGVyJTI4ZmlsdGVyTmFtZSUyOSUyMCU3QiUwQSUwOXZhciUyMCUyNGZpbHRlck9wdGlvbiUyMCUzRCUyMCUyNGZpbHRlckJ1dHRvbkdyb3VwLmZpbmQlMjglMjclNUJkYXRhLWZpbHRlciUzRCUyMiUyNyUyMCUyQiUyMGZpbHRlck5hbWUlMjAlMkIlMjAlMjclMjIlNUQlMjclMjklM0IlMEElMDljb25zb2xlLmxvZyUyOCUyNGZpbHRlck9wdGlvbiUyOSUzQiUwQSUwOWlmJTI4JTI0ZmlsdGVyT3B0aW9uLmxlbmd0aCUyMCUzRSUyMDAlMjklMjAlN0IlMEElMDklMDklMjRncmlkLmlzb3RvcGUlMjglN0IlMjBmaWx0ZXIlM0ElMjAlMjcuJTI3JTIwJTJCJTIwZmlsdGVyTmFtZSUyMCU3RCUyOSUzQiUwQSUwOSUwOSUyNGZpbHRlckJ1dHRvbkdyb3VwLmZpbmQlMjglMjdsaSUyMGEuYWN0aXZlJTI3JTI5LnJlbW92ZUNsYXNzJTI4JTI3YWN0aXZlJTI3JTI5JTNCJTBBJTA5JTA5JTI0ZmlsdGVyT3B0aW9uLmFkZENsYXNzJTI4JTI3YWN0aXZlJTI3JTI5JTNCJTBBJTA5JTdEJTBBJTdEJTBBJTBBdmFyJTIwbGlua0ZpbHRlciUyMCUzRCUyMGdldExpbmtGaWx0ZXIlMjglMjklM0IlMEFpZiUyMCUyOCUyMGxpbmtGaWx0ZXIuZmlsdGVyJTIwJTI5JTIwJTdCJTA5JTBBJTA5cnVuRmlsdGVyJTI4bGlua0ZpbHRlci5maWx0ZXIlMjklM0IlMEElMjAlMjAlN0QlMjAlMEElMEElN0QlMjklM0IlMEElMEElMjAlM0MlMkZzY3JpcHQlM0U=[\/vc_raw_js][uncode_index el_id=&#8220;index-15588655905&#8243; isotope_mode=&#8220;fitRows&#8220; loop=&#8220;size:12|order_by:date|order:DESC|post_type:post&#8220; filtering=&#8220;yes&#8220; filtering_full_width=&#8220;yes&#8220; filtering_position=&#8220;center&#8220; filtering_uppercase=&#8220;yes&#8220; pagination=&#8220;yes&#8220; footer_full_width=&#8220;yes&#8220; gutter_size=&#8220;2&#8243; post_items=&#8220;media|featured|onpost|poster,category|colorbg|topright|display-icon,title,text|excerpt|160&#8243; page_items=&#8220;title,media,text,category&#8220; product_items=&#8220;title,media,text,category,price&#8220; portfolio_items=&#8220;title,media,text,category&#8220; screen_lg=&#8220;1000&#8243; screen_md=&#8220;900&#8243; screen_sm=&#8220;480&#8243; images_size=&#8220;three-two&#8220; single_back_color=&#8220;color-xsdn&#8220; single_shape=&#8220;round&#8220; single_overlay_opacity=&#8220;50&#8243; single_overlay_anim=&#8220;no&#8220; single_padding=&#8220;2&#8243; single_title_dimension=&#8220;h5&#8243; single_shadow=&#8220;yes&#8220; single_border=&#8220;yes&#8220; single_half_padding=&#8220;&#8220; single_title_bold=&#8220;yes&#8220; single_title_serif=&#8220;&#8220; single_title_divider=&#8220;&#8220; single_no_background=&#8220;&#8220; items=&#8220;eyIyMDUyMF9pIjp7InNpbmdsZV9sYXlvdXRfcG9zdF9pdGVtcyI6Im1lZGlhfGZlYXR1cmVkfG9ucG9zdHxwb3N0ZXIsY2F0ZWdvcnl8Y29sb3JiZ3x0b3ByaWdodHxkaXNwbGF5LWljb24sdGl0bGUsdGV4dHxleGNlcnB0LG1lZGlhfGZlYXR1cmVkfG9ucG9zdHxwb3N0ZXIsY2F0ZWdvcnl8Y29sb3JiZ3x0b3ByaWdodHxkaXNwbGF5LWljb24sdGl0bGUsdGV4dHxleGNlcnB0LG1lZGlhfGZlYXR1cmVkfG9ucG9zdHxwb3N0ZXIsY2F0ZWdvcnl8Y29sb3JiZ3x0b3ByaWdodHxkaXNwbGF5LWljb24sdGl0bGUsdGV4dHxleGNlcnB0IiwidGV4dF9sZW5ndGgiOiIxNjAifSwiODI4MjJfaSI6eyJzaW5nbGVfbGF5b3V0X3Bvc3RfaXRlbXMiOiJtZWRpYXxmZWF0dXJlZHxvbnBvc3R8cG9zdGVyLGNhdGVnb3J5fGNvbG9yYmd8dG9wcmlnaHR8ZGlzcGxheS1pY29uLHRpdGxlLHRleHR8ZXhjZXJwdCxtZWRpYXxmZWF0dXJlZHxvbnBvc3R8cG9zdGVyLGNhdGVnb3J5fGNvbG9yYmd8dG9wcmlnaHR8ZGlzcGxheS1pY29uLHRpdGxlLHRleHR8ZXhjZXJwdCIsInRleHRfbGVuZ3RoIjoiMTYwIn0sIjgyNzk5X2kiOnsidGV4dF9sZW5ndGgiOiIxNjAiLCJzaW5nbGVfbGF5b3V0X3Bvc3RfaXRlbXMiOiJtZWRpYXxmZWF0dXJlZHxvbnBvc3R8cG9zdGVyLGNhdGVnb3J5fGNvbG9yYmd8dG9wcmlnaHR8ZGlzcGxheS1pY29uLHRpdGxlLHRleHR8ZXhjZXJwdCxtZWRpYXxmZWF0dXJlZHxvbnBvc3R8cG9zdGVyLGNhdGVnb3J5fGNvbG9yYmd8dG9wcmlnaHR8ZGlzcGxheS1pY29uLHRpdGxlLHRleHR8ZXhjZXJwdCJ9LCI4MjgyNF9pIjp7InRleHRfbGVuZ3RoIjoiMTYwIiwic2luZ2xlX2xheW91dF9wb3N0X2l0ZW1zIjoibWVkaWF8ZmVhdHVyZWR8b25wb3N0fHBvc3RlcixjYXRlZ29yeXxjb2xvcmJnfHRvcHJpZ2h0fGRpc3BsYXktaWNvbix0aXRsZSx0ZXh0fGV4Y2VycHQifSwiODI4MjBfaSI6eyJ0ZXh0X2xlbmd0aCI6IjE2MCIsInNpbmdsZV9sYXlvdXRfcG9zdF9pdGVtcyI6Im1lZGlhfGZlYXR1cmVkfG9ucG9zdHxwb3N0ZXIsY2F0ZWdvcnl8Y29sb3JiZ3x0b3ByaWdodHxkaXNwbGF5LWljb24sdGl0bGUsdGV4dHxleGNlcnB0LG1lZGlhfGZlYXR1cmVkfG9ucG9zdHxwb3N0ZXIsY2F0ZWdvcnl8Y29sb3JiZ3x0b3ByaWdodHxkaXNwbGF5LWljb24sdGl0bGUsdGV4dHxleGNlcnB0In0sIjgyODE4X2kiOnsidGV4dF9sZW5ndGgiOiIxNjAiLCJzaW5nbGVfbGF5b3V0X3Bvc3RfaXRlbXMiOiJtZWRpYXxmZWF0dXJlZHxvbnBvc3R8cG9zdGVyLGNhdGVnb3J5fGNvbG9yYmd8dG9wcmlnaHR8ZGlzcGxheS1pY29uLHRpdGxlLHRleHR8ZXhjZXJwdCxtZWRpYXxmZWF0dXJlZHxvbnBvc3R8cG9zdGVyLGNhdGVnb3J5fGNvbG9yYmd8dG9wcmlnaHR8ZGlzcGxheS1pY29uLHRpdGxlLHRleHR8ZXhjZXJwdCxtZWRpYXxmZWF0dXJlZHxvbnBvc3R8cG9zdGVyLGNhdGVnb3J5fGNvbG9yYmd8dG9wcmlnaHR8ZGlzcGxheS1pY29uLHRpdGxlLHRleHR8ZXhjZXJwdCxtZWRpYXxmZWF0dXJlZHxvbnBvc3R8cG9zdGVyLGNhdGVnb3J5fGNvbG9yYmd8dG9wcmlnaHR8ZGlzcGxheS1pY29uLHRpdGxlLHRleHR8ZXhjZXJwdCxtZWRpYXxmZWF0dXJlZHxvbnBvc3R8cG9zdGVyLGNhdGVnb3J5fGNvbG9yYmd8dG9wcmlnaHR8ZGlzcGxheS1pY29uLHRpdGxlLHRleHR8ZXhjZXJwdCJ9fQ==&#8220; footer_position=&#8220;left&#8220; carousel_rtl=&#8220;&#8220; single_icon=&#8220;fa fa-plus2&#8243; filtering_transform=&#8220;uppercase&#8220; filter_all_text=&#8220;VSETKY KATEGORIE&#8220;][\/vc_column][\/vc_row]<\/p>\n<\/div>","protected":false},"excerpt":{"rendered":"<p>Preto\u017ee poskytovanie kvalitn\u00fdch v\u00fdrobkov nesta\u010d\u00ed, poskytujeme v\u00e1m najlep\u0161ie rady, ktor\u00e9 v\u00e1s preved\u00fa va\u0161ou cestou.<\/p>\n","protected":false},"author":3,"featured_media":0,"parent":0,"menu_order":0,"comment_status":"closed","ping_status":"closed","template":"","meta":{"footnotes":""},"class_list":["post-84162","page","type-page","status-publish","hentry"],"yoast_head":"<!-- This site is optimized with the Yoast SEO Premium plugin v27.5 (Yoast SEO v27.6) - https:\/\/yoast.com\/product\/yoast-seo-premium-wordpress\/ -->\n<title>O inkontinencii &#183; iD Ontex<\/title>\n<meta name=\"description\" content=\"Preto\u017ee poskytovanie kvalitn\u00fdch v\u00fdrobkov nesta\u010d\u00ed, poskytujeme v\u00e1m najlep\u0161ie rady, ktor\u00e9 v\u00e1s preved\u00fa va\u0161ou cestou.\" \/>\n<meta name=\"robots\" content=\"index, follow, max-snippet:-1, max-image-preview:large, max-video-preview:-1\" \/>\n<link rel=\"canonical\" href=\"https:\/\/id-ontex.com\/sk\/o-inkontinencii\/\" \/>\n<meta property=\"og:locale\" content=\"sk_SK\" \/>\n<meta property=\"og:type\" content=\"article\" \/>\n<meta property=\"og:title\" content=\"O inkontinencii\" \/>\n<meta property=\"og:description\" content=\"Preto\u017ee poskytovanie kvalitn\u00fdch v\u00fdrobkov nesta\u010d\u00ed, poskytujeme v\u00e1m najlep\u0161ie rady, ktor\u00e9 v\u00e1s preved\u00fa va\u0161ou cestou.\" \/>\n<meta property=\"og:url\" content=\"https:\/\/id-ontex.com\/sk\/o-inkontinencii\/\" \/>\n<meta property=\"og:site_name\" content=\"iD Ontex\" \/>\n<meta property=\"article:modified_time\" content=\"2021-03-04T22:52:41+00:00\" \/>\n<meta property=\"og:image\" content=\"https:\/\/id-ontex.com\/wp-content\/uploads\/2020\/12\/id-preview.jpg\" \/>\n\t<meta property=\"og:image:width\" content=\"825\" \/>\n\t<meta property=\"og:image:height\" content=\"549\" \/>\n\t<meta property=\"og:image:type\" content=\"image\/jpeg\" \/>\n<meta name=\"twitter:card\" content=\"summary_large_image\" \/>\n<meta name=\"twitter:label1\" content=\"Predpokladan\u00fd \u010das \u010d\u00edtania\" \/>\n\t<meta name=\"twitter:data1\" content=\"3 min\u00faty\" \/>\n<script type=\"application\/ld+json\" class=\"yoast-schema-graph\">{\"@context\":\"https:\\\/\\\/schema.org\",\"@graph\":[{\"@type\":\"WebPage\",\"@id\":\"https:\\\/\\\/id-ontex.com\\\/sk\\\/o-inkontinencii\\\/\",\"url\":\"https:\\\/\\\/id-ontex.com\\\/sk\\\/o-inkontinencii\\\/\",\"name\":\"O inkontinencii &#183; iD Ontex\",\"isPartOf\":{\"@id\":\"https:\\\/\\\/id-ontex.com\\\/#website\"},\"datePublished\":\"2020-12-28T23:45:12+00:00\",\"dateModified\":\"2021-03-04T22:52:41+00:00\",\"description\":\"Preto\u017ee poskytovanie kvalitn\u00fdch v\u00fdrobkov nesta\u010d\u00ed, poskytujeme v\u00e1m najlep\u0161ie rady, ktor\u00e9 v\u00e1s preved\u00fa va\u0161ou cestou.\",\"breadcrumb\":{\"@id\":\"https:\\\/\\\/id-ontex.com\\\/sk\\\/o-inkontinencii\\\/#breadcrumb\"},\"inLanguage\":\"sk-SK\",\"potentialAction\":[{\"@type\":\"ReadAction\",\"target\":[\"https:\\\/\\\/id-ontex.com\\\/sk\\\/o-inkontinencii\\\/\"]}]},{\"@type\":\"BreadcrumbList\",\"@id\":\"https:\\\/\\\/id-ontex.com\\\/sk\\\/o-inkontinencii\\\/#breadcrumb\",\"itemListElement\":[{\"@type\":\"ListItem\",\"position\":1,\"name\":\"\u00davod\",\"item\":\"https:\\\/\\\/id-ontex.com\\\/sk\\\/\"},{\"@type\":\"ListItem\",\"position\":2,\"name\":\"O inkontinencii\"}]},{\"@type\":\"WebSite\",\"@id\":\"https:\\\/\\\/id-ontex.com\\\/#website\",\"url\":\"https:\\\/\\\/id-ontex.com\\\/\",\"name\":\"iD Ontex\",\"description\":\"\",\"potentialAction\":[{\"@type\":\"SearchAction\",\"target\":{\"@type\":\"EntryPoint\",\"urlTemplate\":\"https:\\\/\\\/id-ontex.com\\\/?s={search_term_string}\"},\"query-input\":{\"@type\":\"PropertyValueSpecification\",\"valueRequired\":true,\"valueName\":\"search_term_string\"}}],\"inLanguage\":\"sk-SK\"}]}<\/script>\n<!-- \/ Yoast SEO Premium plugin. -->","yoast_head_json":{"title":"O inkontinencii &#183; iD Ontex","description":"Preto\u017ee poskytovanie kvalitn\u00fdch v\u00fdrobkov nesta\u010d\u00ed, poskytujeme v\u00e1m najlep\u0161ie rady, ktor\u00e9 v\u00e1s preved\u00fa va\u0161ou cestou.","robots":{"index":"index","follow":"follow","max-snippet":"max-snippet:-1","max-image-preview":"max-image-preview:large","max-video-preview":"max-video-preview:-1"},"canonical":"https:\/\/id-ontex.com\/sk\/o-inkontinencii\/","og_locale":"sk_SK","og_type":"article","og_title":"O inkontinencii","og_description":"Preto\u017ee poskytovanie kvalitn\u00fdch v\u00fdrobkov nesta\u010d\u00ed, poskytujeme v\u00e1m najlep\u0161ie rady, ktor\u00e9 v\u00e1s preved\u00fa va\u0161ou cestou.","og_url":"https:\/\/id-ontex.com\/sk\/o-inkontinencii\/","og_site_name":"iD Ontex","article_modified_time":"2021-03-04T22:52:41+00:00","og_image":[{"width":825,"height":549,"url":"https:\/\/id-ontex.com\/wp-content\/uploads\/2020\/12\/id-preview.jpg","type":"image\/jpeg"}],"twitter_card":"summary_large_image","twitter_misc":{"Predpokladan\u00fd \u010das \u010d\u00edtania":"3 min\u00faty"},"schema":{"@context":"https:\/\/schema.org","@graph":[{"@type":"WebPage","@id":"https:\/\/id-ontex.com\/sk\/o-inkontinencii\/","url":"https:\/\/id-ontex.com\/sk\/o-inkontinencii\/","name":"O inkontinencii &#183; iD Ontex","isPartOf":{"@id":"https:\/\/id-ontex.com\/#website"},"datePublished":"2020-12-28T23:45:12+00:00","dateModified":"2021-03-04T22:52:41+00:00","description":"Preto\u017ee poskytovanie kvalitn\u00fdch v\u00fdrobkov nesta\u010d\u00ed, poskytujeme v\u00e1m najlep\u0161ie rady, ktor\u00e9 v\u00e1s preved\u00fa va\u0161ou cestou.","breadcrumb":{"@id":"https:\/\/id-ontex.com\/sk\/o-inkontinencii\/#breadcrumb"},"inLanguage":"sk-SK","potentialAction":[{"@type":"ReadAction","target":["https:\/\/id-ontex.com\/sk\/o-inkontinencii\/"]}]},{"@type":"BreadcrumbList","@id":"https:\/\/id-ontex.com\/sk\/o-inkontinencii\/#breadcrumb","itemListElement":[{"@type":"ListItem","position":1,"name":"\u00davod","item":"https:\/\/id-ontex.com\/sk\/"},{"@type":"ListItem","position":2,"name":"O inkontinencii"}]},{"@type":"WebSite","@id":"https:\/\/id-ontex.com\/#website","url":"https:\/\/id-ontex.com\/","name":"iD Ontex","description":"","potentialAction":[{"@type":"SearchAction","target":{"@type":"EntryPoint","urlTemplate":"https:\/\/id-ontex.com\/?s={search_term_string}"},"query-input":{"@type":"PropertyValueSpecification","valueRequired":true,"valueName":"search_term_string"}}],"inLanguage":"sk-SK"}]}},"_links":{"self":[{"href":"https:\/\/id-ontex.com\/sk\/wp-json\/wp\/v2\/pages\/84162","targetHints":{"allow":["GET"]}}],"collection":[{"href":"https:\/\/id-ontex.com\/sk\/wp-json\/wp\/v2\/pages"}],"about":[{"href":"https:\/\/id-ontex.com\/sk\/wp-json\/wp\/v2\/types\/page"}],"author":[{"embeddable":true,"href":"https:\/\/id-ontex.com\/sk\/wp-json\/wp\/v2\/users\/3"}],"replies":[{"embeddable":true,"href":"https:\/\/id-ontex.com\/sk\/wp-json\/wp\/v2\/comments?post=84162"}],"version-history":[{"count":0,"href":"https:\/\/id-ontex.com\/sk\/wp-json\/wp\/v2\/pages\/84162\/revisions"}],"wp:attachment":[{"href":"https:\/\/id-ontex.com\/sk\/wp-json\/wp\/v2\/media?parent=84162"}],"curies":[{"name":"wp","href":"https:\/\/api.w.org\/{rel}","templated":true}]}}