{"id":85458,"date":"2021-08-02T14:27:38","date_gmt":"2021-08-02T12:27:38","guid":{"rendered":"https:\/\/id-ontex.com\/terms-of-use\/"},"modified":"2021-08-13T13:42:56","modified_gmt":"2021-08-13T11:42:56","slug":"ogolne-warunki-korzystania","status":"publish","type":"page","link":"https:\/\/id-ontex.com\/pl\/ogolne-warunki-korzystania\/","title":{"rendered":"Og\u00f3lne warunki korzystania"},"content":{"rendered":"<div class=\"wpb-content-wrapper\"><p>[vc_row][vc_column width=&#8221;1\/1&#8243;][vc_column_text]<\/p>\n<h2>Og\u00f3lne warunki korzystania<\/h2>\n<p><strong>Spis tre\u015bci<\/strong><\/p>\n<p>&#8211; Akceptacja i modyfikacja warunk\u00f3w korzystania<br \/>\n&#8211; Dost\u0119p do witryny &#8211; Tre\u015bci witryny<br \/>\n&#8211; Korzystanie z witryny<br \/>\n&#8211; Zakupy produkt\u00f3w w witrynie<br \/>\n&#8211; Prawa w\u0142asno\u015bci intelektualnej<br \/>\n&#8211; Linki do stron internetowych i us\u0142ug stron trzecich<br \/>\n&#8211; Czas trwania i wyga\u015bni\u0119cie<br \/>\n&#8211; Odpowiedzialno\u015b\u0107<br \/>\n&#8211; Kwestie og\u00f3lne<br \/>\n&#8211; Prawo w\u0142a\u015bciwe &#8211; Rozstrzyganie spor\u00f3w<\/p>\n<p><strong>Akceptacja i modyfikacja warunk\u00f3w korzystania<\/strong><\/p>\n<p>Niniejsze Warunki korzystania (\u201eWarunki korzystania\u201d) okre\u015blaj\u0105 ramy prawne dla dost\u0119pu i korzystania z witryny internetowej idontex.com (\u201eWitryny\u201d) b\u0119d\u0105cej w\u0142asno\u015bci\u0105 firmy Ontex BV, o numerze identyfikacji 0419.457.296, maj\u0105ca siedzib\u0119 w Genthof 5 9255 Buggenhout,(\u201eOntex\u201c alebo \u201emy\u201c). i zarz\u0105dzanej przez ni\u0105.<\/p>\n<p>Dost\u0119p i korzystanie z witryny s\u0105 uzale\u017cnione od zaakceptowania Warunk\u00f3w korzystania obowi\u0105zuj\u0105cych w momencie uzyskania dost\u0119pu do witryny, kt\u00f3re mog\u0105 by\u0107 zmienione w dowolnym momencie przez Ontex. W zwi\u0105zku z tym poprzez uzyskanie dost\u0119pu i korzystanie z witryny u\u017cytkownik akceptuje automatycznie Warunki korzystania jak r\u00f3wnie\u017c zmiany, kt\u00f3re wesz\u0142y w \u017cycie w momencie dost\u0119pu do witryny lub korzystania z niej. U\u017cytkownik zgadza si\u0119 tym samym na to, \u017ce taka akceptacja b\u0119dzie mie\u0107 tak\u0105 sam\u0105 warto\u015b\u0107 prawn\u0105 jak wyra\u017ana pisemna akceptacja. Je\u015bli nie zgadzasz si\u0119 z warunkami korzystania, nie przechod\u017a do witryny i nie korzystaj z niej. Prosimy o zapoznanie si\u0119 z Warunkami korzystania i z polityk\u0105 prywatno\u015bci, kt\u00f3ra jest dost\u0119pna <strong>tutaj<\/strong> przed rozpocz\u0119ciem korzystania z Witryny. Zalecamy przeczytanie Warunk\u00f3w korzystania za ka\u017cdym razem, gdy wchodzisz na witryn\u0119.<\/p>\n<p><strong>Dost\u0119p do witryny &#8211; Tre\u015bci witryny<\/strong><\/p>\n<p>Z zastrze\u017ceniem korzystania w pe\u0142nej zgodno\u015bci z Warunkami korzystania przyznajemy u\u017cytkownikowi osobiste, niewy\u0142\u0105czne, nieprzenoszalne i odwo\u0142ywalne prawo dost\u0119pu do tre\u015bci witryny i korzystania z niej (\u201eTre\u015bci\u201d) wy\u0142\u0105cznie w celu korzystania z witryny zgodnie z Warunkami korzystania. Wszystkie pozosta\u0142e prawa s\u0105 wyra\u017anie wykluczone.<br \/>\nOntex zastrzega sobie prawo do dodawania, usuwania lub modyfikowania tre\u015bci, do blokowania (czasowego lub sta\u0142ego) w dowolnym momencie dost\u0119pu do witryny lub wstrzymywania dzia\u0142ania witryny bez uprzedzenia w celu utrzymania i\/lub ulepszenia i\/lub modyfikacji witryny.<\/p>\n<p>U\u017cytkownik przyjmuje do wiadomo\u015bci, \u017ce mo\u017ce korzysta\u0107 z witryny tylko wtedy, gdy urz\u0105dzenie jest pod\u0142\u0105czone do Internetu. Op\u0142aty za po\u0142\u0105czenie lub dost\u0119p do niego naliczane w zwi\u0105zku z korzystaniem z witryny podlegaj\u0105 warunkom uzgodnionym z us\u0142ugodawc\u0105 internetowym lub operatorem sieci kom\u00f3rkowej. U\u017cytkownik zdaje sobie spraw\u0119 z ryzyka zwi\u0105zanego z korzystaniem z Internetu, w tym, bez ogranicze\u0144, z ryzyka zwi\u0105zanego z niedost\u0119pno\u015bci\u0105 witryny, brakiem poufno\u015bci lub utrat\u0105 integralno\u015bci przesy\u0142anych danych, potencjalnymi atakami wirus\u00f3w itp. Ontex dok\u0142ada wszelkich stara\u0144, aby wykluczy\u0107 wirusy z witryny, ale nie mo\u017ce zagwarantowa\u0107 ca\u0142kowitej ich nieobecno\u015bci lub bra\u0107 odpowiedzialno\u015b\u0107 z tego tytu\u0142u. Zalecamy podj\u0119cie wszelkich odpowiednich dzia\u0142a\u0144 przed korzystaniem z witryny i\/lub pobieraniem z niej informacji.<\/p>\n<p>Je\u015bli u\u017cytkownik zdecyduje si\u0119 zarejestrowa\u0107 w witrynie, zgadza si\u0119 nie ujawnia\u0107 has\u0142a, informacji o koncie i dost\u0119pu do witryny stronom trzecim. Konto jest osobiste i mo\u017cna utworzy\u0107 tylko jedno konto na osob\u0119. U\u017cytkownik jest odpowiedzialny za zachowanie w poufno\u015bci swojego has\u0142a i informacji o koncie. U\u017cytkownik jest odpowiedzialny za wszystkie czynno\u015bci wykonywane po zalogowaniu, wej\u015bciu na konto lub po uzyskaniu dost\u0119pu do witryny.<\/p>\n<p><strong>Korzystanie z witryny<\/strong><\/p>\n<p>U\u017cytkownik nie mo\u017ce uzyskiwa\u0107 dost\u0119pu do witryny lub korzysta\u0107 z niej w spos\u00f3b mog\u0105cy uszkodzi\u0107, unieszkodliwi\u0107, przeci\u0105\u017cy\u0107 lub naruszy\u0107 konta, systemy komputerowe lub sieci Ontex. Nie mo\u017ce podejmowa\u0107 pr\u00f3b uzyskania nieautoryzowanego dost\u0119pu do kont, system\u00f3w komputerowych lub sieci firmy Ontex. Nie mo\u017ce u\u017cywa\u0107 robot\u00f3w indeksuj\u0105cych (internetowych), program\u00f3w do screen scrapingu lub innych zautomatyzowanych \u015brodk\u00f3w dost\u0119pu do witryny lub do kont, system\u00f3w komputerowych lub sieci Ontex. U\u017cytkownik nie mo\u017ce uzyskiwa\u0107 dost\u0119pu, pobiera\u0107, wykorzystywa\u0107 ani eksportowa\u0107 witryny lub jej tre\u015bci z naruszeniem jakichkolwiek przepis\u00f3w eksportowych lub przepis\u00f3w prawa lub z naruszeniem jakichkolwiek innych obowi\u0105zuj\u0105cych przepis\u00f3w lub regulacji.<\/p>\n<p>Nie mo\u017ce (i nie autoryzowa\u0107 w tym celu os\u00f3b trzecich), bez ogranicze\u0144, (i) modyfikowa\u0107, odtwarza\u0107, dostosowywa\u0107 i\/lub t\u0142umaczy\u0107 ca\u0142o\u015bci lub cz\u0119\u015bci witryny i\/lub tre\u015bci; (ii) kopiowa\u0107 ca\u0142o\u015bci lub cz\u0119\u015bci witryny; lub (iii) publikowa\u0107 i\/lub wykorzystywa\u0107 tre\u015bci w innych witrynach, mediach czy sieciach.<\/p>\n<p>W przypadku publikowania tre\u015bci na witrynie przez u\u017cytkownika (zw\u0142aszcza, lecz nie wy\u0142\u0105cznie, odno\u015bnie produkt\u00f3w lub us\u0142ug \u015bwiadczonych przez Ontex) u\u017cytkownik zapewnia, \u017ce (i) jest posiadaczem wszystkich licencji, praw, akceptacji i uprawnie\u0144 do korzystania i autoryzowania firmy Ontex do korzystania z wszelkich praw autorskich, znak\u00f3w towarowych i innych praw w\u0142asno\u015bci dotycz\u0105cych publikacji oraz \u017ce (ii) uzyska\u0142 on pisemn\u0105 zgod\u0119 wszystkich mo\u017cliwych do zidentyfikowania os\u00f3b fizycznych, dla ka\u017cdej publikacji, na wykorzystanie nazwiska i wizerunku os\u00f3b wspomnianych w publikacji. U\u017cytkownik zgadza si\u0119 nie zamieszcza\u0107 publikacji, kt\u00f3re by\u0142yby nielegalne, niemoralne, obsceniczne, oszczercze, zawiera\u0142yby gro\u017aby, tre\u015bci pornograficzne, pedofilskie, rewizjonistyczne (zaprzeczaj\u0105ce istnieniu Holokaustu), zastraszaj\u0105ce, nienawistne, rasistowskie, obra\u017aliwe, pod\u017cegaj\u0105ce do przemocy politycznej, na tle rasowym lub ksenofobicznym, naruszaj\u0105ce jakiekolwiek prawo lub obowi\u0105zuj\u0105ce zasady lub w inny spos\u00f3b niew\u0142a\u015bciwe. Zamieszczaj\u0105c w witrynie publikacje, u\u017cytkownik udziela firmie Ontex prawo do u\u017cytkowania, powielania i przedstawienia ca\u0142o\u015bci lub cz\u0119\u015bci publikacji nieodp\u0142atnie, dla ca\u0142ego \u015bwiata, we wszystkich mediach, na okres obj\u0119ty prawami w\u0142asno\u015bci intelektualnej tych\u017ce publikacji, na potrzeby i w celach promocji witryny, a w szczeg\u00f3lno\u015bci w celach reklamowych lub komercyjnych.<\/p>\n<p><strong>Prawa w\u0142asno\u015bci intelektualnej<\/strong><\/p>\n<p>Witryna i jej tre\u015bci, wszelkie prawa autorskie, znaki towarowe, nazwy handlowe, wzory, obrazy, bazy danych, informacje, dane, teksty, d\u017awi\u0119ki, zdj\u0119cia i grafiki, a tak\u017ce ca\u0142y kod \u017ar\u00f3d\u0142owy, oprogramowanie i inna zawarto\u015b\u0107 s\u0105 w\u0142asno\u015bci\u0105 firmy Ontex lub jej licencjodawc\u00f3w i s\u0105 chronione prawami w\u0142asno\u015bci intelektualnej i innymi prawami w\u0142asno\u015bci, krajowymi i mi\u0119dzynarodowymi, w tym, bez ogranicze\u0144, prawami autorskimi i prawami pokrewnymi, prawami dotycz\u0105cymi baz danych, modeli, znak\u00f3w towarowych i nazw handlowych, patent\u00f3w itd. U\u017cytkownik zgadza si\u0119 nie wy\u015bwietla\u0107 ani nie u\u017cywa\u0107 w jakikolwiek spos\u00f3b logo ani znak\u00f3w towarowych firmy Ontex bez naszej uprzedniej pisemnej zgody.<br \/>\nDost\u0119p i korzystanie z witryny i\/lub tre\u015bci nie b\u0119d\u0105 interpretowane jako licencjonowanie kt\u00f3regokolwiek z tych praw w\u0142asno\u015bci intelektualnej. Zastrzegamy sobie wszelkie prawa do witryny i tre\u015bci, kt\u00f3re nie zosta\u0142y wyra\u017anie przyznane u\u017cytkownikowi.<\/p>\n<p>U\u017cytkownik mo\u017ce korzysta\u0107 z witryny i jej tre\u015bci wy\u0142\u0105cznie zgodnie z Warunkami korzystania.<br \/>\nJe\u015bli u\u017cytkownik korzysta z zawarto\u015bci witryny lub element\u00f3w, kt\u00f3rych Ontex jest w\u0142a\u015bcicielem lub licencjobiorc\u0105 bez zgody Ontex lub w spos\u00f3b niezgodny z Warunkami korzystania, jest mo\u017cliwe, \u017ce narusza nasze prawa w\u0142asno\u015bci intelektualnej lub prawa w\u0142asno\u015bci intelektualnej os\u00f3b trzecich, w tym, bez ogranicze\u0144, prawo autorskie i prawa pokrewnych, prawa do baz danych, wzor\u00f3w i modeli, znak\u00f3w towarowych i nazw handlowych, patent\u00f3w i inne prawa. W takich przypadkach zastrzegamy sobie prawo do automatycznego usuni\u0119cia i zastrze\u017cenia dost\u0119pu do witryny oraz do podj\u0119cia wszelkich \u015brodk\u00f3w uznanych za stosowne, aby zapobiec lub wstrzyma\u0107 naruszeniu praw w\u0142asno\u015bci intelektualnej oraz uzyska\u0107 zado\u015b\u0107uczynienie. \u017badne inne prawa nie s\u0105 licencjonowane, przypisywane lub w inny spos\u00f3b przekazywane osobom uzyskuj\u0105cym dost\u0119p do witryny i\/lub korzystaj\u0105cym z tre\u015bci.<\/p>\n<p><strong>Linki do stron internetowych i us\u0142ug stron trzecich<\/strong><\/p>\n<p>Strona zawiera hiper\u0142\u0105cza do witryn internetowych obs\u0142ugiwanych przez strony trzecie oraz odniesienia do innych \u017ar\u00f3de\u0142 informacji. Te linki i \u017ar\u00f3d\u0142a informacji s\u0142u\u017c\u0105 celom informacyjnym. Te witryny internetowe i informacje zawarte na tych stronach nie s\u0105 zarz\u0105dzane ani kontrolowane przez firm\u0119 Ontex. W zwi\u0105zku z tym, \u017ce nie mamy kontroli nad tymi us\u0142ugami, u\u017cytkownik uznaje i zgadza si\u0119, \u017ce nie jeste\u015bmy odpowiedzialni za: (i) dost\u0119pno\u015b\u0107, tre\u015b\u0107, dok\u0142adno\u015b\u0107, jako\u015b\u0107, reklam\u0119, produkty tych us\u0142ug zewn\u0119trznych i wszelkie inne elementy dost\u0119pne za po\u015brednictwem tych us\u0142ug, (ii) ochron\u0119 danych osobowych lub inne praktyki tych witryn internetowych.<\/p>\n<p><strong>Czas trwania i wyga\u015bni\u0119cie<\/strong><\/p>\n<p>Dop\u00f3ki u\u017cytkownik korzysta z witryny obowi\u0105zuj\u0105 go wobec nas Warunki korzystania.<br \/>\nJe\u015bli uznamy, \u017ce korzystanie z witryny jest nielegalne, nieuprawnione i\/lub narusza Warunki korzystania, zastrzegamy sobie prawo do podj\u0119cia wszelkich dzia\u0142a\u0144, w tym s\u0105dowych, jakie uznamy za konieczne, w celu zako\u0144czenia dost\u0119pu u\u017cytkownika do witryny.<\/p>\n<p><strong>Odpowiedzialno\u015b\u0107<\/strong><\/p>\n<p>Dane znajduj\u0105ce si\u0119 na witrynie, w szczeg\u00f3lno\u015bci zwi\u0105zane z dzia\u0142aniami marketingowymi i informacjami finansowymi firmy Ontex i\/lub jej filii s\u0105 dostarczane wy\u0142\u0105cznie w celach informacyjnych i nie stanowi\u0105 zobowi\u0105zania Ontex i\/lub jej firm stowarzyszonych.<br \/>\nKorzystanie z witryny i wszelkie decyzje podejmowane na podstawie danych i\/lub informacji podanych na witrynie b\u0119dzie si\u0119 odbywa\u0107 na wy\u0142\u0105czn\u0105 odpowiedzialno\u015b\u0107 u\u017cytkownika.<\/p>\n<p><strong>Kwestie og\u00f3lne<\/strong><\/p>\n<p>Warunki korzystania stanowi\u0105 integralne porozumienie mi\u0119dzy nami a u\u017cytkownikiem w zakresie przedmiotu umowy i zast\u0119puj\u0105 warunki jakiejkolwiek innego powiadomienia i\/lub reklamy dotycz\u0105cego witryny.<\/p>\n<p>Je\u017celi kt\u00f3rekolwiek z postanowie\u0144 Warunk\u00f3w korzystania zostanie uznane za nielegalne, niewa\u017cne lub niewykonalne przez s\u0105d lub w\u0142a\u015bciwy organ, niewa\u017cno\u015b\u0107 tego postanowienia nie ma wp\u0142ywu na wa\u017cno\u015b\u0107 pozosta\u0142ych postanowie\u0144 Warunk\u00f3w korzystania, kt\u00f3re pozostaj\u0105 obowi\u0105zuj\u0105ce.<\/p>\n<p>Niewywi\u0105zanie si\u0119 przez kt\u00f3r\u0105kolwiek ze stron z jakiegokolwiek prawa lub postanowienia Warunk\u00f3w korzystania nie oznacza zrzeczenia si\u0119 tego prawa lub postanowienia.<br \/>\nU\u017cytkownik zgadza si\u0119 zrekompensowa\u0107, zabezpiecza\u0107 i chroni\u0107 firm\u0119 Ontex i jej przedstawicieli, dyrektor\u00f3w, pracownik\u00f3w, podwykonawc\u00f3w i agent\u00f3w w zakresie wszelkich roszcze\u0144, dzia\u0142a\u0144, post\u0119powa\u0144 oraz wszelkich szk\u00f3d i koszt\u00f3w wynikaj\u0105cych z naruszenia Warunk\u00f3w korzystania.<\/p>\n<p><strong>Prawo w\u0142a\u015bciwe &#8211; Rozstrzyganie spor\u00f3w<\/strong><\/p>\n<p>Warunki u\u017cytkowania podlegaj\u0105 prawu niemieckiemu.<\/p>\n<p>W przypadku sporu u\u017cytkownik mo\u017ce skontaktowa\u0107 si\u0119 z obs\u0142ug\u0105 klienta Ontex, wysy\u0142aj\u0105c pisemn\u0105 skarg\u0119 na adres znajducy si\u0119 w zak\u0142adce kontakt tej Witryny w celu znalezienia polubownego rozwi\u0105zania sporu.<\/p>\n<p>U\u017cytkownik mo\u017ce r\u00f3wnie\u017c skorzysta\u0107 z us\u0142ugi internetowego rozstrzygania spor\u00f3w przewidzianej przez Komisj\u0119 Europejsk\u0105 na mocy artyku\u0142u 14 rozporz\u0105dzenia (UE) nr 524\/2013. Ta platforma jest dost\u0119pna pod nast\u0119puj\u0105cym linkiem: <a href=\"https:\/\/webgate.ec.europa.eu\/odr\/\">https:\/\/webgate.ec.europa.eu\/odr\/<\/a>.<\/p>\n<p>Wszelkie spory zwi\u0105zane z wyga\u015bni\u0119ciem, wa\u017cno\u015bci\u0105, interpretacj\u0105, realizacj\u0105 lub wypowiedzeniem Warunk\u00f3w korzystania podlegaj\u0105 jurysdykcji s\u0105d\u00f3w (i) siedziby Ontex lub (ii) miejsce zamieszkania u\u017cytkownika lub (iii) miejsca \u015bwiadczenia us\u0142ugi dost\u0119pu do witryny[\/vc_column_text][\/vc_column][\/vc_row]<\/p>\n<\/div>","protected":false},"excerpt":{"rendered":"<p>Niniejsze warunki u\u017cytkowania okre\u015blaj\u0105 ramy prawne reguluj\u0105ce dost\u0119p i korzystanie ze strony internetowej id-ontex.com.<\/p>\n","protected":false},"author":3,"featured_media":0,"parent":0,"menu_order":0,"comment_status":"closed","ping_status":"closed","template":"","meta":{"footnotes":""},"class_list":["post-85458","page","type-page","status-publish","hentry"],"yoast_head":"<!-- This site is optimized with the Yoast SEO Premium plugin v20.9 (Yoast SEO v27.3) - https:\/\/yoast.com\/product\/yoast-seo-premium-wordpress\/ -->\n<title>Og\u00f3lne warunki korzystania &#183; iD Ontex<\/title>\n<meta name=\"description\" content=\"Niniejsze warunki u\u017cytkowania okre\u015blaj\u0105 ramy prawne reguluj\u0105ce dost\u0119p i korzystanie ze strony internetowej id-ontex.com.\" \/>\n<meta name=\"robots\" content=\"index, follow, max-snippet:-1, max-image-preview:large, max-video-preview:-1\" \/>\n<link rel=\"canonical\" href=\"https:\/\/id-ontex.com\/pl\/ogolne-warunki-korzystania\/\" \/>\n<meta property=\"og:locale\" content=\"pl_PL\" \/>\n<meta property=\"og:type\" content=\"article\" \/>\n<meta property=\"og:title\" content=\"Og\u00f3lne warunki korzystania\" \/>\n<meta property=\"og:description\" content=\"Niniejsze warunki u\u017cytkowania okre\u015blaj\u0105 ramy prawne reguluj\u0105ce dost\u0119p i korzystanie ze strony internetowej id-ontex.com.\" \/>\n<meta property=\"og:url\" content=\"https:\/\/id-ontex.com\/pl\/ogolne-warunki-korzystania\/\" \/>\n<meta property=\"og:site_name\" content=\"iD Ontex\" \/>\n<meta property=\"article:modified_time\" content=\"2021-08-13T11:42:56+00:00\" \/>\n<meta property=\"og:image\" content=\"https:\/\/id-ontex.com\/wp-content\/uploads\/2020\/12\/id-preview.jpg\" \/>\n\t<meta property=\"og:image:width\" content=\"825\" \/>\n\t<meta property=\"og:image:height\" content=\"549\" \/>\n\t<meta property=\"og:image:type\" content=\"image\/jpeg\" \/>\n<meta name=\"twitter:card\" content=\"summary_large_image\" \/>\n<meta name=\"twitter:label1\" content=\"Szacowany czas czytania\" \/>\n\t<meta name=\"twitter:data1\" content=\"9 minut\" \/>\n<script type=\"application\/ld+json\" class=\"yoast-schema-graph\">{\"@context\":\"https:\\\/\\\/schema.org\",\"@graph\":[{\"@type\":\"WebPage\",\"@id\":\"https:\\\/\\\/id-ontex.com\\\/pl\\\/ogolne-warunki-korzystania\\\/\",\"url\":\"https:\\\/\\\/id-ontex.com\\\/pl\\\/ogolne-warunki-korzystania\\\/\",\"name\":\"Og\u00f3lne warunki korzystania &#183; iD Ontex\",\"isPartOf\":{\"@id\":\"https:\\\/\\\/id-ontex.com\\\/#website\"},\"datePublished\":\"2021-08-02T12:27:38+00:00\",\"dateModified\":\"2021-08-13T11:42:56+00:00\",\"description\":\"Niniejsze warunki u\u017cytkowania okre\u015blaj\u0105 ramy prawne reguluj\u0105ce dost\u0119p i korzystanie ze strony internetowej id-ontex.com.\",\"breadcrumb\":{\"@id\":\"https:\\\/\\\/id-ontex.com\\\/pl\\\/ogolne-warunki-korzystania\\\/#breadcrumb\"},\"inLanguage\":\"pl-PL\",\"potentialAction\":[{\"@type\":\"ReadAction\",\"target\":[\"https:\\\/\\\/id-ontex.com\\\/pl\\\/ogolne-warunki-korzystania\\\/\"]}]},{\"@type\":\"BreadcrumbList\",\"@id\":\"https:\\\/\\\/id-ontex.com\\\/pl\\\/ogolne-warunki-korzystania\\\/#breadcrumb\",\"itemListElement\":[{\"@type\":\"ListItem\",\"position\":1,\"name\":\"Home\",\"item\":\"https:\\\/\\\/id-ontex.com\\\/pl\\\/\"},{\"@type\":\"ListItem\",\"position\":2,\"name\":\"Og\u00f3lne warunki korzystania\"}]},{\"@type\":\"WebSite\",\"@id\":\"https:\\\/\\\/id-ontex.com\\\/#website\",\"url\":\"https:\\\/\\\/id-ontex.com\\\/\",\"name\":\"iD Ontex\",\"description\":\"\",\"potentialAction\":[{\"@type\":\"SearchAction\",\"target\":{\"@type\":\"EntryPoint\",\"urlTemplate\":\"https:\\\/\\\/id-ontex.com\\\/?s={search_term_string}\"},\"query-input\":{\"@type\":\"PropertyValueSpecification\",\"valueRequired\":true,\"valueName\":\"search_term_string\"}}],\"inLanguage\":\"pl-PL\"}]}<\/script>\n<!-- \/ Yoast SEO Premium plugin. -->","yoast_head_json":{"title":"Og\u00f3lne warunki korzystania &#183; iD Ontex","description":"Niniejsze warunki u\u017cytkowania okre\u015blaj\u0105 ramy prawne reguluj\u0105ce dost\u0119p i korzystanie ze strony internetowej id-ontex.com.","robots":{"index":"index","follow":"follow","max-snippet":"max-snippet:-1","max-image-preview":"max-image-preview:large","max-video-preview":"max-video-preview:-1"},"canonical":"https:\/\/id-ontex.com\/pl\/ogolne-warunki-korzystania\/","og_locale":"pl_PL","og_type":"article","og_title":"Og\u00f3lne warunki korzystania","og_description":"Niniejsze warunki u\u017cytkowania okre\u015blaj\u0105 ramy prawne reguluj\u0105ce dost\u0119p i korzystanie ze strony internetowej id-ontex.com.","og_url":"https:\/\/id-ontex.com\/pl\/ogolne-warunki-korzystania\/","og_site_name":"iD Ontex","article_modified_time":"2021-08-13T11:42:56+00:00","og_image":[{"width":825,"height":549,"url":"https:\/\/id-ontex.com\/wp-content\/uploads\/2020\/12\/id-preview.jpg","type":"image\/jpeg"}],"twitter_card":"summary_large_image","twitter_misc":{"Szacowany czas czytania":"9 minut"},"schema":{"@context":"https:\/\/schema.org","@graph":[{"@type":"WebPage","@id":"https:\/\/id-ontex.com\/pl\/ogolne-warunki-korzystania\/","url":"https:\/\/id-ontex.com\/pl\/ogolne-warunki-korzystania\/","name":"Og\u00f3lne warunki korzystania &#183; iD Ontex","isPartOf":{"@id":"https:\/\/id-ontex.com\/#website"},"datePublished":"2021-08-02T12:27:38+00:00","dateModified":"2021-08-13T11:42:56+00:00","description":"Niniejsze warunki u\u017cytkowania okre\u015blaj\u0105 ramy prawne reguluj\u0105ce dost\u0119p i korzystanie ze strony internetowej id-ontex.com.","breadcrumb":{"@id":"https:\/\/id-ontex.com\/pl\/ogolne-warunki-korzystania\/#breadcrumb"},"inLanguage":"pl-PL","potentialAction":[{"@type":"ReadAction","target":["https:\/\/id-ontex.com\/pl\/ogolne-warunki-korzystania\/"]}]},{"@type":"BreadcrumbList","@id":"https:\/\/id-ontex.com\/pl\/ogolne-warunki-korzystania\/#breadcrumb","itemListElement":[{"@type":"ListItem","position":1,"name":"Home","item":"https:\/\/id-ontex.com\/pl\/"},{"@type":"ListItem","position":2,"name":"Og\u00f3lne warunki korzystania"}]},{"@type":"WebSite","@id":"https:\/\/id-ontex.com\/#website","url":"https:\/\/id-ontex.com\/","name":"iD Ontex","description":"","potentialAction":[{"@type":"SearchAction","target":{"@type":"EntryPoint","urlTemplate":"https:\/\/id-ontex.com\/?s={search_term_string}"},"query-input":{"@type":"PropertyValueSpecification","valueRequired":true,"valueName":"search_term_string"}}],"inLanguage":"pl-PL"}]}},"_links":{"self":[{"href":"https:\/\/id-ontex.com\/pl\/wp-json\/wp\/v2\/pages\/85458","targetHints":{"allow":["GET"]}}],"collection":[{"href":"https:\/\/id-ontex.com\/pl\/wp-json\/wp\/v2\/pages"}],"about":[{"href":"https:\/\/id-ontex.com\/pl\/wp-json\/wp\/v2\/types\/page"}],"author":[{"embeddable":true,"href":"https:\/\/id-ontex.com\/pl\/wp-json\/wp\/v2\/users\/3"}],"replies":[{"embeddable":true,"href":"https:\/\/id-ontex.com\/pl\/wp-json\/wp\/v2\/comments?post=85458"}],"version-history":[{"count":0,"href":"https:\/\/id-ontex.com\/pl\/wp-json\/wp\/v2\/pages\/85458\/revisions"}],"wp:attachment":[{"href":"https:\/\/id-ontex.com\/pl\/wp-json\/wp\/v2\/media?parent=85458"}],"curies":[{"name":"wp","href":"https:\/\/api.w.org\/{rel}","templated":true}]}}