{"id":85452,"date":"2021-08-02T13:58:57","date_gmt":"2021-08-02T11:58:57","guid":{"rendered":"https:\/\/id-ontex.com\/cookies-policy\/"},"modified":"2022-06-07T14:08:20","modified_gmt":"2022-06-07T12:08:20","slug":"polityka-dotyczaca-plikow-cookie","status":"publish","type":"page","link":"https:\/\/id-ontex.com\/pl\/polityka-dotyczaca-plikow-cookie\/","title":{"rendered":"Polityka dotycz\u0105ca plik\u00f3w cookie"},"content":{"rendered":"<div class=\"wpb-content-wrapper\"><p>[vc_row][vc_column][vc_column_text uncode_shortcode_id=&#8221;152271&#8243;]<\/p>\n<h2>Polityka dotycz\u0105ca plik\u00f3w cookie<\/h2>\n<p>Ostatnia aktualizacja: 17\/09\/2020<\/p>\n<p>&nbsp;<\/p>\n<p>Szanujemy prywatno\u015b\u0107 odwiedzaj\u0105cych korzystaj\u0105cych z serwisu orizon-solutions.com (nasza \u201estrona internetowa\u201d). Niniejsza polityka dotycz\u0105ca plik\u00f3w cookie zapewnia jasne i wyczerpuj\u0105ce informacje na temat u\u017cywanych przez nas plik\u00f3w cookie oraz cel\u00f3w ich u\u017cywania.<\/p>\n<p><strong>(a) Co to s\u0105 pliki cookie?<\/strong><\/p>\n<p>Pliki cookie to pliki lub fragmenty informacji, kt\u00f3re mog\u0105 by\u0107 przechowywane na Twoim komputerze (lub innych urz\u0105dzeniach z dost\u0119pem do Internetu, takich jak smartfon lub tablet), gdy odwiedzasz t\u0119 Witryn\u0119. Plik cookie zazwyczaj b\u0119dzie zawiera\u0142 nazw\u0119 strony internetowej, z kt\u00f3rej pochodzi plik cookie, \u201eczas \u017cycia\u201d pliku cookie (tj. jak d\u0142ugo plik cookie pozostanie na Twoim urz\u0105dzeniu) oraz warto\u015b\u0107, kt\u00f3ra zazwyczaj jest losowo wygenerowanym unikalnym numerem . Mo\u017cesz zmieni\u0107 ustawienia dotycz\u0105ce plik\u00f3w cookie, kt\u00f3re b\u0119d\u0105 umieszczane podczas odwiedzania naszej strony internetowej, zmieniaj\u0105c ustawienia w przegl\u0105darce lub odwiedzaj\u0105c Centrum preferencji plik\u00f3w cookie, klikaj\u0105c przycisk Cookie.<\/p>\n<p>Pliki cookie mog\u0105 by\u0107 wykorzystywane przez serwery internetowe do identyfikacji i \u015bledzenia u\u017cytkownik\u00f3w, kt\u00f3rzy poruszaj\u0105 si\u0119 po r\u00f3\u017cnych stronach witryny oraz identyfikowania u\u017cytkownik\u00f3w powracaj\u0105cych do witryny. Pliki cookie nie zawieraj\u0105 \u017cadnych informacji umo\u017cliwiaj\u0105cych identyfikacj\u0119 u\u017cytkownika, ale dane osobowe, kt\u00f3re Ontex przechowuje o Tobie, mog\u0105 by\u0107 powi\u0105zane z informacjami przechowywanymi w plikach cookie i uzyskiwanymi z nich. Aby uzyska\u0107 wi\u0119cej informacji na temat przetwarzania danych osobowych, zapoznaj si\u0119 z naszym <a href=\"\/pl\/polityka-prywatnosci\/\">Polityka prywatno\u015bci<\/a>.<\/p>\n<p><strong>(b) Kluczowe idee<\/strong><\/p>\n<p><strong>W\u0142asne i zewn\u0119trzne pliki cookie<\/strong>:czy plik cookie jest \u201epierwszy\u201d czy \u201etrzeci\u201d odnosi si\u0119 do domeny umieszczaj\u0105cej plik cookie. W\u0142asne pliki cookie to te, kt\u00f3re s\u0105 ustawiane przez witryn\u0119 internetow\u0105, kt\u00f3ra jest w danym momencie odwiedzana przez u\u017cytkownika.<\/p>\n<p><strong>Pliki cookie stron trzecich<\/strong>\u00a0to pliki cookie, kt\u00f3re s\u0105 ustawiane przez domen\u0119 inn\u0105 ni\u017c domena odwiedzanej przez u\u017cytkownika witryny. Je\u015bli u\u017cytkownik odwiedza witryn\u0119 internetow\u0105, a inny podmiot ustawia plik cookie za po\u015brednictwem tej witryny, b\u0119dzie to plik cookie strony trzeciej.<\/p>\n<p><strong>Trwa\u0142e pliki cookie<\/strong>: te pliki cookie pozostaj\u0105 na urz\u0105dzeniu u\u017cytkownika przez czas okre\u015blony w pliku cookie. S\u0105 one aktywowane za ka\u017cdym razem, gdy u\u017cytkownik odwiedza witryn\u0119 internetow\u0105, kt\u00f3ra utworzy\u0142a ten konkretny plik cookie. Pozostan\u0105 wa\u017cne do ustalonej daty wyga\u015bni\u0119cia (o ile nie zostan\u0105 usuni\u0119te przez u\u017cytkownika przed dat\u0105 wyga\u015bni\u0119cia)<\/p>\n<p><strong>Sesyjne pliki cookie<\/strong>: te pliki cookie umo\u017cliwiaj\u0105 operatorom witryn powi\u0105zanie dzia\u0142a\u0144 u\u017cytkownika podczas sesji przegl\u0105darki. Sesja przegl\u0105darki rozpoczyna si\u0119, gdy u\u017cytkownik otwiera okno przegl\u0105darki i ko\u0144czy, gdy zamyka okno przegl\u0105darki. Pliki cookie sesji s\u0105 tworzone tymczasowo. Po zamkni\u0119ciu przegl\u0105darki wszystkie sesyjne pliki cookie s\u0105 usuwane.<\/p>\n<p><strong>(c) Jakie rodzaje plik\u00f3w cookies wykorzystuje Serwis i do jakich cel\u00f3w?<\/strong><\/p>\n<p>Pliki cookie u\u017cywane na naszej stronie s\u0105 podzielone na nast\u0119puj\u0105ce kategorie:<\/p>\n<ul>\n<li>Niezb\u0119dne pliki cookie;<\/li>\n<li>Funkcjonalne pliki cookie;<\/li>\n<li>Wydajno\u015bciowe pliki cookie;<\/li>\n<li>Analityczne pliki cookie;<\/li>\n<li>Reklamowe pliki cookie.<\/li>\n<\/ul>\n<p>Poni\u017csze tabele podsumowuj\u0105 r\u00f3\u017cne rodzaje plik\u00f3w cookie wykorzystywanych przez ONTEX w Witrynie, wraz z ich celami i czasem trwania.<\/p>\n<p>ONTEX korzysta z wielu dostawc\u00f3w, kt\u00f3rzy mog\u0105 r\u00f3wnie\u017c umieszcza\u0107 pliki cookie na Twoim urz\u0105dzeniu w naszym imieniu, gdy odwiedzasz Witryn\u0119, aby umo\u017cliwi\u0107 im \u015bwiadczenie us\u0142ug, kt\u00f3re \u015bwiadcz\u0105. Je\u015bli chcesz uzyska\u0107 wi\u0119cej informacji na temat tych plik\u00f3w cookie, a tak\u017ce informacje o tym, jak zrezygnowa\u0107 z otrzymywania takich plik\u00f3w cookie, zapoznaj si\u0119 z ich polityk\u0105 prywatno\u015bci wymienion\u0105 poni\u017cej.<\/p>\n<p>Gdy odwiedzasz Witryn\u0119, mo\u017cesz otrzymywa\u0107 pliki cookie z witryn lub domen os\u00f3b trzecich. ONTEX nie kontroluje umieszczania tych plik\u00f3w cookie i nale\u017cy sprawdzi\u0107 witryn\u0119 internetow\u0105 odpowiedniej strony trzeciej, aby uzyska\u0107 wi\u0119cej informacji na temat tych plik\u00f3w cookie. W\u0142a\u015bciwa strona trzecia jest odpowiedzialna za dostarczenie Ci informacji dotycz\u0105cych umieszczanych przez siebie plik\u00f3w cookie i uzyskanie Twojej zgody przed umieszczeniem plik\u00f3w cookie na Twoim urz\u0105dzeniu.<\/p>\n<p><em>1. Analityczne pliki cookie<\/em>[\/vc_column_text][vc_raw_html]JTNDZGl2JTIwY2xhc3MlM0QlMjJjdXN0b20tY29va2llLXRhYmxlJTIyJTNFJTBBJTNDZGl2JTIwY2xhc3MlM0QlMjJjdXN0b20tY29va2llLWhlYWRlcnMlMjBjdXN0b20tY29va2llLXJvdyUyMiUzRSUwQSUzQ2RpdiUzRU5hendhJTIwcGxpa3UlMjBjb29raWUlM0MlMkZkaXYlM0UlMEElM0NkaXYlM0VDZWwlMjBwbGlrdSUyMGNvb2tpZSUzQyUyRmRpdiUzRSUwQSUzQ2RpdiUzRUN6YXMlMjB0cndhbmlhJTIwcGxpayVDMyVCM3clMjBjb29raWUlM0MlMkZkaXYlM0UlMEElM0MlMkZkaXYlM0UlMEElMEElM0NkaXYlMjBjbGFzcyUzRCUyMmN1c3RvbS1jb29raWUtcm93JTIyJTNFJTBBJTNDZGl2JTIwY2xhc3MlM0QlMjJjb29raWUtbmFtZSUyMiUzRV9nYSUzQyUyRmRpdiUzRSUwQSUzQ2RpdiUyMGNsYXNzJTNEJTIyY29va2llLXB1cnBvc2UlMjIlM0VUbyUyMGplc3QlMjBnJUM1JTgyJUMzJUIzd255JTIwcGxpayUyMGNvb2tpZSUyMHUlQzUlQkN5d2FueSUyMHByemV6JTIwR29vZ2xlJTIwQW5hbHl0aWNzLiUyMFBvendhbGElMjBuYSUyMG9kciVDMyVCMyVDNSVCQ25pZW5pZSUyMHVzJUM1JTgydWdpJTIwb2QlMjBqZWRuZWdvJTIwdSVDNSVCQ3l0a293bmlrYSUyMGklMjB0cndhJTIwMiUyMGxhdGEuJTIwSmVzdCUyMHUlQzUlQkN5d2FueSUyMHByemV6JTIwa2ElQzUlQkNkJUM0JTg1JTIwd2l0cnluJUM0JTk5JTJDJTIwa3QlQzMlQjNyYSUyMGltcGxlbWVudHVqZSUyMEdvb2dsZSUyMEFuYWx5dGljcyUyQyUyMHclMjB0eW0lMjB1cyVDNSU4MnVnaSUyMEdvb2dsZS4lM0MlMkZkaXYlM0UlMEElM0NkaXYlMjBjbGFzcyUzRCUyMmNvb2tpZS1kdXJhdGlvbiUyMiUzRTIlMjBsYXRhJTNDJTJGZGl2JTNFJTBBJTNDJTJGZGl2JTNFJTBBJTBBJTNDZGl2JTIwY2xhc3MlM0QlMjJjdXN0b20tY29va2llLXJvdyUyMiUzRSUwQSUzQ2RpdiUyMGNsYXNzJTNEJTIyY29va2llLW5hbWUlMjIlM0VfZ2F0JTNDJTJGZGl2JTNFJTBBJTNDZGl2JTIwY2xhc3MlM0QlMjJjb29raWUtcHVycG9zZSUyMiUzRVMlQzUlODJ1JUM1JUJDeSUyMGRvJTIwb2dyYW5pY3phbmlhJTIwc3p5YmtvJUM1JTlCY2klMjAlQzUlQkMlQzQlODVkYSVDNSU4NC4lMjBKZSVDNSU5QmxpJTIwdXMlQzUlODJ1Z2ElMjBHb29nbGUlMjBBbmFseXRpY3MlMjB6b3N0YW5pZSUyMHdkcm8lQzUlQkNvbmElMjB6YSUyMHBvJUM1JTlCcmVkbmljdHdlbSUyME1lbmVkJUM1JUJDZXJhJTIwdGFnJUMzJUIzdyUyMEdvb2dsZSUyQyUyMHRlbiUyMHBsaWslMjBjb29raWUlMjB6b3N0YW5pZSUyMG5hendhbnklMjBfZGNfZ3RtXy4lM0MlMkZkaXYlM0UlMEElM0NkaXYlMjBjbGFzcyUzRCUyMmNvb2tpZS1kdXJhdGlvbiUyMiUzRTElMjBkemllJUM1JTg0JTNDJTJGZGl2JTNFJTBBJTNDJTJGZGl2JTNFJTBBJTBBJTNDZGl2JTIwY2xhc3MlM0QlMjJjdXN0b20tY29va2llLXJvdyUyMiUzRSUwQSUzQ2RpdiUyMGNsYXNzJTNEJTIyY29va2llLW5hbWUlMjIlM0VfdXRtYiUzQyUyRmRpdiUzRSUwQSUzQ2RpdiUyMGNsYXNzJTNEJTIyY29va2llLXB1cnBvc2UlMjIlM0VUZW4lMjBwbGlrJTIwY29va2llJTIwcyVDNSU4MnUlQzUlQkN5JTIwZG8lMjB0d29yemVuaWElMjBpJTIwa29udHludW93YW5pYSUyMHNlc2ppJTIwdSVDNSVCQ3l0a293bmlrYS4lM0MlMkZkaXYlM0UlMEElM0NkaXYlMjBjbGFzcyUzRCUyMmNvb2tpZS1kdXJhdGlvbiUyMiUzRVNlc2phJTNDJTJGZGl2JTNFJTBBJTNDJTJGZGl2JTNFJTBBJTBBJTBBJTNDZGl2JTIwY2xhc3MlM0QlMjJjdXN0b20tY29va2llLXJvdyUyMiUzRSUwQSUzQ2RpdiUyMGNsYXNzJTNEJTIyY29va2llLW5hbWUlMjIlM0VfdXRtYyUzQyUyRmRpdiUzRSUwQSUzQ2RpdiUyMGNsYXNzJTNEJTIyY29va2llLXB1cnBvc2UlMjIlM0VUZW4lMjBwbGlrJTIwY29va2llJTIwcyVDNSU4MnUlQzUlQkN5JTIwZG8lMjBva3JlJUM1JTlCbGVuaWElMkMlMjBjenklMjBuYWxlJUM1JUJDeSUyMHV0d29yenklQzQlODclMjBub3clQzQlODUlMjBzZXNqJUM0JTk5JTIwZGxhJTIwdSVDNSVCQ3l0a293bmlrYS4lM0MlMkZkaXYlM0UlMEElM0NkaXYlMjBjbGFzcyUzRCUyMmNvb2tpZS1kdXJhdGlvbiUyMiUzRVNlc2phJTNDJTJGZGl2JTNFJTBBJTNDJTJGZGl2JTNFJTBBJTBBJTNDZGl2JTIwY2xhc3MlM0QlMjJjdXN0b20tY29va2llLXJvdyUyMiUzRSUwQSUzQ2RpdiUyMGNsYXNzJTNEJTIyY29va2llLW5hbWUlMjIlM0VfdXRtdCUzQyUyRmRpdiUzRSUwQSUzQ2RpdiUyMGNsYXNzJTNEJTIyY29va2llLXB1cnBvc2UlMjIlM0VUZW4lMjBwbGlrJTIwY29va2llJTIwcyVDNSU4MnUlQzUlQkN5JTIwZG8lMjB3c2themFuaWElMjByb2R6YWp1JTIwJUM1JUJDJUM0JTg1ZGFuaWEuJTNDJTJGZGl2JTNFJTBBJTNDZGl2JTIwY2xhc3MlM0QlMjJjb29raWUtZHVyYXRpb24lMjIlM0VTZXNqYSUzQyUyRmRpdiUzRSUwQSUzQyUyRmRpdiUzRSUwQSUwQSUzQ2RpdiUyMGNsYXNzJTNEJTIyY3VzdG9tLWNvb2tpZS1yb3clMjIlM0UlMEElM0NkaXYlMjBjbGFzcyUzRCUyMmNvb2tpZS1uYW1lJTIyJTNFX3V0bXolM0MlMkZkaXYlM0UlMEElM0NkaXYlMjBjbGFzcyUzRCUyMmNvb2tpZS1wdXJwb3NlJTIyJTNFVGVuJTIwcGxpayUyMGNvb2tpZSUyMHMlQzUlODJ1JUM1JUJDeSUyMGRvJTIwcHJ6ZWNob3d5d2FuaWElMjByb2R6YWp1JTIwb3JpZW50YWNqaSUyQyUyMHolMjBrdCVDMyVCM3JlaiUyMGtvcnp5c3RhJTIwb2R3aWVkemFqJUM0JTg1Y3klMkMlMjBhYnklMjBkb3RyemUlQzQlODclMjBkbyUyMHdpdHJ5bnkuJTNDJTJGZGl2JTNFJTBBJTNDZGl2JTIwY2xhc3MlM0QlMjJjb29raWUtZHVyYXRpb24lMjIlM0U2JTIwbWllc2klQzQlOTljeSUzQyUyRmRpdiUzRSUwQSUzQyUyRmRpdiUzRSUwQSUzQyUyRmRpdiUzRQ==[\/vc_raw_html][vc_column_text uncode_shortcode_id=&#8221;988685&#8243;]<em>2. Pliki cookie wydajno\u015bci<\/em>[\/vc_column_text][vc_raw_html]JTNDZGl2JTIwY2xhc3MlM0QlMjJjdXN0b20tY29va2llLXRhYmxlJTIyJTNFJTBBJTNDZGl2JTIwY2xhc3MlM0QlMjJjdXN0b20tY29va2llLWhlYWRlcnMlMjBjdXN0b20tY29va2llLXJvdyUyMiUzRSUwQSUzQ2RpdiUzRU5hendhJTIwcGxpa3UlMjBjb29raWUlM0MlMkZkaXYlM0UlMEElM0NkaXYlM0VDZWwlMjBwbGlrdSUyMGNvb2tpZSUzQyUyRmRpdiUzRSUwQSUzQ2RpdiUzRUN6YXMlMjB0cndhbmlhJTIwcGxpayVDMyVCM3clMjBjb29raWUlM0MlMkZkaXYlM0UlMEElM0MlMkZkaXYlM0UlMEElMEElMEElM0NkaXYlMjBjbGFzcyUzRCUyMmN1c3RvbS1jb29raWUtcm93JTIyJTNFJTBBJTNDZGl2JTIwY2xhc3MlM0QlMjJjb29raWUtbmFtZSUyMiUzRV9oamlkJTNDJTJGZGl2JTNFJTBBJTNDZGl2JTIwY2xhc3MlM0QlMjJjb29raWUtcHVycG9zZSUyMiUzRVBsaWslMjBjb29raWUlMjBIb3RqYXIlMjB1c3Rhd2lhbnklMkMlMjBnZHklMjBrbGllbnQlMjBwbyUyMHJheiUyMHBpZXJ3c3p5JTIwdXp5c2t1amUlMjBkb3N0JUM0JTk5cCUyMGRvJTIwc3Ryb255JTIwemUlMjBza3J5cHRlbSUyMEhvdGphci4lMjBTJUM1JTgydSVDNSVCQ3klMjBkbyUyMHByemVjaG93eXdhbmlhJTIwaWRlbnR5ZmlrYXRvcmElMjB1JUM1JUJDeXRrb3duaWthJTIwSG90amFyJTIwdW5pa2FsbmVnbyUyMGRsYSUyMHRlaiUyMHdpdHJ5bnklMjB3JTIwcHJ6ZWdsJUM0JTg1ZGFyY2UuJTIwR3dhcmFudHVqZSUyMHRvJTJDJTIwJUM1JUJDZSUyMHphY2hvd2FuaWUlMjBwb2RjemFzJTIwa29sZWpueWNoJTIwd2l6eXQlMjB3JTIwdGVqJTIwc2FtZWolMjB3aXRyeW5pZSUyMHpvc3RhbmllJTIwcHJ6eXBpc2FuZSUyMHRlbXUlMjBzYW1lbXUlMjBpZGVudHlmaWthdG9yb3dpJTIwdSVDNSVCQ3l0a293bmlrYS4lM0MlMkZkaXYlM0UlMEElM0NkaXYlMjBjbGFzcyUzRCUyMmNvb2tpZS1kdXJhdGlvbiUyMiUzRTElMjByb2slM0MlMkZkaXYlM0UlMEElM0MlMkZkaXYlM0UlMEElMEElM0NkaXYlMjBjbGFzcyUzRCUyMmN1c3RvbS1jb29raWUtcm93JTIyJTNFJTBBJTNDZGl2JTIwY2xhc3MlM0QlMjJjb29raWUtbmFtZSUyMiUzRV9oalJlY29yZGluZ0VuYWJsZWQlM0MlMkZkaXYlM0UlMEElM0NkaXYlMjBjbGFzcyUzRCUyMmNvb2tpZS1wdXJwb3NlJTIyJTNFSmVzdCUyMGRvZGF3YW55JTJDJTIwZ2R5JTIwbmFncnl3YW5pZSUyMHJvenBvY3p5bmElMjBzaSVDNCU5OSUyMGklMjBqZXN0JTIwb2R0d2FyemFuZSUyQyUyMGdkeSUyMG1vZHUlQzUlODIlMjByZWplc3RydWolQzQlODVjeSUyMGplc3QlMjBpbmljam93YW55JTJDJTIwYWJ5JTIwc3ByYXdkemklQzQlODclMkMlMjBjenklMjB1JUM1JUJDeXRrb3duaWslMjBqZXN0JTIwanUlQzUlQkMlMjB3JTIwbmFncmFuaXUlMjB3JTIwb2tyZSVDNSU5QmxvbmVqJTIwc2VzamkuJTNDJTJGZGl2JTNFJTBBJTNDZGl2JTIwY2xhc3MlM0QlMjJjb29raWUtZHVyYXRpb24lMjIlM0VTZXNqYSUzQyUyRmRpdiUzRSUwQSUzQyUyRmRpdiUzRSUwQSUwQSUzQ2RpdiUyMGNsYXNzJTNEJTIyY3VzdG9tLWNvb2tpZS1yb3clMjIlM0UlMEElM0NkaXYlMjBjbGFzcyUzRCUyMmNvb2tpZS1uYW1lJTIyJTNFX2hqUmVjb3JkaW5nTGFzdEFjdGl2aXR5JTNDJTJGZGl2JTNFJTBBJTNDZGl2JTIwY2xhc3MlM0QlMjJjb29raWUtcHVycG9zZSUyMiUzRU5hbGUlQzUlQkN5JTIwdG8lMjB6bmFsZSVDNSVCQSVDNCU4NyUyMHclMjBwYW1pJUM0JTk5Y2klMjBzZXNqaSUyMCUyOHclMjBwcnplY2l3aWUlQzUlODRzdHdpZSUyMGRvJTIwcGxpayVDMyVCM3clMjBjb29raWUlMjkuJTIwSmVzdCUyMHRvJTIwYWt0dWFsaXpvd2FuZSUyQyUyMGdkeSUyMHJvenBvY3p5bmElMjBzaSVDNCU5OSUyMG5hZ3J5d2FuaWUlMjB1JUM1JUJDeXRrb3duaWthJTIwaSUyMGdkeSUyMGRhbmUlMjBzJUM0JTg1JTIwcHJ6ZXN5JUM1JTgyYW5lJTIwcHJ6ZXolMjBXZWJTb2NrZXQlMjAlMjh1JUM1JUJDeXRrb3duaWslMjB3eWtvbnVqZSUyMGFrY2olQzQlOTklMkMlMjBrdCVDMyVCM3IlQzQlODUlMjBuYWdyeXdhJTIwSG90amFyJTI5LiUzQyUyRmRpdiUzRSUwQSUzQ2RpdiUyMGNsYXNzJTNEJTIyY29va2llLWR1cmF0aW9uJTIyJTNFU2VzamElM0MlMkZkaXYlM0UlMEElM0MlMkZkaXYlM0UlMEElMEElM0NkaXYlMjBjbGFzcyUzRCUyMmN1c3RvbS1jb29raWUtcm93JTIyJTNFJTBBJTNDZGl2JTIwY2xhc3MlM0QlMjJjb29raWUtbmFtZSUyMiUzRV9oakluY2x1ZGVkSW5QYWdldmlld1NhbXBsZSUzQyUyRmRpdiUzRSUwQSUzQ2RpdiUyMGNsYXNzJTNEJTIyY29va2llLXB1cnBvc2UlMjIlM0VUZW4lMjBwbGlrJTIwY29va2llJTIwaW5mb3JtdWplJTIwSG90amFyJTJDJTIwY3p5JTIwdGVuJTIwdSVDNSVCQ3l0a293bmlrJTIwamVzdCUyMG9iaiVDNCU5OXR5JTIwcHIlQzMlQjNia293YW5pZW0lMjBkYW55Y2glMjBva3JlJUM1JTlCbG9ueW0lMjBwcnpleiUyMGxpbWl0JTIwd3klQzUlOUJ3aWV0bGUlQzUlODQlMjBzdHJvbnklMjBUd29qZWolMjB3aXRyeW55LiUzQyUyRmRpdiUzRSUwQSUzQ2RpdiUyMGNsYXNzJTNEJTIyY29va2llLWR1cmF0aW9uJTIyJTNFMzAlMjBtaW51dCUzQyUyRmRpdiUzRSUwQSUzQyUyRmRpdiUzRSUwQSUwQSUzQ2RpdiUyMGNsYXNzJTNEJTIyY3VzdG9tLWNvb2tpZS1yb3clMjIlM0UlMEElM0NkaXYlMjBjbGFzcyUzRCUyMmNvb2tpZS1uYW1lJTIyJTNFX2hqSW5jbHVkZWRJblBhZ2V2aWV3U2FtcGxlJTNDJTJGZGl2JTNFJTBBJTNDZGl2JTIwY2xhc3MlM0QlMjJjb29raWUtcHVycG9zZSUyMiUzRVRlbiUyMHBsaWslMjBjb29raWUlMjBpbmZvcm11amUlMjBIb3RqYXIlMkMlMjBjenklMjB0ZW4lMjB1JUM1JUJDeXRrb3duaWslMjBqZXN0JTIwb2JqJUM0JTk5dHklMjBwciVDMyVCM2Jrb3dhbmllbSUyMGRhbnljaCUyMG9rcmUlQzUlOUJsb255bSUyMHByemV6JTIwZHppZW5ueSUyMGxpbWl0JTIwc2VzamklMjB3JTIwVHdvamVqJTIwd2l0cnluaWUuJTNDJTJGZGl2JTNFJTBBJTNDZGl2JTIwY2xhc3MlM0QlMjJjb29raWUtZHVyYXRpb24lMjIlM0VTZXNqYSUzQyUyRmRpdiUzRSUwQSUzQyUyRmRpdiUzRSUwQSUwQSUzQ2RpdiUyMGNsYXNzJTNEJTIyY3VzdG9tLWNvb2tpZS1yb3clMjIlM0UlMEElM0NkaXYlMjBjbGFzcyUzRCUyMmNvb2tpZS1uYW1lJTIyJTNFX2hqRmlyc3RTZWVuJTNDJTJGZGl2JTNFJTBBJTNDZGl2JTIwY2xhc3MlM0QlMjJjb29raWUtcHVycG9zZSUyMiUzRUplc3QlMjB0byUyMHVzdGF3aW9uZSUyQyUyMGFieSUyMHppZGVudHlmaWtvd2ElQzQlODclMjBwaWVyd3N6JUM0JTg1JTIwc2VzaiVDNCU5OSUyMG5vd2VnbyUyMHUlQzUlQkN5dGtvd25pa2EuJTIwUHJ6ZWNob3d1amUlMjB3YXJ0byVDNSU5QiVDNCU4NyUyMHByYXdkYSUyRmZhJUM1JTgyc3olMkMlMjB3c2thenVqJUM0JTg1YyUyQyUyMGN6eSUyMEhvdGphciUyMHBvJTIwcmF6JTIwcGllcndzenklMjB6b2JhY3p5JUM1JTgyJTIwdGVnbyUyMHUlQzUlQkN5dGtvd25pa2EuJTIwSmVzdCUyMHUlQzUlQkN5d2FueSUyMHByemV6JTIwZmlsdHJ5JTIwcmVqZXN0cmFjamklMjBkbyUyMGlkZW50eWZpa2FjamklMjBub3d5Y2glMjBzZXNqaSUyMHUlQzUlQkN5dGtvd25pa2EuJTNDJTJGZGl2JTNFJTBBJTNDZGl2JTIwY2xhc3MlM0QlMjJjb29raWUtZHVyYXRpb24lMjIlM0VTZXNqYSUzQyUyRmRpdiUzRSUwQSUzQyUyRmRpdiUzRSUwQSUwQSUzQ2RpdiUyMGNsYXNzJTNEJTIyY3VzdG9tLWNvb2tpZS1yb3clMjIlM0UlMEElM0NkaXYlMjBjbGFzcyUzRCUyMmNvb2tpZS1uYW1lJTIyJTNFX2hqUmVjb3JkaW5nRW5hYmxlZCUzQyUyRmRpdiUzRSUwQSUzQ2RpdiUyMGNsYXNzJTNEJTIyY29va2llLXB1cnBvc2UlMjIlM0VKZXN0JTIwZG9kYXdhbnklMkMlMjBnZHklMjBuYWdyeXdhbmllJTIwcm96cG9jenluYSUyMHNpJUM0JTk5JTIwaSUyMGplc3QlMjBvZHR3YXJ6YW5lJTJDJTIwZ2R5JTIwbW9kdSVDNSU4MiUyMHJlamVzdHJ1aiVDNCU4NWN5JTIwamVzdCUyMGluaWNqb3dhbnklMkMlMjBhYnklMjBzcHJhd2R6aSVDNCU4NyUyQyUyMGN6eSUyMHUlQzUlQkN5dGtvd25payUyMGplc3QlMjBqdSVDNSVCQyUyMHclMjBuYWdyYW5pdSUyMHclMjBva3JlJUM1JTlCbG9uZWolMjBzZXNqaS4lM0MlMkZkaXYlM0UlMEElM0NkaXYlMjBjbGFzcyUzRCUyMmNvb2tpZS1kdXJhdGlvbiUyMiUzRVNlc2phJTNDJTJGZGl2JTNFJTBBJTNDJTJGZGl2JTNFJTBBJTNDZGl2JTIwY2xhc3MlM0QlMjJjdXN0b20tY29va2llLXJvdyUyMiUzRSUwQSUzQ2RpdiUyMGNsYXNzJTNEJTIyY29va2llLW5hbWUlMjIlM0VWaW1lbyUyMHZpZGVvJTIwcGxheWVyJTNDJTJGZGl2JTNFJTBBJTNDZGl2JTIwY2xhc3MlM0QlMjJjb29raWUtcHVycG9zZSUyMiUzRVdidWRvd2FueSUyMG9kdHdhcnphY3olMjB3aWRlby4lMjBBYnklMjB1enlza2ElQzQlODclMjB3aSVDNCU5OWNlaiUyMGluZm9ybWFjamklMkMlMjBvZHdpZWQlQzUlQkElMjBzdHJvbiVDNCU5OSUyMCUyMCUzQ2ElMjB0YXJnZXQlM0QlMjJfYmxhbmslMjIlMjBocmVmJTNEJTIyaHR0cHMlM0ElMkYlMkZ2aW1lby5jb20lMkZjb29raWVfcG9saWN5JTIyJTNFVmltZW8uJTNDJTJGYSUzRSUzQyUyRmRpdiUzRSUwQSUzQ2RpdiUyMGNsYXNzJTNEJTIyY29va2llLWR1cmF0aW9uJTIyJTNFU2VzamElM0MlMkZkaXYlM0UlMEElM0MlMkZkaXYlM0UlMEElMEElM0MlMkZkaXYlM0U=[\/vc_raw_html][vc_column_text uncode_shortcode_id=&#8221;122944&#8243;]<br \/>\n<strong>d) Jak mo\u017cesz kontrolowa\u0107, usuwa\u0107 lub cofa\u0107 zgod\u0119 na u\u017cywanie plik\u00f3w cookie?<\/strong><\/p>\n<p>Kiedy po raz pierwszy wchodzisz na nasz\u0105 stron\u0119, jeste\u015b proszony o wyra\u017cenie zgody na pliki cookie. Mo\u017cesz wyrazi\u0107 lub odm\u00f3wi\u0107 zgody w odniesieniu do ka\u017cdego z cel\u00f3w, dla kt\u00f3rych wykorzystywane s\u0105 pliki cookie (z wyj\u0105tkiem \u015bci\u015ble niezb\u0119dnych plik\u00f3w cookie). Po wyra\u017ceniu wst\u0119pnej zgody mo\u017cesz p\u00f3\u017aniej j\u0105 wycofa\u0107 w dowolnym momencie.<\/p>\n<p>W szczeg\u00f3lno\u015bci mo\u017cesz zmieni\u0107 ustawienia plik\u00f3w cookie, przechodz\u0105c do Centrum preferencji plik\u00f3w cookie, klikaj\u0105c przycisk Cookie.<\/p>\n<p>Je\u015bli chcesz wycofa\u0107 swoj\u0105 zgod\u0119 na wykorzystywanie plik\u00f3w cookie przez ONTEX w tej Witrynie lub je\u015bli chcesz usun\u0105\u0107 lub kontrolowa\u0107 umieszczanie plik\u00f3w cookie na swoim komputerze, mo\u017cesz r\u00f3wnie\u017c zmieni\u0107 ustawienia przegl\u0105darki, aby blokowa\u0107 pliki cookie lub ostrzega\u0107, gdy pliki cookie s\u0105 wysy\u0142ane na Twoje urz\u0105dzenie. Istnieje kilka sposob\u00f3w zarz\u0105dzania plikami cookie. Aby dowiedzie\u0107 si\u0119 wi\u0119cej na temat dostosowywania lub modyfikowania ustawie\u0144 przegl\u0105darki, nale\u017cy zapozna\u0107 si\u0119 z instrukcjami przegl\u0105darki lub ekranem pomocy:<\/p>\n<ul>\n<li><a href=\"http:\/\/windows.microsoft.com\/en-US\/windows-vista\/How-to-manage-cookies-in-Internet-Explorer-9\" target=\"blank\" rel=\"noopener\">Internet Explorer<\/a><\/li>\n<li><a href=\"http:\/\/support.google.com\/chrome\/bin\/answer.py?hl=en-GB&amp;hlrm=nl&amp;answer=95647\" target=\"blank\" rel=\"noopener\">Chrome<\/a><\/li>\n<li><a href=\"http:\/\/support.mozilla.org\/en-US\/kb\/enable-and-disable-cookies-website-preferences?s=cookies&amp;r=5&amp;as=s\" target=\"blank\" rel=\"noopener\">Firefox<\/a><\/li>\n<li><a href=\"http:\/\/support.apple.com\/kb\/PH5042\" target=\"blank\" rel=\"noopener\">Safari<\/a><\/li>\n<\/ul>\n<p>Je\u015bli wy\u0142\u0105czysz pliki cookie u\u017cywane przez Witryn\u0119, mo\u017ce to wp\u0142yn\u0105\u0107 na Twoje wra\u017cenia podczas korzystania z Witryny, na przyk\u0142ad mo\u017cesz nie by\u0107 w stanie odwiedzi\u0107 niekt\u00f3rych obszar\u00f3w Witryny lub mo\u017cesz nie otrzymywa\u0107 spersonalizowanych informacji podczas odwiedzania Witryny.<\/p>\n<p>Mo\u017cesz r\u00f3wnie\u017c usun\u0105\u0107 pliki cookie ju\u017c zapisane na Twoim komputerze.<\/p>\n<p>Ponownie, mo\u017ce to mie\u0107 negatywny wp\u0142yw na u\u017cyteczno\u015b\u0107 wielu stron internetowych.<\/p>\n<p><strong>(e)Aktualizacja aktualnej Polityki Cookies<\/strong><\/p>\n<p>W przypadku, gdy ONTEX zmodyfikuje swoje praktyki dotycz\u0105ce plik\u00f3w cookie, modyfikacje te zostan\u0105 w\u0142\u0105czone do zaktualizowanej wersji niniejszej polityki. Poinformujemy Ci\u0119 r\u00f3wnie\u017c o tych modyfikacjach, aktualizuj\u0105c dat\u0119 wej\u015bcia w \u017cycie na g\u00f3rze niniejszej polityki. ONTEX zastrzega sobie prawo do okresowej modyfikacji niniejszej polityki w celu uwzgl\u0119dnienia post\u0119pu technologicznego, zmian w przepisach i przepisach oraz dobrych praktyk handlowych, bez uszczerbku dla Twoich praw w ramach obowi\u0105zuj\u0105cego ustawodawstwa.[\/vc_column_text][\/vc_column][\/vc_row]<\/p>\n<\/div>","protected":false},"excerpt":{"rendered":"<p>Ta strona korzysta z plik\u00f3w cookie. Niniejsza polityka zawiera informacje o tym, dlaczego u\u017cywamy plik\u00f3w cookie i jak mo\u017cesz nimi zarz\u0105dza\u0107. <\/p>\n","protected":false},"author":3,"featured_media":0,"parent":0,"menu_order":0,"comment_status":"closed","ping_status":"closed","template":"","meta":{"footnotes":""},"class_list":["post-85452","page","type-page","status-publish","hentry"],"yoast_head":"<!-- This site is optimized with the Yoast SEO Premium plugin v20.9 (Yoast SEO v27.3) - https:\/\/yoast.com\/product\/yoast-seo-premium-wordpress\/ -->\n<title>Polityka dotycz\u0105ca plik\u00f3w cookie &#183; iD Ontex<\/title>\n<meta name=\"description\" content=\"Ta strona korzysta z plik\u00f3w cookie. Niniejsza polityka zawiera informacje o tym, dlaczego u\u017cywamy plik\u00f3w cookie i jak mo\u017cesz nimi zarz\u0105dza\u0107.\" \/>\n<meta name=\"robots\" content=\"index, follow, max-snippet:-1, max-image-preview:large, max-video-preview:-1\" \/>\n<link rel=\"canonical\" href=\"https:\/\/id-ontex.com\/pl\/polityka-dotyczaca-plikow-cookie\/\" \/>\n<meta property=\"og:locale\" content=\"pl_PL\" \/>\n<meta property=\"og:type\" content=\"article\" \/>\n<meta property=\"og:title\" content=\"Polityka dotycz\u0105ca plik\u00f3w cookie\" \/>\n<meta property=\"og:description\" content=\"Ta strona korzysta z plik\u00f3w cookie. Niniejsza polityka zawiera informacje o tym, dlaczego u\u017cywamy plik\u00f3w cookie i jak mo\u017cesz nimi zarz\u0105dza\u0107.\" \/>\n<meta property=\"og:url\" content=\"https:\/\/id-ontex.com\/pl\/polityka-dotyczaca-plikow-cookie\/\" \/>\n<meta property=\"og:site_name\" content=\"iD Ontex\" \/>\n<meta property=\"article:modified_time\" content=\"2022-06-07T12:08:20+00:00\" \/>\n<meta property=\"og:image\" content=\"https:\/\/id-ontex.com\/wp-content\/uploads\/2020\/12\/id-preview.jpg\" \/>\n\t<meta property=\"og:image:width\" content=\"825\" \/>\n\t<meta property=\"og:image:height\" content=\"549\" \/>\n\t<meta property=\"og:image:type\" content=\"image\/jpeg\" \/>\n<meta name=\"twitter:card\" content=\"summary_large_image\" \/>\n<meta name=\"twitter:label1\" content=\"Szacowany czas czytania\" \/>\n\t<meta name=\"twitter:data1\" content=\"6 minut\" \/>\n<script type=\"application\/ld+json\" class=\"yoast-schema-graph\">{\"@context\":\"https:\\\/\\\/schema.org\",\"@graph\":[{\"@type\":\"WebPage\",\"@id\":\"https:\\\/\\\/id-ontex.com\\\/pl\\\/polityka-dotyczaca-plikow-cookie\\\/\",\"url\":\"https:\\\/\\\/id-ontex.com\\\/pl\\\/polityka-dotyczaca-plikow-cookie\\\/\",\"name\":\"Polityka dotycz\u0105ca plik\u00f3w cookie &#183; iD Ontex\",\"isPartOf\":{\"@id\":\"https:\\\/\\\/id-ontex.com\\\/#website\"},\"datePublished\":\"2021-08-02T11:58:57+00:00\",\"dateModified\":\"2022-06-07T12:08:20+00:00\",\"description\":\"Ta strona korzysta z plik\u00f3w cookie. Niniejsza polityka zawiera informacje o tym, dlaczego u\u017cywamy plik\u00f3w cookie i jak mo\u017cesz nimi zarz\u0105dza\u0107.\",\"breadcrumb\":{\"@id\":\"https:\\\/\\\/id-ontex.com\\\/pl\\\/polityka-dotyczaca-plikow-cookie\\\/#breadcrumb\"},\"inLanguage\":\"pl-PL\",\"potentialAction\":[{\"@type\":\"ReadAction\",\"target\":[\"https:\\\/\\\/id-ontex.com\\\/pl\\\/polityka-dotyczaca-plikow-cookie\\\/\"]}]},{\"@type\":\"BreadcrumbList\",\"@id\":\"https:\\\/\\\/id-ontex.com\\\/pl\\\/polityka-dotyczaca-plikow-cookie\\\/#breadcrumb\",\"itemListElement\":[{\"@type\":\"ListItem\",\"position\":1,\"name\":\"Home\",\"item\":\"https:\\\/\\\/id-ontex.com\\\/pl\\\/\"},{\"@type\":\"ListItem\",\"position\":2,\"name\":\"Polityka dotycz\u0105ca plik\u00f3w cookie\"}]},{\"@type\":\"WebSite\",\"@id\":\"https:\\\/\\\/id-ontex.com\\\/#website\",\"url\":\"https:\\\/\\\/id-ontex.com\\\/\",\"name\":\"iD Ontex\",\"description\":\"\",\"potentialAction\":[{\"@type\":\"SearchAction\",\"target\":{\"@type\":\"EntryPoint\",\"urlTemplate\":\"https:\\\/\\\/id-ontex.com\\\/?s={search_term_string}\"},\"query-input\":{\"@type\":\"PropertyValueSpecification\",\"valueRequired\":true,\"valueName\":\"search_term_string\"}}],\"inLanguage\":\"pl-PL\"}]}<\/script>\n<!-- \/ Yoast SEO Premium plugin. -->","yoast_head_json":{"title":"Polityka dotycz\u0105ca plik\u00f3w cookie &#183; iD Ontex","description":"Ta strona korzysta z plik\u00f3w cookie. Niniejsza polityka zawiera informacje o tym, dlaczego u\u017cywamy plik\u00f3w cookie i jak mo\u017cesz nimi zarz\u0105dza\u0107.","robots":{"index":"index","follow":"follow","max-snippet":"max-snippet:-1","max-image-preview":"max-image-preview:large","max-video-preview":"max-video-preview:-1"},"canonical":"https:\/\/id-ontex.com\/pl\/polityka-dotyczaca-plikow-cookie\/","og_locale":"pl_PL","og_type":"article","og_title":"Polityka dotycz\u0105ca plik\u00f3w cookie","og_description":"Ta strona korzysta z plik\u00f3w cookie. Niniejsza polityka zawiera informacje o tym, dlaczego u\u017cywamy plik\u00f3w cookie i jak mo\u017cesz nimi zarz\u0105dza\u0107.","og_url":"https:\/\/id-ontex.com\/pl\/polityka-dotyczaca-plikow-cookie\/","og_site_name":"iD Ontex","article_modified_time":"2022-06-07T12:08:20+00:00","og_image":[{"width":825,"height":549,"url":"https:\/\/id-ontex.com\/wp-content\/uploads\/2020\/12\/id-preview.jpg","type":"image\/jpeg"}],"twitter_card":"summary_large_image","twitter_misc":{"Szacowany czas czytania":"6 minut"},"schema":{"@context":"https:\/\/schema.org","@graph":[{"@type":"WebPage","@id":"https:\/\/id-ontex.com\/pl\/polityka-dotyczaca-plikow-cookie\/","url":"https:\/\/id-ontex.com\/pl\/polityka-dotyczaca-plikow-cookie\/","name":"Polityka dotycz\u0105ca plik\u00f3w cookie &#183; iD Ontex","isPartOf":{"@id":"https:\/\/id-ontex.com\/#website"},"datePublished":"2021-08-02T11:58:57+00:00","dateModified":"2022-06-07T12:08:20+00:00","description":"Ta strona korzysta z plik\u00f3w cookie. Niniejsza polityka zawiera informacje o tym, dlaczego u\u017cywamy plik\u00f3w cookie i jak mo\u017cesz nimi zarz\u0105dza\u0107.","breadcrumb":{"@id":"https:\/\/id-ontex.com\/pl\/polityka-dotyczaca-plikow-cookie\/#breadcrumb"},"inLanguage":"pl-PL","potentialAction":[{"@type":"ReadAction","target":["https:\/\/id-ontex.com\/pl\/polityka-dotyczaca-plikow-cookie\/"]}]},{"@type":"BreadcrumbList","@id":"https:\/\/id-ontex.com\/pl\/polityka-dotyczaca-plikow-cookie\/#breadcrumb","itemListElement":[{"@type":"ListItem","position":1,"name":"Home","item":"https:\/\/id-ontex.com\/pl\/"},{"@type":"ListItem","position":2,"name":"Polityka dotycz\u0105ca plik\u00f3w cookie"}]},{"@type":"WebSite","@id":"https:\/\/id-ontex.com\/#website","url":"https:\/\/id-ontex.com\/","name":"iD Ontex","description":"","potentialAction":[{"@type":"SearchAction","target":{"@type":"EntryPoint","urlTemplate":"https:\/\/id-ontex.com\/?s={search_term_string}"},"query-input":{"@type":"PropertyValueSpecification","valueRequired":true,"valueName":"search_term_string"}}],"inLanguage":"pl-PL"}]}},"_links":{"self":[{"href":"https:\/\/id-ontex.com\/pl\/wp-json\/wp\/v2\/pages\/85452","targetHints":{"allow":["GET"]}}],"collection":[{"href":"https:\/\/id-ontex.com\/pl\/wp-json\/wp\/v2\/pages"}],"about":[{"href":"https:\/\/id-ontex.com\/pl\/wp-json\/wp\/v2\/types\/page"}],"author":[{"embeddable":true,"href":"https:\/\/id-ontex.com\/pl\/wp-json\/wp\/v2\/users\/3"}],"replies":[{"embeddable":true,"href":"https:\/\/id-ontex.com\/pl\/wp-json\/wp\/v2\/comments?post=85452"}],"version-history":[{"count":0,"href":"https:\/\/id-ontex.com\/pl\/wp-json\/wp\/v2\/pages\/85452\/revisions"}],"wp:attachment":[{"href":"https:\/\/id-ontex.com\/pl\/wp-json\/wp\/v2\/media?parent=85452"}],"curies":[{"name":"wp","href":"https:\/\/api.w.org\/{rel}","templated":true}]}}