{"id":85400,"date":"2021-08-02T10:46:39","date_gmt":"2021-08-02T08:46:39","guid":{"rendered":"https:\/\/id-ontex.com\/id-slip\/"},"modified":"2021-08-04T12:01:25","modified_gmt":"2021-08-04T10:01:25","slug":"id-slip","status":"publish","type":"page","link":"https:\/\/id-ontex.com\/pl\/id-slip\/","title":{"rendered":"iD Slip"},"content":{"rendered":"<div class=\"wpb-content-wrapper\"><p>[vc_row unlock_row_content=&#8221;yes&#8221; row_height_percent=&#8221;0&#8243; overlay_alpha=&#8221;50&#8243; gutter_size=&#8221;3&#8243; column_width_percent=&#8221;100&#8243; shift_y=&#8221;0&#8243; z_index=&#8221;0&#8243;][vc_column column_width_percent=&#8221;100&#8243; position_horizontal=&#8221;left&#8221; gutter_size=&#8221;3&#8243; overlay_alpha=&#8221;50&#8243; shift_x=&#8221;0&#8243; shift_y=&#8221;0&#8243; shift_y_down=&#8221;0&#8243; z_index=&#8221;0&#8243; medium_width=&#8221;0&#8243; mobile_width=&#8221;0&#8243; width=&#8221;1\/4&#8243;][\/vc_column][vc_column width=&#8221;1\/2&#8243;][vc_custom_heading heading_semantic=&#8221;h1&#8243; text_size=&#8221;h1&#8243; text_color=&#8221;color-174856&#8243; separator=&#8221;under&#8221;]iD Slip[\/vc_custom_heading][vc_column_text]iD Slip to pieluchomajtki stworzone z my\u015bl\u0105 o kobietach i m\u0119\u017cczyznach borykaj\u0105cych si\u0119 z ci\u0119\u017ck\u0105 inkontynencj\u0105 i ograniczon\u0105 mobilno\u015bci\u0105 oraz o osobach le\u017c\u0105cych. Produkty zapewniaj\u0105 u\u017cytkownikowi wysok\u0105 ch\u0142onno\u015b\u0107, ochron\u0119 przed przeciekaniem, niezawodne wsparcie i wygod\u0119.[\/vc_column_text][\/vc_column][vc_column width=&#8221;1\/4&#8243;][\/vc_column][\/vc_row][vc_row row_height_percent=&#8221;0&#8243; override_padding=&#8221;yes&#8221; h_padding=&#8221;0&#8243; top_padding=&#8221;2&#8243; bottom_padding=&#8221;2&#8243; overlay_alpha=&#8221;50&#8243; equal_height=&#8221;yes&#8221; gutter_size=&#8221;3&#8243; column_width_percent=&#8221;100&#8243; shift_y=&#8221;0&#8243; z_index=&#8221;0&#8243; el_class=&#8221;custom-carousel&#8221; front_end_with_slider=&#8221;true&#8221;][vc_column width=&#8221;1\/1&#8243;][uncode_slider slider_interval=&#8221;0&#8243; slider_navspeed=&#8221;400&#8243; slider_loop=&#8221;yes&#8221; el_class=&#8221;custom-4&#8243;][vc_row_inner row_inner_height_percent=&#8221;0&#8243; force_width_grid=&#8221;yes&#8221; overlay_alpha=&#8221;50&#8243; equal_height=&#8221;yes&#8221; gutter_size=&#8221;0&#8243; shift_y=&#8221;0&#8243; z_index=&#8221;0&#8243; el_class=&#8221;custom-slide&#8221; limit_content=&#8221;yes&#8221; front_end_with_slider=&#8221;true&#8221;][vc_column_inner column_width_percent=&#8221;100&#8243; gutter_size=&#8221;3&#8243; override_padding=&#8221;yes&#8221; column_padding=&#8221;1&#8243; overlay_alpha=&#8221;50&#8243; shift_x=&#8221;0&#8243; shift_y=&#8221;0&#8243; shift_y_down=&#8221;0&#8243; z_index=&#8221;0&#8243; medium_width=&#8221;0&#8243; mobile_width=&#8221;0&#8243; radius=&#8221;sm&#8221; width=&#8221;1\/1&#8243; el_class=&#8221;custom-column&#8221;][vc_single_image media=&#8221;83947&#8243; media_width_percent=&#8221;100&#8243; alignment=&#8221;center&#8221; shape=&#8221;img-round&#8221; media_link=&#8221;|||&#8221; el_class=&#8221;custom-product-img&#8221;][vc_raw_html]JTNDZGl2JTIwY2xhc3MlM0QlMjJjdXN0b20tY29udGVudCUyMiUzRSUwQSUzQ2RpdiUyMGNsYXNzJTNEJTIyY3VzdG9tLXRleHQlMjIlM0VUYWxpYSUzQSUzQyUyRmRpdiUzRSUwQSUzQ2RpdiUyMGNsYXNzJTNEJTIyY3VzdG9tLWljb24lMjIlM0VNJTIwJTI4ODAtMTI1Y20lMjklM0MlMkZkaXYlM0UlMEElM0MlMkZkaXYlM0U=[\/vc_raw_html][vc_raw_html]JTNDZGl2JTIwY2xhc3MlM0QlMjJjdXN0b20tY29udGVudCUyMiUzRSUwQSUzQ2RpdiUyMGNsYXNzJTNEJTIyY3VzdG9tLXRleHQlMjIlM0VDaCVDNSU4Mm9ubm8lQzUlOUIlQzQlODclM0ElM0MlMkZkaXYlM0UlMEElM0NkaXYlMjBjbGFzcyUzRCUyMmN1c3RvbS1pY29uJTIyJTNFJTBBJTNDaW1nJTIwc3JjJTNEJTIyJTJGd3AtY29udGVudCUyRnVwbG9hZHMlMkYyMDIwJTJGMTElMkZpZC1vbnRleF82LWRyb3BzLnBuZyUyMiUyMGFsdCUzRCUyMmFic29yYmVjeSUyMGljb24lMjIlMkYlM0UlM0MlMkZkaXYlM0UlMEElM0MlMkZkaXYlM0U=[\/vc_raw_html][\/vc_column_inner][\/vc_row_inner][vc_row_inner row_inner_height_percent=&#8221;0&#8243; force_width_grid=&#8221;yes&#8221; overlay_alpha=&#8221;50&#8243; gutter_size=&#8221;0&#8243; shift_y=&#8221;0&#8243; z_index=&#8221;0&#8243; el_class=&#8221;custom-slide&#8221; limit_content=&#8221;yes&#8221; front_end_with_slider=&#8221;true&#8221;][vc_column_inner column_width_percent=&#8221;100&#8243; gutter_size=&#8221;3&#8243; override_padding=&#8221;yes&#8221; column_padding=&#8221;1&#8243; overlay_alpha=&#8221;50&#8243; shift_x=&#8221;0&#8243; shift_y=&#8221;0&#8243; shift_y_down=&#8221;0&#8243; z_index=&#8221;0&#8243; medium_width=&#8221;0&#8243; mobile_width=&#8221;0&#8243; width=&#8221;1\/1&#8243; el_class=&#8221;custom-column&#8221;][vc_single_image media=&#8221;83951&#8243; media_width_percent=&#8221;100&#8243; alignment=&#8221;center&#8221; shape=&#8221;img-round&#8221; media_link=&#8221;|||&#8221; el_class=&#8221;custom-product-img&#8221;][vc_raw_html]JTNDZGl2JTIwY2xhc3MlM0QlMjJjdXN0b20tY29udGVudCUyMiUzRSUwQSUzQ2RpdiUyMGNsYXNzJTNEJTIyY3VzdG9tLXRleHQlMjIlM0VUYWxpYSUzQSUzQyUyRmRpdiUzRSUwQSUzQ2RpdiUyMGNsYXNzJTNEJTIyY3VzdG9tLWljb24lMjIlM0VMJTIwJTI4MTE1LTE1NSUyMGNtJTI5JTNDJTJGZGl2JTNFJTBBJTNDJTJGZGl2JTNF[\/vc_raw_html][vc_raw_html]JTNDZGl2JTIwY2xhc3MlM0QlMjJjdXN0b20tY29udGVudCUyMiUzRSUwQSUzQ2RpdiUyMGNsYXNzJTNEJTIyY3VzdG9tLXRleHQlMjIlM0VDaCVDNSU4Mm9ubm8lQzUlOUIlQzQlODclM0ElM0MlMkZkaXYlM0UlMEElM0NkaXYlMjBjbGFzcyUzRCUyMmN1c3RvbS1pY29uJTIyJTNFJTBBJTNDaW1nJTIwc3JjJTNEJTIyJTJGd3AtY29udGVudCUyRnVwbG9hZHMlMkYyMDIwJTJGMTElMkZpZC1vbnRleF82LWRyb3BzLnBuZyUyMiUyMGFsdCUzRCUyMmFic29yYmVjeSUyMGljb24lMjIlMkYlM0UlM0MlMkZkaXYlM0UlMEElM0MlMkZkaXYlM0U=[\/vc_raw_html][\/vc_column_inner][\/vc_row_inner][vc_row_inner row_inner_height_percent=&#8221;0&#8243; force_width_grid=&#8221;yes&#8221; overlay_alpha=&#8221;50&#8243; gutter_size=&#8221;0&#8243; shift_y=&#8221;0&#8243; z_index=&#8221;0&#8243; el_class=&#8221;custom-slide&#8221; limit_content=&#8221;yes&#8221; front_end_with_slider=&#8221;true&#8221;][vc_column_inner column_width_percent=&#8221;100&#8243; gutter_size=&#8221;3&#8243; override_padding=&#8221;yes&#8221; column_padding=&#8221;1&#8243; overlay_alpha=&#8221;50&#8243; shift_x=&#8221;0&#8243; shift_y=&#8221;0&#8243; shift_y_down=&#8221;0&#8243; z_index=&#8221;0&#8243; medium_width=&#8221;0&#8243; mobile_width=&#8221;0&#8243; width=&#8221;1\/1&#8243; el_class=&#8221;custom-column&#8221;][vc_single_image media=&#8221;83959&#8243; media_width_percent=&#8221;100&#8243; alignment=&#8221;center&#8221; shape=&#8221;img-round&#8221; media_link=&#8221;|||&#8221; el_class=&#8221;custom-product-img&#8221;][vc_raw_html]JTNDZGl2JTIwY2xhc3MlM0QlMjJjdXN0b20tY29udGVudCUyMiUzRSUwQSUzQ2RpdiUyMGNsYXNzJTNEJTIyY3VzdG9tLXRleHQlMjIlM0VUYWxpYSUzQSUzQyUyRmRpdiUzRSUwQSUzQ2RpdiUyMGNsYXNzJTNEJTIyY3VzdG9tLWljb24lMjIlM0VNJTIwJTI4ODAtMTI1JTIwY20lMjklM0MlMkZkaXYlM0UlMEElM0MlMkZkaXYlM0U=[\/vc_raw_html][vc_raw_html]JTNDZGl2JTIwY2xhc3MlM0QlMjJjdXN0b20tY29udGVudCUyMiUzRSUwQSUzQ2RpdiUyMGNsYXNzJTNEJTIyY3VzdG9tLXRleHQlMjIlM0VDaCVDNSU4Mm9ubm8lQzUlOUIlQzQlODclM0ElM0MlMkZkaXYlM0UlMEElM0NkaXYlMjBjbGFzcyUzRCUyMmN1c3RvbS1pY29uJTIyJTNFJTBBJTNDaW1nJTIwc3JjJTNEJTIyJTJGd3AtY29udGVudCUyRnVwbG9hZHMlMkYyMDIwJTJGMTElMkZpZC1vbnRleF83LWRyb3BzLnBuZyUyMiUyMGFsdCUzRCUyMmFic29yYmVjeSUyMGljb24lMjIlMkYlM0UlM0MlMkZkaXYlM0UlMEElM0MlMkZkaXYlM0U=[\/vc_raw_html][\/vc_column_inner][\/vc_row_inner][vc_row_inner row_inner_height_percent=&#8221;0&#8243; force_width_grid=&#8221;yes&#8221; overlay_alpha=&#8221;50&#8243; gutter_size=&#8221;0&#8243; shift_y=&#8221;0&#8243; z_index=&#8221;0&#8243; el_class=&#8221;custom-slide&#8221; limit_content=&#8221;yes&#8221; front_end_with_slider=&#8221;true&#8221;][vc_column_inner column_width_percent=&#8221;100&#8243; gutter_size=&#8221;3&#8243; override_padding=&#8221;yes&#8221; column_padding=&#8221;1&#8243; overlay_alpha=&#8221;50&#8243; shift_x=&#8221;0&#8243; shift_y=&#8221;0&#8243; shift_y_down=&#8221;0&#8243; z_index=&#8221;0&#8243; medium_width=&#8221;0&#8243; mobile_width=&#8221;0&#8243; width=&#8221;1\/1&#8243; el_class=&#8221;custom-column&#8221;][vc_single_image media=&#8221;83939&#8243; media_width_percent=&#8221;100&#8243; alignment=&#8221;center&#8221; shape=&#8221;img-round&#8221; media_link=&#8221;|||&#8221; el_class=&#8221;custom-product-img&#8221;][vc_raw_html]JTNDZGl2JTIwY2xhc3MlM0QlMjJjdXN0b20tY29udGVudCUyMiUzRSUwQSUzQ2RpdiUyMGNsYXNzJTNEJTIyY3VzdG9tLXRleHQlMjIlM0VUYWxpYSUzQSUzQyUyRmRpdiUzRSUwQSUzQ2RpdiUyMGNsYXNzJTNEJTIyY3VzdG9tLWljb24lMjIlM0VMJTIwJTI4MTE1LTE1NSUyMGNtJTI5JTNDJTJGZGl2JTNFJTBBJTNDJTJGZGl2JTNF[\/vc_raw_html][vc_raw_html]JTNDZGl2JTIwY2xhc3MlM0QlMjJjdXN0b20tY29udGVudCUyMiUzRSUwQSUzQ2RpdiUyMGNsYXNzJTNEJTIyY3VzdG9tLXRleHQlMjIlM0VDaCVDNSU4Mm9ubm8lQzUlOUIlQzQlODclM0ElM0MlMkZkaXYlM0UlMEElM0NkaXYlMjBjbGFzcyUzRCUyMmN1c3RvbS1pY29uJTIyJTNFJTBBJTNDaW1nJTIwc3JjJTNEJTIyJTJGd3AtY29udGVudCUyRnVwbG9hZHMlMkYyMDIwJTJGMTElMkZpZC1vbnRleF83LWRyb3BzLnBuZyUyMiUyMGFsdCUzRCUyMmFic29yYmVjeSUyMGljb24lMjIlMkYlM0UlM0MlMkZkaXYlM0UlMEElM0MlMkZkaXYlM0U=[\/vc_raw_html][\/vc_column_inner][\/vc_row_inner][\/uncode_slider][\/vc_column][\/vc_row][vc_row][vc_column column_width_percent=&#8221;100&#8243; gutter_size=&#8221;3&#8243; overlay_alpha=&#8221;50&#8243; shift_x=&#8221;0&#8243; shift_y=&#8221;0&#8243; shift_y_down=&#8221;0&#8243; z_index=&#8221;0&#8243; medium_width=&#8221;0&#8243; mobile_width=&#8221;0&#8243; width=&#8221;1\/1&#8243;][vc_tabs][vc_tab gutter_size=&#8221;2&#8243; column_padding=&#8221;2&#8243; title=&#8221;Korzy\u015bci&#8221; tab_id=&#8221;1605715105-1-55&#8243;][vc_row_inner limit_content=&#8221;&#8221;][vc_column_inner width=&#8221;1\/4&#8243;][\/vc_column_inner][vc_column_inner width=&#8221;1\/2&#8243;][vc_icon position=&#8221;left&#8221; title_aligned_icon=&#8221;yes&#8221; icon_image=&#8221;85188&#8243; icon_color=&#8221;accent&#8221; media_size=&#8221;100&#8243; text_size=&#8221;h4&#8243; add_margin=&#8221;yes&#8221; title=&#8221;Elastyczny pas&#8221; link=&#8221;|||&#8221;]Elastyczny pas dla lepszego dopasowania w talii.[\/vc_icon][vc_icon position=&#8221;left&#8221; title_aligned_icon=&#8221;yes&#8221; icon_image=&#8221;85036&#8243; icon_color=&#8221;accent&#8221; media_size=&#8221;100&#8243; text_size=&#8221;h4&#8243; add_margin=&#8221;yes&#8221; title=&#8221;Ochrona przed przeciekaniem&#8221; link=&#8221;|||&#8221;]Zintegrowane brzegi zabezpieczaj\u0105ce wykonane z wodoodpornego materia\u0142u pomagaj\u0105 zapobiega\u0107 wyciekaniu wilgoci bokiem, zapewniaj\u0105c ochron\u0119 i dyskrecj\u0119.[\/vc_icon][vc_icon position=&#8221;left&#8221; title_aligned_icon=&#8221;yes&#8221; icon_image=&#8221;83571&#8243; icon_color=&#8221;accent&#8221; media_size=&#8221;100&#8243; text_size=&#8221;h4&#8243; add_margin=&#8221;yes&#8221; title=&#8221;Ta\u015bmy mocuj\u0105ce wielokrotnego u\u017cytku&#8221; link=&#8221;|||&#8221;]Wygoda stosowania.[\/vc_icon][vc_icon position=&#8221;left&#8221; title_aligned_icon=&#8221;yes&#8221; icon_image=&#8221;83569&#8243; icon_color=&#8221;accent&#8221; media_size=&#8221;100&#8243; text_size=&#8221;h4&#8243; add_margin=&#8221;yes&#8221; title=&#8221;Ochrona przed nieprzyjemnym zapachem&#8221; link=&#8221;|||&#8221;]Obecny w produkcie system neutralizacji zapachu zapobiega powstawaniu amoniaku, a co za tym idzie \u2013 nieprzyjemnego zapachu.[\/vc_icon][vc_icon position=&#8221;left&#8221; title_aligned_icon=&#8221;yes&#8221; icon_image=&#8221;85040&#8243; icon_color=&#8221;accent&#8221; media_size=&#8221;100&#8243; text_size=&#8221;h4&#8243; add_margin=&#8221;yes&#8221; title=&#8221;Szybkie wch\u0142anianie&#8221; link=&#8221;|||&#8221;]Wierzchnia warstwa produktu sprzyja szybkiemu przenikaniu moczu do wielowarstwowego ch\u0142onnego wn\u0119trza, zawieraj\u0105cego wysoce ch\u0142onne mikrokapsu\u0142ki SAP (Super Absorbent Polymers)[\/vc_icon][vc_icon position=&#8221;left&#8221; title_aligned_icon=&#8221;yes&#8221; icon_image=&#8221;83537&#8243; icon_color=&#8221;accent&#8221; media_size=&#8221;100&#8243; text_size=&#8221;h4&#8243; add_margin=&#8221;yes&#8221; title=&#8221;Testowane dermatologicznie&#8221; link=&#8221;|||&#8221;]Produkty iD zosta\u0142y przetestowane dermatologicznie i nie powoduj\u0105 podra\u017cnie\u0144 sk\u00f3ry.[\/vc_icon][vc_icon position=&#8221;left&#8221; title_aligned_icon=&#8221;yes&#8221; icon_image=&#8221;85192&#8243; icon_color=&#8221;accent&#8221; media_size=&#8221;100&#8243; text_size=&#8221;h4&#8243; add_margin=&#8221;yes&#8221; title=&#8221;Wielowarstwowa, ch\u0142onna cz\u0119\u015b\u0107 wewn\u0119trzna&#8221; link=&#8221;|||&#8221;]Wielowarstwowa, ch\u0142onna cz\u0119\u015b\u0107 wewn\u0119trzna zapewnia wysok\u0105 ch\u0142onno\u015b\u0107 i bezpiecze\u0144stwo przy ci\u0119\u017ckim nietrzymaniu moczu.[\/vc_icon][\/vc_column_inner][vc_column_inner width=&#8221;1\/4&#8243;][\/vc_column_inner][\/vc_row_inner][\/vc_tab][vc_tab gutter_size=&#8221;2&#8243; column_padding=&#8221;2&#8243; title=&#8221;Spos\u00f3b u\u017cycia&#8221; tab_id=&#8221;1605715105-2-87&#8243;][vc_row_inner limit_content=&#8221;&#8221;][vc_column_inner width=&#8221;1\/4&#8243;][\/vc_column_inner][vc_column_inner width=&#8221;1\/2&#8243;][vc_custom_heading text_size=&#8221;h3&#8243;]Pozycja stoj\u0105ca[\/vc_custom_heading][vc_icon position=&#8221;left&#8221; icon_image=&#8221;83648&#8243; media_size=&#8221;80&#8243;]Z\u0142\u00f3\u017c pieluchomajtki iD Slip wzd\u0142u\u017c na p\u00f3\u0142 i delikatnie uformuj wzd\u0142u\u017cne zag\u0142\u0119bienie, zaginaj\u0105c palcami zewn\u0119trzn\u0105 powierzchni\u0119. Dzi\u0119ki temu uaktywni\u0105 si\u0119 os\u0142ony zabezpieczaj\u0105ce przed bocznym przeciekaniem.[\/vc_icon][vc_icon position=&#8221;left&#8221; icon_image=&#8221;83655&#8243; media_size=&#8221;80&#8243;]Umie\u015b\u0107 pieluchomajtki ID Slip pomi\u0119dzy nogami, wsuwaj\u0105c je od przodu do ty\u0142u, i rozprostuj przedni\u0105 i tyln\u0105 cz\u0119\u015b\u0107, upewniaj\u0105c si\u0119, \u017ce produkt znajduje si\u0119 z ty\u0142u na wysoko\u015bci ko\u015bci guzicznej. Upewnij si\u0119, \u017ce cz\u0119\u015b\u0107 z ta\u015bmami mocuj\u0105cymi znajduje si\u0119 z ty\u0142u.[\/vc_icon][vc_icon position=&#8221;left&#8221; icon_image=&#8221;83713&#8243; media_size=&#8221;80&#8243;]Zamocuj dolne ta\u015bmy, kieruj\u0105c je lekko do g\u00f3ry i dok\u0142adnie dopasowuj\u0105c pieluchomajtki wok\u00f3\u0142 n\u00f3g. Zamocuj g\u00f3rne ta\u015bmy, kieruj\u0105c je lekko w d\u00f3\u0142 lub poziomo, dopasowuj\u0105c produkt wok\u00f3\u0142 talii.[\/vc_icon][vc_icon position=&#8221;left&#8221; icon_image=&#8221;83649&#8243; media_size=&#8221;80&#8243;]Upewnij si\u0119, \u017ce produkt zosta\u0142 dobrze dopasowany i wygodnie przylega do cia\u0142a. Dolne i g\u00f3rne ta\u015bmy mocuj\u0105ce mo\u017cna przykleja\u0107 pod k\u0105tem lub prosto. W razie potrzeby mo\u017cna przyklei\u0107 je ponownie lub poprawia\u0107 ich u\u0142o\u017cenie.[\/vc_icon][\/vc_column_inner][vc_column_inner width=&#8221;1\/4&#8243;][\/vc_column_inner][\/vc_row_inner][vc_empty_space empty_h=&#8221;5&#8243;][vc_row_inner limit_content=&#8221;&#8221;][vc_column_inner width=&#8221;1\/4&#8243;][\/vc_column_inner][vc_column_inner width=&#8221;1\/2&#8243;][vc_custom_heading text_size=&#8221;h3&#8243;]Pozycja le\u017c\u0105ca[\/vc_custom_heading][vc_icon position=&#8221;left&#8221; icon_image=&#8221;83648&#8243; media_size=&#8221;80&#8243;]Z\u0142\u00f3\u017c pieluchomajtki iD Slip wzd\u0142u\u017c na p\u00f3\u0142 i delikatnie uformuj wzd\u0142u\u017cne zag\u0142\u0119bienie, zaginaj\u0105c palcami zewn\u0119trzn\u0105 powierzchni\u0119. Uaktywni\u0105 si\u0119 dzi\u0119ki temu os\u0142ony zabezpieczaj\u0105ce przed bocznym przeciekaniem.[\/vc_icon][vc_icon position=&#8221;left&#8221; icon_image=&#8221;83653&#8243; media_size=&#8221;80&#8243;]Kieruj\u0105c si\u0119 po\u0142o\u017ceniem wska\u017anika wilgoci, umie\u015b\u0107 pieluchomajtki w \u015brodkowej pozycji i roz\u0142\u00f3\u017c tyln\u0105 cz\u0119\u015b\u0107. O ile to mo\u017cliwe, wsu\u0144 produkt mi\u0119dzy nogi pacjenta. Przewr\u00f3\u0107 pacjenta na plecy i delikatnie przeci\u0105gnij produkt do g\u00f3ry pomi\u0119dzy nogami, dbaj\u0105c o odpowiednie u\u0142o\u017cenie os\u0142on zabezpieczaj\u0105cych przez wyciekaniem. Dopasuj produkt na przodzie[\/vc_icon][vc_icon position=&#8221;left&#8221; icon_image=&#8221;83714&#8243; media_size=&#8221;80&#8243;]Nast\u0119pnie zamocuj dolne ta\u015bmy, kieruj\u0105c je lekko do g\u00f3ry i dok\u0142adnie dopasowuj\u0105c pieluchomajtki wok\u00f3\u0142 n\u00f3g. Zamocuj g\u00f3rne ta\u015bmy, kieruj\u0105c je lekko w d\u00f3\u0142 lub poziomo, dopasowuj\u0105c produkt wok\u00f3\u0142 talii.[\/vc_icon][vc_icon position=&#8221;left&#8221; icon_image=&#8221;83715&#8243; media_size=&#8221;80&#8243;]Upewnij si\u0119, \u017ce produkt zosta\u0142 dobrze dopasowany i wygodnie przylega do cia\u0142a (ta\u015bmy mocuj\u0105ce mo\u017cna dopasowywa\u0107 i wielokrotnie odkleja\u0107). Sprawd\u017a, czy ta\u015bmy mocuj\u0105ce zosta\u0142y w\u0142a\u015bciwie przyczepione.[\/vc_icon][\/vc_column_inner][vc_column_inner width=&#8221;1\/4&#8243;][\/vc_column_inner][\/vc_row_inner][\/vc_tab][\/vc_tabs][\/vc_column][\/vc_row]<\/p>\n<\/div>","protected":false},"excerpt":{"rendered":"<p>Ste prip\u00fatan\u00ed na l\u00f4\u017eko? Produkty iD Slips poskytuj\u00fa optim\u00e1lnu ochranu pre stredn\u00fa a \u0165a\u017ek\u00fa inkontinenciu v\u010faka ich silnej savosti a efekt\u00edvnej ochrane pred pretekan\u00edm.<\/p>\n","protected":false},"author":3,"featured_media":0,"parent":0,"menu_order":0,"comment_status":"closed","ping_status":"closed","template":"","meta":{"footnotes":""},"class_list":["post-85400","page","type-page","status-publish","hentry","page_category-care-for-loved-ones-pl"],"yoast_head":"<!-- This site is optimized with the Yoast SEO Premium plugin v20.9 (Yoast SEO v27.4) - https:\/\/yoast.com\/product\/yoast-seo-premium-wordpress\/ -->\n<title>iD Slip &#183; iD Ontex<\/title>\n<meta name=\"description\" content=\"Ste prip\u00fatan\u00ed na l\u00f4\u017eko? Produkty iD Slips poskytuj\u00fa optim\u00e1lnu ochranu pre stredn\u00fa a \u0165a\u017ek\u00fa inkontinenciu v\u010faka ich silnej savosti a efekt\u00edvnej ochrane pred pretekan\u00edm.\" \/>\n<meta name=\"robots\" content=\"index, follow, max-snippet:-1, max-image-preview:large, max-video-preview:-1\" \/>\n<link rel=\"canonical\" href=\"https:\/\/id-ontex.com\/id-slip\/\" \/>\n<meta property=\"og:locale\" content=\"pl_PL\" \/>\n<meta property=\"og:type\" content=\"article\" \/>\n<meta property=\"og:title\" content=\"iD Slip\" \/>\n<meta property=\"og:description\" content=\"Ste prip\u00fatan\u00ed na l\u00f4\u017eko? Produkty iD Slips poskytuj\u00fa optim\u00e1lnu ochranu pre stredn\u00fa a \u0165a\u017ek\u00fa inkontinenciu v\u010faka ich silnej savosti a efekt\u00edvnej ochrane pred pretekan\u00edm.\" \/>\n<meta property=\"og:url\" content=\"https:\/\/id-ontex.com\/id-slip\/\" \/>\n<meta property=\"og:site_name\" content=\"iD Ontex\" \/>\n<meta property=\"article:modified_time\" content=\"2021-08-04T10:01:25+00:00\" \/>\n<meta property=\"og:image\" content=\"https:\/\/id-ontex.com\/wp-content\/uploads\/2020\/12\/id-preview.jpg\" \/>\n\t<meta property=\"og:image:width\" content=\"825\" \/>\n\t<meta property=\"og:image:height\" content=\"549\" \/>\n\t<meta property=\"og:image:type\" content=\"image\/jpeg\" \/>\n<meta name=\"twitter:card\" content=\"summary_large_image\" \/>\n<meta name=\"twitter:label1\" content=\"Szacowany czas czytania\" \/>\n\t<meta name=\"twitter:data1\" content=\"9 minut\" \/>\n<script type=\"application\/ld+json\" class=\"yoast-schema-graph\">{\"@context\":\"https:\\\/\\\/schema.org\",\"@graph\":[{\"@type\":\"WebPage\",\"@id\":\"https:\\\/\\\/id-ontex.com\\\/id-slip\\\/\",\"url\":\"https:\\\/\\\/id-ontex.com\\\/id-slip\\\/\",\"name\":\"iD Slip &#183; iD Ontex\",\"isPartOf\":{\"@id\":\"https:\\\/\\\/id-ontex.com\\\/#website\"},\"datePublished\":\"2021-08-02T08:46:39+00:00\",\"dateModified\":\"2021-08-04T10:01:25+00:00\",\"description\":\"Ste prip\u00fatan\u00ed na l\u00f4\u017eko? Produkty iD Slips poskytuj\u00fa optim\u00e1lnu ochranu pre stredn\u00fa a \u0165a\u017ek\u00fa inkontinenciu v\u010faka ich silnej savosti a efekt\u00edvnej ochrane pred pretekan\u00edm.\",\"breadcrumb\":{\"@id\":\"https:\\\/\\\/id-ontex.com\\\/id-slip\\\/#breadcrumb\"},\"inLanguage\":\"pl-PL\",\"potentialAction\":[{\"@type\":\"ReadAction\",\"target\":[\"https:\\\/\\\/id-ontex.com\\\/id-slip\\\/\"]}]},{\"@type\":\"BreadcrumbList\",\"@id\":\"https:\\\/\\\/id-ontex.com\\\/id-slip\\\/#breadcrumb\",\"itemListElement\":[{\"@type\":\"ListItem\",\"position\":1,\"name\":\"Home\",\"item\":\"https:\\\/\\\/id-ontex.com\\\/pl\\\/\"},{\"@type\":\"ListItem\",\"position\":2,\"name\":\"iD Slip\"}]},{\"@type\":\"WebSite\",\"@id\":\"https:\\\/\\\/id-ontex.com\\\/#website\",\"url\":\"https:\\\/\\\/id-ontex.com\\\/\",\"name\":\"iD Ontex\",\"description\":\"\",\"potentialAction\":[{\"@type\":\"SearchAction\",\"target\":{\"@type\":\"EntryPoint\",\"urlTemplate\":\"https:\\\/\\\/id-ontex.com\\\/?s={search_term_string}\"},\"query-input\":{\"@type\":\"PropertyValueSpecification\",\"valueRequired\":true,\"valueName\":\"search_term_string\"}}],\"inLanguage\":\"pl-PL\"}]}<\/script>\n<!-- \/ Yoast SEO Premium plugin. -->","yoast_head_json":{"title":"iD Slip &#183; iD Ontex","description":"Ste prip\u00fatan\u00ed na l\u00f4\u017eko? Produkty iD Slips poskytuj\u00fa optim\u00e1lnu ochranu pre stredn\u00fa a \u0165a\u017ek\u00fa inkontinenciu v\u010faka ich silnej savosti a efekt\u00edvnej ochrane pred pretekan\u00edm.","robots":{"index":"index","follow":"follow","max-snippet":"max-snippet:-1","max-image-preview":"max-image-preview:large","max-video-preview":"max-video-preview:-1"},"canonical":"https:\/\/id-ontex.com\/id-slip\/","og_locale":"pl_PL","og_type":"article","og_title":"iD Slip","og_description":"Ste prip\u00fatan\u00ed na l\u00f4\u017eko? Produkty iD Slips poskytuj\u00fa optim\u00e1lnu ochranu pre stredn\u00fa a \u0165a\u017ek\u00fa inkontinenciu v\u010faka ich silnej savosti a efekt\u00edvnej ochrane pred pretekan\u00edm.","og_url":"https:\/\/id-ontex.com\/id-slip\/","og_site_name":"iD Ontex","article_modified_time":"2021-08-04T10:01:25+00:00","og_image":[{"width":825,"height":549,"url":"https:\/\/id-ontex.com\/wp-content\/uploads\/2020\/12\/id-preview.jpg","type":"image\/jpeg"}],"twitter_card":"summary_large_image","twitter_misc":{"Szacowany czas czytania":"9 minut"},"schema":{"@context":"https:\/\/schema.org","@graph":[{"@type":"WebPage","@id":"https:\/\/id-ontex.com\/id-slip\/","url":"https:\/\/id-ontex.com\/id-slip\/","name":"iD Slip &#183; iD Ontex","isPartOf":{"@id":"https:\/\/id-ontex.com\/#website"},"datePublished":"2021-08-02T08:46:39+00:00","dateModified":"2021-08-04T10:01:25+00:00","description":"Ste prip\u00fatan\u00ed na l\u00f4\u017eko? Produkty iD Slips poskytuj\u00fa optim\u00e1lnu ochranu pre stredn\u00fa a \u0165a\u017ek\u00fa inkontinenciu v\u010faka ich silnej savosti a efekt\u00edvnej ochrane pred pretekan\u00edm.","breadcrumb":{"@id":"https:\/\/id-ontex.com\/id-slip\/#breadcrumb"},"inLanguage":"pl-PL","potentialAction":[{"@type":"ReadAction","target":["https:\/\/id-ontex.com\/id-slip\/"]}]},{"@type":"BreadcrumbList","@id":"https:\/\/id-ontex.com\/id-slip\/#breadcrumb","itemListElement":[{"@type":"ListItem","position":1,"name":"Home","item":"https:\/\/id-ontex.com\/pl\/"},{"@type":"ListItem","position":2,"name":"iD Slip"}]},{"@type":"WebSite","@id":"https:\/\/id-ontex.com\/#website","url":"https:\/\/id-ontex.com\/","name":"iD Ontex","description":"","potentialAction":[{"@type":"SearchAction","target":{"@type":"EntryPoint","urlTemplate":"https:\/\/id-ontex.com\/?s={search_term_string}"},"query-input":{"@type":"PropertyValueSpecification","valueRequired":true,"valueName":"search_term_string"}}],"inLanguage":"pl-PL"}]}},"_links":{"self":[{"href":"https:\/\/id-ontex.com\/pl\/wp-json\/wp\/v2\/pages\/85400","targetHints":{"allow":["GET"]}}],"collection":[{"href":"https:\/\/id-ontex.com\/pl\/wp-json\/wp\/v2\/pages"}],"about":[{"href":"https:\/\/id-ontex.com\/pl\/wp-json\/wp\/v2\/types\/page"}],"author":[{"embeddable":true,"href":"https:\/\/id-ontex.com\/pl\/wp-json\/wp\/v2\/users\/3"}],"replies":[{"embeddable":true,"href":"https:\/\/id-ontex.com\/pl\/wp-json\/wp\/v2\/comments?post=85400"}],"version-history":[{"count":0,"href":"https:\/\/id-ontex.com\/pl\/wp-json\/wp\/v2\/pages\/85400\/revisions"}],"wp:attachment":[{"href":"https:\/\/id-ontex.com\/pl\/wp-json\/wp\/v2\/media?parent=85400"}],"curies":[{"name":"wp","href":"https:\/\/api.w.org\/{rel}","templated":true}]}}