{"id":85398,"date":"2021-08-02T10:38:56","date_gmt":"2021-08-02T08:38:56","guid":{"rendered":"https:\/\/id-ontex.com\/id-protect\/"},"modified":"2021-08-13T13:40:41","modified_gmt":"2021-08-13T11:40:41","slug":"id-protect","status":"publish","type":"page","link":"https:\/\/id-ontex.com\/pl\/id-protect\/","title":{"rendered":"iD Protect"},"content":{"rendered":"<div class=\"wpb-content-wrapper\"><p>[vc_row unlock_row_content=&#8221;yes&#8221; row_height_percent=&#8221;0&#8243; overlay_alpha=&#8221;50&#8243; gutter_size=&#8221;3&#8243; column_width_percent=&#8221;100&#8243; shift_y=&#8221;0&#8243; z_index=&#8221;0&#8243;][vc_column column_width_percent=&#8221;100&#8243; position_horizontal=&#8221;left&#8221; gutter_size=&#8221;3&#8243; overlay_alpha=&#8221;50&#8243; shift_x=&#8221;0&#8243; shift_y=&#8221;0&#8243; shift_y_down=&#8221;0&#8243; z_index=&#8221;0&#8243; medium_width=&#8221;0&#8243; mobile_width=&#8221;0&#8243; width=&#8221;1\/4&#8243;][\/vc_column][vc_column width=&#8221;1\/2&#8243;][vc_custom_heading heading_semantic=&#8221;h1&#8243; text_size=&#8221;h1&#8243; text_color=&#8221;color-174856&#8243; separator=&#8221;under&#8221;]iD Protect[\/vc_custom_heading][vc_column_text]iD Protect to dodatkowa ochrona mebli lub po\u015bcieli przed wilgoci\u0105, zapewniaj\u0105ca komfort u\u017cytkownikowi. To mi\u0119kkie i wysoce ch\u0142onne podk\u0142ady higienicznie o wielu zastosowaniach.[\/vc_column_text][\/vc_column][vc_column width=&#8221;1\/4&#8243;][\/vc_column][\/vc_row][vc_row row_height_percent=&#8221;0&#8243; override_padding=&#8221;yes&#8221; h_padding=&#8221;5&#8243; top_padding=&#8221;2&#8243; bottom_padding=&#8221;2&#8243; overlay_alpha=&#8221;50&#8243; equal_height=&#8221;yes&#8221; gutter_size=&#8221;3&#8243; column_width_percent=&#8221;100&#8243; shift_y=&#8221;0&#8243; z_index=&#8221;0&#8243; el_class=&#8221;custom-carousel&#8221; front_end_with_slider=&#8221;true&#8221;][vc_column width=&#8221;1\/1&#8243;][uncode_slider slider_interval=&#8221;0&#8243; slider_navspeed=&#8221;400&#8243; slider_hide_arrows=&#8221;yes&#8221; el_class=&#8221;custom-3&#8243;][vc_row_inner row_inner_height_percent=&#8221;0&#8243; force_width_grid=&#8221;yes&#8221; overlay_alpha=&#8221;50&#8243; gutter_size=&#8221;0&#8243; shift_y=&#8221;0&#8243; z_index=&#8221;0&#8243; el_class=&#8221;custom-slide&#8221; limit_content=&#8221;yes&#8221; front_end_with_slider=&#8221;true&#8221;][vc_column_inner column_width_percent=&#8221;100&#8243; gutter_size=&#8221;3&#8243; override_padding=&#8221;yes&#8221; column_padding=&#8221;1&#8243; overlay_alpha=&#8221;50&#8243; shift_x=&#8221;0&#8243; shift_y=&#8221;0&#8243; shift_y_down=&#8221;0&#8243; shift_y_down_fixed=&#8221;yes&#8221; z_index=&#8221;0&#8243; medium_width=&#8221;0&#8243; mobile_width=&#8221;0&#8243; width=&#8221;1\/1&#8243; el_class=&#8221;custom-column&#8221;][vc_single_image media=&#8221;85208&#8243; media_width_percent=&#8221;100&#8243; alignment=&#8221;center&#8221; shape=&#8221;img-round&#8221; media_link=&#8221;|||&#8221; el_class=&#8221;custom-product-img&#8221;][vc_raw_html]JTNDZGl2JTIwY2xhc3MlM0QlMjJjdXN0b20tY29udGVudCUyMiUzRSUwQSUzQ2RpdiUyMGNsYXNzJTNEJTIyY3VzdG9tLXRleHQlMjIlM0VXeW1pYXJ5JTNBJTNDJTJGZGl2JTNFJTBBJTNDZGl2JTIwY2xhc3MlM0QlMjJjdXN0b20taWNvbiUyMiUzRTYweDQwJTIwJTI4UyUyOSUzQyUyRmRpdiUzRSUwQSUzQyUyRmRpdiUzRQ==[\/vc_raw_html][vc_raw_html]JTNDZGl2JTIwY2xhc3MlM0QlMjJjdXN0b20tY29udGVudCUyMiUzRSUwQSUzQ2RpdiUyMGNsYXNzJTNEJTIyY3VzdG9tLXRleHQlMjIlM0VDaCVDNSU4Mm9ubm8lQzUlOUIlQzQlODclM0ElM0MlMkZkaXYlM0UlMEElM0NkaXYlMjBjbGFzcyUzRCUyMmN1c3RvbS1pY29uJTIyJTNFJTBBJTNDaW1nJTIwc3JjJTNEJTIyJTJGd3AtY29udGVudCUyRnVwbG9hZHMlMkYyMDIwJTJGMTElMkZpZC1vbnRleF82LWRyb3BzLnBuZyUyMiUyMGFsdCUzRCUyMmFic29yYmVjeSUyMGljb24lMjIlMkYlM0UlM0MlMkZkaXYlM0UlMEElM0MlMkZkaXYlM0U=[\/vc_raw_html][\/vc_column_inner][\/vc_row_inner][vc_row_inner row_inner_height_percent=&#8221;0&#8243; force_width_grid=&#8221;yes&#8221; overlay_alpha=&#8221;50&#8243; gutter_size=&#8221;0&#8243; shift_y=&#8221;0&#8243; z_index=&#8221;0&#8243; el_class=&#8221;custom-slide&#8221; limit_content=&#8221;yes&#8221; front_end_with_slider=&#8221;true&#8221;][vc_column_inner column_width_percent=&#8221;100&#8243; gutter_size=&#8221;3&#8243; override_padding=&#8221;yes&#8221; column_padding=&#8221;1&#8243; overlay_alpha=&#8221;50&#8243; shift_x=&#8221;0&#8243; shift_y=&#8221;0&#8243; shift_y_down=&#8221;0&#8243; z_index=&#8221;0&#8243; medium_width=&#8221;0&#8243; mobile_width=&#8221;0&#8243; width=&#8221;1\/1&#8243; el_class=&#8221;custom-column&#8221;][vc_single_image media=&#8221;85213&#8243; media_width_percent=&#8221;100&#8243; alignment=&#8221;center&#8221; shape=&#8221;img-round&#8221; media_link=&#8221;|||&#8221; el_class=&#8221;custom-product-img&#8221;][vc_raw_html]JTNDZGl2JTIwY2xhc3MlM0QlMjJjdXN0b20tY29udGVudCUyMiUzRSUwQSUzQ2RpdiUyMGNsYXNzJTNEJTIyY3VzdG9tLXRleHQlMjIlM0VXeW1pYXJ5JTNBJTNDJTJGZGl2JTNFJTBBJTNDZGl2JTIwY2xhc3MlM0QlMjJjdXN0b20taWNvbiUyMiUzRTYweDYwJTIwJTI4TSUyOSUzQyUyRmRpdiUzRSUwQSUzQyUyRmRpdiUzRQ==[\/vc_raw_html][vc_raw_html]JTNDZGl2JTIwY2xhc3MlM0QlMjJjdXN0b20tY29udGVudCUyMiUzRSUwQSUzQ2RpdiUyMGNsYXNzJTNEJTIyY3VzdG9tLXRleHQlMjIlM0VDaCVDNSU4Mm9ubm8lQzUlOUIlQzQlODclM0ElM0MlMkZkaXYlM0UlMEElM0NkaXYlMjBjbGFzcyUzRCUyMmN1c3RvbS1pY29uJTIyJTNFJTBBJTNDaW1nJTIwc3JjJTNEJTIyJTJGd3AtY29udGVudCUyRnVwbG9hZHMlMkYyMDIwJTJGMTElMkZpZC1vbnRleF82LWRyb3BzLnBuZyUyMiUyMGFsdCUzRCUyMmFic29yYmVjeSUyMGljb24lMjIlMkYlM0UlM0MlMkZkaXYlM0UlMEElM0MlMkZkaXYlM0U=[\/vc_raw_html][\/vc_column_inner][\/vc_row_inner][vc_row_inner][vc_column_inner width=&#8221;1\/1&#8243;][vc_single_image media=&#8221;85860&#8243; media_width_percent=&#8221;100&#8243; shape=&#8221;img-round&#8221; el_class=&#8221;custom-product-img&#8221;][vc_raw_html]JTNDZGl2JTIwY2xhc3MlM0QlMjJjdXN0b20tY29udGVudCUyMiUzRSUwQSUzQ2RpdiUyMGNsYXNzJTNEJTIyY3VzdG9tLXRleHQlMjIlM0VXeW1pYXJ5JTNBJTNDJTJGZGl2JTNFJTBBJTNDZGl2JTIwY2xhc3MlM0QlMjJjdXN0b20taWNvbiUyMiUzRTYweDkwJTIwJTI4TCUyOSUzQyUyRmRpdiUzRSUwQSUzQyUyRmRpdiUzRQ==[\/vc_raw_html][vc_raw_html]JTNDZGl2JTIwY2xhc3MlM0QlMjJjdXN0b20tY29udGVudCUyMiUzRSUwQSUzQ2RpdiUyMGNsYXNzJTNEJTIyY3VzdG9tLXRleHQlMjIlM0VDaCVDNSU4Mm9ubm8lQzUlOUIlQzQlODclM0ElM0MlMkZkaXYlM0UlMEElM0NkaXYlMjBjbGFzcyUzRCUyMmN1c3RvbS1pY29uJTIyJTNFJTBBJTNDaW1nJTIwc3JjJTNEJTIyJTJGd3AtY29udGVudCUyRnVwbG9hZHMlMkYyMDIwJTJGMTElMkZpZC1vbnRleF82LWRyb3BzLnBuZyUyMiUyMGFsdCUzRCUyMmFic29yYmVjeSUyMGljb24lMjIlMkYlM0UlM0MlMkZkaXYlM0UlMEElM0MlMkZkaXYlM0U=[\/vc_raw_html][\/vc_column_inner][\/vc_row_inner][\/uncode_slider][\/vc_column][\/vc_row][vc_row][vc_column width=&#8221;1\/1&#8243;][vc_tabs][vc_tab gutter_size=&#8221;2&#8243; column_padding=&#8221;2&#8243; title=&#8221;Korzy\u015bci&#8221; tab_id=&#8221;1605715105-1-551606170008907&#8243;][vc_row_inner limit_content=&#8221;&#8221;][vc_column_inner width=&#8221;1\/4&#8243;][\/vc_column_inner][vc_column_inner width=&#8221;1\/2&#8243;][vc_icon position=&#8221;left&#8221; title_aligned_icon=&#8221;yes&#8221; icon_image=&#8221;83566&#8243; icon_color=&#8221;accent&#8221; media_size=&#8221;100&#8243; text_size=&#8221;h4&#8243; add_margin=&#8221;yes&#8221; title=&#8221;Delikatno\u015b\u0107 bawe\u0142ny&#8221; link=&#8221;|||&#8221;]Mi\u0119kka tylna pow\u0142oka z tkaniny zapewnia maksimum wygody i dyskrecji.[\/vc_icon][vc_icon position=&#8221;left&#8221; title_aligned_icon=&#8221;yes&#8221; icon_image=&#8221;83567&#8243; icon_color=&#8221;accent&#8221; media_size=&#8221;100&#8243; text_size=&#8221;h4&#8243; add_margin=&#8221;yes&#8221; title=&#8221;R\u00f3\u017cnorodne zastosowania&#8221; link=&#8221;|||&#8221;]R\u00f3\u017cnorodne zastosowania, w tym ochrona krzese\u0142, foteli, czy \u0142\u00f3\u017cka w czasie czynno\u015bci higienicznych lub jako dodatkowe zabezpieczenie u os\u00f3b le\u017c\u0105cych.[\/vc_icon][vc_icon position=&#8221;left&#8221; title_aligned_icon=&#8221;yes&#8221; icon_image=&#8221;83545&#8243; icon_color=&#8221;accent&#8221; media_size=&#8221;100&#8243; text_size=&#8221;h4&#8243; add_margin=&#8221;yes&#8221; title=&#8221;Testowane dermatologicznie&#8221; link=&#8221;|||&#8221;]Produkty iD zosta\u0142y przetestowane dermatologicznie i nie powoduj\u0105 podra\u017cnie\u0144 sk\u00f3ry.[\/vc_icon][vc_icon position=&#8221;left&#8221; title_aligned_icon=&#8221;yes&#8221; icon_image=&#8221;85045&#8243; icon_color=&#8221;accent&#8221; media_size=&#8221;100&#8243; text_size=&#8221;h4&#8243; add_margin=&#8221;yes&#8221; title=&#8221;Szybkie wch\u0142anianie&#8221; link=&#8221;|||&#8221;]Wierzchnia warstwa produktu sprzyja szybkiemu przenikaniu moczu do wielowarstwowego ch\u0142onnego wn\u0119trza.[\/vc_icon][\/vc_column_inner][vc_column_inner width=&#8221;1\/4&#8243;][\/vc_column_inner][\/vc_row_inner][\/vc_tab][\/vc_tabs][\/vc_column][\/vc_row]<\/p>\n<\/div>","protected":false},"excerpt":{"rendered":"<p>iD Protect disposable and absorbent napkins are a practical, easy to use and hygienic product to protect bed linen and various surfaces from getting wet.<\/p>\n","protected":false},"author":3,"featured_media":0,"parent":0,"menu_order":0,"comment_status":"closed","ping_status":"closed","template":"","meta":{"footnotes":""},"class_list":["post-85398","page","type-page","status-publish","hentry","page_category-care-for-loved-ones-pl"],"yoast_head":"<!-- This site is optimized with the Yoast SEO Premium plugin v20.9 (Yoast SEO v27.4) - https:\/\/yoast.com\/product\/yoast-seo-premium-wordpress\/ -->\n<title>iD Protect &#183; iD Ontex<\/title>\n<meta name=\"description\" content=\"Jednorazowe i ch\u0142onne podk\u0142ady iD Protect to praktyczny, \u0142atwy w u\u017cyciu i higieniczny produkt chroni\u0105cy po\u015bciel i r\u00f3\u017cne powierzchnie przed zmoczeniem.\" \/>\n<meta name=\"robots\" content=\"index, follow, max-snippet:-1, max-image-preview:large, max-video-preview:-1\" \/>\n<link rel=\"canonical\" href=\"https:\/\/id-ontex.com\/id-protect\/\" \/>\n<meta property=\"og:locale\" content=\"pl_PL\" \/>\n<meta property=\"og:type\" content=\"article\" \/>\n<meta property=\"og:title\" content=\"iD Protect\" \/>\n<meta property=\"og:description\" content=\"Jednorazowe i ch\u0142onne podk\u0142ady iD Protect to praktyczny, \u0142atwy w u\u017cyciu i higieniczny produkt chroni\u0105cy po\u015bciel i r\u00f3\u017cne powierzchnie przed zmoczeniem.\" \/>\n<meta property=\"og:url\" content=\"https:\/\/id-ontex.com\/id-protect\/\" \/>\n<meta property=\"og:site_name\" content=\"iD Ontex\" \/>\n<meta property=\"article:modified_time\" content=\"2021-08-13T11:40:41+00:00\" \/>\n<meta property=\"og:image\" content=\"https:\/\/id-ontex.com\/wp-content\/uploads\/2020\/12\/id-preview.jpg\" \/>\n\t<meta property=\"og:image:width\" content=\"825\" \/>\n\t<meta property=\"og:image:height\" content=\"549\" \/>\n\t<meta property=\"og:image:type\" content=\"image\/jpeg\" \/>\n<meta name=\"twitter:card\" content=\"summary_large_image\" \/>\n<meta name=\"twitter:label1\" content=\"Szacowany czas czytania\" \/>\n\t<meta name=\"twitter:data1\" content=\"4 minuty\" \/>\n<script type=\"application\/ld+json\" class=\"yoast-schema-graph\">{\"@context\":\"https:\\\/\\\/schema.org\",\"@graph\":[{\"@type\":\"WebPage\",\"@id\":\"https:\\\/\\\/id-ontex.com\\\/id-protect\\\/\",\"url\":\"https:\\\/\\\/id-ontex.com\\\/id-protect\\\/\",\"name\":\"iD Protect &#183; iD Ontex\",\"isPartOf\":{\"@id\":\"https:\\\/\\\/id-ontex.com\\\/#website\"},\"datePublished\":\"2021-08-02T08:38:56+00:00\",\"dateModified\":\"2021-08-13T11:40:41+00:00\",\"description\":\"Jednorazowe i ch\u0142onne podk\u0142ady iD Protect to praktyczny, \u0142atwy w u\u017cyciu i higieniczny produkt chroni\u0105cy po\u015bciel i r\u00f3\u017cne powierzchnie przed zmoczeniem.\",\"breadcrumb\":{\"@id\":\"https:\\\/\\\/id-ontex.com\\\/id-protect\\\/#breadcrumb\"},\"inLanguage\":\"pl-PL\",\"potentialAction\":[{\"@type\":\"ReadAction\",\"target\":[\"https:\\\/\\\/id-ontex.com\\\/id-protect\\\/\"]}]},{\"@type\":\"BreadcrumbList\",\"@id\":\"https:\\\/\\\/id-ontex.com\\\/id-protect\\\/#breadcrumb\",\"itemListElement\":[{\"@type\":\"ListItem\",\"position\":1,\"name\":\"Home\",\"item\":\"https:\\\/\\\/id-ontex.com\\\/pl\\\/\"},{\"@type\":\"ListItem\",\"position\":2,\"name\":\"iD Protect\"}]},{\"@type\":\"WebSite\",\"@id\":\"https:\\\/\\\/id-ontex.com\\\/#website\",\"url\":\"https:\\\/\\\/id-ontex.com\\\/\",\"name\":\"iD Ontex\",\"description\":\"\",\"potentialAction\":[{\"@type\":\"SearchAction\",\"target\":{\"@type\":\"EntryPoint\",\"urlTemplate\":\"https:\\\/\\\/id-ontex.com\\\/?s={search_term_string}\"},\"query-input\":{\"@type\":\"PropertyValueSpecification\",\"valueRequired\":true,\"valueName\":\"search_term_string\"}}],\"inLanguage\":\"pl-PL\"}]}<\/script>\n<!-- \/ Yoast SEO Premium plugin. -->","yoast_head_json":{"title":"iD Protect &#183; iD Ontex","description":"Jednorazowe i ch\u0142onne podk\u0142ady iD Protect to praktyczny, \u0142atwy w u\u017cyciu i higieniczny produkt chroni\u0105cy po\u015bciel i r\u00f3\u017cne powierzchnie przed zmoczeniem.","robots":{"index":"index","follow":"follow","max-snippet":"max-snippet:-1","max-image-preview":"max-image-preview:large","max-video-preview":"max-video-preview:-1"},"canonical":"https:\/\/id-ontex.com\/id-protect\/","og_locale":"pl_PL","og_type":"article","og_title":"iD Protect","og_description":"Jednorazowe i ch\u0142onne podk\u0142ady iD Protect to praktyczny, \u0142atwy w u\u017cyciu i higieniczny produkt chroni\u0105cy po\u015bciel i r\u00f3\u017cne powierzchnie przed zmoczeniem.","og_url":"https:\/\/id-ontex.com\/id-protect\/","og_site_name":"iD Ontex","article_modified_time":"2021-08-13T11:40:41+00:00","og_image":[{"width":825,"height":549,"url":"https:\/\/id-ontex.com\/wp-content\/uploads\/2020\/12\/id-preview.jpg","type":"image\/jpeg"}],"twitter_card":"summary_large_image","twitter_misc":{"Szacowany czas czytania":"4 minuty"},"schema":{"@context":"https:\/\/schema.org","@graph":[{"@type":"WebPage","@id":"https:\/\/id-ontex.com\/id-protect\/","url":"https:\/\/id-ontex.com\/id-protect\/","name":"iD Protect &#183; iD Ontex","isPartOf":{"@id":"https:\/\/id-ontex.com\/#website"},"datePublished":"2021-08-02T08:38:56+00:00","dateModified":"2021-08-13T11:40:41+00:00","description":"Jednorazowe i ch\u0142onne podk\u0142ady iD Protect to praktyczny, \u0142atwy w u\u017cyciu i higieniczny produkt chroni\u0105cy po\u015bciel i r\u00f3\u017cne powierzchnie przed zmoczeniem.","breadcrumb":{"@id":"https:\/\/id-ontex.com\/id-protect\/#breadcrumb"},"inLanguage":"pl-PL","potentialAction":[{"@type":"ReadAction","target":["https:\/\/id-ontex.com\/id-protect\/"]}]},{"@type":"BreadcrumbList","@id":"https:\/\/id-ontex.com\/id-protect\/#breadcrumb","itemListElement":[{"@type":"ListItem","position":1,"name":"Home","item":"https:\/\/id-ontex.com\/pl\/"},{"@type":"ListItem","position":2,"name":"iD Protect"}]},{"@type":"WebSite","@id":"https:\/\/id-ontex.com\/#website","url":"https:\/\/id-ontex.com\/","name":"iD Ontex","description":"","potentialAction":[{"@type":"SearchAction","target":{"@type":"EntryPoint","urlTemplate":"https:\/\/id-ontex.com\/?s={search_term_string}"},"query-input":{"@type":"PropertyValueSpecification","valueRequired":true,"valueName":"search_term_string"}}],"inLanguage":"pl-PL"}]}},"_links":{"self":[{"href":"https:\/\/id-ontex.com\/pl\/wp-json\/wp\/v2\/pages\/85398","targetHints":{"allow":["GET"]}}],"collection":[{"href":"https:\/\/id-ontex.com\/pl\/wp-json\/wp\/v2\/pages"}],"about":[{"href":"https:\/\/id-ontex.com\/pl\/wp-json\/wp\/v2\/types\/page"}],"author":[{"embeddable":true,"href":"https:\/\/id-ontex.com\/pl\/wp-json\/wp\/v2\/users\/3"}],"replies":[{"embeddable":true,"href":"https:\/\/id-ontex.com\/pl\/wp-json\/wp\/v2\/comments?post=85398"}],"version-history":[{"count":0,"href":"https:\/\/id-ontex.com\/pl\/wp-json\/wp\/v2\/pages\/85398\/revisions"}],"wp:attachment":[{"href":"https:\/\/id-ontex.com\/pl\/wp-json\/wp\/v2\/media?parent=85398"}],"curies":[{"name":"wp","href":"https:\/\/api.w.org\/{rel}","templated":true}]}}