{"id":85354,"date":"2021-08-02T10:32:18","date_gmt":"2021-08-02T08:32:18","guid":{"rendered":"https:\/\/id-ontex.com\/id-pants\/"},"modified":"2021-08-13T13:39:54","modified_gmt":"2021-08-13T11:39:54","slug":"id-pants","status":"publish","type":"page","link":"https:\/\/id-ontex.com\/pl\/id-pants\/","title":{"rendered":"iD Pants"},"content":{"rendered":"<div class=\"wpb-content-wrapper\"><p>[vc_row unlock_row_content=&#8221;yes&#8221; row_height_percent=&#8221;0&#8243; overlay_alpha=&#8221;50&#8243; gutter_size=&#8221;3&#8243; column_width_percent=&#8221;100&#8243; shift_y=&#8221;0&#8243; z_index=&#8221;0&#8243;][vc_column column_width_percent=&#8221;100&#8243; position_horizontal=&#8221;left&#8221; gutter_size=&#8221;3&#8243; overlay_alpha=&#8221;50&#8243; shift_x=&#8221;0&#8243; shift_y=&#8221;0&#8243; shift_y_down=&#8221;0&#8243; z_index=&#8221;0&#8243; medium_width=&#8221;0&#8243; mobile_width=&#8221;0&#8243; width=&#8221;1\/4&#8243;][\/vc_column][vc_column width=&#8221;1\/2&#8243;][vc_custom_heading heading_semantic=&#8221;h1&#8243; text_size=&#8221;h1&#8243; text_color=&#8221;color-174856&#8243; separator=&#8221;under&#8221;]iD Pants[\/vc_custom_heading][vc_column_text]iD Pants to majtki ch\u0142onne dla kobiet i m\u0119\u017cczyzn stworzone po to, aby zapewni\u0107 Ci niezale\u017cno\u015b\u0107 i pe\u0142n\u0105 rado\u015b\u0107 z \u017cycia. S\u0105 niewidoczne pod ubraniem, dopasowane do cia\u0142a tak jak normalna bielizna, nie kr\u0119puj\u0105 ruch\u00f3w i zapewniaj\u0105 doskona\u0142\u0105 ch\u0142onno\u015b\u0107.[\/vc_column_text][\/vc_column][vc_column width=&#8221;1\/4&#8243;][\/vc_column][\/vc_row][vc_row row_height_percent=&#8221;0&#8243; override_padding=&#8221;yes&#8221; h_padding=&#8221;0&#8243; top_padding=&#8221;2&#8243; bottom_padding=&#8221;2&#8243; overlay_alpha=&#8221;50&#8243; gutter_size=&#8221;3&#8243; column_width_percent=&#8221;100&#8243; shift_y=&#8221;0&#8243; z_index=&#8221;0&#8243; el_class=&#8221;custom-carousel full-width-carousel&#8221; front_end_with_slider=&#8221;true&#8221;][vc_column column_width_percent=&#8221;100&#8243; position_vertical=&#8221;middle&#8221; align_horizontal=&#8221;align_center&#8221; gutter_size=&#8221;3&#8243; overlay_alpha=&#8221;50&#8243; shift_x=&#8221;0&#8243; shift_y=&#8221;0&#8243; shift_y_down=&#8221;0&#8243; z_index=&#8221;0&#8243; medium_width=&#8221;0&#8243; mobile_width=&#8221;0&#8243; width=&#8221;1\/4&#8243;][\/vc_column][vc_column width=&#8221;1\/2&#8243;][uncode_slider slider_interval=&#8221;0&#8243; slider_navspeed=&#8221;400&#8243; el_class=&#8221;custom-2&#8243;][vc_row_inner row_inner_height_percent=&#8221;0&#8243; force_width_grid=&#8221;yes&#8221; overlay_alpha=&#8221;50&#8243; gutter_size=&#8221;0&#8243; shift_y=&#8221;0&#8243; z_index=&#8221;0&#8243; el_class=&#8221;custom-slide&#8221; limit_content=&#8221;yes&#8221; front_end_with_slider=&#8221;true&#8221;][vc_column_inner column_width_percent=&#8221;100&#8243; gutter_size=&#8221;3&#8243; override_padding=&#8221;yes&#8221; column_padding=&#8221;1&#8243; overlay_alpha=&#8221;50&#8243; shift_x=&#8221;0&#8243; shift_y=&#8221;0&#8243; shift_y_down=&#8221;0&#8243; z_index=&#8221;0&#8243; medium_width=&#8221;0&#8243; mobile_width=&#8221;0&#8243; radius=&#8221;sm&#8221; width=&#8221;1\/1&#8243; el_class=&#8221;custom-column&#8221;][vc_single_image media=&#8221;83996&#8243; media_width_percent=&#8221;100&#8243; alignment=&#8221;center&#8221; shape=&#8221;img-round&#8221; media_link=&#8221;|||&#8221; el_class=&#8221;custom-product-img&#8221;][vc_raw_html]JTNDZGl2JTIwY2xhc3MlM0QlMjJjdXN0b20tY29udGVudCUyMiUzRSUwQSUzQ2RpdiUyMGNsYXNzJTNEJTIyY3VzdG9tLXRleHQlMjIlM0VUYWxpYSUzQSUzQyUyRmRpdiUzRSUwQSUzQ2RpdiUyMGNsYXNzJTNEJTIyY3VzdG9tLWljb24lMjIlM0VNJTIwJTI4ODAtMTIwJTIwY20lMjklM0MlMkZkaXYlM0UlMEElM0MlMkZkaXYlM0U=[\/vc_raw_html][vc_raw_html]JTNDZGl2JTIwY2xhc3MlM0QlMjJjdXN0b20tY29udGVudCUyMiUzRSUwQSUzQ2RpdiUyMGNsYXNzJTNEJTIyY3VzdG9tLXRleHQlMjIlM0VDaCVDNSU4Mm9ubm8lQzUlOUIlQzQlODclM0ElM0MlMkZkaXYlM0UlMEElM0NkaXYlMjBjbGFzcyUzRCUyMmN1c3RvbS1pY29uJTIyJTNFJTBBJTNDaW1nJTIwc3JjJTNEJTIyJTJGd3AtY29udGVudCUyRnVwbG9hZHMlMkYyMDIwJTJGMTElMkZpZC1vbnRleF82LWRyb3BzLnBuZyUyMiUyMGFsdCUzRCUyMmFic29yYmVjeSUyMGljb24lMjIlMkYlM0UlM0MlMkZkaXYlM0UlMEElM0MlMkZkaXYlM0U=[\/vc_raw_html][\/vc_column_inner][\/vc_row_inner][vc_row_inner row_inner_height_percent=&#8221;0&#8243; force_width_grid=&#8221;yes&#8221; overlay_alpha=&#8221;50&#8243; gutter_size=&#8221;0&#8243; shift_y=&#8221;0&#8243; z_index=&#8221;0&#8243; el_class=&#8221;custom-slide&#8221; limit_content=&#8221;yes&#8221; front_end_with_slider=&#8221;true&#8221;][vc_column_inner column_width_percent=&#8221;100&#8243; gutter_size=&#8221;3&#8243; override_padding=&#8221;yes&#8221; column_padding=&#8221;1&#8243; overlay_alpha=&#8221;50&#8243; shift_x=&#8221;0&#8243; shift_y=&#8221;0&#8243; shift_y_down=&#8221;0&#8243; z_index=&#8221;0&#8243; medium_width=&#8221;0&#8243; mobile_width=&#8221;0&#8243; radius=&#8221;sm&#8221; width=&#8221;1\/1&#8243; el_class=&#8221;custom-column&#8221;][vc_single_image media=&#8221;84000&#8243; media_width_percent=&#8221;100&#8243; alignment=&#8221;center&#8221; shape=&#8221;img-round&#8221; media_link=&#8221;|||&#8221; el_class=&#8221;custom-product-img&#8221;][vc_raw_html]JTNDZGl2JTIwY2xhc3MlM0QlMjJjdXN0b20tY29udGVudCUyMiUzRSUwQSUzQ2RpdiUyMGNsYXNzJTNEJTIyY3VzdG9tLXRleHQlMjIlM0VUYWxpYSUzQSUzQyUyRmRpdiUzRSUwQSUzQ2RpdiUyMGNsYXNzJTNEJTIyY3VzdG9tLWljb24lMjIlM0VMJTIwJTI4MTAwLTE0NSUyMGNtJTI5JTNDJTJGZGl2JTNFJTBBJTNDJTJGZGl2JTNF[\/vc_raw_html][vc_raw_html]JTNDZGl2JTIwY2xhc3MlM0QlMjJjdXN0b20tY29udGVudCUyMiUzRSUwQSUzQ2RpdiUyMGNsYXNzJTNEJTIyY3VzdG9tLXRleHQlMjIlM0VDaCVDNSU4Mm9ubm8lQzUlOUIlQzQlODclM0ElM0MlMkZkaXYlM0UlMEElM0NkaXYlMjBjbGFzcyUzRCUyMmN1c3RvbS1pY29uJTIyJTNFJTBBJTNDaW1nJTIwc3JjJTNEJTIyJTJGd3AtY29udGVudCUyRnVwbG9hZHMlMkYyMDIwJTJGMTElMkZpZC1vbnRleF82LWRyb3BzLnBuZyUyMiUyMGFsdCUzRCUyMmFic29yYmVjeSUyMGljb24lMjIlMkYlM0UlM0MlMkZkaXYlM0UlMEElM0MlMkZkaXYlM0U=[\/vc_raw_html][\/vc_column_inner][\/vc_row_inner][\/uncode_slider][\/vc_column][vc_column width=&#8221;1\/4&#8243;][\/vc_column][\/vc_row][vc_row][vc_column column_width_percent=&#8221;100&#8243; position_vertical=&#8221;middle&#8221; gutter_size=&#8221;3&#8243; overlay_alpha=&#8221;50&#8243; shift_x=&#8221;0&#8243; shift_y=&#8221;0&#8243; shift_y_down=&#8221;0&#8243; z_index=&#8221;0&#8243; medium_width=&#8221;0&#8243; mobile_width=&#8221;0&#8243; width=&#8221;1\/1&#8243;][vc_tabs][vc_tab gutter_size=&#8221;2&#8243; column_padding=&#8221;2&#8243; title=&#8221;Korzy\u015bci&#8221; tab_id=&#8221;1605715105-1-5516061700089071606296464831&#8243;][vc_row_inner limit_content=&#8221;&#8221;][vc_column_inner width=&#8221;1\/4&#8243;][\/vc_column_inner][vc_column_inner width=&#8221;1\/2&#8243;][vc_icon position=&#8221;left&#8221; title_aligned_icon=&#8221;yes&#8221; icon_image=&#8221;84994&#8243; icon_color=&#8221;accent&#8221; media_size=&#8221;100&#8243; text_size=&#8221;h4&#8243; add_margin=&#8221;yes&#8221; title=&#8221;Neutralizacja zapachu&#8221; link=&#8221;|||&#8221;]Obecny w produkcie system neutralizacji zapachu zapobiega powstawaniu amoniaku, a co za tym idzie \u2013 nieprzyjemnego zapachu.[\/vc_icon][vc_icon position=&#8221;left&#8221; title_aligned_icon=&#8221;yes&#8221; icon_image=&#8221;84998&#8243; icon_color=&#8221;accent&#8221; media_size=&#8221;100&#8243; text_size=&#8221;h4&#8243; add_margin=&#8221;yes&#8221; title=&#8221;Ochrona przed przeciekaniem&#8221; link=&#8221;|||&#8221;]Zintegrowane brzegi zabezpieczaj\u0105ce wykonane z wodoodpornego materia\u0142u pomagaj\u0105 zapobiega\u0107 wyciekaniu wilgoci bokiem, zapewniaj\u0105c ochron\u0119 i dyskrecj\u0119.[\/vc_icon][vc_icon position=&#8221;left&#8221; title_aligned_icon=&#8221;yes&#8221; icon_image=&#8221;85003&#8243; icon_color=&#8221;accent&#8221; media_size=&#8221;100&#8243; text_size=&#8221;h4&#8243; add_margin=&#8221;yes&#8221; title=&#8221;Szybkie wch\u0142anianie&#8221; link=&#8221;|||&#8221;]Wierzchnia warstwa produktu sprzyja szybkiemu przenikaniu moczu do wielowarstwowego ch\u0142onnego wn\u0119trza, zawieraj\u0105cego wysoce ch\u0142onne mikrokapsu\u0142ki SAP (Super Absorbent Polymers)[\/vc_icon][vc_icon position=&#8221;left&#8221; title_aligned_icon=&#8221;yes&#8221; icon_image=&#8221;83558&#8243; icon_color=&#8221;accent&#8221; media_size=&#8221;100&#8243; text_size=&#8221;h4&#8243; add_margin=&#8221;yes&#8221; title=&#8221;Technologia Dry Zone&#8221; link=&#8221;|||&#8221;]Technologia \u0142\u0105cz\u0105ca w sobie system ultraszybkiego wch\u0142aniania p\u0142ynu i jego zatrzymywania wewn\u0105trz wk\u0142adki z tworzeniem optymalnej suchej strefy na powierzchni produktu, kt\u00f3ra chroni sk\u00f3r\u0119 przed kontaktem z wilgoci\u0105.[\/vc_icon][vc_icon position=&#8221;left&#8221; title_aligned_icon=&#8221;yes&#8221; icon_image=&#8221;83559&#8243; icon_color=&#8221;accent&#8221; media_size=&#8221;100&#8243; text_size=&#8221;h4&#8243; add_margin=&#8221;yes&#8221; title=&#8221;Delikatne jak bawe\u0142na&#8221; link=&#8221;|||&#8221;]Mi\u0119kka zewn\u0119trzna pow\u0142oka z w\u0142\u00f3kniny zapewnia maksimum wygody i dyskrecji.[\/vc_icon][vc_icon position=&#8221;left&#8221; title_aligned_icon=&#8221;yes&#8221; icon_image=&#8221;83556&#8243; icon_color=&#8221;accent&#8221; media_size=&#8221;100&#8243; text_size=&#8221;h4&#8243; add_margin=&#8221;yes&#8221; title=&#8221;Doskona\u0142e dopasowanie i wygoda&#8221; link=&#8221;|||&#8221;]Kszta\u0142t produktu umo\u017cliwia jego doskona\u0142e dopasowanie do cia\u0142a, by zapewni\u0107 maksymaln\u0105 wygod\u0119 i dyskrecj\u0119.[\/vc_icon][vc_icon position=&#8221;left&#8221; title_aligned_icon=&#8221;yes&#8221; icon_image=&#8221;83557&#8243; icon_color=&#8221;accent&#8221; media_size=&#8221;100&#8243; text_size=&#8221;h4&#8243; add_margin=&#8221;yes&#8221; title=&#8221;Testowane dermatologicznie&#8221; link=&#8221;|||&#8221;]Produkty iD zosta\u0142y przetestowane dermatologicznie i nie powoduj\u0105 podra\u017cnie\u0144 sk\u00f3ry.[\/vc_icon][\/vc_column_inner][vc_column_inner width=&#8221;1\/4&#8243;][\/vc_column_inner][\/vc_row_inner][\/vc_tab][vc_tab gutter_size=&#8221;2&#8243; column_padding=&#8221;2&#8243; title=&#8221;Spos\u00f3b u\u017cycia&#8221; tab_id=&#8221;1606514112250-1-1&#8243;][vc_row_inner limit_content=&#8221;&#8221;][vc_column_inner width=&#8221;1\/4&#8243;][\/vc_column_inner][vc_column_inner column_width_percent=&#8221;100&#8243; position_vertical=&#8221;middle&#8221; gutter_size=&#8221;3&#8243; overlay_alpha=&#8221;50&#8243; shift_x=&#8221;0&#8243; shift_y=&#8221;0&#8243; shift_y_down=&#8221;0&#8243; z_index=&#8221;0&#8243; medium_width=&#8221;0&#8243; mobile_width=&#8221;0&#8243; width=&#8221;1\/2&#8243;][vc_icon position=&#8221;left&#8221; icon_image=&#8221;83642&#8243; media_size=&#8221;80&#8243;]Upewniwszy si\u0119, \u017ce oznaczenie rozmiaru znajduje si\u0119 z ty\u0142u, za\u0142\u00f3\u017c majtki na nogi i podci\u0105gnij.[\/vc_icon][vc_icon position=&#8221;left&#8221; icon_image=&#8221;83645&#8243; media_size=&#8221;80&#8243;]Dopasuj ich u\u0142o\u017cenie, tak aby jak najlepiej Ci\u0119 zabezpiecza\u0142y i zapewnia\u0142y maksymaln\u0105 wygod\u0119.[\/vc_icon][vc_icon position=&#8221;left&#8221; icon_image=&#8221;83644&#8243; media_size=&#8221;80&#8243;]Aby zdj\u0105\u0107 majtki, zsu\u0144 je przez nogi lub rozerwij boczne szwy.[\/vc_icon][vc_icon position=&#8221;left&#8221; icon_image=&#8221;83643&#8243; media_size=&#8221;80&#8243;]Po zdj\u0119ciu majtek zwi\u0144 je w rulon i ostro\u017cnie wyrzu\u0107 do \u015bmieci.[\/vc_icon][\/vc_column_inner][vc_column_inner width=&#8221;1\/4&#8243;][\/vc_column_inner][\/vc_row_inner][\/vc_tab][\/vc_tabs][\/vc_column][\/vc_row]<\/p>\n<\/div>","protected":false},"excerpt":{"rendered":"<p>The iD PANTS BASIC pant diapers are economical urological products with the quality necessary to ensure protection and comfort.<\/p>\n","protected":false},"author":3,"featured_media":0,"parent":0,"menu_order":0,"comment_status":"closed","ping_status":"closed","template":"","meta":{"footnotes":""},"class_list":["post-85354","page","type-page","status-publish","hentry","page_category-men-pl","page_category-women-pl"],"yoast_head":"<!-- This site is optimized with the Yoast SEO Premium plugin v20.9 (Yoast SEO v27.4) - https:\/\/yoast.com\/product\/yoast-seo-premium-wordpress\/ -->\n<title>iD Pants &#183; iD Ontex<\/title>\n<meta name=\"description\" content=\"Majtki ch\u0142onne iD PANTS BASIC to ekonomiczne produkty urologiczne o jako\u015bci niezb\u0119dnej do zapewnienia ochrony i komfortu.\" \/>\n<meta name=\"robots\" content=\"index, follow, max-snippet:-1, max-image-preview:large, max-video-preview:-1\" \/>\n<link rel=\"canonical\" href=\"https:\/\/id-ontex.com\/id-pants\/\" \/>\n<meta property=\"og:locale\" content=\"pl_PL\" \/>\n<meta property=\"og:type\" content=\"article\" \/>\n<meta property=\"og:title\" content=\"iD Pants\" \/>\n<meta property=\"og:description\" content=\"Majtki ch\u0142onne iD PANTS BASIC to ekonomiczne produkty urologiczne o jako\u015bci niezb\u0119dnej do zapewnienia ochrony i komfortu.\" \/>\n<meta property=\"og:url\" content=\"https:\/\/id-ontex.com\/id-pants\/\" \/>\n<meta property=\"og:site_name\" content=\"iD Ontex\" \/>\n<meta property=\"article:modified_time\" content=\"2021-08-13T11:39:54+00:00\" \/>\n<meta property=\"og:image\" content=\"https:\/\/id-ontex.com\/wp-content\/uploads\/2020\/12\/id-preview.jpg\" \/>\n\t<meta property=\"og:image:width\" content=\"825\" \/>\n\t<meta property=\"og:image:height\" content=\"549\" \/>\n\t<meta property=\"og:image:type\" content=\"image\/jpeg\" \/>\n<meta name=\"twitter:card\" content=\"summary_large_image\" \/>\n<meta name=\"twitter:label1\" content=\"Szacowany czas czytania\" \/>\n\t<meta name=\"twitter:data1\" content=\"6 minut\" \/>\n<script type=\"application\/ld+json\" class=\"yoast-schema-graph\">{\"@context\":\"https:\\\/\\\/schema.org\",\"@graph\":[{\"@type\":\"WebPage\",\"@id\":\"https:\\\/\\\/id-ontex.com\\\/id-pants\\\/\",\"url\":\"https:\\\/\\\/id-ontex.com\\\/id-pants\\\/\",\"name\":\"iD Pants &#183; iD Ontex\",\"isPartOf\":{\"@id\":\"https:\\\/\\\/id-ontex.com\\\/#website\"},\"datePublished\":\"2021-08-02T08:32:18+00:00\",\"dateModified\":\"2021-08-13T11:39:54+00:00\",\"description\":\"Majtki ch\u0142onne iD PANTS BASIC to ekonomiczne produkty urologiczne o jako\u015bci niezb\u0119dnej do zapewnienia ochrony i komfortu.\",\"breadcrumb\":{\"@id\":\"https:\\\/\\\/id-ontex.com\\\/id-pants\\\/#breadcrumb\"},\"inLanguage\":\"pl-PL\",\"potentialAction\":[{\"@type\":\"ReadAction\",\"target\":[\"https:\\\/\\\/id-ontex.com\\\/id-pants\\\/\"]}]},{\"@type\":\"BreadcrumbList\",\"@id\":\"https:\\\/\\\/id-ontex.com\\\/id-pants\\\/#breadcrumb\",\"itemListElement\":[{\"@type\":\"ListItem\",\"position\":1,\"name\":\"Home\",\"item\":\"https:\\\/\\\/id-ontex.com\\\/pl\\\/\"},{\"@type\":\"ListItem\",\"position\":2,\"name\":\"iD Pants\"}]},{\"@type\":\"WebSite\",\"@id\":\"https:\\\/\\\/id-ontex.com\\\/#website\",\"url\":\"https:\\\/\\\/id-ontex.com\\\/\",\"name\":\"iD Ontex\",\"description\":\"\",\"potentialAction\":[{\"@type\":\"SearchAction\",\"target\":{\"@type\":\"EntryPoint\",\"urlTemplate\":\"https:\\\/\\\/id-ontex.com\\\/?s={search_term_string}\"},\"query-input\":{\"@type\":\"PropertyValueSpecification\",\"valueRequired\":true,\"valueName\":\"search_term_string\"}}],\"inLanguage\":\"pl-PL\"}]}<\/script>\n<!-- \/ Yoast SEO Premium plugin. -->","yoast_head_json":{"title":"iD Pants &#183; iD Ontex","description":"Majtki ch\u0142onne iD PANTS BASIC to ekonomiczne produkty urologiczne o jako\u015bci niezb\u0119dnej do zapewnienia ochrony i komfortu.","robots":{"index":"index","follow":"follow","max-snippet":"max-snippet:-1","max-image-preview":"max-image-preview:large","max-video-preview":"max-video-preview:-1"},"canonical":"https:\/\/id-ontex.com\/id-pants\/","og_locale":"pl_PL","og_type":"article","og_title":"iD Pants","og_description":"Majtki ch\u0142onne iD PANTS BASIC to ekonomiczne produkty urologiczne o jako\u015bci niezb\u0119dnej do zapewnienia ochrony i komfortu.","og_url":"https:\/\/id-ontex.com\/id-pants\/","og_site_name":"iD Ontex","article_modified_time":"2021-08-13T11:39:54+00:00","og_image":[{"width":825,"height":549,"url":"https:\/\/id-ontex.com\/wp-content\/uploads\/2020\/12\/id-preview.jpg","type":"image\/jpeg"}],"twitter_card":"summary_large_image","twitter_misc":{"Szacowany czas czytania":"6 minut"},"schema":{"@context":"https:\/\/schema.org","@graph":[{"@type":"WebPage","@id":"https:\/\/id-ontex.com\/id-pants\/","url":"https:\/\/id-ontex.com\/id-pants\/","name":"iD Pants &#183; iD Ontex","isPartOf":{"@id":"https:\/\/id-ontex.com\/#website"},"datePublished":"2021-08-02T08:32:18+00:00","dateModified":"2021-08-13T11:39:54+00:00","description":"Majtki ch\u0142onne iD PANTS BASIC to ekonomiczne produkty urologiczne o jako\u015bci niezb\u0119dnej do zapewnienia ochrony i komfortu.","breadcrumb":{"@id":"https:\/\/id-ontex.com\/id-pants\/#breadcrumb"},"inLanguage":"pl-PL","potentialAction":[{"@type":"ReadAction","target":["https:\/\/id-ontex.com\/id-pants\/"]}]},{"@type":"BreadcrumbList","@id":"https:\/\/id-ontex.com\/id-pants\/#breadcrumb","itemListElement":[{"@type":"ListItem","position":1,"name":"Home","item":"https:\/\/id-ontex.com\/pl\/"},{"@type":"ListItem","position":2,"name":"iD Pants"}]},{"@type":"WebSite","@id":"https:\/\/id-ontex.com\/#website","url":"https:\/\/id-ontex.com\/","name":"iD Ontex","description":"","potentialAction":[{"@type":"SearchAction","target":{"@type":"EntryPoint","urlTemplate":"https:\/\/id-ontex.com\/?s={search_term_string}"},"query-input":{"@type":"PropertyValueSpecification","valueRequired":true,"valueName":"search_term_string"}}],"inLanguage":"pl-PL"}]}},"_links":{"self":[{"href":"https:\/\/id-ontex.com\/pl\/wp-json\/wp\/v2\/pages\/85354","targetHints":{"allow":["GET"]}}],"collection":[{"href":"https:\/\/id-ontex.com\/pl\/wp-json\/wp\/v2\/pages"}],"about":[{"href":"https:\/\/id-ontex.com\/pl\/wp-json\/wp\/v2\/types\/page"}],"author":[{"embeddable":true,"href":"https:\/\/id-ontex.com\/pl\/wp-json\/wp\/v2\/users\/3"}],"replies":[{"embeddable":true,"href":"https:\/\/id-ontex.com\/pl\/wp-json\/wp\/v2\/comments?post=85354"}],"version-history":[{"count":0,"href":"https:\/\/id-ontex.com\/pl\/wp-json\/wp\/v2\/pages\/85354\/revisions"}],"wp:attachment":[{"href":"https:\/\/id-ontex.com\/pl\/wp-json\/wp\/v2\/media?parent=85354"}],"curies":[{"name":"wp","href":"https:\/\/api.w.org\/{rel}","templated":true}]}}