{"id":85224,"date":"2021-08-02T10:16:38","date_gmt":"2021-08-02T08:16:38","guid":{"rendered":"https:\/\/id-ontex.com\/id-for-men\/"},"modified":"2021-08-04T11:56:19","modified_gmt":"2021-08-04T09:56:19","slug":"id-for-mezczyzni","status":"publish","type":"page","link":"https:\/\/id-ontex.com\/pl\/id-for-mezczyzni\/","title":{"rendered":"iD for M\u0119\u017cczy\u017ani"},"content":{"rendered":"<div class=\"wpb-content-wrapper\"><p>[vc_row unlock_row_content=&#8221;yes&#8221; row_height_percent=&#8221;0&#8243; overlay_alpha=&#8221;50&#8243; gutter_size=&#8221;3&#8243; column_width_percent=&#8221;100&#8243; shift_y=&#8221;0&#8243; z_index=&#8221;0&#8243;][vc_column column_width_percent=&#8221;100&#8243; position_horizontal=&#8221;left&#8221; position_vertical=&#8221;middle&#8221; gutter_size=&#8221;3&#8243; overlay_alpha=&#8221;50&#8243; shift_x=&#8221;0&#8243; shift_y=&#8221;0&#8243; shift_y_down=&#8221;0&#8243; z_index=&#8221;0&#8243; medium_width=&#8221;0&#8243; mobile_width=&#8221;0&#8243; width=&#8221;1\/4&#8243;][vc_single_image media=&#8221;83830&#8243; media_width_percent=&#8221;100&#8243; alignment=&#8221;center&#8221; shape=&#8221;img-round&#8221; radius=&#8221;std&#8221; media_link=&#8221;url:%23|&#8221; el_class=&#8221;custom-product-img&#8221;][\/vc_column][vc_column width=&#8221;1\/2&#8243;][vc_custom_heading heading_semantic=&#8221;h1&#8243; text_size=&#8221;h1&#8243; text_color=&#8221;color-174856&#8243; separator=&#8221;under&#8221;]iD for Men[\/vc_custom_heading][vc_column_text]iD for men, Level 2, to wk\u0142adka stworzona tak, by dopasowa\u0107 si\u0119 do kszta\u0142tu cia\u0142a m\u0119\u017cczyzny. Technologia Power Dry zapewnia maksymaln\u0105 ch\u0142onno\u015b\u0107, aby pom\u00f3c zachowa\u0107 pewno\u015b\u0107 siebie i sta\u0142e uczucie sucho\u015bci. Produkt zawiera tak\u017ce system neutralizacji zapachu, kt\u00f3ry zapewnia maksymalny komfort i dyskrecj\u0119. \u200b \u200b \u200b\u200b\u200b\u200b \u200b\u200b\u200b\u200b<\/p>\n<p><strong>Level:<\/strong> 2<br \/>\n<strong>Ch\u0142onno\u015b\u0107:<\/strong> <img decoding=\"async\" class=\"id-absorbency-icon\" src=\"\/wp-content\/uploads\/2020\/11\/id-ontex_4-drops.png\" alt=\"absorbency icon\" \/>[\/vc_column_text][\/vc_column][vc_column width=&#8221;1\/4&#8243;][\/vc_column][\/vc_row][vc_row][vc_column width=&#8221;1\/1&#8243;][vc_tabs][vc_tab gutter_size=&#8221;2&#8243; column_padding=&#8221;2&#8243; title=&#8221;Korzy\u015bci&#8221; tab_id=&#8221;1605715105-1-5516063136357221606411632774&#8243;][vc_row_inner limit_content=&#8221;&#8221;][vc_column_inner width=&#8221;1\/4&#8243;][\/vc_column_inner][vc_column_inner width=&#8221;1\/2&#8243;][vc_icon position=&#8221;left&#8221; title_aligned_icon=&#8221;yes&#8221; icon_image=&#8221;85015&#8243; icon_color=&#8221;accent&#8221; media_size=&#8221;90&#8243; text_size=&#8221;h4&#8243; add_margin=&#8221;yes&#8221; title=&#8221;Neutralizacja zapachu&#8221; link=&#8221;|||&#8221;]Zapobiega powstawaniu nieprzyjemnego zapachu, zapewniaj\u0105c maksymalne uczucie \u015bwie\u017co\u015bci[\/vc_icon][vc_icon position=&#8221;left&#8221; title_aligned_icon=&#8221;yes&#8221; icon_image=&#8221;85019&#8243; icon_color=&#8221;accent&#8221; media_size=&#8221;90&#8243; text_size=&#8221;h4&#8243; add_margin=&#8221;yes&#8221; title=&#8221;Delikatne jak bawe\u0142na&#8221; link=&#8221;|||&#8221;]Mi\u0119kka warstwa spodnia zapewnia pe\u0142ny komfort[\/vc_icon][vc_icon position=&#8221;left&#8221; title_aligned_icon=&#8221;yes&#8221; icon_image=&#8221;85023&#8243; icon_color=&#8221;accent&#8221; media_size=&#8221;90&#8243; text_size=&#8221;h4&#8243; add_margin=&#8221;yes&#8221; title=&#8221;Doskona\u0142e dopasowanie i wygoda&#8221; link=&#8221;|||&#8221;]Zaprojektowana, by zapewni\u0107 swobod\u0119 ruch\u00f3w[\/vc_icon][vc_icon position=&#8221;left&#8221; title_aligned_icon=&#8221;yes&#8221; icon_image=&#8221;85028&#8243; icon_color=&#8221;accent&#8221; media_size=&#8221;90&#8243; text_size=&#8221;h4&#8243; add_margin=&#8221;yes&#8221; title=&#8221;Pe\u0142na dyskrecja&#8221; link=&#8221;|||&#8221;]Cienka i lekka[\/vc_icon][vc_icon position=&#8221;left&#8221; title_aligned_icon=&#8221;yes&#8221; icon_image=&#8221;85032&#8243; icon_color=&#8221;accent&#8221; media_size=&#8221;90&#8243; text_size=&#8221;h4&#8243; add_margin=&#8221;yes&#8221; title=&#8221;Ultra ochrona&#8221; link=&#8221;|||&#8221;]Szybkie wch\u0142anianie i maksymalna ch\u0142onno\u015b\u0107[\/vc_icon][\/vc_column_inner][vc_column_inner width=&#8221;1\/4&#8243;][\/vc_column_inner][\/vc_row_inner][\/vc_tab][vc_tab gutter_size=&#8221;2&#8243; column_padding=&#8221;2&#8243; title=&#8221;Spos\u00f3b u\u017cycia&#8221; tab_id=&#8221;1605715105-2-8716063136357221606411632774&#8243;][vc_row_inner limit_content=&#8221;&#8221;][vc_column_inner width=&#8221;1\/4&#8243;][\/vc_column_inner][vc_column_inner width=&#8221;1\/2&#8243;][vc_icon position=&#8221;left&#8221; icon_image=&#8221;83771&#8243; media_size=&#8221;80&#8243;]Delikatnie roz\u0142\u00f3\u017c wk\u0142adk\u0119, wyg\u0142ad\u017a j\u0105 i rozprostuj. Nast\u0119pnie zegnij j\u0105 wzd\u0142u\u017c na p\u00f3\u0142, formuj\u0105c zag\u0142\u0119bienie w \u015brodkowej cz\u0119\u015bci. Usu\u0144 papier zabezpieczaj\u0105cy z paska samoprzylepnego[\/vc_icon][vc_icon position=&#8221;left&#8221; icon_image=&#8221;83772&#8243; media_size=&#8221;80&#8243;]Upewnij si\u0119, \u017ce wk\u0142adka jest skierowana szersz\u0105 cz\u0119\u015bci\u0105 do przodu, a nast\u0119pnie umie\u015b\u0107 j\u0105 na bieli\u017anie i dok\u0142adnie przyklej do niej cz\u0119\u015b\u0107 samoprzylepn\u0105[\/vc_icon][vc_icon position=&#8221;left&#8221; icon_image=&#8221;83773&#8243; media_size=&#8221;80&#8243;]Podci\u0105gnij bielizn\u0119 i dopasuj u\u0142o\u017cenie wk\u0142adki, tak aby jak najlepiej Ci\u0119 zabezpiecza\u0142a i zapewnia\u0142a Ci maksimum komfortu. Nie zaleca si\u0119 stosowania wk\u0142adek iD for Men z lu\u017an\u0105 bielizn\u0105, tak\u0105 jak np. bokserki. Do zapewnienia pe\u0142nej skuteczno\u015bci produktu konieczna jest dobra, \u015bci\u015ble przylegaj\u0105ca i podtrzymuj\u0105ca bielizna[\/vc_icon][\/vc_column_inner][vc_column_inner width=&#8221;1\/4&#8243;][\/vc_column_inner][\/vc_row_inner][\/vc_tab][\/vc_tabs][\/vc_column][\/vc_row]<\/p>\n<\/div>","protected":false},"excerpt":{"rendered":"<p>[vc_row unlock_row_content=&#8221;yes&#8221; row_height_percent=&#8221;0&#8243; overlay_alpha=&#8221;50&#8243; gutter_size=&#8221;3&#8243; column_width_percent=&#8221;100&#8243; shift_y=&#8221;0&#8243; z_index=&#8221;0&#8243;][vc_column column_width_percent=&#8221;100&#8243; position_horizontal=&#8221;left&#8221; position_vertical=&#8221;middle&#8221; gutter_size=&#8221;3&#8243; overlay_alpha=&#8221;50&#8243; shift_x=&#8221;0&#8243; shift_y=&#8221;0&#8243; shift_y_down=&#8221;0&#8243; z_index=&#8221;0&#8243; medium_width=&#8221;0&#8243; mobile_width=&#8221;0&#8243; width=&#8221;1\/4&#8243;][vc_single_image [&hellip;]<\/p>\n","protected":false},"author":3,"featured_media":0,"parent":0,"menu_order":0,"comment_status":"closed","ping_status":"closed","template":"","meta":{"footnotes":""},"class_list":["post-85224","page","type-page","status-publish","hentry","page_category-men-pl"],"yoast_head":"<!-- This site is optimized with the Yoast SEO Premium plugin v20.9 (Yoast SEO v27.3) - https:\/\/yoast.com\/product\/yoast-seo-premium-wordpress\/ -->\n<title>iD for M\u0119\u017cczy\u017ani &#183; iD Ontex<\/title>\n<meta name=\"robots\" content=\"index, follow, max-snippet:-1, max-image-preview:large, max-video-preview:-1\" \/>\n<link rel=\"canonical\" href=\"https:\/\/id-ontex.com\/id-for-men\/\" \/>\n<meta property=\"og:locale\" content=\"pl_PL\" \/>\n<meta property=\"og:type\" content=\"article\" \/>\n<meta property=\"og:title\" content=\"iD for M\u0119\u017cczy\u017ani\" \/>\n<meta property=\"og:url\" content=\"https:\/\/id-ontex.com\/id-for-men\/\" \/>\n<meta property=\"og:site_name\" content=\"iD Ontex\" \/>\n<meta property=\"article:modified_time\" content=\"2021-08-04T09:56:19+00:00\" \/>\n<meta property=\"og:image\" content=\"https:\/\/id-ontex.com\/wp-content\/uploads\/2020\/11\/id-ontex_4-drops.png\" \/>\n<meta name=\"twitter:card\" content=\"summary_large_image\" \/>\n<meta name=\"twitter:label1\" content=\"Szacowany czas czytania\" \/>\n\t<meta name=\"twitter:data1\" content=\"3 minuty\" \/>\n<script type=\"application\/ld+json\" class=\"yoast-schema-graph\">{\"@context\":\"https:\\\/\\\/schema.org\",\"@graph\":[{\"@type\":\"WebPage\",\"@id\":\"https:\\\/\\\/id-ontex.com\\\/id-for-men\\\/\",\"url\":\"https:\\\/\\\/id-ontex.com\\\/id-for-men\\\/\",\"name\":\"iD for M\u0119\u017cczy\u017ani &#183; iD Ontex\",\"isPartOf\":{\"@id\":\"https:\\\/\\\/id-ontex.com\\\/#website\"},\"datePublished\":\"2021-08-02T08:16:38+00:00\",\"dateModified\":\"2021-08-04T09:56:19+00:00\",\"breadcrumb\":{\"@id\":\"https:\\\/\\\/id-ontex.com\\\/id-for-men\\\/#breadcrumb\"},\"inLanguage\":\"pl-PL\",\"potentialAction\":[{\"@type\":\"ReadAction\",\"target\":[\"https:\\\/\\\/id-ontex.com\\\/id-for-men\\\/\"]}]},{\"@type\":\"BreadcrumbList\",\"@id\":\"https:\\\/\\\/id-ontex.com\\\/id-for-men\\\/#breadcrumb\",\"itemListElement\":[{\"@type\":\"ListItem\",\"position\":1,\"name\":\"Home\",\"item\":\"https:\\\/\\\/id-ontex.com\\\/pl\\\/\"},{\"@type\":\"ListItem\",\"position\":2,\"name\":\"iD for M\u0119\u017cczy\u017ani\"}]},{\"@type\":\"WebSite\",\"@id\":\"https:\\\/\\\/id-ontex.com\\\/#website\",\"url\":\"https:\\\/\\\/id-ontex.com\\\/\",\"name\":\"iD Ontex\",\"description\":\"\",\"potentialAction\":[{\"@type\":\"SearchAction\",\"target\":{\"@type\":\"EntryPoint\",\"urlTemplate\":\"https:\\\/\\\/id-ontex.com\\\/?s={search_term_string}\"},\"query-input\":{\"@type\":\"PropertyValueSpecification\",\"valueRequired\":true,\"valueName\":\"search_term_string\"}}],\"inLanguage\":\"pl-PL\"}]}<\/script>\n<!-- \/ Yoast SEO Premium plugin. -->","yoast_head_json":{"title":"iD for M\u0119\u017cczy\u017ani &#183; iD Ontex","robots":{"index":"index","follow":"follow","max-snippet":"max-snippet:-1","max-image-preview":"max-image-preview:large","max-video-preview":"max-video-preview:-1"},"canonical":"https:\/\/id-ontex.com\/id-for-men\/","og_locale":"pl_PL","og_type":"article","og_title":"iD for M\u0119\u017cczy\u017ani","og_url":"https:\/\/id-ontex.com\/id-for-men\/","og_site_name":"iD Ontex","article_modified_time":"2021-08-04T09:56:19+00:00","og_image":[{"url":"https:\/\/id-ontex.com\/wp-content\/uploads\/2020\/11\/id-ontex_4-drops.png","type":"","width":"","height":""}],"twitter_card":"summary_large_image","twitter_misc":{"Szacowany czas czytania":"3 minuty"},"schema":{"@context":"https:\/\/schema.org","@graph":[{"@type":"WebPage","@id":"https:\/\/id-ontex.com\/id-for-men\/","url":"https:\/\/id-ontex.com\/id-for-men\/","name":"iD for M\u0119\u017cczy\u017ani &#183; iD Ontex","isPartOf":{"@id":"https:\/\/id-ontex.com\/#website"},"datePublished":"2021-08-02T08:16:38+00:00","dateModified":"2021-08-04T09:56:19+00:00","breadcrumb":{"@id":"https:\/\/id-ontex.com\/id-for-men\/#breadcrumb"},"inLanguage":"pl-PL","potentialAction":[{"@type":"ReadAction","target":["https:\/\/id-ontex.com\/id-for-men\/"]}]},{"@type":"BreadcrumbList","@id":"https:\/\/id-ontex.com\/id-for-men\/#breadcrumb","itemListElement":[{"@type":"ListItem","position":1,"name":"Home","item":"https:\/\/id-ontex.com\/pl\/"},{"@type":"ListItem","position":2,"name":"iD for M\u0119\u017cczy\u017ani"}]},{"@type":"WebSite","@id":"https:\/\/id-ontex.com\/#website","url":"https:\/\/id-ontex.com\/","name":"iD Ontex","description":"","potentialAction":[{"@type":"SearchAction","target":{"@type":"EntryPoint","urlTemplate":"https:\/\/id-ontex.com\/?s={search_term_string}"},"query-input":{"@type":"PropertyValueSpecification","valueRequired":true,"valueName":"search_term_string"}}],"inLanguage":"pl-PL"}]}},"_links":{"self":[{"href":"https:\/\/id-ontex.com\/pl\/wp-json\/wp\/v2\/pages\/85224","targetHints":{"allow":["GET"]}}],"collection":[{"href":"https:\/\/id-ontex.com\/pl\/wp-json\/wp\/v2\/pages"}],"about":[{"href":"https:\/\/id-ontex.com\/pl\/wp-json\/wp\/v2\/types\/page"}],"author":[{"embeddable":true,"href":"https:\/\/id-ontex.com\/pl\/wp-json\/wp\/v2\/users\/3"}],"replies":[{"embeddable":true,"href":"https:\/\/id-ontex.com\/pl\/wp-json\/wp\/v2\/comments?post=85224"}],"version-history":[{"count":0,"href":"https:\/\/id-ontex.com\/pl\/wp-json\/wp\/v2\/pages\/85224\/revisions"}],"wp:attachment":[{"href":"https:\/\/id-ontex.com\/pl\/wp-json\/wp\/v2\/media?parent=85224"}],"curies":[{"name":"wp","href":"https:\/\/api.w.org\/{rel}","templated":true}]}}