{"id":85223,"date":"2021-08-02T10:14:22","date_gmt":"2021-08-02T08:14:22","guid":{"rendered":"https:\/\/id-ontex.com\/about-incontinence\/"},"modified":"2021-08-13T13:37:13","modified_gmt":"2021-08-13T11:37:13","slug":"nietrzymanie-moczu","status":"publish","type":"page","link":"https:\/\/id-ontex.com\/pl\/nietrzymanie-moczu\/","title":{"rendered":"Nietrzymanie moczu"},"content":{"rendered":"<div class=\"wpb-content-wrapper\"><p>[vc_row row_height_percent=&#8221;0&#8243; override_padding=&#8221;yes&#8221; h_padding=&#8221;2&#8243; top_padding=&#8221;2&#8243; bottom_padding=&#8221;3&#8243; back_color=&#8221;color-xsdn&#8221; overlay_alpha=&#8221;100&#8243; gutter_size=&#8221;100&#8243; column_width_percent=&#8221;100&#8243; shift_y=&#8221;0&#8243; z_index=&#8221;0&#8243; style=&#8221;inherited&#8221;][vc_column width=&#8221;1\/1&#8243;][vc_raw_js]JTNDc2NyaXB0JTIwdHlwZSUzRCUyMnRleHQlMkZqYXZhc2NyaXB0JTIyJTNFJTIwJTBBJTIwalF1ZXJ5JTI4ZnVuY3Rpb24lMjglMjQlMjklMjAlN0IlMEElMDklMjAlMEF2YXIlMjAlMjRmaWx0ZXJCdXR0b25Hcm91cCUyMCUzRCUyMCUyNCUyOCUyNy5pc290b3BlLWZpbHRlcnMlMjclMjklM0IlMEF2YXIlMjAlMjRncmlkJTIwJTNEJTIwJTI0JTI4JTI3Lmlzb3RvcGUtY29udGFpbmVyJTI3JTI5Lmlzb3RvcGUlMjglN0IlMEElMDklMDlpdGVtU2VsZWN0b3IlM0ElMjAlMjcuZWxlbWVudC1pdGVtJTI3JTJDJTBBJTA5JTA5bGF5b3V0TW9kZSUzQSUyMCUyN2ZpdFJvd3MlMjclMEElMDklN0QlMjklM0IlMEElMEFmdW5jdGlvbiUyMGdldExpbmtGaWx0ZXIlMjglMjklMjAlN0IlMEElMDlsZXQlMjBxdWVyeVN0cmluZyUyMCUzRCUyMHdpbmRvdy5sb2NhdGlvbi5zZWFyY2guc3Vic3RyaW5nJTI4MSUyOS5zcGxpdCUyOCUyNyUyNiUyNyUyOSUwQSUyMCUyMC5tYXAlMjhwYXJhbSUyMCUzRCUzRSUyMHBhcmFtLnNwbGl0JTI4JTI3JTNEJTI3JTI5JTI5JTBBJTIwJTIwLnJlZHVjZSUyOCUyOHZhbHVlcyUyQyUyMCU1QiUyMGtleSUyQyUyMHZhbHVlJTIwJTVEJTI5JTIwJTNEJTNFJTIwJTdCJTBBJTIwJTIwJTIwJTIwdmFsdWVzJTVCJTIwa2V5JTIwJTVEJTIwJTNEJTIwdmFsdWUlMEElMjAlMjAlMjAlMjByZXR1cm4lMjB2YWx1ZXMlMEElMjAlMjAlN0QlMkMlMjAlN0IlN0QlMjklM0IlMEElMDlyZXR1cm4lMjBxdWVyeVN0cmluZyUzQiUwQSU3RCUwQSUwQSUwQWZ1bmN0aW9uJTIwcnVuRmlsdGVyJTI4ZmlsdGVyTmFtZSUyOSUyMCU3QiUwQSUwOXZhciUyMCUyNGZpbHRlck9wdGlvbiUyMCUzRCUyMCUyNGZpbHRlckJ1dHRvbkdyb3VwLmZpbmQlMjglMjclNUJkYXRhLWZpbHRlciUzRCUyMiUyNyUyMCUyQiUyMGZpbHRlck5hbWUlMjAlMkIlMjAlMjclMjIlNUQlMjclMjklM0IlMEElMDljb25zb2xlLmxvZyUyOCUyNGZpbHRlck9wdGlvbiUyOSUzQiUwQSUwOWlmJTI4JTI0ZmlsdGVyT3B0aW9uLmxlbmd0aCUyMCUzRSUyMDAlMjklMjAlN0IlMEElMDklMDklMjRncmlkLmlzb3RvcGUlMjglN0IlMjBmaWx0ZXIlM0ElMjAlMjcuJTI3JTIwJTJCJTIwZmlsdGVyTmFtZSUyMCU3RCUyOSUzQiUwQSUwOSUwOSUyNGZpbHRlckJ1dHRvbkdyb3VwLmZpbmQlMjglMjdsaSUyMGEuYWN0aXZlJTI3JTI5LnJlbW92ZUNsYXNzJTI4JTI3YWN0aXZlJTI3JTI5JTNCJTBBJTA5JTA5JTI0ZmlsdGVyT3B0aW9uLmFkZENsYXNzJTI4JTI3YWN0aXZlJTI3JTI5JTNCJTBBJTA5JTdEJTBBJTdEJTBBJTBBdmFyJTIwbGlua0ZpbHRlciUyMCUzRCUyMGdldExpbmtGaWx0ZXIlMjglMjklM0IlMEFpZiUyMCUyOCUyMGxpbmtGaWx0ZXIuZmlsdGVyJTIwJTI5JTIwJTdCJTA5JTBBJTA5cnVuRmlsdGVyJTI4bGlua0ZpbHRlci5maWx0ZXIlMjklM0IlMEElMjAlMjAlN0QlMjAlMEElMEElN0QlMjklM0IlMEElMEElMjAlM0MlMkZzY3JpcHQlM0U=[\/vc_raw_js][uncode_index el_id=&#8221;index-15588655905&#8243; isotope_mode=&#8221;fitRows&#8221; loop=&#8221;size:12|order_by:date|order:DESC|post_type:post|taxonomy_count:10&#8243; filtering=&#8221;yes&#8221; filtering_full_width=&#8221;yes&#8221; filtering_position=&#8221;center&#8221; filtering_uppercase=&#8221;yes&#8221; pagination=&#8221;yes&#8221; footer_full_width=&#8221;yes&#8221; gutter_size=&#8221;2&#8243; post_items=&#8221;media|featured|onpost|poster,category|colorbg|topright|display-icon,title,text|excerpt|160&#8243; page_items=&#8221;title,media,text,category&#8221; product_items=&#8221;title,media,text,category,price&#8221; portfolio_items=&#8221;title,media,text,category&#8221; screen_lg=&#8221;1000&#8243; screen_md=&#8221;900&#8243; screen_sm=&#8221;480&#8243; images_size=&#8221;three-two&#8221; single_back_color=&#8221;color-xsdn&#8221; single_shape=&#8221;round&#8221; single_overlay_opacity=&#8221;50&#8243; single_overlay_anim=&#8221;no&#8221; single_padding=&#8221;2&#8243; single_title_dimension=&#8221;h5&#8243; single_shadow=&#8221;yes&#8221; single_border=&#8221;yes&#8221; single_half_padding=&#8221;&#8221; single_title_bold=&#8221;yes&#8221; single_title_serif=&#8221;&#8221; single_title_divider=&#8221;&#8221; single_no_background=&#8221;&#8221; items=&#8221;eyIyMDUyMF9pIjp7InNpbmdsZV9sYXlvdXRfcG9zdF9pdGVtcyI6Im1lZGlhfGZlYXR1cmVkfG9ucG9zdHxwb3N0ZXIsY2F0ZWdvcnl8Y29sb3JiZ3x0b3ByaWdodHxkaXNwbGF5LWljb24sdGl0bGUsdGV4dHxleGNlcnB0LG1lZGlhfGZlYXR1cmVkfG9ucG9zdHxwb3N0ZXIsY2F0ZWdvcnl8Y29sb3JiZ3x0b3ByaWdodHxkaXNwbGF5LWljb24sdGl0bGUsdGV4dHxleGNlcnB0LG1lZGlhfGZlYXR1cmVkfG9ucG9zdHxwb3N0ZXIsY2F0ZWdvcnl8Y29sb3JiZ3x0b3ByaWdodHxkaXNwbGF5LWljb24sdGl0bGUsdGV4dHxleGNlcnB0IiwidGV4dF9sZW5ndGgiOiIxNjAifSwiODI4MjJfaSI6eyJzaW5nbGVfbGF5b3V0X3Bvc3RfaXRlbXMiOiJtZWRpYXxmZWF0dXJlZHxvbnBvc3R8cG9zdGVyLGNhdGVnb3J5fGNvbG9yYmd8dG9wcmlnaHR8ZGlzcGxheS1pY29uLHRpdGxlLHRleHR8ZXhjZXJwdCxtZWRpYXxmZWF0dXJlZHxvbnBvc3R8cG9zdGVyLGNhdGVnb3J5fGNvbG9yYmd8dG9wcmlnaHR8ZGlzcGxheS1pY29uLHRpdGxlLHRleHR8ZXhjZXJwdCIsInRleHRfbGVuZ3RoIjoiMTYwIn0sIjgyNzk5X2kiOnsidGV4dF9sZW5ndGgiOiIxNjAiLCJzaW5nbGVfbGF5b3V0X3Bvc3RfaXRlbXMiOiJtZWRpYXxmZWF0dXJlZHxvbnBvc3R8cG9zdGVyLGNhdGVnb3J5fGNvbG9yYmd8dG9wcmlnaHR8ZGlzcGxheS1pY29uLHRpdGxlLHRleHR8ZXhjZXJwdCxtZWRpYXxmZWF0dXJlZHxvbnBvc3R8cG9zdGVyLGNhdGVnb3J5fGNvbG9yYmd8dG9wcmlnaHR8ZGlzcGxheS1pY29uLHRpdGxlLHRleHR8ZXhjZXJwdCJ9LCI4MjgyNF9pIjp7InRleHRfbGVuZ3RoIjoiMTYwIiwic2luZ2xlX2xheW91dF9wb3N0X2l0ZW1zIjoibWVkaWF8ZmVhdHVyZWR8b25wb3N0fHBvc3RlcixjYXRlZ29yeXxjb2xvcmJnfHRvcHJpZ2h0fGRpc3BsYXktaWNvbix0aXRsZSx0ZXh0fGV4Y2VycHQifSwiODI4MjBfaSI6eyJ0ZXh0X2xlbmd0aCI6IjE2MCIsInNpbmdsZV9sYXlvdXRfcG9zdF9pdGVtcyI6Im1lZGlhfGZlYXR1cmVkfG9ucG9zdHxwb3N0ZXIsY2F0ZWdvcnl8Y29sb3JiZ3x0b3ByaWdodHxkaXNwbGF5LWljb24sdGl0bGUsdGV4dHxleGNlcnB0LG1lZGlhfGZlYXR1cmVkfG9ucG9zdHxwb3N0ZXIsY2F0ZWdvcnl8Y29sb3JiZ3x0b3ByaWdodHxkaXNwbGF5LWljb24sdGl0bGUsdGV4dHxleGNlcnB0In0sIjgyODE4X2kiOnsidGV4dF9sZW5ndGgiOiIxNjAiLCJzaW5nbGVfbGF5b3V0X3Bvc3RfaXRlbXMiOiJtZWRpYXxmZWF0dXJlZHxvbnBvc3R8cG9zdGVyLGNhdGVnb3J5fGNvbG9yYmd8dG9wcmlnaHR8ZGlzcGxheS1pY29uLHRpdGxlLHRleHR8ZXhjZXJwdCxtZWRpYXxmZWF0dXJlZHxvbnBvc3R8cG9zdGVyLGNhdGVnb3J5fGNvbG9yYmd8dG9wcmlnaHR8ZGlzcGxheS1pY29uLHRpdGxlLHRleHR8ZXhjZXJwdCxtZWRpYXxmZWF0dXJlZHxvbnBvc3R8cG9zdGVyLGNhdGVnb3J5fGNvbG9yYmd8dG9wcmlnaHR8ZGlzcGxheS1pY29uLHRpdGxlLHRleHR8ZXhjZXJwdCxtZWRpYXxmZWF0dXJlZHxvbnBvc3R8cG9zdGVyLGNhdGVnb3J5fGNvbG9yYmd8dG9wcmlnaHR8ZGlzcGxheS1pY29uLHRpdGxlLHRleHR8ZXhjZXJwdCxtZWRpYXxmZWF0dXJlZHxvbnBvc3R8cG9zdGVyLGNhdGVnb3J5fGNvbG9yYmd8dG9wcmlnaHR8ZGlzcGxheS1pY29uLHRpdGxlLHRleHR8ZXhjZXJwdCJ9fQ==&#8221; footer_position=&#8221;left&#8221; carousel_rtl=&#8221;&#8221; single_icon=&#8221;fa fa-plus2&#8243; filtering_transform=&#8221;uppercase&#8221; filter_all_text=&#8221;Wszystkie kategorie&#8221;][\/vc_column][\/vc_row]<\/p>\n<\/div>","protected":false},"excerpt":{"rendered":"<p>Because providing quality products isn&#8217;t enough, we give you the best advice to walk you through your journey.<\/p>\n","protected":false},"author":3,"featured_media":0,"parent":0,"menu_order":0,"comment_status":"closed","ping_status":"closed","template":"","meta":{"footnotes":""},"class_list":["post-85223","page","type-page","status-publish","hentry"],"yoast_head":"<!-- This site is optimized with the Yoast SEO Premium plugin v20.9 (Yoast SEO v27.3) - https:\/\/yoast.com\/product\/yoast-seo-premium-wordpress\/ -->\n<title>Nietrzymanie moczu &#183; iD Ontex<\/title>\n<meta name=\"description\" content=\"Poniewa\u017c dostarczanie wysokiej jako\u015bci produkt\u00f3w to za ma\u0142o, dajemy Ci tak\u017ce najlepsze porady, aby pom\u00f3c Ci si\u0119 odnale\u017a\u0107 si\u0119 w tej nowej sytuacji.\" \/>\n<meta name=\"robots\" content=\"index, follow, max-snippet:-1, max-image-preview:large, max-video-preview:-1\" \/>\n<link rel=\"canonical\" href=\"https:\/\/id-ontex.com\/pl\/nietrzymanie-moczu\/\" \/>\n<meta property=\"og:locale\" content=\"pl_PL\" \/>\n<meta property=\"og:type\" content=\"article\" \/>\n<meta property=\"og:title\" content=\"Nietrzymanie moczu\" \/>\n<meta property=\"og:description\" content=\"Poniewa\u017c dostarczanie wysokiej jako\u015bci produkt\u00f3w to za ma\u0142o, dajemy Ci tak\u017ce najlepsze porady, aby pom\u00f3c Ci si\u0119 odnale\u017a\u0107 si\u0119 w tej nowej sytuacji.\" \/>\n<meta property=\"og:url\" content=\"https:\/\/id-ontex.com\/pl\/nietrzymanie-moczu\/\" \/>\n<meta property=\"og:site_name\" content=\"iD Ontex\" \/>\n<meta property=\"article:modified_time\" content=\"2021-08-13T11:37:13+00:00\" \/>\n<meta property=\"og:image\" content=\"https:\/\/id-ontex.com\/wp-content\/uploads\/2020\/12\/id-preview.jpg\" \/>\n\t<meta property=\"og:image:width\" content=\"825\" \/>\n\t<meta property=\"og:image:height\" content=\"549\" \/>\n\t<meta property=\"og:image:type\" content=\"image\/jpeg\" \/>\n<meta name=\"twitter:card\" content=\"summary_large_image\" \/>\n<meta name=\"twitter:label1\" content=\"Szacowany czas czytania\" \/>\n\t<meta name=\"twitter:data1\" content=\"3 minuty\" \/>\n<script type=\"application\/ld+json\" class=\"yoast-schema-graph\">{\"@context\":\"https:\\\/\\\/schema.org\",\"@graph\":[{\"@type\":\"WebPage\",\"@id\":\"https:\\\/\\\/id-ontex.com\\\/pl\\\/nietrzymanie-moczu\\\/\",\"url\":\"https:\\\/\\\/id-ontex.com\\\/pl\\\/nietrzymanie-moczu\\\/\",\"name\":\"Nietrzymanie moczu &#183; iD Ontex\",\"isPartOf\":{\"@id\":\"https:\\\/\\\/id-ontex.com\\\/#website\"},\"datePublished\":\"2021-08-02T08:14:22+00:00\",\"dateModified\":\"2021-08-13T11:37:13+00:00\",\"description\":\"Poniewa\u017c dostarczanie wysokiej jako\u015bci produkt\u00f3w to za ma\u0142o, dajemy Ci tak\u017ce najlepsze porady, aby pom\u00f3c Ci si\u0119 odnale\u017a\u0107 si\u0119 w tej nowej sytuacji.\",\"breadcrumb\":{\"@id\":\"https:\\\/\\\/id-ontex.com\\\/pl\\\/nietrzymanie-moczu\\\/#breadcrumb\"},\"inLanguage\":\"pl-PL\",\"potentialAction\":[{\"@type\":\"ReadAction\",\"target\":[\"https:\\\/\\\/id-ontex.com\\\/pl\\\/nietrzymanie-moczu\\\/\"]}]},{\"@type\":\"BreadcrumbList\",\"@id\":\"https:\\\/\\\/id-ontex.com\\\/pl\\\/nietrzymanie-moczu\\\/#breadcrumb\",\"itemListElement\":[{\"@type\":\"ListItem\",\"position\":1,\"name\":\"Home\",\"item\":\"https:\\\/\\\/id-ontex.com\\\/pl\\\/\"},{\"@type\":\"ListItem\",\"position\":2,\"name\":\"Nietrzymanie moczu\"}]},{\"@type\":\"WebSite\",\"@id\":\"https:\\\/\\\/id-ontex.com\\\/#website\",\"url\":\"https:\\\/\\\/id-ontex.com\\\/\",\"name\":\"iD Ontex\",\"description\":\"\",\"potentialAction\":[{\"@type\":\"SearchAction\",\"target\":{\"@type\":\"EntryPoint\",\"urlTemplate\":\"https:\\\/\\\/id-ontex.com\\\/?s={search_term_string}\"},\"query-input\":{\"@type\":\"PropertyValueSpecification\",\"valueRequired\":true,\"valueName\":\"search_term_string\"}}],\"inLanguage\":\"pl-PL\"}]}<\/script>\n<!-- \/ Yoast SEO Premium plugin. -->","yoast_head_json":{"title":"Nietrzymanie moczu &#183; iD Ontex","description":"Poniewa\u017c dostarczanie wysokiej jako\u015bci produkt\u00f3w to za ma\u0142o, dajemy Ci tak\u017ce najlepsze porady, aby pom\u00f3c Ci si\u0119 odnale\u017a\u0107 si\u0119 w tej nowej sytuacji.","robots":{"index":"index","follow":"follow","max-snippet":"max-snippet:-1","max-image-preview":"max-image-preview:large","max-video-preview":"max-video-preview:-1"},"canonical":"https:\/\/id-ontex.com\/pl\/nietrzymanie-moczu\/","og_locale":"pl_PL","og_type":"article","og_title":"Nietrzymanie moczu","og_description":"Poniewa\u017c dostarczanie wysokiej jako\u015bci produkt\u00f3w to za ma\u0142o, dajemy Ci tak\u017ce najlepsze porady, aby pom\u00f3c Ci si\u0119 odnale\u017a\u0107 si\u0119 w tej nowej sytuacji.","og_url":"https:\/\/id-ontex.com\/pl\/nietrzymanie-moczu\/","og_site_name":"iD Ontex","article_modified_time":"2021-08-13T11:37:13+00:00","og_image":[{"width":825,"height":549,"url":"https:\/\/id-ontex.com\/wp-content\/uploads\/2020\/12\/id-preview.jpg","type":"image\/jpeg"}],"twitter_card":"summary_large_image","twitter_misc":{"Szacowany czas czytania":"3 minuty"},"schema":{"@context":"https:\/\/schema.org","@graph":[{"@type":"WebPage","@id":"https:\/\/id-ontex.com\/pl\/nietrzymanie-moczu\/","url":"https:\/\/id-ontex.com\/pl\/nietrzymanie-moczu\/","name":"Nietrzymanie moczu &#183; iD Ontex","isPartOf":{"@id":"https:\/\/id-ontex.com\/#website"},"datePublished":"2021-08-02T08:14:22+00:00","dateModified":"2021-08-13T11:37:13+00:00","description":"Poniewa\u017c dostarczanie wysokiej jako\u015bci produkt\u00f3w to za ma\u0142o, dajemy Ci tak\u017ce najlepsze porady, aby pom\u00f3c Ci si\u0119 odnale\u017a\u0107 si\u0119 w tej nowej sytuacji.","breadcrumb":{"@id":"https:\/\/id-ontex.com\/pl\/nietrzymanie-moczu\/#breadcrumb"},"inLanguage":"pl-PL","potentialAction":[{"@type":"ReadAction","target":["https:\/\/id-ontex.com\/pl\/nietrzymanie-moczu\/"]}]},{"@type":"BreadcrumbList","@id":"https:\/\/id-ontex.com\/pl\/nietrzymanie-moczu\/#breadcrumb","itemListElement":[{"@type":"ListItem","position":1,"name":"Home","item":"https:\/\/id-ontex.com\/pl\/"},{"@type":"ListItem","position":2,"name":"Nietrzymanie moczu"}]},{"@type":"WebSite","@id":"https:\/\/id-ontex.com\/#website","url":"https:\/\/id-ontex.com\/","name":"iD Ontex","description":"","potentialAction":[{"@type":"SearchAction","target":{"@type":"EntryPoint","urlTemplate":"https:\/\/id-ontex.com\/?s={search_term_string}"},"query-input":{"@type":"PropertyValueSpecification","valueRequired":true,"valueName":"search_term_string"}}],"inLanguage":"pl-PL"}]}},"_links":{"self":[{"href":"https:\/\/id-ontex.com\/pl\/wp-json\/wp\/v2\/pages\/85223","targetHints":{"allow":["GET"]}}],"collection":[{"href":"https:\/\/id-ontex.com\/pl\/wp-json\/wp\/v2\/pages"}],"about":[{"href":"https:\/\/id-ontex.com\/pl\/wp-json\/wp\/v2\/types\/page"}],"author":[{"embeddable":true,"href":"https:\/\/id-ontex.com\/pl\/wp-json\/wp\/v2\/users\/3"}],"replies":[{"embeddable":true,"href":"https:\/\/id-ontex.com\/pl\/wp-json\/wp\/v2\/comments?post=85223"}],"version-history":[{"count":0,"href":"https:\/\/id-ontex.com\/pl\/wp-json\/wp\/v2\/pages\/85223\/revisions"}],"wp:attachment":[{"href":"https:\/\/id-ontex.com\/pl\/wp-json\/wp\/v2\/media?parent=85223"}],"curies":[{"name":"wp","href":"https:\/\/api.w.org\/{rel}","templated":true}]}}